{"id":4658,"date":"2021-07-08T09:56:03","date_gmt":"2021-07-08T08:56:03","guid":{"rendered":"https:\/\/zoen.shop\/jak-to-funguje\/"},"modified":"2022-01-13T14:06:52","modified_gmt":"2022-01-13T13:06:52","slug":"jak-to-funguje","status":"publish","type":"page","link":"https:\/\/zoen.shop\/cs\/jak-to-funguje\/","title":{"rendered":"Jak to funguje"},"content":{"rendered":"\t\t<div data-elementor-type=\"wp-page\" data-elementor-id=\"4658\" class=\"elementor elementor-4658 elementor-945\" data-elementor-post-type=\"page\">\n\t\t\t\t\t\t\t\t\t<section class=\"elementor-section elementor-top-section elementor-element elementor-element-40c8d93 elementor-section-boxed elementor-section-height-default elementor-section-height-default\" data-id=\"40c8d93\" data-element_type=\"section\">\n\t\t\t\t\t\t<div class=\"elementor-container elementor-column-gap-default\">\n\t\t\t\t\t<div class=\"elementor-column elementor-col-100 elementor-top-column elementor-element elementor-element-e1de406\" data-id=\"e1de406\" data-element_type=\"column\">\n\t\t\t<div class=\"elementor-widget-wrap elementor-element-populated\">\n\t\t\t\t\t\t\t\t<div class=\"elementor-element elementor-element-0b68615 elementor-widget elementor-widget-heading\" data-id=\"0b68615\" data-element_type=\"widget\" data-widget_type=\"heading.default\">\n\t\t\t\t<div class=\"elementor-widget-container\">\n\t\t\t<h2 class=\"elementor-heading-title elementor-size-default\"><font color=\"#1967D2\">Chcete<\/font> se dozv\u011bd\u011bt, jak zoen.shop pom\u00e1h\u00e1 <font color=\"#1967D2\">zv\u00fd\u0161it<\/font> V\u00e1\u0161 <font color=\"#1967D2\">prodej<\/font>?<\/h2>\t\t<\/div>\n\t\t\t\t<\/div>\n\t\t\t\t<div class=\"elementor-element elementor-element-09e3f02 elementor-widget elementor-widget-heading\" data-id=\"09e3f02\" data-element_type=\"widget\" data-widget_type=\"heading.default\">\n\t\t\t\t<div class=\"elementor-widget-container\">\n\t\t\t<h2 class=\"elementor-heading-title elementor-size-default\">Pokud ano, pod\u00edvejte se na <font color=\"#1967D2\">video<\/font> n\u00ed\u017ee!<\/h2>\t\t<\/div>\n\t\t\t\t<\/div>\n\t\t\t\t\t<\/div>\n\t\t<\/div>\n\t\t\t\t\t\t\t<\/div>\n\t\t<\/section>\n\t\t\t\t<section class=\"elementor-section elementor-top-section elementor-element elementor-element-f38d3bf elementor-section-boxed elementor-section-height-default elementor-section-height-default\" data-id=\"f38d3bf\" data-element_type=\"section\">\n\t\t\t\t\t\t<div class=\"elementor-container elementor-column-gap-default\">\n\t\t\t\t\t<div class=\"elementor-column elementor-col-100 elementor-top-column elementor-element elementor-element-bc169cc\" data-id=\"bc169cc\" data-element_type=\"column\">\n\t\t\t<div class=\"elementor-widget-wrap elementor-element-populated\">\n\t\t\t\t\t\t\t\t<div class=\"elementor-element elementor-element-c57ccc8 dce_masking-none elementor-widget elementor-widget-video\" data-id=\"c57ccc8\" data-element_type=\"widget\" data-settings=\"{&quot;autoplay&quot;:&quot;yes&quot;,&quot;mute&quot;:&quot;yes&quot;,&quot;video_type&quot;:&quot;hosted&quot;,&quot;play_on_mobile&quot;:&quot;yes&quot;,&quot;loop&quot;:&quot;yes&quot;,&quot;controls&quot;:&quot;yes&quot;}\" data-widget_type=\"video.default\">\n\t\t\t\t<div class=\"elementor-widget-container\">\n\t\t\t\t\t<div class=\"e-hosted-video elementor-wrapper elementor-open-inline\">\n\t\t\t\t\t<video class=\"elementor-video\" src=\"https:\/\/video.zoen.shop\/zoen-shop-whiteboard-cz.mp4\" autoplay=\"\" loop=\"\" controls=\"\" muted=\"muted\" playsinline=\"\" controlsList=\"nodownload\"><\/video>\n\t\t\t\t<\/div>\n\t\t\t\t<\/div>\n\t\t\t\t<\/div>\n\t\t\t\t\t<\/div>\n\t\t<\/div>\n\t\t\t\t\t\t\t<\/div>\n\t\t<\/section>\n\t\t\t\t<section class=\"elementor-section elementor-top-section elementor-element elementor-element-707fc1e elementor-section-boxed elementor-section-height-default elementor-section-height-default\" data-id=\"707fc1e\" data-element_type=\"section\" data-settings=\"{&quot;background_background&quot;:&quot;classic&quot;}\">\n\t\t\t\t\t\t<div class=\"elementor-container elementor-column-gap-default\">\n\t\t\t\t\t<div class=\"elementor-column elementor-col-100 elementor-top-column elementor-element elementor-element-16b775b\" data-id=\"16b775b\" data-element_type=\"column\">\n\t\t\t<div class=\"elementor-widget-wrap elementor-element-populated\">\n\t\t\t\t\t\t\t\t<div class=\"elementor-element elementor-element-d50d167 elementor-widget elementor-widget-heading\" data-id=\"d50d167\" data-element_type=\"widget\" data-widget_type=\"heading.default\">\n\t\t\t\t<div class=\"elementor-widget-container\">\n\t\t\t<h2 class=\"elementor-heading-title elementor-size-default\">Na co <font color=\"#FFC000\">\u010dek\u00e1te<\/font>?<\/h2>\t\t<\/div>\n\t\t\t\t<\/div>\n\t\t\t\t<div class=\"elementor-element elementor-element-3a9089c elementor-widget elementor-widget-heading\" data-id=\"3a9089c\" data-element_type=\"widget\" data-widget_type=\"heading.default\">\n\t\t\t\t<div class=\"elementor-widget-container\">\n\t\t\t<h2 class=\"elementor-heading-title elementor-size-default\">Za\u010dn\u011bte pou\u017e\u00edvat zoen.shop. Je to <font color=\"#FFC000\">jednoduch\u00e9<\/font>!<\/h2>\t\t<\/div>\n\t\t\t\t<\/div>\n\t\t\t\t<div class=\"elementor-element elementor-element-75b6c9e elementor-align-center elementor-widget elementor-widget-button\" data-id=\"75b6c9e\" data-element_type=\"widget\" data-widget_type=\"button.default\">\n\t\t\t\t<div class=\"elementor-widget-container\">\n\t\t\t\t\t<div class=\"elementor-button-wrapper\">\n\t\t\t<a class=\"elementor-button elementor-button-link elementor-size-sm\" href=\"https:\/\/merchant.zoen.shop\/register\">\n\t\t\t\t\t\t<span class=\"elementor-button-content-wrapper\">\n\t\t\t\t\t\t<span class=\"elementor-button-text\">Za\u010dn\u011bte!<\/span>\n\t\t<\/span>\n\t\t\t\t\t<\/a>\n\t\t<\/div>\n\t\t\t\t<\/div>\n\t\t\t\t<\/div>\n\t\t\t\t\t<\/div>\n\t\t<\/div>\n\t\t\t\t\t\t\t<\/div>\n\t\t<\/section>\n\t\t\t\t<section class=\"elementor-section elementor-top-section elementor-element elementor-element-d012dd3 elementor-section-boxed elementor-section-height-default elementor-section-height-default\" data-id=\"d012dd3\" data-element_type=\"section\">\n\t\t\t\t\t\t<div class=\"elementor-container elementor-column-gap-default\">\n\t\t\t\t\t<div class=\"elementor-column elementor-col-100 elementor-top-column elementor-element elementor-element-3290e8b\" data-id=\"3290e8b\" data-element_type=\"column\">\n\t\t\t<div class=\"elementor-widget-wrap elementor-element-populated\">\n\t\t\t\t\t\t\t\t<div class=\"elementor-element elementor-element-c047db6 elementor-widget elementor-widget-heading\" data-id=\"c047db6\" data-element_type=\"widget\" data-widget_type=\"heading.default\">\n\t\t\t\t<div class=\"elementor-widget-container\">\n\t\t\t<h2 class=\"elementor-heading-title elementor-size-default\">zoen.shop je <font color=\"#188038\">ucelen\u00e1 n\u00e1kupn\u00ed platforma<\/font>, kter\u00e1 obsahuje <font color=\"#188038\">v\u0161e<\/font>, co pot\u0159ebujete k tomu, abyste sv\u00fdm z\u00e1kazn\u00edk\u016fm poskytli <font color=\"#188038\">nejlep\u0161\u00ed z\u00e1\u017eitek<\/font> z digit\u00e1ln\u00edho nakupov\u00e1n\u00ed.<\/h2>\t\t<\/div>\n\t\t\t\t<\/div>\n\t\t\t\t\t<\/div>\n\t\t<\/div>\n\t\t\t\t\t\t\t<\/div>\n\t\t<\/section>\n\t\t\t\t<section class=\"elementor-section elementor-top-section elementor-element elementor-element-14544d2 elementor-section-boxed elementor-section-height-default elementor-section-height-default\" data-id=\"14544d2\" data-element_type=\"section\">\n\t\t\t\t\t\t<div class=\"elementor-container elementor-column-gap-default\">\n\t\t\t\t\t<div class=\"elementor-column elementor-col-100 elementor-top-column elementor-element elementor-element-4ea1d22\" data-id=\"4ea1d22\" data-element_type=\"column\">\n\t\t\t<div class=\"elementor-widget-wrap elementor-element-populated\">\n\t\t\t\t\t\t\t\t<div class=\"elementor-element elementor-element-f7c74c9 dce_masking-none elementor-widget elementor-widget-image\" data-id=\"f7c74c9\" data-element_type=\"widget\" data-widget_type=\"image.default\">\n\t\t\t\t<div class=\"elementor-widget-container\">\n\t\t\t\t\t\t\t\t\t\t\t\t\t\t\t\t<a href=\"https:\/\/zoen.shop\/wp-content\/uploads\/2021\/11\/cz_howitworks-scaled.jpg\" data-elementor-open-lightbox=\"yes\" data-elementor-lightbox-title=\"zoen.shop - how it works\" data-e-action-hash=\"#elementor-action%3Aaction%3Dlightbox%26settings%3DeyJpZCI6NDAyNiwidXJsIjoiaHR0cHM6XC9cL3pvZW4uc2hvcFwvd3AtY29udGVudFwvdXBsb2Fkc1wvMjAyMVwvMTFcL2N6X2hvd2l0d29ya3Mtc2NhbGVkLmpwZyJ9\">\n\t\t\t\t\t\t\t<img fetchpriority=\"high\" decoding=\"async\" width=\"2560\" height=\"1846\" src=\"https:\/\/zoen.shop\/wp-content\/uploads\/2021\/11\/cz_howitworks-scaled.jpg\" class=\"attachment-full size-full wp-image-4026\" alt=\"zoen.shop - how it works\" srcset=\"https:\/\/zoen.shop\/wp-content\/uploads\/2021\/11\/cz_howitworks-scaled.jpg 2560w, https:\/\/zoen.shop\/wp-content\/uploads\/2021\/11\/cz_howitworks-300x216.jpg 300w, https:\/\/zoen.shop\/wp-content\/uploads\/2021\/11\/cz_howitworks-1024x738.jpg 1024w, https:\/\/zoen.shop\/wp-content\/uploads\/2021\/11\/cz_howitworks-768x554.jpg 768w, https:\/\/zoen.shop\/wp-content\/uploads\/2021\/11\/cz_howitworks-1536x1108.jpg 1536w, https:\/\/zoen.shop\/wp-content\/uploads\/2021\/11\/cz_howitworks-2048x1477.jpg 2048w\" sizes=\"(max-width: 2560px) 100vw, 2560px\" \/>\t\t\t\t\t\t\t\t<\/a>\n\t\t\t\t\t\t\t\t\t\t\t\t\t\t\t<\/div>\n\t\t\t\t<\/div>\n\t\t\t\t\t<\/div>\n\t\t<\/div>\n\t\t\t\t\t\t\t<\/div>\n\t\t<\/section>\n\t\t\t\t<section class=\"elementor-section elementor-top-section elementor-element elementor-element-287e212 elementor-section-boxed elementor-section-height-default elementor-section-height-default\" data-id=\"287e212\" data-element_type=\"section\" data-settings=\"{&quot;background_background&quot;:&quot;classic&quot;}\">\n\t\t\t\t\t\t<div class=\"elementor-container elementor-column-gap-default\">\n\t\t\t\t\t<div class=\"elementor-column elementor-col-33 elementor-top-column elementor-element elementor-element-7d9d3d6\" data-id=\"7d9d3d6\" data-element_type=\"column\">\n\t\t\t<div class=\"elementor-widget-wrap elementor-element-populated\">\n\t\t\t\t\t\t\t\t<div class=\"elementor-element elementor-element-d6ba7b0 elementor-view-framed elementor-shape-circle elementor-position-top elementor-mobile-position-top elementor-widget elementor-widget-icon-box\" data-id=\"d6ba7b0\" data-element_type=\"widget\" data-widget_type=\"icon-box.default\">\n\t\t\t\t<div class=\"elementor-widget-container\">\n\t\t\t\t\t<div class=\"elementor-icon-box-wrapper\">\n\t\t\t\t\t\t<div class=\"elementor-icon-box-icon\">\n\t\t\t\t<span  class=\"elementor-icon elementor-animation-\">\n\t\t\t\t<i aria-hidden=\"true\" class=\"fas fa-mobile-alt\"><\/i>\t\t\t\t<\/span>\n\t\t\t<\/div>\n\t\t\t\t\t\t<div class=\"elementor-icon-box-content\">\n\t\t\t\t<h3 class=\"elementor-icon-box-title\">\n\t\t\t\t\t<span  >\n\t\t\t\t\t\tChytr\u00e9 za\u0159\u00edzen\u00ed\t\t\t\t\t<\/span>\n\t\t\t\t<\/h3>\n\t\t\t\t\t\t\t\t\t<p class=\"elementor-icon-box-description\">\n\t\t\t\t\t\tKe sta\u017een\u00ed na\u0161\u00ed mobiln\u00ed <font color=\"#188038\"><b>aplikace<\/b><\/font> pot\u0159ebujete pouze <font color=\"#188038\"><b>chytr\u00e9 za\u0159\u00edzen\u00ed<\/b><\/font> (telefon, tablet, notebook). <font color=\"#188038\"><b>To je v\u0161e<\/b><\/font>! Nen\u00ed pot\u0159eba \u017e\u00e1dn\u00fd speci\u00e1ln\u00ed software ani slo\u017eit\u00e9 programy.\t\t\t\t\t<\/p>\n\t\t\t\t\t\t\t<\/div>\n\t\t<\/div>\n\t\t\t\t<\/div>\n\t\t\t\t<\/div>\n\t\t\t\t\t<\/div>\n\t\t<\/div>\n\t\t\t\t<div class=\"elementor-column elementor-col-33 elementor-top-column elementor-element elementor-element-1331c37\" data-id=\"1331c37\" data-element_type=\"column\">\n\t\t\t<div class=\"elementor-widget-wrap elementor-element-populated\">\n\t\t\t\t\t\t\t\t<div class=\"elementor-element elementor-element-d735522 elementor-view-framed elementor-shape-circle elementor-position-top elementor-mobile-position-top elementor-widget elementor-widget-icon-box\" data-id=\"d735522\" data-element_type=\"widget\" data-widget_type=\"icon-box.default\">\n\t\t\t\t<div class=\"elementor-widget-container\">\n\t\t\t\t\t<div class=\"elementor-icon-box-wrapper\">\n\t\t\t\t\t\t<div class=\"elementor-icon-box-icon\">\n\t\t\t\t<span  class=\"elementor-icon elementor-animation-\">\n\t\t\t\t<i aria-hidden=\"true\" class=\"fas fa-euro-sign\"><\/i>\t\t\t\t<\/span>\n\t\t\t<\/div>\n\t\t\t\t\t\t<div class=\"elementor-icon-box-content\">\n\t\t\t\t<h3 class=\"elementor-icon-box-title\">\n\t\t\t\t\t<span  >\n\t\t\t\t\t\tPlatebn\u00ed br\u00e1na\t\t\t\t\t<\/span>\n\t\t\t\t<\/h3>\n\t\t\t\t\t\t\t\t\t<p class=\"elementor-icon-box-description\">\n\t\t\t\t\t\tPo videohovoru z\u00edsk\u00e1te v\u0161echny <font color=\"#188038\"><b>pot\u0159ebn\u00e9 informace<\/b><\/font> - p\u0159ehled o n\u00e1kupu, informace o platb\u011b a \u00fadaje o z\u00e1kazn\u00edkovi. Spolupracujeme s <font color=\"#188038\"><b>d\u016fv\u011bryhodn\u00fdmi bankovn\u00edmi partnery<\/b><\/font>.\t\t\t\t\t<\/p>\n\t\t\t\t\t\t\t<\/div>\n\t\t<\/div>\n\t\t\t\t<\/div>\n\t\t\t\t<\/div>\n\t\t\t\t\t<\/div>\n\t\t<\/div>\n\t\t\t\t<div class=\"elementor-column elementor-col-33 elementor-top-column elementor-element elementor-element-198b59b\" data-id=\"198b59b\" data-element_type=\"column\">\n\t\t\t<div class=\"elementor-widget-wrap elementor-element-populated\">\n\t\t\t\t\t\t\t\t<div class=\"elementor-element elementor-element-f5d6d47 elementor-view-framed elementor-shape-circle elementor-position-top elementor-mobile-position-top elementor-widget elementor-widget-icon-box\" data-id=\"f5d6d47\" data-element_type=\"widget\" data-widget_type=\"icon-box.default\">\n\t\t\t\t<div class=\"elementor-widget-container\">\n\t\t\t\t\t<div class=\"elementor-icon-box-wrapper\">\n\t\t\t\t\t\t<div class=\"elementor-icon-box-icon\">\n\t\t\t\t<span  class=\"elementor-icon elementor-animation-\">\n\t\t\t\t<i aria-hidden=\"true\" class=\"fas fa-link\"><\/i>\t\t\t\t<\/span>\n\t\t\t<\/div>\n\t\t\t\t\t\t<div class=\"elementor-icon-box-content\">\n\t\t\t\t<h3 class=\"elementor-icon-box-title\">\n\t\t\t\t\t<span  >\n\t\t\t\t\t\tSta\u010d\u00ed jedno kliknut\u00ed!\t\t\t\t\t<\/span>\n\t\t\t\t<\/h3>\n\t\t\t\t\t\t\t\t\t<p class=\"elementor-icon-box-description\">\n\t\t\t\t\t\t<font color=\"#188038\"><b>zoen.shop<\/b><\/font> m\u016f\u017eete zahrnout do sv\u00fdch webov\u00fdch str\u00e1nek, soci\u00e1ln\u00edch m\u00e9di\u00ed nebo e-mailov\u00fdch kampan\u00ed. Jedn\u00e1 se pouze o <font color=\"#188038\"><b>jednoduch\u00fd odkaz<\/b><\/font>, kter\u00fd z\u00e1kazn\u00edk\u016fm umo\u017en\u00ed <font color=\"#188038\"><b>p\u0159\u00edmou komunikaci<\/b><\/font> s V\u00e1mi.\t\t\t\t\t<\/p>\n\t\t\t\t\t\t\t<\/div>\n\t\t<\/div>\n\t\t\t\t<\/div>\n\t\t\t\t<\/div>\n\t\t\t\t\t<\/div>\n\t\t<\/div>\n\t\t\t\t\t\t\t<\/div>\n\t\t<\/section>\n\t\t\t\t<section class=\"elementor-section elementor-top-section elementor-element elementor-element-72087d3 elementor-section-boxed elementor-section-height-default elementor-section-height-default\" data-id=\"72087d3\" data-element_type=\"section\" data-settings=\"{&quot;background_background&quot;:&quot;classic&quot;}\">\n\t\t\t\t\t\t<div class=\"elementor-container elementor-column-gap-default\">\n\t\t\t\t\t<div class=\"elementor-column elementor-col-100 elementor-top-column elementor-element elementor-element-2c9346f\" data-id=\"2c9346f\" data-element_type=\"column\">\n\t\t\t<div class=\"elementor-widget-wrap elementor-element-populated\">\n\t\t\t\t\t\t\t\t<div class=\"elementor-element elementor-element-ade103a elementor-widget elementor-widget-heading\" data-id=\"ade103a\" data-element_type=\"widget\" data-widget_type=\"heading.default\">\n\t\t\t\t<div class=\"elementor-widget-container\">\n\t\t\t<h2 class=\"elementor-heading-title elementor-size-default\">For more information:<\/h2>\t\t<\/div>\n\t\t\t\t<\/div>\n\t\t\t\t<div class=\"elementor-element elementor-element-462b519 elementor-align-center elementor-widget elementor-widget-button\" data-id=\"462b519\" data-element_type=\"widget\" data-widget_type=\"button.default\">\n\t\t\t\t<div class=\"elementor-widget-container\">\n\t\t\t\t\t<div class=\"elementor-button-wrapper\">\n\t\t\t<a class=\"elementor-button elementor-button-link elementor-size-sm\" href=\"https:\/\/zoen.shop\/cs\/kontakt\/\">\n\t\t\t\t\t\t<span class=\"elementor-button-content-wrapper\">\n\t\t\t\t\t\t<span class=\"elementor-button-text\">Kontaktujte n\u00e1s!<\/span>\n\t\t<\/span>\n\t\t\t\t\t<\/a>\n\t\t<\/div>\n\t\t\t\t<\/div>\n\t\t\t\t<\/div>\n\t\t\t\t\t<\/div>\n\t\t<\/div>\n\t\t\t\t\t\t\t<\/div>\n\t\t<\/section>\n\t\t\t\t\t\t\t<\/div>\n\t\t","protected":false},"excerpt":{"rendered":"<p>Chcete se dozv\u011bd\u011bt, jak zoen.shop pom\u00e1h\u00e1 zv\u00fd\u0161it V\u00e1\u0161 prodej? Pokud ano, pod\u00edvejte se na video n\u00ed\u017ee! https:\/\/video.zoen.shop\/zoen-shop-whiteboard-cz.mp4 Na co \u010dek\u00e1te? Za\u010dn\u011bte pou\u017e\u00edvat zoen.shop. Je to jednoduch\u00e9! Za\u010dn\u011bte! zoen.shop je ucelen\u00e1 n\u00e1kupn\u00ed platforma, kter\u00e1 obsahuje v\u0161e, co pot\u0159ebujete k tomu, abyste sv\u00fdm z\u00e1kazn\u00edk\u016fm poskytli nejlep\u0161\u00ed z\u00e1\u017eitek z digit\u00e1ln\u00edho nakupov\u00e1n\u00ed. Chytr\u00e9 za\u0159\u00edzen\u00ed Ke sta\u017een\u00ed na\u0161\u00ed mobiln\u00ed aplikace [&hellip;]<\/p>\n","protected":false},"author":2,"featured_media":0,"parent":0,"menu_order":0,"comment_status":"closed","ping_status":"closed","template":"elementor_header_footer","meta":{"footnotes":""},"yoast_head":"<!-- This site is optimized with the Yoast SEO plugin v21.7 - https:\/\/yoast.com\/wordpress\/plugins\/seo\/ -->\n<title>zoen.shop: Jak to funguje? Video Call Shop &amp; Pay<\/title>\n<meta name=\"description\" content=\"Jak to funguje? Vytvo\u0159en\u00ed virtu\u00e1ln\u00edho obchodu s videohovory je velmi jednoduch\u00e9. Sta\u010d\u00ed jen p\u00e1r kliknut\u00ed a V\u00e1\u0161 virtu\u00e1ln\u00ed obchod je hotov - zoen.shop\" \/>\n<meta name=\"robots\" content=\"index, follow, max-snippet:-1, max-image-preview:large, max-video-preview:-1\" \/>\n<link rel=\"canonical\" href=\"https:\/\/zoen.shop\/cs\/jak-to-funguje\/\" \/>\n<meta property=\"og:locale\" content=\"cs_CZ\" \/>\n<meta property=\"og:type\" content=\"article\" \/>\n<meta property=\"og:title\" content=\"zoen.shop: Jak to funguje? Video Call Shop &amp; Pay\" \/>\n<meta property=\"og:description\" content=\"Jak to funguje? Vytvo\u0159en\u00ed virtu\u00e1ln\u00edho obchodu s videohovory je velmi jednoduch\u00e9. Sta\u010d\u00ed jen p\u00e1r kliknut\u00ed a V\u00e1\u0161 virtu\u00e1ln\u00ed obchod je hotov - zoen.shop\" \/>\n<meta property=\"og:url\" content=\"https:\/\/zoen.shop\/cs\/jak-to-funguje\/\" \/>\n<meta property=\"og:site_name\" content=\"zoen.shop\" \/>\n<meta property=\"article:publisher\" content=\"https:\/\/www.facebook.com\/Zoenshop-105671925054190\" \/>\n<meta property=\"article:modified_time\" content=\"2022-01-13T13:06:52+00:00\" \/>\n<meta property=\"og:image\" content=\"https:\/\/zoen.shop\/wp-content\/uploads\/2021\/09\/zoen.shop-how-it-works-1.png\" \/>\n<meta name=\"twitter:card\" content=\"summary_large_image\" \/>\n<meta name=\"twitter:site\" content=\"@zoenshop\" \/>\n<meta name=\"twitter:label1\" content=\"Odhadovan\u00e1 doba \u010dten\u00ed\" \/>\n\t<meta name=\"twitter:data1\" content=\"1 minuta\" \/>\n<script type=\"application\/ld+json\" class=\"yoast-schema-graph\">{\"@context\":\"https:\/\/schema.org\",\"@graph\":[{\"@type\":\"WebPage\",\"@id\":\"https:\/\/zoen.shop\/cs\/jak-to-funguje\/\",\"url\":\"https:\/\/zoen.shop\/cs\/jak-to-funguje\/\",\"name\":\"zoen.shop: Jak to funguje? Video Call Shop & Pay\",\"isPartOf\":{\"@id\":\"https:\/\/zoen.shop\/cs\/#website\"},\"datePublished\":\"2021-07-08T08:56:03+00:00\",\"dateModified\":\"2022-01-13T13:06:52+00:00\",\"description\":\"Jak to funguje? Vytvo\u0159en\u00ed virtu\u00e1ln\u00edho obchodu s videohovory je velmi jednoduch\u00e9. Sta\u010d\u00ed jen p\u00e1r kliknut\u00ed a V\u00e1\u0161 virtu\u00e1ln\u00ed obchod je hotov - zoen.shop\",\"breadcrumb\":{\"@id\":\"https:\/\/zoen.shop\/cs\/jak-to-funguje\/#breadcrumb\"},\"inLanguage\":\"cs\",\"potentialAction\":[{\"@type\":\"ReadAction\",\"target\":[\"https:\/\/zoen.shop\/cs\/jak-to-funguje\/\"]}]},{\"@type\":\"BreadcrumbList\",\"@id\":\"https:\/\/zoen.shop\/cs\/jak-to-funguje\/#breadcrumb\",\"itemListElement\":[{\"@type\":\"ListItem\",\"position\":1,\"name\":\"Home\",\"item\":\"https:\/\/zoen.shop\/cs\/\"},{\"@type\":\"ListItem\",\"position\":2,\"name\":\"Jak to funguje\"}]},{\"@type\":\"WebSite\",\"@id\":\"https:\/\/zoen.shop\/cs\/#website\",\"url\":\"https:\/\/zoen.shop\/cs\/\",\"name\":\"zoen.shop\",\"description\":\"VideoCall shop&amp;pay\",\"publisher\":{\"@id\":\"https:\/\/zoen.shop\/cs\/#organization\"},\"potentialAction\":[{\"@type\":\"SearchAction\",\"target\":{\"@type\":\"EntryPoint\",\"urlTemplate\":\"https:\/\/zoen.shop\/cs\/?s={search_term_string}\"},\"query-input\":\"required name=search_term_string\"}],\"inLanguage\":\"cs\"},{\"@type\":\"Organization\",\"@id\":\"https:\/\/zoen.shop\/cs\/#organization\",\"name\":\"zoen shop\",\"url\":\"https:\/\/zoen.shop\/cs\/\",\"logo\":{\"@type\":\"ImageObject\",\"inLanguage\":\"cs\",\"@id\":\"https:\/\/zoen.shop\/cs\/#\/schema\/logo\/image\/\",\"url\":\"https:\/\/zoen.shop\/wp-content\/uploads\/2021\/06\/cropped-logo-Transparent-yellow.png\",\"contentUrl\":\"https:\/\/zoen.shop\/wp-content\/uploads\/2021\/06\/cropped-logo-Transparent-yellow.png\",\"width\":3872,\"height\":1105,\"caption\":\"zoen shop\"},\"image\":{\"@id\":\"https:\/\/zoen.shop\/cs\/#\/schema\/logo\/image\/\"},\"sameAs\":[\"https:\/\/www.facebook.com\/Zoenshop-105671925054190\",\"https:\/\/twitter.com\/zoenshop\",\"https:\/\/www.instagram.com\/zoen.shop\/\",\"https:\/\/www.linkedin.com\/company\/zoenshop\",\"https:\/\/www.youtube.com\/channel\/UClITU8UxelitjTPmBs4maXg\"]}]}<\/script>\n<!-- \/ Yoast SEO plugin. -->","yoast_head_json":{"title":"zoen.shop: Jak to funguje? Video Call Shop & Pay","description":"Jak to funguje? Vytvo\u0159en\u00ed virtu\u00e1ln\u00edho obchodu s videohovory je velmi jednoduch\u00e9. Sta\u010d\u00ed jen p\u00e1r kliknut\u00ed a V\u00e1\u0161 virtu\u00e1ln\u00ed obchod je hotov - zoen.shop","robots":{"index":"index","follow":"follow","max-snippet":"max-snippet:-1","max-image-preview":"max-image-preview:large","max-video-preview":"max-video-preview:-1"},"canonical":"https:\/\/zoen.shop\/cs\/jak-to-funguje\/","og_locale":"cs_CZ","og_type":"article","og_title":"zoen.shop: Jak to funguje? Video Call Shop & Pay","og_description":"Jak to funguje? Vytvo\u0159en\u00ed virtu\u00e1ln\u00edho obchodu s videohovory je velmi jednoduch\u00e9. Sta\u010d\u00ed jen p\u00e1r kliknut\u00ed a V\u00e1\u0161 virtu\u00e1ln\u00ed obchod je hotov - zoen.shop","og_url":"https:\/\/zoen.shop\/cs\/jak-to-funguje\/","og_site_name":"zoen.shop","article_publisher":"https:\/\/www.facebook.com\/Zoenshop-105671925054190","article_modified_time":"2022-01-13T13:06:52+00:00","og_image":[{"url":"https:\/\/zoen.shop\/wp-content\/uploads\/2021\/09\/zoen.shop-how-it-works-1.png"}],"twitter_card":"summary_large_image","twitter_site":"@zoenshop","twitter_misc":{"Odhadovan\u00e1 doba \u010dten\u00ed":"1 minuta"},"schema":{"@context":"https:\/\/schema.org","@graph":[{"@type":"WebPage","@id":"https:\/\/zoen.shop\/cs\/jak-to-funguje\/","url":"https:\/\/zoen.shop\/cs\/jak-to-funguje\/","name":"zoen.shop: Jak to funguje? Video Call Shop & Pay","isPartOf":{"@id":"https:\/\/zoen.shop\/cs\/#website"},"datePublished":"2021-07-08T08:56:03+00:00","dateModified":"2022-01-13T13:06:52+00:00","description":"Jak to funguje? Vytvo\u0159en\u00ed virtu\u00e1ln\u00edho obchodu s videohovory je velmi jednoduch\u00e9. Sta\u010d\u00ed jen p\u00e1r kliknut\u00ed a V\u00e1\u0161 virtu\u00e1ln\u00ed obchod je hotov - zoen.shop","breadcrumb":{"@id":"https:\/\/zoen.shop\/cs\/jak-to-funguje\/#breadcrumb"},"inLanguage":"cs","potentialAction":[{"@type":"ReadAction","target":["https:\/\/zoen.shop\/cs\/jak-to-funguje\/"]}]},{"@type":"BreadcrumbList","@id":"https:\/\/zoen.shop\/cs\/jak-to-funguje\/#breadcrumb","itemListElement":[{"@type":"ListItem","position":1,"name":"Home","item":"https:\/\/zoen.shop\/cs\/"},{"@type":"ListItem","position":2,"name":"Jak to funguje"}]},{"@type":"WebSite","@id":"https:\/\/zoen.shop\/cs\/#website","url":"https:\/\/zoen.shop\/cs\/","name":"zoen.shop","description":"VideoCall shop&amp;pay","publisher":{"@id":"https:\/\/zoen.shop\/cs\/#organization"},"potentialAction":[{"@type":"SearchAction","target":{"@type":"EntryPoint","urlTemplate":"https:\/\/zoen.shop\/cs\/?s={search_term_string}"},"query-input":"required name=search_term_string"}],"inLanguage":"cs"},{"@type":"Organization","@id":"https:\/\/zoen.shop\/cs\/#organization","name":"zoen shop","url":"https:\/\/zoen.shop\/cs\/","logo":{"@type":"ImageObject","inLanguage":"cs","@id":"https:\/\/zoen.shop\/cs\/#\/schema\/logo\/image\/","url":"https:\/\/zoen.shop\/wp-content\/uploads\/2021\/06\/cropped-logo-Transparent-yellow.png","contentUrl":"https:\/\/zoen.shop\/wp-content\/uploads\/2021\/06\/cropped-logo-Transparent-yellow.png","width":3872,"height":1105,"caption":"zoen shop"},"image":{"@id":"https:\/\/zoen.shop\/cs\/#\/schema\/logo\/image\/"},"sameAs":["https:\/\/www.facebook.com\/Zoenshop-105671925054190","https:\/\/twitter.com\/zoenshop","https:\/\/www.instagram.com\/zoen.shop\/","https:\/\/www.linkedin.com\/company\/zoenshop","https:\/\/www.youtube.com\/channel\/UClITU8UxelitjTPmBs4maXg"]}]}},"_links":{"self":[{"href":"https:\/\/zoen.shop\/cs\/wp-json\/wp\/v2\/pages\/4658"}],"collection":[{"href":"https:\/\/zoen.shop\/cs\/wp-json\/wp\/v2\/pages"}],"about":[{"href":"https:\/\/zoen.shop\/cs\/wp-json\/wp\/v2\/types\/page"}],"author":[{"embeddable":true,"href":"https:\/\/zoen.shop\/cs\/wp-json\/wp\/v2\/users\/2"}],"replies":[{"embeddable":true,"href":"https:\/\/zoen.shop\/cs\/wp-json\/wp\/v2\/comments?post=4658"}],"version-history":[{"count":14,"href":"https:\/\/zoen.shop\/cs\/wp-json\/wp\/v2\/pages\/4658\/revisions"}],"predecessor-version":[{"id":6192,"href":"https:\/\/zoen.shop\/cs\/wp-json\/wp\/v2\/pages\/4658\/revisions\/6192"}],"wp:attachment":[{"href":"https:\/\/zoen.shop\/cs\/wp-json\/wp\/v2\/media?parent=4658"}],"curies":[{"name":"wp","href":"https:\/\/api.w.org\/{rel}","templated":true}]}}