{"id":4670,"date":"2021-09-14T10:24:49","date_gmt":"2021-09-14T09:24:49","guid":{"rendered":"https:\/\/zoen.shop\/kontakt\/"},"modified":"2022-09-22T12:19:47","modified_gmt":"2022-09-22T11:19:47","slug":"kontakt","status":"publish","type":"page","link":"https:\/\/zoen.shop\/cs\/kontakt\/","title":{"rendered":"Kontakt"},"content":{"rendered":"\t\t<div data-elementor-type=\"wp-page\" data-elementor-id=\"4670\" class=\"elementor elementor-4670 elementor-1387\" data-elementor-post-type=\"page\">\n\t\t\t\t\t\t\t\t\t<section class=\"elementor-section elementor-top-section elementor-element elementor-element-f087b74 elementor-section-full_width elementor-section-height-min-height elementor-section-height-default elementor-section-items-middle\" data-id=\"f087b74\" data-element_type=\"section\">\n\t\t\t\t\t\t<div class=\"elementor-container elementor-column-gap-no\">\n\t\t\t\t\t<div class=\"elementor-column elementor-col-100 elementor-top-column elementor-element elementor-element-713373b\" data-id=\"713373b\" data-element_type=\"column\">\n\t\t\t<div class=\"elementor-widget-wrap elementor-element-populated\">\n\t\t\t\t\t\t\t\t<div class=\"elementor-element elementor-element-60cb466 elementor-hidden-mobile dce_masking-none elementor-widget elementor-widget-image\" data-id=\"60cb466\" data-element_type=\"widget\" data-widget_type=\"image.default\">\n\t\t\t\t<div class=\"elementor-widget-container\">\n\t\t\t\t\t\t\t\t\t\t\t\t\t\t\t<img fetchpriority=\"high\" decoding=\"async\" width=\"800\" height=\"214\" src=\"https:\/\/zoen.shop\/wp-content\/uploads\/2021\/10\/zoen.shop-contact-image-1024x274.jpg\" class=\"attachment-large size-large wp-image-4072\" alt=\"\" srcset=\"https:\/\/zoen.shop\/wp-content\/uploads\/2021\/10\/zoen.shop-contact-image-1024x274.jpg 1024w, https:\/\/zoen.shop\/wp-content\/uploads\/2021\/10\/zoen.shop-contact-image-300x80.jpg 300w, https:\/\/zoen.shop\/wp-content\/uploads\/2021\/10\/zoen.shop-contact-image-768x205.jpg 768w, https:\/\/zoen.shop\/wp-content\/uploads\/2021\/10\/zoen.shop-contact-image-1536x411.jpg 1536w, https:\/\/zoen.shop\/wp-content\/uploads\/2021\/10\/zoen.shop-contact-image-2048x547.jpg 2048w\" sizes=\"(max-width: 800px) 100vw, 800px\" \/>\t\t\t\t\t\t\t\t\t\t\t\t\t\t\t<\/div>\n\t\t\t\t<\/div>\n\t\t\t\t\t<\/div>\n\t\t<\/div>\n\t\t\t\t\t\t\t<\/div>\n\t\t<\/section>\n\t\t\t\t<section class=\"elementor-section elementor-top-section elementor-element elementor-element-2a83743 elementor-section-boxed elementor-section-height-default elementor-section-height-default\" data-id=\"2a83743\" data-element_type=\"section\">\n\t\t\t\t\t\t<div class=\"elementor-container elementor-column-gap-default\">\n\t\t\t\t\t<div class=\"elementor-column elementor-col-100 elementor-top-column elementor-element elementor-element-2d07256\" data-id=\"2d07256\" data-element_type=\"column\">\n\t\t\t<div class=\"elementor-widget-wrap elementor-element-populated\">\n\t\t\t\t\t\t\t\t<div class=\"elementor-element elementor-element-fada2ef elementor-widget elementor-widget-heading\" data-id=\"fada2ef\" data-element_type=\"widget\" data-widget_type=\"heading.default\">\n\t\t\t\t<div class=\"elementor-widget-container\">\n\t\t\t<h1 class=\"elementor-heading-title elementor-size-default\"><font color=\"#1967D2\">Spojte<\/font> se s n\u00e1mi<\/h1>\t\t<\/div>\n\t\t\t\t<\/div>\n\t\t\t\t\t<\/div>\n\t\t<\/div>\n\t\t\t\t\t\t\t<\/div>\n\t\t<\/section>\n\t\t\t\t<section class=\"elementor-section elementor-top-section elementor-element elementor-element-da24f02 elementor-section-boxed elementor-section-height-default elementor-section-height-default\" data-id=\"da24f02\" data-element_type=\"section\">\n\t\t\t\t\t\t<div class=\"elementor-container elementor-column-gap-default\">\n\t\t\t\t\t<div class=\"elementor-column elementor-col-50 elementor-top-column elementor-element elementor-element-8764990\" data-id=\"8764990\" data-element_type=\"column\">\n\t\t\t<div class=\"elementor-widget-wrap elementor-element-populated\">\n\t\t\t\t\t\t\t\t<div class=\"elementor-element elementor-element-e5d6808 elementor-widget elementor-widget-heading\" data-id=\"e5d6808\" data-element_type=\"widget\" data-widget_type=\"heading.default\">\n\t\t\t\t<div class=\"elementor-widget-container\">\n\t\t\t<h2 class=\"elementor-heading-title elementor-size-default\"><font color=\"#1967D2\">Najd\u011bte<\/font> n\u00e1s na map\u011b<\/h2>\t\t<\/div>\n\t\t\t\t<\/div>\n\t\t\t\t<div class=\"elementor-element elementor-element-3a4d89c elementor-widget elementor-widget-heading\" data-id=\"3a4d89c\" data-element_type=\"widget\" data-widget_type=\"heading.default\">\n\t\t\t\t<div class=\"elementor-widget-container\">\n\t\t\t<span class=\"elementor-heading-title elementor-size-default\">Na\u0161e <font color=\"#188038\"><b>s\u00eddlo<\/b><\/font> se nach\u00e1z\u00ed v srdci Evropy - na <font color=\"#188038\"><b>Slovensku<\/b><\/font>! Nach\u00e1z\u00edme se na rozhran\u00ed mezi z\u00e1padn\u00ed a v\u00fdchodn\u00ed <font color=\"#188038\"><b>Evropou<\/b><\/font> a nab\u00edz\u00edme sv\u00e9 slu\u017eby i do dal\u0161\u00edch zem\u00ed. Chcete n\u00e1s <font color=\"#188038\"><b>nav\u0161t\u00edvit<\/b><\/font>? T\u011b\u0161\u00edme se na V\u00e1s!<\/span>\t\t<\/div>\n\t\t\t\t<\/div>\n\t\t\t\t<div class=\"elementor-element elementor-element-5f2f7d5 elementor-widget elementor-widget-google_maps\" data-id=\"5f2f7d5\" data-element_type=\"widget\" data-widget_type=\"google_maps.default\">\n\t\t\t\t<div class=\"elementor-widget-container\">\n\t\t\t\t\t<div class=\"elementor-custom-embed\">\n\t\t\t<iframe loading=\"lazy\"\n\t\t\t\t\tsrc=\"https:\/\/maps.google.com\/maps?q=Fialkova%2026%2C%20Senec%2C%20Slovakia&#038;t=m&#038;z=12&#038;output=embed&#038;iwloc=near\"\n\t\t\t\t\ttitle=\"Fialkova 26, Senec, Slovakia\"\n\t\t\t\t\taria-label=\"Fialkova 26, Senec, Slovakia\"\n\t\t\t><\/iframe>\n\t\t<\/div>\n\t\t\t\t<\/div>\n\t\t\t\t<\/div>\n\t\t\t\t\t<\/div>\n\t\t<\/div>\n\t\t\t\t<div class=\"elementor-column elementor-col-50 elementor-top-column elementor-element elementor-element-87aad30\" data-id=\"87aad30\" data-element_type=\"column\">\n\t\t\t<div class=\"elementor-widget-wrap elementor-element-populated\">\n\t\t\t\t\t\t\t\t<div class=\"elementor-element elementor-element-e580d3a elementor-widget elementor-widget-heading\" data-id=\"e580d3a\" data-element_type=\"widget\" data-widget_type=\"heading.default\">\n\t\t\t\t<div class=\"elementor-widget-container\">\n\t\t\t<h2 class=\"elementor-heading-title elementor-size-default\"><font color=\"#188038\">Kontaktujte<\/font> n\u00e1s!<\/h2>\t\t<\/div>\n\t\t\t\t<\/div>\n\t\t\t\t<div class=\"elementor-element elementor-element-bc18e07 elementor-widget elementor-widget-heading\" data-id=\"bc18e07\" data-element_type=\"widget\" data-widget_type=\"heading.default\">\n\t\t\t\t<div class=\"elementor-widget-container\">\n\t\t\t<span class=\"elementor-heading-title elementor-size-default\">M\u00e1te n\u011bjak\u00e9 <font color=\"#1967D2\"><b>dotazy<\/b><\/font> k zoen.shop? Pot\u0159ebujete <font color=\"#1967D2\"><b>pomoci<\/b><\/font> s <font color=\"#1967D2\"><b>registrac\u00ed<\/b><\/font>? Pot\u0159ebujete podrobn\u00e9 <font color=\"#1967D2\"><b>informace<\/b><\/font> o na\u0161ich cen\u00e1ch? R\u00e1di V\u00e1m pom\u016f\u017eeme! Vypl\u0148te pros\u00edm n\u00ed\u017ee uveden\u00fd <font color=\"#1967D2\"><b>formul\u00e1\u0159<\/b><\/font> a z\u00e1stupce obchodn\u00ed podpory V\u00e1s bude co nejd\u0159\u00edve <font color=\"#1967D2\"><b>kontaktovat<\/b><\/font>.<\/span>\t\t<\/div>\n\t\t\t\t<\/div>\n\t\t\t\t<div class=\"elementor-element elementor-element-6a7af8d elementor-button-align-center elementor-widget elementor-widget-form\" data-id=\"6a7af8d\" data-element_type=\"widget\" data-settings=\"{&quot;step_next_label&quot;:&quot;Next&quot;,&quot;step_previous_label&quot;:&quot;Previous&quot;,&quot;button_width&quot;:&quot;100&quot;,&quot;step_type&quot;:&quot;number_text&quot;,&quot;step_icon_shape&quot;:&quot;circle&quot;}\" data-widget_type=\"form.default\">\n\t\t\t\t<div class=\"elementor-widget-container\">\n\t\t\t\t\t<form class=\"elementor-form\" method=\"post\" name=\"Contact us\">\n\t\t\t<input type=\"hidden\" name=\"post_id\" value=\"4670\"\/>\n\t\t\t<input type=\"hidden\" name=\"form_id\" value=\"6a7af8d\"\/>\n\t\t\t<input type=\"hidden\" name=\"referer_title\" value=\"zoen.shop\" \/>\n\n\t\t\t\n\t\t\t<div class=\"elementor-form-fields-wrapper elementor-labels-\">\n\t\t\t\t\t\t\t\t<div class=\"elementor-field-type-text elementor-field-group elementor-column elementor-field-group-name elementor-col-100 elementor-field-required\">\n\t\t\t\t\t\t\t\t\t\t\t\t<label for=\"form-field-name\" class=\"elementor-field-label elementor-screen-only\">\n\t\t\t\t\t\t\t\tName\t\t\t\t\t\t\t<\/label>\n\t\t\t\t\t\t\t\t\t\t\t\t\t\t<input size=\"1\" type=\"text\" name=\"form_fields[name]\" id=\"form-field-name\" class=\"elementor-field elementor-size-sm  elementor-field-textual\" placeholder=\"Name *\" required=\"required\" aria-required=\"true\">\n\t\t\t\t\t\t\t\t\t\t\t<\/div>\n\t\t\t\t\t\t\t\t<div class=\"elementor-field-type-email elementor-field-group elementor-column elementor-field-group-email elementor-col-100 elementor-field-required\">\n\t\t\t\t\t\t\t\t\t\t\t\t<label for=\"form-field-email\" class=\"elementor-field-label elementor-screen-only\">\n\t\t\t\t\t\t\t\tEmail\t\t\t\t\t\t\t<\/label>\n\t\t\t\t\t\t\t\t\t\t\t\t\t\t<input size=\"1\" type=\"email\" name=\"form_fields[email]\" id=\"form-field-email\" class=\"elementor-field elementor-size-sm  elementor-field-textual\" placeholder=\"Email *\" required=\"required\" aria-required=\"true\">\n\t\t\t\t\t\t\t\t\t\t\t<\/div>\n\t\t\t\t\t\t\t\t<div class=\"elementor-field-type-textarea elementor-field-group elementor-column elementor-field-group-message elementor-col-100 elementor-field-required\">\n\t\t\t\t\t\t\t\t\t\t\t\t<label for=\"form-field-message\" class=\"elementor-field-label elementor-screen-only\">\n\t\t\t\t\t\t\t\tMessage\t\t\t\t\t\t\t<\/label>\n\t\t\t\t\t\t<textarea class=\"elementor-field-textual elementor-field  elementor-size-sm\" name=\"form_fields[message]\" id=\"form-field-message\" rows=\"13\" placeholder=\"Message *\" required=\"required\" aria-required=\"true\"><\/textarea>\t\t\t\t<\/div>\n\t\t\t\t\t\t\t\t<div class=\"elementor-field-type-text\">\n\t\t\t\t\t<input size=\"1\" type=\"text\" name=\"form_fields[field_f403ba5]\" id=\"form-field-field_f403ba5\" class=\"elementor-field elementor-size-sm \" style=\"display:none !important;\">\t\t\t\t<\/div>\n\t\t\t\t\t\t\t\t<div class=\"elementor-field-type-recaptcha elementor-field-group elementor-column elementor-field-group-field_ab4a380 elementor-col-100\">\n\t\t\t\t\t<div class=\"elementor-field\" id=\"form-field-field_ab4a380\"><div class=\"elementor-g-recaptcha\" data-sitekey=\"6Le_nVUeAAAAAD0FZH9qeBluUg6KPdl_q7yqxOov\" data-type=\"v2_checkbox\" data-theme=\"light\" data-size=\"normal\"><\/div><\/div>\t\t\t\t<\/div>\n\t\t\t\t\t\t\t\t<div class=\"elementor-field-group elementor-column elementor-field-type-submit elementor-col-100 e-form__buttons\">\n\t\t\t\t\t<button type=\"submit\" class=\"elementor-button elementor-size-sm\">\n\t\t\t\t\t\t<span >\n\t\t\t\t\t\t\t\t\t\t\t\t\t\t\t<span class=\" elementor-button-icon\">\n\t\t\t\t\t\t\t\t\t\t\t\t\t\t\t\t\t\t\t\t\t\t\t\t\t\t<\/span>\n\t\t\t\t\t\t\t\t\t\t\t\t\t\t\t\t\t\t\t\t\t\t<span class=\"elementor-button-text\">Submit<\/span>\n\t\t\t\t\t\t\t\t\t\t\t\t\t<\/span>\n\t\t\t\t\t<\/button>\n\t\t\t\t<\/div>\n\t\t\t<\/div>\n\t\t<\/form>\n\t\t\t\t<\/div>\n\t\t\t\t<\/div>\n\t\t\t\t\t<\/div>\n\t\t<\/div>\n\t\t\t\t\t\t\t<\/div>\n\t\t<\/section>\n\t\t\t\t<section class=\"elementor-section elementor-top-section elementor-element elementor-element-1d8b1c31 elementor-section-content-middle elementor-section-boxed elementor-section-height-default elementor-section-height-default\" data-id=\"1d8b1c31\" data-element_type=\"section\">\n\t\t\t\t\t\t<div class=\"elementor-container elementor-column-gap-no\">\n\t\t\t\t\t<div class=\"elementor-column elementor-col-50 elementor-top-column elementor-element elementor-element-5892e228\" data-id=\"5892e228\" data-element_type=\"column\">\n\t\t\t<div class=\"elementor-widget-wrap elementor-element-populated\">\n\t\t\t\t\t\t\t\t<div class=\"elementor-element elementor-element-31390156 elementor-position-left elementor-view-default elementor-mobile-position-top elementor-vertical-align-top elementor-widget elementor-widget-icon-box\" data-id=\"31390156\" data-element_type=\"widget\" data-widget_type=\"icon-box.default\">\n\t\t\t\t<div class=\"elementor-widget-container\">\n\t\t\t\t\t<div class=\"elementor-icon-box-wrapper\">\n\t\t\t\t\t\t<div class=\"elementor-icon-box-icon\">\n\t\t\t\t<span  class=\"elementor-icon elementor-animation-grow\">\n\t\t\t\t<i aria-hidden=\"true\" class=\"fas fa-map-marker-alt\"><\/i>\t\t\t\t<\/span>\n\t\t\t<\/div>\n\t\t\t\t\t\t<div class=\"elementor-icon-box-content\">\n\t\t\t\t<h4 class=\"elementor-icon-box-title\">\n\t\t\t\t\t<span  >\n\t\t\t\t\t\tAddress\t\t\t\t\t<\/span>\n\t\t\t\t<\/h4>\n\t\t\t\t\t\t\t\t\t<p class=\"elementor-icon-box-description\">\n\t\t\t\t\t\tFialkov\u00e1 26<br>\r\n903 01 Senec<br>\r\nSlovak Republic\t\t\t\t\t<\/p>\n\t\t\t\t\t\t\t<\/div>\n\t\t<\/div>\n\t\t\t\t<\/div>\n\t\t\t\t<\/div>\n\t\t\t\t\t<\/div>\n\t\t<\/div>\n\t\t\t\t<div class=\"elementor-column elementor-col-50 elementor-top-column elementor-element elementor-element-22fb1153\" data-id=\"22fb1153\" data-element_type=\"column\">\n\t\t\t<div class=\"elementor-widget-wrap elementor-element-populated\">\n\t\t\t\t\t\t\t\t<div class=\"elementor-element elementor-element-1fe71011 elementor-position-left elementor-view-default elementor-mobile-position-top elementor-vertical-align-top elementor-widget elementor-widget-icon-box\" data-id=\"1fe71011\" data-element_type=\"widget\" data-widget_type=\"icon-box.default\">\n\t\t\t\t<div class=\"elementor-widget-container\">\n\t\t\t\t\t<div class=\"elementor-icon-box-wrapper\">\n\t\t\t\t\t\t<div class=\"elementor-icon-box-icon\">\n\t\t\t\t<span  class=\"elementor-icon elementor-animation-grow\">\n\t\t\t\t<i aria-hidden=\"true\" class=\"fas fa-envelope\"><\/i>\t\t\t\t<\/span>\n\t\t\t<\/div>\n\t\t\t\t\t\t<div class=\"elementor-icon-box-content\">\n\t\t\t\t<h4 class=\"elementor-icon-box-title\">\n\t\t\t\t\t<span  >\n\t\t\t\t\t\tEmail\t\t\t\t\t<\/span>\n\t\t\t\t<\/h4>\n\t\t\t\t\t\t\t\t\t<p class=\"elementor-icon-box-description\">\n\t\t\t\t\t\tsupport (at) zoen. shop\r\n<br>\r\n\u00a0\r\n<br>\r\n\u00a0\t\t\t\t\t<\/p>\n\t\t\t\t\t\t\t<\/div>\n\t\t<\/div>\n\t\t\t\t<\/div>\n\t\t\t\t<\/div>\n\t\t\t\t\t<\/div>\n\t\t<\/div>\n\t\t\t\t\t\t\t<\/div>\n\t\t<\/section>\n\t\t\t\t\t\t\t<\/div>\n\t\t","protected":false},"excerpt":{"rendered":"<p>Spojte se s n\u00e1mi Najd\u011bte n\u00e1s na map\u011b Na\u0161e s\u00eddlo se nach\u00e1z\u00ed v srdci Evropy &#8211; na Slovensku! Nach\u00e1z\u00edme se na rozhran\u00ed mezi z\u00e1padn\u00ed a v\u00fdchodn\u00ed Evropou a nab\u00edz\u00edme sv\u00e9 slu\u017eby i do dal\u0161\u00edch zem\u00ed. Chcete n\u00e1s nav\u0161t\u00edvit? T\u011b\u0161\u00edme se na V\u00e1s! Kontaktujte n\u00e1s! M\u00e1te n\u011bjak\u00e9 dotazy k zoen.shop? Pot\u0159ebujete pomoci s registrac\u00ed? Pot\u0159ebujete podrobn\u00e9 [&hellip;]<\/p>\n","protected":false},"author":2,"featured_media":0,"parent":0,"menu_order":0,"comment_status":"closed","ping_status":"closed","template":"elementor_header_footer","meta":{"footnotes":""},"yoast_head":"<!-- This site is optimized with the Yoast SEO plugin v21.7 - https:\/\/yoast.com\/wordpress\/plugins\/seo\/ -->\n<title>Kontaktujte n\u00e1s - zoen.shop international<\/title>\n<meta name=\"description\" content=\"zoen.shop - Chcete se dozv\u011bd\u011bt v\u00edce o na\u0161ich slu\u017eb\u00e1ch nebo m\u00e1te dotazy o podpo\u0159e prodejc\u016f?\" \/>\n<meta name=\"robots\" content=\"index, follow, max-snippet:-1, max-image-preview:large, max-video-preview:-1\" \/>\n<link rel=\"canonical\" href=\"https:\/\/zoen.shop\/cs\/kontakt\/\" \/>\n<meta property=\"og:locale\" content=\"cs_CZ\" \/>\n<meta property=\"og:type\" content=\"article\" \/>\n<meta property=\"og:title\" content=\"Kontaktujte n\u00e1s - zoen.shop international\" \/>\n<meta property=\"og:description\" content=\"zoen.shop - Chcete se dozv\u011bd\u011bt v\u00edce o na\u0161ich slu\u017eb\u00e1ch nebo m\u00e1te dotazy o podpo\u0159e prodejc\u016f?\" \/>\n<meta property=\"og:url\" content=\"https:\/\/zoen.shop\/cs\/kontakt\/\" \/>\n<meta property=\"og:site_name\" content=\"zoen.shop\" \/>\n<meta property=\"article:publisher\" content=\"https:\/\/www.facebook.com\/Zoenshop-105671925054190\" \/>\n<meta property=\"article:modified_time\" content=\"2022-09-22T11:19:47+00:00\" \/>\n<meta property=\"og:image\" content=\"https:\/\/zoen.shop\/wp-content\/uploads\/2021\/10\/zoen.shop-contact-image-1024x274.jpg\" \/>\n<meta name=\"twitter:card\" content=\"summary_large_image\" \/>\n<meta name=\"twitter:site\" content=\"@zoenshop\" \/>\n<meta name=\"twitter:label1\" content=\"Odhadovan\u00e1 doba \u010dten\u00ed\" \/>\n\t<meta name=\"twitter:data1\" content=\"1 minuta\" \/>\n<script type=\"application\/ld+json\" class=\"yoast-schema-graph\">{\"@context\":\"https:\/\/schema.org\",\"@graph\":[{\"@type\":\"WebPage\",\"@id\":\"https:\/\/zoen.shop\/cs\/kontakt\/\",\"url\":\"https:\/\/zoen.shop\/cs\/kontakt\/\",\"name\":\"Kontaktujte n\u00e1s - zoen.shop international\",\"isPartOf\":{\"@id\":\"https:\/\/zoen.shop\/cs\/#website\"},\"datePublished\":\"2021-09-14T09:24:49+00:00\",\"dateModified\":\"2022-09-22T11:19:47+00:00\",\"description\":\"zoen.shop - Chcete se dozv\u011bd\u011bt v\u00edce o na\u0161ich slu\u017eb\u00e1ch nebo m\u00e1te dotazy o podpo\u0159e prodejc\u016f?\",\"breadcrumb\":{\"@id\":\"https:\/\/zoen.shop\/cs\/kontakt\/#breadcrumb\"},\"inLanguage\":\"cs\",\"potentialAction\":[{\"@type\":\"ReadAction\",\"target\":[\"https:\/\/zoen.shop\/cs\/kontakt\/\"]}]},{\"@type\":\"BreadcrumbList\",\"@id\":\"https:\/\/zoen.shop\/cs\/kontakt\/#breadcrumb\",\"itemListElement\":[{\"@type\":\"ListItem\",\"position\":1,\"name\":\"Home\",\"item\":\"https:\/\/zoen.shop\/cs\/\"},{\"@type\":\"ListItem\",\"position\":2,\"name\":\"Kontakt\"}]},{\"@type\":\"WebSite\",\"@id\":\"https:\/\/zoen.shop\/cs\/#website\",\"url\":\"https:\/\/zoen.shop\/cs\/\",\"name\":\"zoen.shop\",\"description\":\"VideoCall shop&amp;pay\",\"publisher\":{\"@id\":\"https:\/\/zoen.shop\/cs\/#organization\"},\"potentialAction\":[{\"@type\":\"SearchAction\",\"target\":{\"@type\":\"EntryPoint\",\"urlTemplate\":\"https:\/\/zoen.shop\/cs\/?s={search_term_string}\"},\"query-input\":\"required name=search_term_string\"}],\"inLanguage\":\"cs\"},{\"@type\":\"Organization\",\"@id\":\"https:\/\/zoen.shop\/cs\/#organization\",\"name\":\"zoen shop\",\"url\":\"https:\/\/zoen.shop\/cs\/\",\"logo\":{\"@type\":\"ImageObject\",\"inLanguage\":\"cs\",\"@id\":\"https:\/\/zoen.shop\/cs\/#\/schema\/logo\/image\/\",\"url\":\"https:\/\/zoen.shop\/wp-content\/uploads\/2021\/06\/cropped-logo-Transparent-yellow.png\",\"contentUrl\":\"https:\/\/zoen.shop\/wp-content\/uploads\/2021\/06\/cropped-logo-Transparent-yellow.png\",\"width\":3872,\"height\":1105,\"caption\":\"zoen shop\"},\"image\":{\"@id\":\"https:\/\/zoen.shop\/cs\/#\/schema\/logo\/image\/\"},\"sameAs\":[\"https:\/\/www.facebook.com\/Zoenshop-105671925054190\",\"https:\/\/twitter.com\/zoenshop\",\"https:\/\/www.instagram.com\/zoen.shop\/\",\"https:\/\/www.linkedin.com\/company\/zoenshop\",\"https:\/\/www.youtube.com\/channel\/UClITU8UxelitjTPmBs4maXg\"]}]}<\/script>\n<!-- \/ Yoast SEO plugin. -->","yoast_head_json":{"title":"Kontaktujte n\u00e1s - zoen.shop international","description":"zoen.shop - Chcete se dozv\u011bd\u011bt v\u00edce o na\u0161ich slu\u017eb\u00e1ch nebo m\u00e1te dotazy o podpo\u0159e prodejc\u016f?","robots":{"index":"index","follow":"follow","max-snippet":"max-snippet:-1","max-image-preview":"max-image-preview:large","max-video-preview":"max-video-preview:-1"},"canonical":"https:\/\/zoen.shop\/cs\/kontakt\/","og_locale":"cs_CZ","og_type":"article","og_title":"Kontaktujte n\u00e1s - zoen.shop international","og_description":"zoen.shop - Chcete se dozv\u011bd\u011bt v\u00edce o na\u0161ich slu\u017eb\u00e1ch nebo m\u00e1te dotazy o podpo\u0159e prodejc\u016f?","og_url":"https:\/\/zoen.shop\/cs\/kontakt\/","og_site_name":"zoen.shop","article_publisher":"https:\/\/www.facebook.com\/Zoenshop-105671925054190","article_modified_time":"2022-09-22T11:19:47+00:00","og_image":[{"url":"https:\/\/zoen.shop\/wp-content\/uploads\/2021\/10\/zoen.shop-contact-image-1024x274.jpg"}],"twitter_card":"summary_large_image","twitter_site":"@zoenshop","twitter_misc":{"Odhadovan\u00e1 doba \u010dten\u00ed":"1 minuta"},"schema":{"@context":"https:\/\/schema.org","@graph":[{"@type":"WebPage","@id":"https:\/\/zoen.shop\/cs\/kontakt\/","url":"https:\/\/zoen.shop\/cs\/kontakt\/","name":"Kontaktujte n\u00e1s - zoen.shop international","isPartOf":{"@id":"https:\/\/zoen.shop\/cs\/#website"},"datePublished":"2021-09-14T09:24:49+00:00","dateModified":"2022-09-22T11:19:47+00:00","description":"zoen.shop - Chcete se dozv\u011bd\u011bt v\u00edce o na\u0161ich slu\u017eb\u00e1ch nebo m\u00e1te dotazy o podpo\u0159e prodejc\u016f?","breadcrumb":{"@id":"https:\/\/zoen.shop\/cs\/kontakt\/#breadcrumb"},"inLanguage":"cs","potentialAction":[{"@type":"ReadAction","target":["https:\/\/zoen.shop\/cs\/kontakt\/"]}]},{"@type":"BreadcrumbList","@id":"https:\/\/zoen.shop\/cs\/kontakt\/#breadcrumb","itemListElement":[{"@type":"ListItem","position":1,"name":"Home","item":"https:\/\/zoen.shop\/cs\/"},{"@type":"ListItem","position":2,"name":"Kontakt"}]},{"@type":"WebSite","@id":"https:\/\/zoen.shop\/cs\/#website","url":"https:\/\/zoen.shop\/cs\/","name":"zoen.shop","description":"VideoCall shop&amp;pay","publisher":{"@id":"https:\/\/zoen.shop\/cs\/#organization"},"potentialAction":[{"@type":"SearchAction","target":{"@type":"EntryPoint","urlTemplate":"https:\/\/zoen.shop\/cs\/?s={search_term_string}"},"query-input":"required name=search_term_string"}],"inLanguage":"cs"},{"@type":"Organization","@id":"https:\/\/zoen.shop\/cs\/#organization","name":"zoen shop","url":"https:\/\/zoen.shop\/cs\/","logo":{"@type":"ImageObject","inLanguage":"cs","@id":"https:\/\/zoen.shop\/cs\/#\/schema\/logo\/image\/","url":"https:\/\/zoen.shop\/wp-content\/uploads\/2021\/06\/cropped-logo-Transparent-yellow.png","contentUrl":"https:\/\/zoen.shop\/wp-content\/uploads\/2021\/06\/cropped-logo-Transparent-yellow.png","width":3872,"height":1105,"caption":"zoen shop"},"image":{"@id":"https:\/\/zoen.shop\/cs\/#\/schema\/logo\/image\/"},"sameAs":["https:\/\/www.facebook.com\/Zoenshop-105671925054190","https:\/\/twitter.com\/zoenshop","https:\/\/www.instagram.com\/zoen.shop\/","https:\/\/www.linkedin.com\/company\/zoenshop","https:\/\/www.youtube.com\/channel\/UClITU8UxelitjTPmBs4maXg"]}]}},"_links":{"self":[{"href":"https:\/\/zoen.shop\/cs\/wp-json\/wp\/v2\/pages\/4670"}],"collection":[{"href":"https:\/\/zoen.shop\/cs\/wp-json\/wp\/v2\/pages"}],"about":[{"href":"https:\/\/zoen.shop\/cs\/wp-json\/wp\/v2\/types\/page"}],"author":[{"embeddable":true,"href":"https:\/\/zoen.shop\/cs\/wp-json\/wp\/v2\/users\/2"}],"replies":[{"embeddable":true,"href":"https:\/\/zoen.shop\/cs\/wp-json\/wp\/v2\/comments?post=4670"}],"version-history":[{"count":12,"href":"https:\/\/zoen.shop\/cs\/wp-json\/wp\/v2\/pages\/4670\/revisions"}],"predecessor-version":[{"id":10185,"href":"https:\/\/zoen.shop\/cs\/wp-json\/wp\/v2\/pages\/4670\/revisions\/10185"}],"wp:attachment":[{"href":"https:\/\/zoen.shop\/cs\/wp-json\/wp\/v2\/media?parent=4670"}],"curies":[{"name":"wp","href":"https:\/\/api.w.org\/{rel}","templated":true}]}}