{"id":4672,"date":"2021-11-11T22:57:46","date_gmt":"2021-11-11T21:57:46","guid":{"rendered":"https:\/\/zoen.shop\/tisk-media\/"},"modified":"2021-12-04T00:05:47","modified_gmt":"2021-12-03T23:05:47","slug":"tisk-media","status":"publish","type":"page","link":"https:\/\/zoen.shop\/cs\/tisk-media\/","title":{"rendered":"Tisk &#038; M\u00e9dia"},"content":{"rendered":"\t\t<div data-elementor-type=\"wp-page\" data-elementor-id=\"4672\" class=\"elementor elementor-4672 elementor-1400\" data-elementor-post-type=\"page\">\n\t\t\t\t\t\t\t\t\t<section class=\"elementor-section elementor-top-section elementor-element elementor-element-50bb5ef elementor-section-content-middle elementor-section-boxed elementor-section-height-default elementor-section-height-default\" data-id=\"50bb5ef\" data-element_type=\"section\">\n\t\t\t\t\t\t<div class=\"elementor-container elementor-column-gap-no\">\n\t\t\t\t\t<div class=\"elementor-column elementor-col-50 elementor-top-column elementor-element elementor-element-289b9d80\" data-id=\"289b9d80\" data-element_type=\"column\">\n\t\t\t<div class=\"elementor-widget-wrap elementor-element-populated\">\n\t\t\t\t\t\t\t\t<section class=\"elementor-section elementor-inner-section elementor-element elementor-element-73805ef7 elementor-section-content-middle elementor-section-boxed elementor-section-height-default elementor-section-height-default\" data-id=\"73805ef7\" data-element_type=\"section\">\n\t\t\t\t\t\t<div class=\"elementor-container elementor-column-gap-no\">\n\t\t\t\t\t<div class=\"elementor-column elementor-col-50 elementor-inner-column elementor-element elementor-element-4a3e5d8f\" data-id=\"4a3e5d8f\" data-element_type=\"column\">\n\t\t\t<div class=\"elementor-widget-wrap elementor-element-populated\">\n\t\t\t\t\t\t\t\t<div class=\"elementor-element elementor-element-6df37f19 dce_masking-none elementor-widget elementor-widget-image\" data-id=\"6df37f19\" data-element_type=\"widget\" data-widget_type=\"image.default\">\n\t\t\t\t<div class=\"elementor-widget-container\">\n\t\t\t\t\t\t\t\t\t\t\t\t\t\t\t<img fetchpriority=\"high\" decoding=\"async\" width=\"400\" height=\"400\" src=\"https:\/\/zoen.shop\/wp-content\/uploads\/2021\/10\/ava1.png\" class=\"attachment-full size-full wp-image-4038\" alt=\"\" srcset=\"https:\/\/zoen.shop\/wp-content\/uploads\/2021\/10\/ava1.png 400w, https:\/\/zoen.shop\/wp-content\/uploads\/2021\/10\/ava1-300x300.png 300w, https:\/\/zoen.shop\/wp-content\/uploads\/2021\/10\/ava1-150x150.png 150w\" sizes=\"(max-width: 400px) 100vw, 400px\" \/>\t\t\t\t\t\t\t\t\t\t\t\t\t\t\t<\/div>\n\t\t\t\t<\/div>\n\t\t\t\t\t<\/div>\n\t\t<\/div>\n\t\t\t\t<div class=\"elementor-column elementor-col-50 elementor-inner-column elementor-element elementor-element-2df490f1\" data-id=\"2df490f1\" data-element_type=\"column\">\n\t\t\t<div class=\"elementor-widget-wrap elementor-element-populated\">\n\t\t\t\t\t\t\t\t<div class=\"elementor-element elementor-element-6f21351e dce_masking-none elementor-widget elementor-widget-image\" data-id=\"6f21351e\" data-element_type=\"widget\" data-widget_type=\"image.default\">\n\t\t\t\t<div class=\"elementor-widget-container\">\n\t\t\t\t\t\t\t\t\t\t\t\t\t\t\t<img decoding=\"async\" width=\"400\" height=\"400\" src=\"https:\/\/zoen.shop\/wp-content\/uploads\/2021\/10\/ava4.png\" class=\"attachment-full size-full wp-image-4040\" alt=\"\" srcset=\"https:\/\/zoen.shop\/wp-content\/uploads\/2021\/10\/ava4.png 400w, https:\/\/zoen.shop\/wp-content\/uploads\/2021\/10\/ava4-300x300.png 300w, https:\/\/zoen.shop\/wp-content\/uploads\/2021\/10\/ava4-150x150.png 150w\" sizes=\"(max-width: 400px) 100vw, 400px\" \/>\t\t\t\t\t\t\t\t\t\t\t\t\t\t\t<\/div>\n\t\t\t\t<\/div>\n\t\t\t\t\t<\/div>\n\t\t<\/div>\n\t\t\t\t\t\t\t<\/div>\n\t\t<\/section>\n\t\t\t\t<section class=\"elementor-section elementor-inner-section elementor-element elementor-element-4407c574 elementor-section-content-middle elementor-section-boxed elementor-section-height-default elementor-section-height-default\" data-id=\"4407c574\" data-element_type=\"section\">\n\t\t\t\t\t\t<div class=\"elementor-container elementor-column-gap-no\">\n\t\t\t\t\t<div class=\"elementor-column elementor-col-33 elementor-inner-column elementor-element elementor-element-4d3c449\" data-id=\"4d3c449\" data-element_type=\"column\">\n\t\t\t<div class=\"elementor-widget-wrap elementor-element-populated\">\n\t\t\t\t\t\t\t\t<div class=\"elementor-element elementor-element-536c340a dce_masking-none elementor-widget elementor-widget-image\" data-id=\"536c340a\" data-element_type=\"widget\" data-widget_type=\"image.default\">\n\t\t\t\t<div class=\"elementor-widget-container\">\n\t\t\t\t\t\t\t\t\t\t\t\t\t\t\t<img decoding=\"async\" width=\"400\" height=\"400\" src=\"https:\/\/zoen.shop\/wp-content\/uploads\/2021\/10\/ava2.png\" class=\"attachment-full size-full wp-image-4042\" alt=\"\" srcset=\"https:\/\/zoen.shop\/wp-content\/uploads\/2021\/10\/ava2.png 400w, https:\/\/zoen.shop\/wp-content\/uploads\/2021\/10\/ava2-300x300.png 300w, https:\/\/zoen.shop\/wp-content\/uploads\/2021\/10\/ava2-150x150.png 150w\" sizes=\"(max-width: 400px) 100vw, 400px\" \/>\t\t\t\t\t\t\t\t\t\t\t\t\t\t\t<\/div>\n\t\t\t\t<\/div>\n\t\t\t\t\t<\/div>\n\t\t<\/div>\n\t\t\t\t<div class=\"elementor-column elementor-col-33 elementor-inner-column elementor-element elementor-element-1227f57d\" data-id=\"1227f57d\" data-element_type=\"column\">\n\t\t\t<div class=\"elementor-widget-wrap elementor-element-populated\">\n\t\t\t\t\t\t\t\t<div class=\"elementor-element elementor-element-5538102b dce_masking-none elementor-widget elementor-widget-image\" data-id=\"5538102b\" data-element_type=\"widget\" data-widget_type=\"image.default\">\n\t\t\t\t<div class=\"elementor-widget-container\">\n\t\t\t\t\t\t\t\t\t\t\t\t\t\t\t<img loading=\"lazy\" decoding=\"async\" width=\"400\" height=\"400\" src=\"https:\/\/zoen.shop\/wp-content\/uploads\/2021\/10\/y10.png\" class=\"attachment-full size-full wp-image-4044\" alt=\"\" srcset=\"https:\/\/zoen.shop\/wp-content\/uploads\/2021\/10\/y10.png 400w, https:\/\/zoen.shop\/wp-content\/uploads\/2021\/10\/y10-300x300.png 300w, https:\/\/zoen.shop\/wp-content\/uploads\/2021\/10\/y10-150x150.png 150w\" sizes=\"(max-width: 400px) 100vw, 400px\" \/>\t\t\t\t\t\t\t\t\t\t\t\t\t\t\t<\/div>\n\t\t\t\t<\/div>\n\t\t\t\t\t<\/div>\n\t\t<\/div>\n\t\t\t\t<div class=\"elementor-column elementor-col-33 elementor-inner-column elementor-element elementor-element-62f662c6\" data-id=\"62f662c6\" data-element_type=\"column\">\n\t\t\t<div class=\"elementor-widget-wrap elementor-element-populated\">\n\t\t\t\t\t\t\t\t<div class=\"elementor-element elementor-element-63fdfae8 dce_masking-none elementor-widget elementor-widget-image\" data-id=\"63fdfae8\" data-element_type=\"widget\" data-widget_type=\"image.default\">\n\t\t\t\t<div class=\"elementor-widget-container\">\n\t\t\t\t\t\t\t\t\t\t\t\t\t\t\t<img loading=\"lazy\" decoding=\"async\" width=\"400\" height=\"400\" src=\"https:\/\/zoen.shop\/wp-content\/uploads\/2021\/10\/y11.png\" class=\"attachment-full size-full wp-image-4046\" alt=\"\" srcset=\"https:\/\/zoen.shop\/wp-content\/uploads\/2021\/10\/y11.png 400w, https:\/\/zoen.shop\/wp-content\/uploads\/2021\/10\/y11-300x300.png 300w, https:\/\/zoen.shop\/wp-content\/uploads\/2021\/10\/y11-150x150.png 150w\" sizes=\"(max-width: 400px) 100vw, 400px\" \/>\t\t\t\t\t\t\t\t\t\t\t\t\t\t\t<\/div>\n\t\t\t\t<\/div>\n\t\t\t\t\t<\/div>\n\t\t<\/div>\n\t\t\t\t\t\t\t<\/div>\n\t\t<\/section>\n\t\t\t\t\t<\/div>\n\t\t<\/div>\n\t\t\t\t<div class=\"elementor-column elementor-col-50 elementor-top-column elementor-element elementor-element-4bf2eb0d\" data-id=\"4bf2eb0d\" data-element_type=\"column\">\n\t\t\t<div class=\"elementor-widget-wrap elementor-element-populated\">\n\t\t\t\t\t\t\t\t<div class=\"elementor-element elementor-element-256d7868 elementor-widget elementor-widget-heading\" data-id=\"256d7868\" data-element_type=\"widget\" data-widget_type=\"heading.default\">\n\t\t\t\t<div class=\"elementor-widget-container\">\n\t\t\t<h1 class=\"elementor-heading-title elementor-size-default\">Tisk & M\u00e9dia<\/h1>\t\t<\/div>\n\t\t\t\t<\/div>\n\t\t\t\t<div class=\"elementor-element elementor-element-5136d03c elementor-widget-divider--view-line elementor-widget elementor-widget-divider\" data-id=\"5136d03c\" data-element_type=\"widget\" data-widget_type=\"divider.default\">\n\t\t\t\t<div class=\"elementor-widget-container\">\n\t\t\t\t\t<div class=\"elementor-divider\">\n\t\t\t<span class=\"elementor-divider-separator\">\n\t\t\t\t\t\t<\/span>\n\t\t<\/div>\n\t\t\t\t<\/div>\n\t\t\t\t<\/div>\n\t\t\t\t<div class=\"elementor-element elementor-element-8ad80f3 elementor-widget elementor-widget-heading\" data-id=\"8ad80f3\" data-element_type=\"widget\" data-widget_type=\"heading.default\">\n\t\t\t\t<div class=\"elementor-widget-container\">\n\t\t\t<span class=\"elementor-heading-title elementor-size-default\">S tiskem a m\u00e9dii v\u017edy r\u00e1di hovo\u0159\u00edme o v\u0161em, co se t\u00fdk\u00e1 zoen.shop.<\/span>\t\t<\/div>\n\t\t\t\t<\/div>\n\t\t\t\t<div class=\"elementor-element elementor-element-27aa9ef elementor-widget elementor-widget-heading\" data-id=\"27aa9ef\" data-element_type=\"widget\" data-widget_type=\"heading.default\">\n\t\t\t\t<div class=\"elementor-widget-container\">\n\t\t\t<span class=\"elementor-heading-title elementor-size-default\">Pokud m\u00e1te n\u011bjak\u00e9 dotazy nebo n\u00e1s chcete kontaktovat, nev\u00e1hejte se obr\u00e1tit na emailovou adresu <font color=\"#1967D2\"><b>press (zavin\u00e1\u010d) zoen.shop<\/b><\/font>.<\/span>\t\t<\/div>\n\t\t\t\t<\/div>\n\t\t\t\t<div class=\"elementor-element elementor-element-567ead8 elementor-widget elementor-widget-heading\" data-id=\"567ead8\" data-element_type=\"widget\" data-widget_type=\"heading.default\">\n\t\t\t\t<div class=\"elementor-widget-container\">\n\t\t\t<span class=\"elementor-heading-title elementor-size-default\">M\u016f\u017eete se s n\u00e1mi tak\u00e9 setkat na r\u016fzn\u00fdch <a href=\"https:\/\/zoen.shop\/cs\/udalost\/\"><u>akc\u00edch<\/u><\/a> po cel\u00e9 Evrop\u011b i ve sv\u011bt\u011b.<\/span>\t\t<\/div>\n\t\t\t\t<\/div>\n\t\t\t\t\t<\/div>\n\t\t<\/div>\n\t\t\t\t\t\t\t<\/div>\n\t\t<\/section>\n\t\t\t\t\t\t\t<\/div>\n\t\t","protected":false},"excerpt":{"rendered":"<p>Tisk &#038; M\u00e9dia S tiskem a m\u00e9dii v\u017edy r\u00e1di hovo\u0159\u00edme o v\u0161em, co se t\u00fdk\u00e1 zoen.shop. Pokud m\u00e1te n\u011bjak\u00e9 dotazy nebo n\u00e1s chcete kontaktovat, nev\u00e1hejte se obr\u00e1tit na emailovou adresu press (zavin\u00e1\u010d) zoen.shop. M\u016f\u017eete se s n\u00e1mi tak\u00e9 setkat na r\u016fzn\u00fdch akc\u00edch po cel\u00e9 Evrop\u011b i ve sv\u011bt\u011b.<\/p>\n","protected":false},"author":2,"featured_media":0,"parent":0,"menu_order":0,"comment_status":"closed","ping_status":"closed","template":"elementor_header_footer","meta":{"footnotes":""},"yoast_head":"<!-- This site is optimized with the Yoast SEO plugin v21.7 - https:\/\/yoast.com\/wordpress\/plugins\/seo\/ -->\n<title>Kontakt pro m\u00e9dia - zoen.shop<\/title>\n<meta name=\"description\" content=\"Jste media house? Chcete se dozv\u011bd\u011bt v\u00edce o virtu\u00e1ln\u00edm nakupov\u00e1n\u00ed, videohovorech nebo online platb\u00e1ch? zoen.shop\" \/>\n<meta name=\"robots\" content=\"index, follow, max-snippet:-1, max-image-preview:large, max-video-preview:-1\" \/>\n<link rel=\"canonical\" href=\"https:\/\/zoen.shop\/cs\/tisk-media\/\" \/>\n<meta property=\"og:locale\" content=\"cs_CZ\" \/>\n<meta property=\"og:type\" content=\"article\" \/>\n<meta property=\"og:title\" content=\"Kontakt pro m\u00e9dia - zoen.shop\" \/>\n<meta property=\"og:description\" content=\"Jste media house? Chcete se dozv\u011bd\u011bt v\u00edce o virtu\u00e1ln\u00edm nakupov\u00e1n\u00ed, videohovorech nebo online platb\u00e1ch? zoen.shop\" \/>\n<meta property=\"og:url\" content=\"https:\/\/zoen.shop\/cs\/tisk-media\/\" \/>\n<meta property=\"og:site_name\" content=\"zoen.shop\" \/>\n<meta property=\"article:publisher\" content=\"https:\/\/www.facebook.com\/Zoenshop-105671925054190\" \/>\n<meta property=\"article:modified_time\" content=\"2021-12-03T23:05:47+00:00\" \/>\n<meta property=\"og:image\" content=\"https:\/\/zoen.shop\/wp-content\/uploads\/2021\/10\/ava1.png\" \/>\n<meta name=\"twitter:card\" content=\"summary_large_image\" \/>\n<meta name=\"twitter:site\" content=\"@zoenshop\" \/>\n<script type=\"application\/ld+json\" class=\"yoast-schema-graph\">{\"@context\":\"https:\/\/schema.org\",\"@graph\":[{\"@type\":\"WebPage\",\"@id\":\"https:\/\/zoen.shop\/cs\/tisk-media\/\",\"url\":\"https:\/\/zoen.shop\/cs\/tisk-media\/\",\"name\":\"Kontakt pro m\u00e9dia - zoen.shop\",\"isPartOf\":{\"@id\":\"https:\/\/zoen.shop\/cs\/#website\"},\"datePublished\":\"2021-11-11T21:57:46+00:00\",\"dateModified\":\"2021-12-03T23:05:47+00:00\",\"description\":\"Jste media house? Chcete se dozv\u011bd\u011bt v\u00edce o virtu\u00e1ln\u00edm nakupov\u00e1n\u00ed, videohovorech nebo online platb\u00e1ch? zoen.shop\",\"breadcrumb\":{\"@id\":\"https:\/\/zoen.shop\/cs\/tisk-media\/#breadcrumb\"},\"inLanguage\":\"cs\",\"potentialAction\":[{\"@type\":\"ReadAction\",\"target\":[\"https:\/\/zoen.shop\/cs\/tisk-media\/\"]}]},{\"@type\":\"BreadcrumbList\",\"@id\":\"https:\/\/zoen.shop\/cs\/tisk-media\/#breadcrumb\",\"itemListElement\":[{\"@type\":\"ListItem\",\"position\":1,\"name\":\"Home\",\"item\":\"https:\/\/zoen.shop\/cs\/\"},{\"@type\":\"ListItem\",\"position\":2,\"name\":\"Tisk &#038; M\u00e9dia\"}]},{\"@type\":\"WebSite\",\"@id\":\"https:\/\/zoen.shop\/cs\/#website\",\"url\":\"https:\/\/zoen.shop\/cs\/\",\"name\":\"zoen.shop\",\"description\":\"VideoCall shop&amp;pay\",\"publisher\":{\"@id\":\"https:\/\/zoen.shop\/cs\/#organization\"},\"potentialAction\":[{\"@type\":\"SearchAction\",\"target\":{\"@type\":\"EntryPoint\",\"urlTemplate\":\"https:\/\/zoen.shop\/cs\/?s={search_term_string}\"},\"query-input\":\"required name=search_term_string\"}],\"inLanguage\":\"cs\"},{\"@type\":\"Organization\",\"@id\":\"https:\/\/zoen.shop\/cs\/#organization\",\"name\":\"zoen shop\",\"url\":\"https:\/\/zoen.shop\/cs\/\",\"logo\":{\"@type\":\"ImageObject\",\"inLanguage\":\"cs\",\"@id\":\"https:\/\/zoen.shop\/cs\/#\/schema\/logo\/image\/\",\"url\":\"https:\/\/zoen.shop\/wp-content\/uploads\/2021\/06\/cropped-logo-Transparent-yellow.png\",\"contentUrl\":\"https:\/\/zoen.shop\/wp-content\/uploads\/2021\/06\/cropped-logo-Transparent-yellow.png\",\"width\":3872,\"height\":1105,\"caption\":\"zoen shop\"},\"image\":{\"@id\":\"https:\/\/zoen.shop\/cs\/#\/schema\/logo\/image\/\"},\"sameAs\":[\"https:\/\/www.facebook.com\/Zoenshop-105671925054190\",\"https:\/\/twitter.com\/zoenshop\",\"https:\/\/www.instagram.com\/zoen.shop\/\",\"https:\/\/www.linkedin.com\/company\/zoenshop\",\"https:\/\/www.youtube.com\/channel\/UClITU8UxelitjTPmBs4maXg\"]}]}<\/script>\n<!-- \/ Yoast SEO plugin. -->","yoast_head_json":{"title":"Kontakt pro m\u00e9dia - zoen.shop","description":"Jste media house? Chcete se dozv\u011bd\u011bt v\u00edce o virtu\u00e1ln\u00edm nakupov\u00e1n\u00ed, videohovorech nebo online platb\u00e1ch? zoen.shop","robots":{"index":"index","follow":"follow","max-snippet":"max-snippet:-1","max-image-preview":"max-image-preview:large","max-video-preview":"max-video-preview:-1"},"canonical":"https:\/\/zoen.shop\/cs\/tisk-media\/","og_locale":"cs_CZ","og_type":"article","og_title":"Kontakt pro m\u00e9dia - zoen.shop","og_description":"Jste media house? Chcete se dozv\u011bd\u011bt v\u00edce o virtu\u00e1ln\u00edm nakupov\u00e1n\u00ed, videohovorech nebo online platb\u00e1ch? zoen.shop","og_url":"https:\/\/zoen.shop\/cs\/tisk-media\/","og_site_name":"zoen.shop","article_publisher":"https:\/\/www.facebook.com\/Zoenshop-105671925054190","article_modified_time":"2021-12-03T23:05:47+00:00","og_image":[{"url":"https:\/\/zoen.shop\/wp-content\/uploads\/2021\/10\/ava1.png"}],"twitter_card":"summary_large_image","twitter_site":"@zoenshop","schema":{"@context":"https:\/\/schema.org","@graph":[{"@type":"WebPage","@id":"https:\/\/zoen.shop\/cs\/tisk-media\/","url":"https:\/\/zoen.shop\/cs\/tisk-media\/","name":"Kontakt pro m\u00e9dia - zoen.shop","isPartOf":{"@id":"https:\/\/zoen.shop\/cs\/#website"},"datePublished":"2021-11-11T21:57:46+00:00","dateModified":"2021-12-03T23:05:47+00:00","description":"Jste media house? Chcete se dozv\u011bd\u011bt v\u00edce o virtu\u00e1ln\u00edm nakupov\u00e1n\u00ed, videohovorech nebo online platb\u00e1ch? zoen.shop","breadcrumb":{"@id":"https:\/\/zoen.shop\/cs\/tisk-media\/#breadcrumb"},"inLanguage":"cs","potentialAction":[{"@type":"ReadAction","target":["https:\/\/zoen.shop\/cs\/tisk-media\/"]}]},{"@type":"BreadcrumbList","@id":"https:\/\/zoen.shop\/cs\/tisk-media\/#breadcrumb","itemListElement":[{"@type":"ListItem","position":1,"name":"Home","item":"https:\/\/zoen.shop\/cs\/"},{"@type":"ListItem","position":2,"name":"Tisk &#038; M\u00e9dia"}]},{"@type":"WebSite","@id":"https:\/\/zoen.shop\/cs\/#website","url":"https:\/\/zoen.shop\/cs\/","name":"zoen.shop","description":"VideoCall shop&amp;pay","publisher":{"@id":"https:\/\/zoen.shop\/cs\/#organization"},"potentialAction":[{"@type":"SearchAction","target":{"@type":"EntryPoint","urlTemplate":"https:\/\/zoen.shop\/cs\/?s={search_term_string}"},"query-input":"required name=search_term_string"}],"inLanguage":"cs"},{"@type":"Organization","@id":"https:\/\/zoen.shop\/cs\/#organization","name":"zoen shop","url":"https:\/\/zoen.shop\/cs\/","logo":{"@type":"ImageObject","inLanguage":"cs","@id":"https:\/\/zoen.shop\/cs\/#\/schema\/logo\/image\/","url":"https:\/\/zoen.shop\/wp-content\/uploads\/2021\/06\/cropped-logo-Transparent-yellow.png","contentUrl":"https:\/\/zoen.shop\/wp-content\/uploads\/2021\/06\/cropped-logo-Transparent-yellow.png","width":3872,"height":1105,"caption":"zoen shop"},"image":{"@id":"https:\/\/zoen.shop\/cs\/#\/schema\/logo\/image\/"},"sameAs":["https:\/\/www.facebook.com\/Zoenshop-105671925054190","https:\/\/twitter.com\/zoenshop","https:\/\/www.instagram.com\/zoen.shop\/","https:\/\/www.linkedin.com\/company\/zoenshop","https:\/\/www.youtube.com\/channel\/UClITU8UxelitjTPmBs4maXg"]}]}},"_links":{"self":[{"href":"https:\/\/zoen.shop\/cs\/wp-json\/wp\/v2\/pages\/4672"}],"collection":[{"href":"https:\/\/zoen.shop\/cs\/wp-json\/wp\/v2\/pages"}],"about":[{"href":"https:\/\/zoen.shop\/cs\/wp-json\/wp\/v2\/types\/page"}],"author":[{"embeddable":true,"href":"https:\/\/zoen.shop\/cs\/wp-json\/wp\/v2\/users\/2"}],"replies":[{"embeddable":true,"href":"https:\/\/zoen.shop\/cs\/wp-json\/wp\/v2\/comments?post=4672"}],"version-history":[{"count":5,"href":"https:\/\/zoen.shop\/cs\/wp-json\/wp\/v2\/pages\/4672\/revisions"}],"predecessor-version":[{"id":5864,"href":"https:\/\/zoen.shop\/cs\/wp-json\/wp\/v2\/pages\/4672\/revisions\/5864"}],"wp:attachment":[{"href":"https:\/\/zoen.shop\/cs\/wp-json\/wp\/v2\/media?parent=4672"}],"curies":[{"name":"wp","href":"https:\/\/api.w.org\/{rel}","templated":true}]}}