{"id":4674,"date":"2021-11-11T22:59:30","date_gmt":"2021-11-11T21:59:30","guid":{"rendered":"https:\/\/zoen.shop\/prijimame-nove-zamestnance\/"},"modified":"2021-12-04T00:06:58","modified_gmt":"2021-12-03T23:06:58","slug":"prijimame-nove-zamestnance","status":"publish","type":"page","link":"https:\/\/zoen.shop\/cs\/prijimame-nove-zamestnance\/","title":{"rendered":"P\u0159ij\u00edm\u00e1me nov\u00e9 zam\u011bstnance!"},"content":{"rendered":"\t\t<div data-elementor-type=\"wp-page\" data-elementor-id=\"4674\" class=\"elementor elementor-4674 elementor-1420\" data-elementor-post-type=\"page\">\n\t\t\t\t\t\t\t\t\t<section class=\"elementor-section elementor-top-section elementor-element elementor-element-7da455e elementor-section-boxed elementor-section-height-default elementor-section-height-default\" data-id=\"7da455e\" data-element_type=\"section\">\n\t\t\t\t\t\t<div class=\"elementor-container elementor-column-gap-default\">\n\t\t\t\t\t<div class=\"elementor-column elementor-col-50 elementor-top-column elementor-element elementor-element-0ff7c64\" data-id=\"0ff7c64\" data-element_type=\"column\">\n\t\t\t<div class=\"elementor-widget-wrap elementor-element-populated\">\n\t\t\t\t\t\t\t\t<div class=\"elementor-element elementor-element-740fd6c elementor-widget elementor-widget-heading\" data-id=\"740fd6c\" data-element_type=\"widget\" data-widget_type=\"heading.default\">\n\t\t\t\t<div class=\"elementor-widget-container\">\n\t\t\t<h1 class=\"elementor-heading-title elementor-size-default\"><font color=\"#FFC000\">P\u0159ij\u00edm\u00e1me<\/font> nov\u00e9 <font color=\"#FFC000\">zam\u011bstnance<\/font>!<\/h1>\t\t<\/div>\n\t\t\t\t<\/div>\n\t\t\t\t<div class=\"elementor-element elementor-element-6f45036 elementor-widget elementor-widget-heading\" data-id=\"6f45036\" data-element_type=\"widget\" data-widget_type=\"heading.default\">\n\t\t\t\t<div class=\"elementor-widget-container\">\n\t\t\t<h1 class=\"elementor-heading-title elementor-size-default\">Chcete se <font color=\"#1967D2\">p\u0159ipojit<\/font> k na\u0161emu t\u00fdmu?<\/h1>\t\t<\/div>\n\t\t\t\t<\/div>\n\t\t\t\t\t<\/div>\n\t\t<\/div>\n\t\t\t\t<div class=\"elementor-column elementor-col-50 elementor-top-column elementor-element elementor-element-c248414\" data-id=\"c248414\" data-element_type=\"column\">\n\t\t\t<div class=\"elementor-widget-wrap elementor-element-populated\">\n\t\t\t\t\t\t\t\t<div class=\"elementor-element elementor-element-d07da66 dce_masking-none elementor-widget elementor-widget-image\" data-id=\"d07da66\" data-element_type=\"widget\" data-widget_type=\"image.default\">\n\t\t\t\t<div class=\"elementor-widget-container\">\n\t\t\t\t\t\t\t\t\t\t\t\t\t\t\t<img fetchpriority=\"high\" decoding=\"async\" width=\"800\" height=\"534\" src=\"https:\/\/zoen.shop\/wp-content\/uploads\/2021\/10\/careers-1024x683.jpg\" class=\"attachment-large size-large wp-image-4033\" alt=\"\" srcset=\"https:\/\/zoen.shop\/wp-content\/uploads\/2021\/10\/careers-1024x683.jpg 1024w, https:\/\/zoen.shop\/wp-content\/uploads\/2021\/10\/careers-300x200.jpg 300w, https:\/\/zoen.shop\/wp-content\/uploads\/2021\/10\/careers-768x512.jpg 768w, https:\/\/zoen.shop\/wp-content\/uploads\/2021\/10\/careers-1536x1024.jpg 1536w, https:\/\/zoen.shop\/wp-content\/uploads\/2021\/10\/careers-2048x1365.jpg 2048w\" sizes=\"(max-width: 800px) 100vw, 800px\" \/>\t\t\t\t\t\t\t\t\t\t\t\t\t\t\t<\/div>\n\t\t\t\t<\/div>\n\t\t\t\t\t<\/div>\n\t\t<\/div>\n\t\t\t\t\t\t\t<\/div>\n\t\t<\/section>\n\t\t\t\t<section class=\"elementor-section elementor-top-section elementor-element elementor-element-17074301 elementor-section-content-middle elementor-section-boxed elementor-section-height-default elementor-section-height-default\" data-id=\"17074301\" data-element_type=\"section\">\n\t\t\t\t\t\t<div class=\"elementor-container elementor-column-gap-no\">\n\t\t\t\t\t<div class=\"elementor-column elementor-col-100 elementor-top-column elementor-element elementor-element-4a5528db\" data-id=\"4a5528db\" data-element_type=\"column\">\n\t\t\t<div class=\"elementor-widget-wrap elementor-element-populated\">\n\t\t\t\t\t\t\t\t<div class=\"elementor-element elementor-element-1cff9f74 elementor-widget elementor-widget-heading\" data-id=\"1cff9f74\" data-element_type=\"widget\" data-widget_type=\"heading.default\">\n\t\t\t\t<div class=\"elementor-widget-container\">\n\t\t\t<h1 class=\"elementor-heading-title elementor-size-default\">Kari\u00e9ra<\/h1>\t\t<\/div>\n\t\t\t\t<\/div>\n\t\t\t\t<div class=\"elementor-element elementor-element-130882c elementor-widget elementor-widget-heading\" data-id=\"130882c\" data-element_type=\"widget\" data-widget_type=\"heading.default\">\n\t\t\t\t<div class=\"elementor-widget-container\">\n\t\t\t<span class=\"elementor-heading-title elementor-size-default\">Zoen.shop roste a my st\u00e1le hled\u00e1me chytr\u00e9, ambici\u00f3zn\u00ed a kreativn\u00ed lidi. Chcete se k n\u00e1m p\u0159ipojit na cest\u011b k budoucnosti maloobchodu? Pod\u00edvejte se na na\u0161e voln\u00e9 pozice n\u00ed\u017ee:<\/span>\t\t<\/div>\n\t\t\t\t<\/div>\n\t\t\t\t<section class=\"elementor-section elementor-inner-section elementor-element elementor-element-28f9cdc0 elementor-section-boxed elementor-section-height-default elementor-section-height-default\" data-id=\"28f9cdc0\" data-element_type=\"section\">\n\t\t\t\t\t\t<div class=\"elementor-container elementor-column-gap-default\">\n\t\t\t\t\t<div class=\"elementor-column elementor-col-50 elementor-inner-column elementor-element elementor-element-6c081116\" data-id=\"6c081116\" data-element_type=\"column\">\n\t\t\t<div class=\"elementor-widget-wrap elementor-element-populated\">\n\t\t\t\t\t\t\t\t<div class=\"elementor-element elementor-element-15c45dc8 elementor-vertical-align-middle dce_masking-none elementor-widget elementor-widget-image-box\" data-id=\"15c45dc8\" data-element_type=\"widget\" data-widget_type=\"image-box.default\">\n\t\t\t\t<div class=\"elementor-widget-container\">\n\t\t\t<div class=\"elementor-image-box-wrapper\"><div class=\"elementor-image-box-content\"><h3 class=\"elementor-image-box-title\">Obchodn\u00fd z\u00e1stupca<\/h3><p class=\"elementor-image-box-description\">Pre Slovensko<\/p><\/div><\/div>\t\t<\/div>\n\t\t\t\t<\/div>\n\t\t\t\t<div class=\"elementor-element elementor-element-5149f13b elementor-widget elementor-widget-text-editor\" data-id=\"5149f13b\" data-element_type=\"widget\" data-widget_type=\"text-editor.default\">\n\t\t\t\t<div class=\"elementor-widget-container\">\n\t\t\t\t\t\t\t<p>M\u00e1\u0161 obchodn\u00e9ho ducha, r\u00e1d\/rada komunikuje\u0161 s \u013eudmi a r\u00e1d\/rada by si pracoval\/a v r\u00fdchlo sa rozv\u00edjaj\u00facej, dynamickej spolo\u010dnosti? zoen.shop h\u013ead\u00e1 pr\u00e1ve teba!<\/p>\n\t\t\t\t\t\t<\/div>\n\t\t\t\t<\/div>\n\t\t\t\t<div class=\"elementor-element elementor-element-5a28b90 elementor-widget elementor-widget-button\" data-id=\"5a28b90\" data-element_type=\"widget\" data-widget_type=\"button.default\">\n\t\t\t\t<div class=\"elementor-widget-container\">\n\t\t\t\t\t<div class=\"elementor-button-wrapper\">\n\t\t\t<a class=\"elementor-button elementor-button-link elementor-size-sm\" href=\"https:\/\/www.profesia.sk\/praca\/zoen-shop\/O4173941\">\n\t\t\t\t\t\t<span class=\"elementor-button-content-wrapper\">\n\t\t\t\t\t\t<span class=\"elementor-button-text\">Job Description<\/span>\n\t\t<\/span>\n\t\t\t\t\t<\/a>\n\t\t<\/div>\n\t\t\t\t<\/div>\n\t\t\t\t<\/div>\n\t\t\t\t\t<\/div>\n\t\t<\/div>\n\t\t\t\t<div class=\"elementor-column elementor-col-50 elementor-inner-column elementor-element elementor-element-da5475f\" data-id=\"da5475f\" data-element_type=\"column\">\n\t\t\t<div class=\"elementor-widget-wrap elementor-element-populated\">\n\t\t\t\t\t\t\t\t<div class=\"elementor-element elementor-element-c59b66d elementor-vertical-align-middle dce_masking-none elementor-widget elementor-widget-image-box\" data-id=\"c59b66d\" data-element_type=\"widget\" data-widget_type=\"image-box.default\">\n\t\t\t\t<div class=\"elementor-widget-container\">\n\t\t\t<div class=\"elementor-image-box-wrapper\"><div class=\"elementor-image-box-content\"><h3 class=\"elementor-image-box-title\">Sales representative<\/h3><p class=\"elementor-image-box-description\">For SK<\/p><\/div><\/div>\t\t<\/div>\n\t\t\t\t<\/div>\n\t\t\t\t<div class=\"elementor-element elementor-element-edc793e elementor-widget elementor-widget-text-editor\" data-id=\"edc793e\" data-element_type=\"widget\" data-widget_type=\"text-editor.default\">\n\t\t\t\t<div class=\"elementor-widget-container\">\n\t\t\t\t\t\t\t<p>M\u00e1\u0161 obchodn\u00e9ho ducha, r\u00e1d\/rada komunikuje\u0161 s \u013eudmi a r\u00e1d\/rada by si pracoval\/a v r\u00fdchlo sa rozv\u00edjaj\u00facej, dynamickej spolo\u010dnosti? zoen.shop h\u013ead\u00e1 pr\u00e1ve teba!<\/p>\n\t\t\t\t\t\t<\/div>\n\t\t\t\t<\/div>\n\t\t\t\t<div class=\"elementor-element elementor-element-5a41ece elementor-widget elementor-widget-button\" data-id=\"5a41ece\" data-element_type=\"widget\" data-widget_type=\"button.default\">\n\t\t\t\t<div class=\"elementor-widget-container\">\n\t\t\t\t\t<div class=\"elementor-button-wrapper\">\n\t\t\t<a class=\"elementor-button elementor-button-link elementor-size-sm\" href=\"https:\/\/www.profesia.sk\/praca\/zoen-shop\/O4173941\">\n\t\t\t\t\t\t<span class=\"elementor-button-content-wrapper\">\n\t\t\t\t\t\t<span class=\"elementor-button-text\">Job Description<\/span>\n\t\t<\/span>\n\t\t\t\t\t<\/a>\n\t\t<\/div>\n\t\t\t\t<\/div>\n\t\t\t\t<\/div>\n\t\t\t\t\t<\/div>\n\t\t<\/div>\n\t\t\t\t\t\t\t<\/div>\n\t\t<\/section>\n\t\t\t\t\t<\/div>\n\t\t<\/div>\n\t\t\t\t\t\t\t<\/div>\n\t\t<\/section>\n\t\t\t\t\t\t\t<\/div>\n\t\t","protected":false},"excerpt":{"rendered":"<p>P\u0159ij\u00edm\u00e1me nov\u00e9 zam\u011bstnance! Chcete se p\u0159ipojit k na\u0161emu t\u00fdmu? Kari\u00e9ra Zoen.shop roste a my st\u00e1le hled\u00e1me chytr\u00e9, ambici\u00f3zn\u00ed a kreativn\u00ed lidi. Chcete se k n\u00e1m p\u0159ipojit na cest\u011b k budoucnosti maloobchodu? Pod\u00edvejte se na na\u0161e voln\u00e9 pozice n\u00ed\u017ee: Obchodn\u00fd z\u00e1stupca Pre Slovensko M\u00e1\u0161 obchodn\u00e9ho ducha, r\u00e1d\/rada komunikuje\u0161 s \u013eudmi a r\u00e1d\/rada by si pracoval\/a v [&hellip;]<\/p>\n","protected":false},"author":2,"featured_media":0,"parent":0,"menu_order":0,"comment_status":"closed","ping_status":"closed","template":"elementor_header_footer","meta":{"footnotes":""},"yoast_head":"<!-- This site is optimized with the Yoast SEO plugin v21.7 - https:\/\/yoast.com\/wordpress\/plugins\/seo\/ -->\n<title>Za\u010dn\u011bte svoji novou pr\u00e1ci je\u0161t\u011b dnes - kari\u00e9ra zoen.shop<\/title>\n<meta name=\"description\" content=\"zoen.shop hled\u00e1 zam\u011bstnance! Prozkoumejte nab\u00eddky pr\u00e1ce v oblasti digit\u00e1ln\u00edho marketingu, prodeje, z\u00e1kaznick\u00e9 podpory, v\u00fdvoje webu aplikac\u00ed\" \/>\n<meta name=\"robots\" content=\"index, follow, max-snippet:-1, max-image-preview:large, max-video-preview:-1\" \/>\n<link rel=\"canonical\" href=\"https:\/\/zoen.shop\/cs\/prijimame-nove-zamestnance\/\" \/>\n<meta property=\"og:locale\" content=\"cs_CZ\" \/>\n<meta property=\"og:type\" content=\"article\" \/>\n<meta property=\"og:title\" content=\"Za\u010dn\u011bte svoji novou pr\u00e1ci je\u0161t\u011b dnes - kari\u00e9ra zoen.shop\" \/>\n<meta property=\"og:description\" content=\"zoen.shop hled\u00e1 zam\u011bstnance! Prozkoumejte nab\u00eddky pr\u00e1ce v oblasti digit\u00e1ln\u00edho marketingu, prodeje, z\u00e1kaznick\u00e9 podpory, v\u00fdvoje webu aplikac\u00ed\" \/>\n<meta property=\"og:url\" content=\"https:\/\/zoen.shop\/cs\/prijimame-nove-zamestnance\/\" \/>\n<meta property=\"og:site_name\" content=\"zoen.shop\" \/>\n<meta property=\"article:publisher\" content=\"https:\/\/www.facebook.com\/Zoenshop-105671925054190\" \/>\n<meta property=\"article:modified_time\" content=\"2021-12-03T23:06:58+00:00\" \/>\n<meta property=\"og:image\" content=\"https:\/\/zoen.shop\/wp-content\/uploads\/2021\/10\/careers-1024x683.jpg\" \/>\n<meta name=\"twitter:card\" content=\"summary_large_image\" \/>\n<meta name=\"twitter:site\" content=\"@zoenshop\" \/>\n<meta name=\"twitter:label1\" content=\"Odhadovan\u00e1 doba \u010dten\u00ed\" \/>\n\t<meta name=\"twitter:data1\" content=\"1 minuta\" \/>\n<script type=\"application\/ld+json\" class=\"yoast-schema-graph\">{\"@context\":\"https:\/\/schema.org\",\"@graph\":[{\"@type\":\"WebPage\",\"@id\":\"https:\/\/zoen.shop\/cs\/prijimame-nove-zamestnance\/\",\"url\":\"https:\/\/zoen.shop\/cs\/prijimame-nove-zamestnance\/\",\"name\":\"Za\u010dn\u011bte svoji novou pr\u00e1ci je\u0161t\u011b dnes - kari\u00e9ra zoen.shop\",\"isPartOf\":{\"@id\":\"https:\/\/zoen.shop\/cs\/#website\"},\"datePublished\":\"2021-11-11T21:59:30+00:00\",\"dateModified\":\"2021-12-03T23:06:58+00:00\",\"description\":\"zoen.shop hled\u00e1 zam\u011bstnance! Prozkoumejte nab\u00eddky pr\u00e1ce v oblasti digit\u00e1ln\u00edho marketingu, prodeje, z\u00e1kaznick\u00e9 podpory, v\u00fdvoje webu aplikac\u00ed\",\"breadcrumb\":{\"@id\":\"https:\/\/zoen.shop\/cs\/prijimame-nove-zamestnance\/#breadcrumb\"},\"inLanguage\":\"cs\",\"potentialAction\":[{\"@type\":\"ReadAction\",\"target\":[\"https:\/\/zoen.shop\/cs\/prijimame-nove-zamestnance\/\"]}]},{\"@type\":\"BreadcrumbList\",\"@id\":\"https:\/\/zoen.shop\/cs\/prijimame-nove-zamestnance\/#breadcrumb\",\"itemListElement\":[{\"@type\":\"ListItem\",\"position\":1,\"name\":\"Home\",\"item\":\"https:\/\/zoen.shop\/cs\/\"},{\"@type\":\"ListItem\",\"position\":2,\"name\":\"P\u0159ij\u00edm\u00e1me nov\u00e9 zam\u011bstnance!\"}]},{\"@type\":\"WebSite\",\"@id\":\"https:\/\/zoen.shop\/cs\/#website\",\"url\":\"https:\/\/zoen.shop\/cs\/\",\"name\":\"zoen.shop\",\"description\":\"VideoCall shop&amp;pay\",\"publisher\":{\"@id\":\"https:\/\/zoen.shop\/cs\/#organization\"},\"potentialAction\":[{\"@type\":\"SearchAction\",\"target\":{\"@type\":\"EntryPoint\",\"urlTemplate\":\"https:\/\/zoen.shop\/cs\/?s={search_term_string}\"},\"query-input\":\"required name=search_term_string\"}],\"inLanguage\":\"cs\"},{\"@type\":\"Organization\",\"@id\":\"https:\/\/zoen.shop\/cs\/#organization\",\"name\":\"zoen shop\",\"url\":\"https:\/\/zoen.shop\/cs\/\",\"logo\":{\"@type\":\"ImageObject\",\"inLanguage\":\"cs\",\"@id\":\"https:\/\/zoen.shop\/cs\/#\/schema\/logo\/image\/\",\"url\":\"https:\/\/zoen.shop\/wp-content\/uploads\/2021\/06\/cropped-logo-Transparent-yellow.png\",\"contentUrl\":\"https:\/\/zoen.shop\/wp-content\/uploads\/2021\/06\/cropped-logo-Transparent-yellow.png\",\"width\":3872,\"height\":1105,\"caption\":\"zoen shop\"},\"image\":{\"@id\":\"https:\/\/zoen.shop\/cs\/#\/schema\/logo\/image\/\"},\"sameAs\":[\"https:\/\/www.facebook.com\/Zoenshop-105671925054190\",\"https:\/\/twitter.com\/zoenshop\",\"https:\/\/www.instagram.com\/zoen.shop\/\",\"https:\/\/www.linkedin.com\/company\/zoenshop\",\"https:\/\/www.youtube.com\/channel\/UClITU8UxelitjTPmBs4maXg\"]}]}<\/script>\n<!-- \/ Yoast SEO plugin. -->","yoast_head_json":{"title":"Za\u010dn\u011bte svoji novou pr\u00e1ci je\u0161t\u011b dnes - kari\u00e9ra zoen.shop","description":"zoen.shop hled\u00e1 zam\u011bstnance! Prozkoumejte nab\u00eddky pr\u00e1ce v oblasti digit\u00e1ln\u00edho marketingu, prodeje, z\u00e1kaznick\u00e9 podpory, v\u00fdvoje webu aplikac\u00ed","robots":{"index":"index","follow":"follow","max-snippet":"max-snippet:-1","max-image-preview":"max-image-preview:large","max-video-preview":"max-video-preview:-1"},"canonical":"https:\/\/zoen.shop\/cs\/prijimame-nove-zamestnance\/","og_locale":"cs_CZ","og_type":"article","og_title":"Za\u010dn\u011bte svoji novou pr\u00e1ci je\u0161t\u011b dnes - kari\u00e9ra zoen.shop","og_description":"zoen.shop hled\u00e1 zam\u011bstnance! Prozkoumejte nab\u00eddky pr\u00e1ce v oblasti digit\u00e1ln\u00edho marketingu, prodeje, z\u00e1kaznick\u00e9 podpory, v\u00fdvoje webu aplikac\u00ed","og_url":"https:\/\/zoen.shop\/cs\/prijimame-nove-zamestnance\/","og_site_name":"zoen.shop","article_publisher":"https:\/\/www.facebook.com\/Zoenshop-105671925054190","article_modified_time":"2021-12-03T23:06:58+00:00","og_image":[{"url":"https:\/\/zoen.shop\/wp-content\/uploads\/2021\/10\/careers-1024x683.jpg"}],"twitter_card":"summary_large_image","twitter_site":"@zoenshop","twitter_misc":{"Odhadovan\u00e1 doba \u010dten\u00ed":"1 minuta"},"schema":{"@context":"https:\/\/schema.org","@graph":[{"@type":"WebPage","@id":"https:\/\/zoen.shop\/cs\/prijimame-nove-zamestnance\/","url":"https:\/\/zoen.shop\/cs\/prijimame-nove-zamestnance\/","name":"Za\u010dn\u011bte svoji novou pr\u00e1ci je\u0161t\u011b dnes - kari\u00e9ra zoen.shop","isPartOf":{"@id":"https:\/\/zoen.shop\/cs\/#website"},"datePublished":"2021-11-11T21:59:30+00:00","dateModified":"2021-12-03T23:06:58+00:00","description":"zoen.shop hled\u00e1 zam\u011bstnance! Prozkoumejte nab\u00eddky pr\u00e1ce v oblasti digit\u00e1ln\u00edho marketingu, prodeje, z\u00e1kaznick\u00e9 podpory, v\u00fdvoje webu aplikac\u00ed","breadcrumb":{"@id":"https:\/\/zoen.shop\/cs\/prijimame-nove-zamestnance\/#breadcrumb"},"inLanguage":"cs","potentialAction":[{"@type":"ReadAction","target":["https:\/\/zoen.shop\/cs\/prijimame-nove-zamestnance\/"]}]},{"@type":"BreadcrumbList","@id":"https:\/\/zoen.shop\/cs\/prijimame-nove-zamestnance\/#breadcrumb","itemListElement":[{"@type":"ListItem","position":1,"name":"Home","item":"https:\/\/zoen.shop\/cs\/"},{"@type":"ListItem","position":2,"name":"P\u0159ij\u00edm\u00e1me nov\u00e9 zam\u011bstnance!"}]},{"@type":"WebSite","@id":"https:\/\/zoen.shop\/cs\/#website","url":"https:\/\/zoen.shop\/cs\/","name":"zoen.shop","description":"VideoCall shop&amp;pay","publisher":{"@id":"https:\/\/zoen.shop\/cs\/#organization"},"potentialAction":[{"@type":"SearchAction","target":{"@type":"EntryPoint","urlTemplate":"https:\/\/zoen.shop\/cs\/?s={search_term_string}"},"query-input":"required name=search_term_string"}],"inLanguage":"cs"},{"@type":"Organization","@id":"https:\/\/zoen.shop\/cs\/#organization","name":"zoen shop","url":"https:\/\/zoen.shop\/cs\/","logo":{"@type":"ImageObject","inLanguage":"cs","@id":"https:\/\/zoen.shop\/cs\/#\/schema\/logo\/image\/","url":"https:\/\/zoen.shop\/wp-content\/uploads\/2021\/06\/cropped-logo-Transparent-yellow.png","contentUrl":"https:\/\/zoen.shop\/wp-content\/uploads\/2021\/06\/cropped-logo-Transparent-yellow.png","width":3872,"height":1105,"caption":"zoen shop"},"image":{"@id":"https:\/\/zoen.shop\/cs\/#\/schema\/logo\/image\/"},"sameAs":["https:\/\/www.facebook.com\/Zoenshop-105671925054190","https:\/\/twitter.com\/zoenshop","https:\/\/www.instagram.com\/zoen.shop\/","https:\/\/www.linkedin.com\/company\/zoenshop","https:\/\/www.youtube.com\/channel\/UClITU8UxelitjTPmBs4maXg"]}]}},"_links":{"self":[{"href":"https:\/\/zoen.shop\/cs\/wp-json\/wp\/v2\/pages\/4674"}],"collection":[{"href":"https:\/\/zoen.shop\/cs\/wp-json\/wp\/v2\/pages"}],"about":[{"href":"https:\/\/zoen.shop\/cs\/wp-json\/wp\/v2\/types\/page"}],"author":[{"embeddable":true,"href":"https:\/\/zoen.shop\/cs\/wp-json\/wp\/v2\/users\/2"}],"replies":[{"embeddable":true,"href":"https:\/\/zoen.shop\/cs\/wp-json\/wp\/v2\/comments?post=4674"}],"version-history":[{"count":2,"href":"https:\/\/zoen.shop\/cs\/wp-json\/wp\/v2\/pages\/4674\/revisions"}],"predecessor-version":[{"id":5865,"href":"https:\/\/zoen.shop\/cs\/wp-json\/wp\/v2\/pages\/4674\/revisions\/5865"}],"wp:attachment":[{"href":"https:\/\/zoen.shop\/cs\/wp-json\/wp\/v2\/media?parent=4674"}],"curies":[{"name":"wp","href":"https:\/\/api.w.org\/{rel}","templated":true}]}}