{"id":4676,"date":"2021-09-16T14:43:39","date_gmt":"2021-09-16T13:43:39","guid":{"rendered":"https:\/\/zoen.shop\/udalost\/"},"modified":"2022-05-18T16:47:26","modified_gmt":"2022-05-18T15:47:26","slug":"udalost","status":"publish","type":"page","link":"https:\/\/zoen.shop\/cs\/udalost\/","title":{"rendered":"Ud\u00e1lost"},"content":{"rendered":"\t\t<div data-elementor-type=\"wp-page\" data-elementor-id=\"4676\" class=\"elementor elementor-4676 elementor-1456\" data-elementor-post-type=\"page\">\n\t\t\t\t\t\t\t\t\t<section class=\"elementor-section elementor-top-section elementor-element elementor-element-160b221 elementor-section-boxed elementor-section-height-default elementor-section-height-default\" data-id=\"160b221\" data-element_type=\"section\">\n\t\t\t\t\t\t<div class=\"elementor-container elementor-column-gap-default\">\n\t\t\t\t\t<div class=\"elementor-column elementor-col-100 elementor-top-column elementor-element elementor-element-373c39e\" data-id=\"373c39e\" data-element_type=\"column\">\n\t\t\t<div class=\"elementor-widget-wrap elementor-element-populated\">\n\t\t\t\t\t\t\t\t<div class=\"elementor-element elementor-element-83c831c elementor-widget elementor-widget-heading\" data-id=\"83c831c\" data-element_type=\"widget\" data-widget_type=\"heading.default\">\n\t\t\t\t<div class=\"elementor-widget-container\">\n\t\t\t<h1 class=\"elementor-heading-title elementor-size-default\">Ud\u00e1lost<\/h1>\t\t<\/div>\n\t\t\t\t<\/div>\n\t\t\t\t\t<\/div>\n\t\t<\/div>\n\t\t\t\t\t\t\t<\/div>\n\t\t<\/section>\n\t\t\t\t<section class=\"elementor-section elementor-top-section elementor-element elementor-element-89c72e5 elementor-section-boxed elementor-section-height-default elementor-section-height-default\" data-id=\"89c72e5\" data-element_type=\"section\">\n\t\t\t\t\t\t<div class=\"elementor-container elementor-column-gap-default\">\n\t\t\t\t\t<div class=\"elementor-column elementor-col-100 elementor-top-column elementor-element elementor-element-4bc820a\" data-id=\"4bc820a\" data-element_type=\"column\">\n\t\t\t<div class=\"elementor-widget-wrap elementor-element-populated\">\n\t\t\t\t\t\t\t\t<div class=\"elementor-element elementor-element-951fea6 elementor-widget elementor-widget-heading\" data-id=\"951fea6\" data-element_type=\"widget\" data-widget_type=\"heading.default\">\n\t\t\t\t<div class=\"elementor-widget-container\">\n\t\t\t<span class=\"elementor-heading-title elementor-size-default\">Chcete se setkat s t\u00fdmem zoen.shop a promluvit si s n\u00e1mi osobn\u011b? R\u00e1di V\u00e1s uvid\u00edme na r\u016fzn\u00fdch akc\u00edch po cel\u00e9m sv\u011bt\u011b!\t<\/span>\t\t<\/div>\n\t\t\t\t<\/div>\n\t\t\t\t\t<\/div>\n\t\t<\/div>\n\t\t\t\t\t\t\t<\/div>\n\t\t<\/section>\n\t\t\t\t<section class=\"elementor-section elementor-top-section elementor-element elementor-element-8c1f0d4 elementor-section-boxed elementor-section-height-default elementor-section-height-default\" data-id=\"8c1f0d4\" data-element_type=\"section\">\n\t\t\t\t\t\t<div class=\"elementor-container elementor-column-gap-default\">\n\t\t\t\t\t<div class=\"elementor-column elementor-col-100 elementor-top-column elementor-element elementor-element-1daf8b5\" data-id=\"1daf8b5\" data-element_type=\"column\">\n\t\t\t<div class=\"elementor-widget-wrap elementor-element-populated\">\n\t\t\t\t\t\t\t\t<div class=\"elementor-element elementor-element-fa6740d elementor-widget elementor-widget-spacer\" data-id=\"fa6740d\" data-element_type=\"widget\" data-widget_type=\"spacer.default\">\n\t\t\t\t<div class=\"elementor-widget-container\">\n\t\t\t\t\t<div class=\"elementor-spacer\">\n\t\t\t<div class=\"elementor-spacer-inner\"><\/div>\n\t\t<\/div>\n\t\t\t\t<\/div>\n\t\t\t\t<\/div>\n\t\t\t\t\t<\/div>\n\t\t<\/div>\n\t\t\t\t\t\t\t<\/div>\n\t\t<\/section>\n\t\t\t\t<section class=\"elementor-section elementor-top-section elementor-element elementor-element-09c12d4 elementor-section-boxed elementor-section-height-default elementor-section-height-default\" data-id=\"09c12d4\" data-element_type=\"section\">\n\t\t\t\t\t\t<div class=\"elementor-container elementor-column-gap-default\">\n\t\t\t\t\t<div class=\"elementor-column elementor-col-50 elementor-top-column elementor-element elementor-element-2142dae\" data-id=\"2142dae\" data-element_type=\"column\">\n\t\t\t<div class=\"elementor-widget-wrap elementor-element-populated\">\n\t\t\t\t\t\t\t\t<div class=\"elementor-element elementor-element-702576b dce_masking-none elementor-widget elementor-widget-image\" data-id=\"702576b\" data-element_type=\"widget\" data-widget_type=\"image.default\">\n\t\t\t\t<div class=\"elementor-widget-container\">\n\t\t\t\t\t\t\t\t\t\t\t\t\t\t\t\t<a href=\"https:\/\/shoptalkeurope.com\/\" target=\"_blank\">\n\t\t\t\t\t\t\t<img fetchpriority=\"high\" decoding=\"async\" width=\"800\" height=\"534\" src=\"https:\/\/zoen.shop\/wp-content\/uploads\/2022\/05\/shoptalk-europe-london-event-1024x683.jpg\" class=\"attachment-large size-large wp-image-8628\" alt=\"\" srcset=\"https:\/\/zoen.shop\/wp-content\/uploads\/2022\/05\/shoptalk-europe-london-event-1024x683.jpg 1024w, https:\/\/zoen.shop\/wp-content\/uploads\/2022\/05\/shoptalk-europe-london-event-300x200.jpg 300w, https:\/\/zoen.shop\/wp-content\/uploads\/2022\/05\/shoptalk-europe-london-event-768x512.jpg 768w, https:\/\/zoen.shop\/wp-content\/uploads\/2022\/05\/shoptalk-europe-london-event.jpg 1200w\" sizes=\"(max-width: 800px) 100vw, 800px\" \/>\t\t\t\t\t\t\t\t<\/a>\n\t\t\t\t\t\t\t\t\t\t\t\t\t\t\t<\/div>\n\t\t\t\t<\/div>\n\t\t\t\t\t<\/div>\n\t\t<\/div>\n\t\t\t\t<div class=\"elementor-column elementor-col-50 elementor-top-column elementor-element elementor-element-ac5a79f\" data-id=\"ac5a79f\" data-element_type=\"column\">\n\t\t\t<div class=\"elementor-widget-wrap elementor-element-populated\">\n\t\t\t\t\t\t\t\t<div class=\"elementor-element elementor-element-35d0d1d elementor-widget elementor-widget-heading\" data-id=\"35d0d1d\" data-element_type=\"widget\" data-widget_type=\"heading.default\">\n\t\t\t\t<div class=\"elementor-widget-container\">\n\t\t\t<h2 class=\"elementor-heading-title elementor-size-default\">SHOPTALK \/ London, UK \/ 6. - 8. JUNE 2022<\/h2>\t\t<\/div>\n\t\t\t\t<\/div>\n\t\t\t\t<div class=\"elementor-element elementor-element-14ea4b1 elementor-widget elementor-widget-text-editor\" data-id=\"14ea4b1\" data-element_type=\"widget\" data-widget_type=\"text-editor.default\">\n\t\t\t\t<div class=\"elementor-widget-container\">\n\t\t\t\t\t\t\tShoptalk Europe spojuje v\u00edce ne\u017e 3 000 obchodn\u00edch \u010dinitel\u016f od maloobchodn\u00edk\u016f p\u0159es startupy, a\u017e technologick\u00e9 firmy, investory, realitn\u00ed oper\u00e1tory a medi\u00e1ln\u00ed analytiky. Shoptalk Europe spojuje evropsk\u00fd maloobchodn\u00ed ekosyst\u00e9m na nejvy\u0161\u0161\u00ed \u00farovni.\r\n\r\nShoptalk se stal nejv\u011bt\u0161\u00edm eventem elektronick\u00e9ho obchodu v USA za pouh\u00e9 t\u0159i kr\u00e1tk\u00e9 roky. Tento \u010derven vezmeme Evropu \u00fatokem. P\u0159ipravte se na smyslupln\u00fd networking. P\u0159ipravte se na \u0159e\u010dn\u00edky sv\u011btov\u00e9 t\u0159\u00eddy. P\u0159ipravte se na zcela nov\u00fd z\u00e1\u017eitek. P\u0159ipravte se na Shoptalk Europe!\t\t\t\t\t\t<\/div>\n\t\t\t\t<\/div>\n\t\t\t\t\t<\/div>\n\t\t<\/div>\n\t\t\t\t\t\t\t<\/div>\n\t\t<\/section>\n\t\t\t\t<section class=\"elementor-section elementor-top-section elementor-element elementor-element-139228c elementor-section-boxed elementor-section-height-default elementor-section-height-default\" data-id=\"139228c\" data-element_type=\"section\">\n\t\t\t\t\t\t<div class=\"elementor-container elementor-column-gap-default\">\n\t\t\t\t\t<div class=\"elementor-column elementor-col-100 elementor-top-column elementor-element elementor-element-51e698b\" data-id=\"51e698b\" data-element_type=\"column\">\n\t\t\t<div class=\"elementor-widget-wrap elementor-element-populated\">\n\t\t\t\t\t\t\t\t<div class=\"elementor-element elementor-element-9382ef5 elementor-widget elementor-widget-spacer\" data-id=\"9382ef5\" data-element_type=\"widget\" data-widget_type=\"spacer.default\">\n\t\t\t\t<div class=\"elementor-widget-container\">\n\t\t\t\t\t<div class=\"elementor-spacer\">\n\t\t\t<div class=\"elementor-spacer-inner\"><\/div>\n\t\t<\/div>\n\t\t\t\t<\/div>\n\t\t\t\t<\/div>\n\t\t\t\t\t<\/div>\n\t\t<\/div>\n\t\t\t\t\t\t\t<\/div>\n\t\t<\/section>\n\t\t\t\t<section class=\"elementor-section elementor-top-section elementor-element elementor-element-e3aa880 elementor-section-boxed elementor-section-height-default elementor-section-height-default\" data-id=\"e3aa880\" data-element_type=\"section\">\n\t\t\t\t\t\t<div class=\"elementor-container elementor-column-gap-default\">\n\t\t\t\t\t<div class=\"elementor-column elementor-col-50 elementor-top-column elementor-element elementor-element-29198ab\" data-id=\"29198ab\" data-element_type=\"column\">\n\t\t\t<div class=\"elementor-widget-wrap elementor-element-populated\">\n\t\t\t\t\t\t\t\t<div class=\"elementor-element elementor-element-c188e41 dce_masking-none elementor-widget elementor-widget-image\" data-id=\"c188e41\" data-element_type=\"widget\" data-widget_type=\"image.default\">\n\t\t\t\t<div class=\"elementor-widget-container\">\n\t\t\t\t\t\t\t\t\t\t\t\t\t\t\t\t<a href=\"https:\/\/ecomworldconference.com\/\" target=\"_blank\">\n\t\t\t\t\t\t\t<img decoding=\"async\" width=\"800\" height=\"534\" src=\"https:\/\/zoen.shop\/wp-content\/uploads\/2022\/04\/nexus-event-1024x683.jpg\" class=\"attachment-large size-large wp-image-8354\" alt=\"\" srcset=\"https:\/\/zoen.shop\/wp-content\/uploads\/2022\/04\/nexus-event-1024x683.jpg 1024w, https:\/\/zoen.shop\/wp-content\/uploads\/2022\/04\/nexus-event-300x200.jpg 300w, https:\/\/zoen.shop\/wp-content\/uploads\/2022\/04\/nexus-event-768x512.jpg 768w, https:\/\/zoen.shop\/wp-content\/uploads\/2022\/04\/nexus-event.jpg 1200w\" sizes=\"(max-width: 800px) 100vw, 800px\" \/>\t\t\t\t\t\t\t\t<\/a>\n\t\t\t\t\t\t\t\t\t\t\t\t\t\t\t<\/div>\n\t\t\t\t<\/div>\n\t\t\t\t\t<\/div>\n\t\t<\/div>\n\t\t\t\t<div class=\"elementor-column elementor-col-50 elementor-top-column elementor-element elementor-element-8cdc10c\" data-id=\"8cdc10c\" data-element_type=\"column\">\n\t\t\t<div class=\"elementor-widget-wrap elementor-element-populated\">\n\t\t\t\t\t\t\t\t<div class=\"elementor-element elementor-element-6feecc4 elementor-widget elementor-widget-heading\" data-id=\"6feecc4\" data-element_type=\"widget\" data-widget_type=\"heading.default\">\n\t\t\t\t<div class=\"elementor-widget-container\">\n\t\t\t<h2 class=\"elementor-heading-title elementor-size-default\">NEXUS \/ Leipzig, Germany \/ 18. JUNE 2022<\/h2>\t\t<\/div>\n\t\t\t\t<\/div>\n\t\t\t\t<div class=\"elementor-element elementor-element-4dc1235 elementor-widget elementor-widget-text-editor\" data-id=\"4dc1235\" data-element_type=\"widget\" data-widget_type=\"text-editor.default\">\n\t\t\t\t<div class=\"elementor-widget-container\">\n\t\t\t\t\t\t\tJoin us on June 18th at the NEXUS event, for networking and training again. We invite you to the town of Leipzig for an event for all those interested in e-commerce &#8211; online retailers and exhibitors. We will be discussing a variety of e-commerce topics. Meet new people, network, learn and connect with other players in the industry.\r\n\r\n<a href=\"https:\/\/www.nexus-messe.de\/ueber-die-nexus\/was-ist-die-nexus\" target=\"_blank\" rel=\"noopener\">Read more&#8230;.<\/a>\t\t\t\t\t\t<\/div>\n\t\t\t\t<\/div>\n\t\t\t\t\t<\/div>\n\t\t<\/div>\n\t\t\t\t\t\t\t<\/div>\n\t\t<\/section>\n\t\t\t\t<section class=\"elementor-section elementor-top-section elementor-element elementor-element-b7d1c8a elementor-section-boxed elementor-section-height-default elementor-section-height-default\" data-id=\"b7d1c8a\" data-element_type=\"section\">\n\t\t\t\t\t\t<div class=\"elementor-container elementor-column-gap-default\">\n\t\t\t\t\t<div class=\"elementor-column elementor-col-100 elementor-top-column elementor-element elementor-element-8853fbe\" data-id=\"8853fbe\" data-element_type=\"column\">\n\t\t\t<div class=\"elementor-widget-wrap elementor-element-populated\">\n\t\t\t\t\t\t\t\t<div class=\"elementor-element elementor-element-ed03fd0 elementor-widget elementor-widget-heading\" data-id=\"ed03fd0\" data-element_type=\"widget\" data-widget_type=\"heading.default\">\n\t\t\t\t<div class=\"elementor-widget-container\">\n\t\t\t<h2 class=\"elementor-heading-title elementor-size-default\">Setkejte se s n\u00e1mi na konferenci!<\/h2>\t\t<\/div>\n\t\t\t\t<\/div>\n\t\t\t\t<div class=\"elementor-element elementor-element-3f231cd elementor-align-center elementor-widget elementor-widget-button\" data-id=\"3f231cd\" data-element_type=\"widget\" data-widget_type=\"button.default\">\n\t\t\t\t<div class=\"elementor-widget-container\">\n\t\t\t\t\t<div class=\"elementor-button-wrapper\">\n\t\t\t<a class=\"elementor-button elementor-button-link elementor-size-sm\" href=\"https:\/\/zoen.shop\/cs\/kontakt\/\">\n\t\t\t\t\t\t<span class=\"elementor-button-content-wrapper\">\n\t\t\t\t\t\t<span class=\"elementor-button-text\">Kontaktujte n\u00e1s!<\/span>\n\t\t<\/span>\n\t\t\t\t\t<\/a>\n\t\t<\/div>\n\t\t\t\t<\/div>\n\t\t\t\t<\/div>\n\t\t\t\t\t<\/div>\n\t\t<\/div>\n\t\t\t\t\t\t\t<\/div>\n\t\t<\/section>\n\t\t\t\t<section class=\"elementor-section elementor-top-section elementor-element elementor-element-2c96473 elementor-section-boxed elementor-section-height-default elementor-section-height-default\" data-id=\"2c96473\" data-element_type=\"section\">\n\t\t\t\t\t\t<div class=\"elementor-container elementor-column-gap-default\">\n\t\t\t\t\t<div class=\"elementor-column elementor-col-100 elementor-top-column elementor-element elementor-element-3ac8305\" data-id=\"3ac8305\" data-element_type=\"column\">\n\t\t\t<div class=\"elementor-widget-wrap\">\n\t\t\t\t\t\t\t\t\t<\/div>\n\t\t<\/div>\n\t\t\t\t\t\t\t<\/div>\n\t\t<\/section>\n\t\t\t\t\t\t\t<\/div>\n\t\t","protected":false},"excerpt":{"rendered":"<p>Ud\u00e1lost Chcete se setkat s t\u00fdmem zoen.shop a promluvit si s n\u00e1mi osobn\u011b? R\u00e1di V\u00e1s uvid\u00edme na r\u016fzn\u00fdch akc\u00edch po cel\u00e9m sv\u011bt\u011b! SHOPTALK \/ London, UK \/ 6. &#8211; 8. JUNE 2022 Shoptalk Europe spojuje v\u00edce ne\u017e 3 000 obchodn\u00edch \u010dinitel\u016f od maloobchodn\u00edk\u016f p\u0159es startupy, a\u017e technologick\u00e9 firmy, investory, realitn\u00ed oper\u00e1tory a medi\u00e1ln\u00ed analytiky. Shoptalk [&hellip;]<\/p>\n","protected":false},"author":2,"featured_media":0,"parent":0,"menu_order":0,"comment_status":"closed","ping_status":"closed","template":"elementor_header_footer","meta":{"footnotes":""},"yoast_head":"<!-- This site is optimized with the Yoast SEO plugin v21.7 - https:\/\/yoast.com\/wordpress\/plugins\/seo\/ -->\n<title>zoen.shop: Seznamte se s n\u00e1mi na obchodn\u00edch konferenc\u00edch!<\/title>\n<meta name=\"description\" content=\"Setkejte se s t\u00fdmem zoen.shop na mezin\u00e1rodn\u00edch akc\u00edch, veletrz\u00edch a konferenc\u00edch a diskutujte o t\u00e9matech jako eCommerce, prodej nebo online marketing.\" \/>\n<meta name=\"robots\" content=\"index, follow, max-snippet:-1, max-image-preview:large, max-video-preview:-1\" \/>\n<link rel=\"canonical\" href=\"https:\/\/zoen.shop\/cs\/udalost\/\" \/>\n<meta property=\"og:locale\" content=\"cs_CZ\" \/>\n<meta property=\"og:type\" content=\"article\" \/>\n<meta property=\"og:title\" content=\"zoen.shop: Seznamte se s n\u00e1mi na obchodn\u00edch konferenc\u00edch!\" \/>\n<meta property=\"og:description\" content=\"Setkejte se s t\u00fdmem zoen.shop na mezin\u00e1rodn\u00edch akc\u00edch, veletrz\u00edch a konferenc\u00edch a diskutujte o t\u00e9matech jako eCommerce, prodej nebo online marketing.\" \/>\n<meta property=\"og:url\" content=\"https:\/\/zoen.shop\/cs\/udalost\/\" \/>\n<meta property=\"og:site_name\" content=\"zoen.shop\" \/>\n<meta property=\"article:publisher\" content=\"https:\/\/www.facebook.com\/Zoenshop-105671925054190\" \/>\n<meta property=\"article:modified_time\" content=\"2022-05-18T15:47:26+00:00\" \/>\n<meta property=\"og:image\" content=\"https:\/\/zoen.shop\/wp-content\/uploads\/2022\/05\/shoptalk-europe-london-event-1024x683.jpg\" \/>\n<meta name=\"twitter:card\" content=\"summary_large_image\" \/>\n<meta name=\"twitter:site\" content=\"@zoenshop\" \/>\n<meta name=\"twitter:label1\" content=\"Odhadovan\u00e1 doba \u010dten\u00ed\" \/>\n\t<meta name=\"twitter:data1\" content=\"1 minuta\" \/>\n<script type=\"application\/ld+json\" class=\"yoast-schema-graph\">{\"@context\":\"https:\/\/schema.org\",\"@graph\":[{\"@type\":\"WebPage\",\"@id\":\"https:\/\/zoen.shop\/cs\/udalost\/\",\"url\":\"https:\/\/zoen.shop\/cs\/udalost\/\",\"name\":\"zoen.shop: Seznamte se s n\u00e1mi na obchodn\u00edch konferenc\u00edch!\",\"isPartOf\":{\"@id\":\"https:\/\/zoen.shop\/cs\/#website\"},\"datePublished\":\"2021-09-16T13:43:39+00:00\",\"dateModified\":\"2022-05-18T15:47:26+00:00\",\"description\":\"Setkejte se s t\u00fdmem zoen.shop na mezin\u00e1rodn\u00edch akc\u00edch, veletrz\u00edch a konferenc\u00edch a diskutujte o t\u00e9matech jako eCommerce, prodej nebo online marketing.\",\"breadcrumb\":{\"@id\":\"https:\/\/zoen.shop\/cs\/udalost\/#breadcrumb\"},\"inLanguage\":\"cs\",\"potentialAction\":[{\"@type\":\"ReadAction\",\"target\":[\"https:\/\/zoen.shop\/cs\/udalost\/\"]}]},{\"@type\":\"BreadcrumbList\",\"@id\":\"https:\/\/zoen.shop\/cs\/udalost\/#breadcrumb\",\"itemListElement\":[{\"@type\":\"ListItem\",\"position\":1,\"name\":\"Home\",\"item\":\"https:\/\/zoen.shop\/cs\/\"},{\"@type\":\"ListItem\",\"position\":2,\"name\":\"Ud\u00e1lost\"}]},{\"@type\":\"WebSite\",\"@id\":\"https:\/\/zoen.shop\/cs\/#website\",\"url\":\"https:\/\/zoen.shop\/cs\/\",\"name\":\"zoen.shop\",\"description\":\"VideoCall shop&amp;pay\",\"publisher\":{\"@id\":\"https:\/\/zoen.shop\/cs\/#organization\"},\"potentialAction\":[{\"@type\":\"SearchAction\",\"target\":{\"@type\":\"EntryPoint\",\"urlTemplate\":\"https:\/\/zoen.shop\/cs\/?s={search_term_string}\"},\"query-input\":\"required name=search_term_string\"}],\"inLanguage\":\"cs\"},{\"@type\":\"Organization\",\"@id\":\"https:\/\/zoen.shop\/cs\/#organization\",\"name\":\"zoen shop\",\"url\":\"https:\/\/zoen.shop\/cs\/\",\"logo\":{\"@type\":\"ImageObject\",\"inLanguage\":\"cs\",\"@id\":\"https:\/\/zoen.shop\/cs\/#\/schema\/logo\/image\/\",\"url\":\"https:\/\/zoen.shop\/wp-content\/uploads\/2021\/06\/cropped-logo-Transparent-yellow.png\",\"contentUrl\":\"https:\/\/zoen.shop\/wp-content\/uploads\/2021\/06\/cropped-logo-Transparent-yellow.png\",\"width\":3872,\"height\":1105,\"caption\":\"zoen shop\"},\"image\":{\"@id\":\"https:\/\/zoen.shop\/cs\/#\/schema\/logo\/image\/\"},\"sameAs\":[\"https:\/\/www.facebook.com\/Zoenshop-105671925054190\",\"https:\/\/twitter.com\/zoenshop\",\"https:\/\/www.instagram.com\/zoen.shop\/\",\"https:\/\/www.linkedin.com\/company\/zoenshop\",\"https:\/\/www.youtube.com\/channel\/UClITU8UxelitjTPmBs4maXg\"]}]}<\/script>\n<!-- \/ Yoast SEO plugin. -->","yoast_head_json":{"title":"zoen.shop: Seznamte se s n\u00e1mi na obchodn\u00edch konferenc\u00edch!","description":"Setkejte se s t\u00fdmem zoen.shop na mezin\u00e1rodn\u00edch akc\u00edch, veletrz\u00edch a konferenc\u00edch a diskutujte o t\u00e9matech jako eCommerce, prodej nebo online marketing.","robots":{"index":"index","follow":"follow","max-snippet":"max-snippet:-1","max-image-preview":"max-image-preview:large","max-video-preview":"max-video-preview:-1"},"canonical":"https:\/\/zoen.shop\/cs\/udalost\/","og_locale":"cs_CZ","og_type":"article","og_title":"zoen.shop: Seznamte se s n\u00e1mi na obchodn\u00edch konferenc\u00edch!","og_description":"Setkejte se s t\u00fdmem zoen.shop na mezin\u00e1rodn\u00edch akc\u00edch, veletrz\u00edch a konferenc\u00edch a diskutujte o t\u00e9matech jako eCommerce, prodej nebo online marketing.","og_url":"https:\/\/zoen.shop\/cs\/udalost\/","og_site_name":"zoen.shop","article_publisher":"https:\/\/www.facebook.com\/Zoenshop-105671925054190","article_modified_time":"2022-05-18T15:47:26+00:00","og_image":[{"url":"https:\/\/zoen.shop\/wp-content\/uploads\/2022\/05\/shoptalk-europe-london-event-1024x683.jpg"}],"twitter_card":"summary_large_image","twitter_site":"@zoenshop","twitter_misc":{"Odhadovan\u00e1 doba \u010dten\u00ed":"1 minuta"},"schema":{"@context":"https:\/\/schema.org","@graph":[{"@type":"WebPage","@id":"https:\/\/zoen.shop\/cs\/udalost\/","url":"https:\/\/zoen.shop\/cs\/udalost\/","name":"zoen.shop: Seznamte se s n\u00e1mi na obchodn\u00edch konferenc\u00edch!","isPartOf":{"@id":"https:\/\/zoen.shop\/cs\/#website"},"datePublished":"2021-09-16T13:43:39+00:00","dateModified":"2022-05-18T15:47:26+00:00","description":"Setkejte se s t\u00fdmem zoen.shop na mezin\u00e1rodn\u00edch akc\u00edch, veletrz\u00edch a konferenc\u00edch a diskutujte o t\u00e9matech jako eCommerce, prodej nebo online marketing.","breadcrumb":{"@id":"https:\/\/zoen.shop\/cs\/udalost\/#breadcrumb"},"inLanguage":"cs","potentialAction":[{"@type":"ReadAction","target":["https:\/\/zoen.shop\/cs\/udalost\/"]}]},{"@type":"BreadcrumbList","@id":"https:\/\/zoen.shop\/cs\/udalost\/#breadcrumb","itemListElement":[{"@type":"ListItem","position":1,"name":"Home","item":"https:\/\/zoen.shop\/cs\/"},{"@type":"ListItem","position":2,"name":"Ud\u00e1lost"}]},{"@type":"WebSite","@id":"https:\/\/zoen.shop\/cs\/#website","url":"https:\/\/zoen.shop\/cs\/","name":"zoen.shop","description":"VideoCall shop&amp;pay","publisher":{"@id":"https:\/\/zoen.shop\/cs\/#organization"},"potentialAction":[{"@type":"SearchAction","target":{"@type":"EntryPoint","urlTemplate":"https:\/\/zoen.shop\/cs\/?s={search_term_string}"},"query-input":"required name=search_term_string"}],"inLanguage":"cs"},{"@type":"Organization","@id":"https:\/\/zoen.shop\/cs\/#organization","name":"zoen shop","url":"https:\/\/zoen.shop\/cs\/","logo":{"@type":"ImageObject","inLanguage":"cs","@id":"https:\/\/zoen.shop\/cs\/#\/schema\/logo\/image\/","url":"https:\/\/zoen.shop\/wp-content\/uploads\/2021\/06\/cropped-logo-Transparent-yellow.png","contentUrl":"https:\/\/zoen.shop\/wp-content\/uploads\/2021\/06\/cropped-logo-Transparent-yellow.png","width":3872,"height":1105,"caption":"zoen shop"},"image":{"@id":"https:\/\/zoen.shop\/cs\/#\/schema\/logo\/image\/"},"sameAs":["https:\/\/www.facebook.com\/Zoenshop-105671925054190","https:\/\/twitter.com\/zoenshop","https:\/\/www.instagram.com\/zoen.shop\/","https:\/\/www.linkedin.com\/company\/zoenshop","https:\/\/www.youtube.com\/channel\/UClITU8UxelitjTPmBs4maXg"]}]}},"_links":{"self":[{"href":"https:\/\/zoen.shop\/cs\/wp-json\/wp\/v2\/pages\/4676"}],"collection":[{"href":"https:\/\/zoen.shop\/cs\/wp-json\/wp\/v2\/pages"}],"about":[{"href":"https:\/\/zoen.shop\/cs\/wp-json\/wp\/v2\/types\/page"}],"author":[{"embeddable":true,"href":"https:\/\/zoen.shop\/cs\/wp-json\/wp\/v2\/users\/2"}],"replies":[{"embeddable":true,"href":"https:\/\/zoen.shop\/cs\/wp-json\/wp\/v2\/comments?post=4676"}],"version-history":[{"count":17,"href":"https:\/\/zoen.shop\/cs\/wp-json\/wp\/v2\/pages\/4676\/revisions"}],"predecessor-version":[{"id":8641,"href":"https:\/\/zoen.shop\/cs\/wp-json\/wp\/v2\/pages\/4676\/revisions\/8641"}],"wp:attachment":[{"href":"https:\/\/zoen.shop\/cs\/wp-json\/wp\/v2\/media?parent=4676"}],"curies":[{"name":"wp","href":"https:\/\/api.w.org\/{rel}","templated":true}]}}