{"id":4678,"date":"2021-11-11T23:03:53","date_gmt":"2021-11-11T22:03:53","guid":{"rendered":"https:\/\/zoen.shop\/obchodni-podpora\/"},"modified":"2022-01-07T11:52:54","modified_gmt":"2022-01-07T10:52:54","slug":"obchodni-podpora","status":"publish","type":"page","link":"https:\/\/zoen.shop\/cs\/obchodni-podpora\/","title":{"rendered":"Obchodn\u00ed podpora"},"content":{"rendered":"\t\t<div data-elementor-type=\"wp-page\" data-elementor-id=\"4678\" class=\"elementor elementor-4678 elementor-2172\" data-elementor-post-type=\"page\">\n\t\t\t\t\t\t\t\t\t<section class=\"elementor-section elementor-top-section elementor-element elementor-element-6a585e8 elementor-section-content-middle elementor-section-boxed elementor-section-height-default elementor-section-height-default\" data-id=\"6a585e8\" data-element_type=\"section\">\n\t\t\t\t\t\t<div class=\"elementor-container elementor-column-gap-no\">\n\t\t\t\t\t<div class=\"elementor-column elementor-col-50 elementor-top-column elementor-element elementor-element-94cd715 elementor-hidden-mobile\" data-id=\"94cd715\" data-element_type=\"column\">\n\t\t\t<div class=\"elementor-widget-wrap elementor-element-populated\">\n\t\t\t\t\t\t\t\t<section class=\"elementor-section elementor-inner-section elementor-element elementor-element-117b81d elementor-section-content-middle elementor-section-boxed elementor-section-height-default elementor-section-height-default\" data-id=\"117b81d\" data-element_type=\"section\">\n\t\t\t\t\t\t<div class=\"elementor-container elementor-column-gap-no\">\n\t\t\t\t\t<div class=\"elementor-column elementor-col-50 elementor-inner-column elementor-element elementor-element-3f8c0f7\" data-id=\"3f8c0f7\" data-element_type=\"column\">\n\t\t\t<div class=\"elementor-widget-wrap elementor-element-populated\">\n\t\t\t\t\t\t\t\t<div class=\"elementor-element elementor-element-e7a9c39 dce_masking-none elementor-widget elementor-widget-image\" data-id=\"e7a9c39\" data-element_type=\"widget\" data-widget_type=\"image.default\">\n\t\t\t\t<div class=\"elementor-widget-container\">\n\t\t\t\t\t\t\t\t\t\t\t\t\t\t\t<img fetchpriority=\"high\" decoding=\"async\" width=\"400\" height=\"400\" src=\"https:\/\/zoen.shop\/wp-content\/uploads\/2021\/10\/merchant-support-1.jpg\" class=\"attachment-full size-full wp-image-4059\" alt=\"\" srcset=\"https:\/\/zoen.shop\/wp-content\/uploads\/2021\/10\/merchant-support-1.jpg 400w, https:\/\/zoen.shop\/wp-content\/uploads\/2021\/10\/merchant-support-1-300x300.jpg 300w, https:\/\/zoen.shop\/wp-content\/uploads\/2021\/10\/merchant-support-1-150x150.jpg 150w\" sizes=\"(max-width: 400px) 100vw, 400px\" \/>\t\t\t\t\t\t\t\t\t\t\t\t\t\t\t<\/div>\n\t\t\t\t<\/div>\n\t\t\t\t\t<\/div>\n\t\t<\/div>\n\t\t\t\t<div class=\"elementor-column elementor-col-50 elementor-inner-column elementor-element elementor-element-8953cca\" data-id=\"8953cca\" data-element_type=\"column\">\n\t\t\t<div class=\"elementor-widget-wrap elementor-element-populated\">\n\t\t\t\t\t\t\t\t<div class=\"elementor-element elementor-element-615fec1 dce_masking-none elementor-widget elementor-widget-image\" data-id=\"615fec1\" data-element_type=\"widget\" data-widget_type=\"image.default\">\n\t\t\t\t<div class=\"elementor-widget-container\">\n\t\t\t\t\t\t\t\t\t\t\t\t\t\t\t<img decoding=\"async\" width=\"400\" height=\"400\" src=\"https:\/\/zoen.shop\/wp-content\/uploads\/2021\/10\/merchant-support-2.jpg\" class=\"attachment-full size-full wp-image-4060\" alt=\"\" srcset=\"https:\/\/zoen.shop\/wp-content\/uploads\/2021\/10\/merchant-support-2.jpg 400w, https:\/\/zoen.shop\/wp-content\/uploads\/2021\/10\/merchant-support-2-300x300.jpg 300w, https:\/\/zoen.shop\/wp-content\/uploads\/2021\/10\/merchant-support-2-150x150.jpg 150w\" sizes=\"(max-width: 400px) 100vw, 400px\" \/>\t\t\t\t\t\t\t\t\t\t\t\t\t\t\t<\/div>\n\t\t\t\t<\/div>\n\t\t\t\t\t<\/div>\n\t\t<\/div>\n\t\t\t\t\t\t\t<\/div>\n\t\t<\/section>\n\t\t\t\t<section class=\"elementor-section elementor-inner-section elementor-element elementor-element-0ce8f9c elementor-section-content-middle elementor-section-boxed elementor-section-height-default elementor-section-height-default\" data-id=\"0ce8f9c\" data-element_type=\"section\">\n\t\t\t\t\t\t<div class=\"elementor-container elementor-column-gap-no\">\n\t\t\t\t\t<div class=\"elementor-column elementor-col-33 elementor-inner-column elementor-element elementor-element-3e3606a\" data-id=\"3e3606a\" data-element_type=\"column\">\n\t\t\t<div class=\"elementor-widget-wrap elementor-element-populated\">\n\t\t\t\t\t\t\t\t<div class=\"elementor-element elementor-element-f89aad9 dce_masking-none elementor-widget elementor-widget-image\" data-id=\"f89aad9\" data-element_type=\"widget\" data-widget_type=\"image.default\">\n\t\t\t\t<div class=\"elementor-widget-container\">\n\t\t\t\t\t\t\t\t\t\t\t\t\t\t\t<img decoding=\"async\" width=\"400\" height=\"400\" src=\"https:\/\/zoen.shop\/wp-content\/uploads\/2021\/10\/merchant-support-3.jpg\" class=\"attachment-full size-full wp-image-4061\" alt=\"\" srcset=\"https:\/\/zoen.shop\/wp-content\/uploads\/2021\/10\/merchant-support-3.jpg 400w, https:\/\/zoen.shop\/wp-content\/uploads\/2021\/10\/merchant-support-3-300x300.jpg 300w, https:\/\/zoen.shop\/wp-content\/uploads\/2021\/10\/merchant-support-3-150x150.jpg 150w\" sizes=\"(max-width: 400px) 100vw, 400px\" \/>\t\t\t\t\t\t\t\t\t\t\t\t\t\t\t<\/div>\n\t\t\t\t<\/div>\n\t\t\t\t\t<\/div>\n\t\t<\/div>\n\t\t\t\t<div class=\"elementor-column elementor-col-33 elementor-inner-column elementor-element elementor-element-52c0252\" data-id=\"52c0252\" data-element_type=\"column\">\n\t\t\t<div class=\"elementor-widget-wrap elementor-element-populated\">\n\t\t\t\t\t\t\t\t<div class=\"elementor-element elementor-element-ff361ea dce_masking-none elementor-widget elementor-widget-image\" data-id=\"ff361ea\" data-element_type=\"widget\" data-widget_type=\"image.default\">\n\t\t\t\t<div class=\"elementor-widget-container\">\n\t\t\t\t\t\t\t\t\t\t\t\t\t\t\t<img loading=\"lazy\" decoding=\"async\" width=\"400\" height=\"400\" src=\"https:\/\/zoen.shop\/wp-content\/uploads\/2021\/10\/merchant-support-4.jpg\" class=\"attachment-full size-full wp-image-4062\" alt=\"\" srcset=\"https:\/\/zoen.shop\/wp-content\/uploads\/2021\/10\/merchant-support-4.jpg 400w, https:\/\/zoen.shop\/wp-content\/uploads\/2021\/10\/merchant-support-4-300x300.jpg 300w, https:\/\/zoen.shop\/wp-content\/uploads\/2021\/10\/merchant-support-4-150x150.jpg 150w\" sizes=\"(max-width: 400px) 100vw, 400px\" \/>\t\t\t\t\t\t\t\t\t\t\t\t\t\t\t<\/div>\n\t\t\t\t<\/div>\n\t\t\t\t\t<\/div>\n\t\t<\/div>\n\t\t\t\t<div class=\"elementor-column elementor-col-33 elementor-inner-column elementor-element elementor-element-156a917\" data-id=\"156a917\" data-element_type=\"column\">\n\t\t\t<div class=\"elementor-widget-wrap elementor-element-populated\">\n\t\t\t\t\t\t\t\t<div class=\"elementor-element elementor-element-1192abf dce_masking-none elementor-widget elementor-widget-image\" data-id=\"1192abf\" data-element_type=\"widget\" data-widget_type=\"image.default\">\n\t\t\t\t<div class=\"elementor-widget-container\">\n\t\t\t\t\t\t\t\t\t\t\t\t\t\t\t<img loading=\"lazy\" decoding=\"async\" width=\"400\" height=\"400\" src=\"https:\/\/zoen.shop\/wp-content\/uploads\/2021\/10\/merchant-support-5.jpg\" class=\"attachment-full size-full wp-image-4064\" alt=\"\" srcset=\"https:\/\/zoen.shop\/wp-content\/uploads\/2021\/10\/merchant-support-5.jpg 400w, https:\/\/zoen.shop\/wp-content\/uploads\/2021\/10\/merchant-support-5-300x300.jpg 300w, https:\/\/zoen.shop\/wp-content\/uploads\/2021\/10\/merchant-support-5-150x150.jpg 150w\" sizes=\"(max-width: 400px) 100vw, 400px\" \/>\t\t\t\t\t\t\t\t\t\t\t\t\t\t\t<\/div>\n\t\t\t\t<\/div>\n\t\t\t\t\t<\/div>\n\t\t<\/div>\n\t\t\t\t\t\t\t<\/div>\n\t\t<\/section>\n\t\t\t\t\t<\/div>\n\t\t<\/div>\n\t\t\t\t<div class=\"elementor-column elementor-col-50 elementor-top-column elementor-element elementor-element-87123f0\" data-id=\"87123f0\" data-element_type=\"column\">\n\t\t\t<div class=\"elementor-widget-wrap elementor-element-populated\">\n\t\t\t\t\t\t\t\t<div class=\"elementor-element elementor-element-ed586af elementor-widget elementor-widget-heading\" data-id=\"ed586af\" data-element_type=\"widget\" data-widget_type=\"heading.default\">\n\t\t\t\t<div class=\"elementor-widget-container\">\n\t\t\t<h1 class=\"elementor-heading-title elementor-size-default\">Obchodn\u00ed podpora<\/h1>\t\t<\/div>\n\t\t\t\t<\/div>\n\t\t\t\t<div class=\"elementor-element elementor-element-3dfc64a elementor-widget-divider--view-line elementor-widget elementor-widget-divider\" data-id=\"3dfc64a\" data-element_type=\"widget\" data-widget_type=\"divider.default\">\n\t\t\t\t<div class=\"elementor-widget-container\">\n\t\t\t\t\t<div class=\"elementor-divider\">\n\t\t\t<span class=\"elementor-divider-separator\">\n\t\t\t\t\t\t<\/span>\n\t\t<\/div>\n\t\t\t\t<\/div>\n\t\t\t\t<\/div>\n\t\t\t\t<div class=\"elementor-element elementor-element-b92bdad elementor-widget elementor-widget-heading\" data-id=\"b92bdad\" data-element_type=\"widget\" data-widget_type=\"heading.default\">\n\t\t\t\t<div class=\"elementor-widget-container\">\n\t\t\t<span class=\"elementor-heading-title elementor-size-default\">Jste maloobchodn\u00ed prodejce a pot\u0159ebujete na\u0161i pomoc? Jsme tu pro V\u00e1s!<\/span>\t\t<\/div>\n\t\t\t\t<\/div>\n\t\t\t\t<div class=\"elementor-element elementor-element-4606318 elementor-widget elementor-widget-heading\" data-id=\"4606318\" data-element_type=\"widget\" data-widget_type=\"heading.default\">\n\t\t\t\t<div class=\"elementor-widget-container\">\n\t\t\t<span class=\"elementor-heading-title elementor-size-default\">Pokud nev\u00edte, jak za\u010d\u00edt a jak naplno vyu\u017e\u00edt potenci\u00e1l zoen.shop, m\u016f\u017eete se pod\u00edvat na na\u0161e v\u00fdukov\u00e1 a tr\u00e9ninkov\u00e1 videa, kter\u00e1 V\u00e1m pomohou. Dozv\u00edte se, jak si zalo\u017eit \u00fa\u010det a v\u0161echny technick\u00e9 detaily, ale nau\u010d\u00edme V\u00e1s i dal\u0161\u00ed v\u011bci - jak p\u0159iv\u00edtat z\u00e1kazn\u00edka na videohovoru, jak mluvit s lidmi virtu\u00e1ln\u011b, jak prod\u00e1vat v\u00edce a l\u00e9pe a jak vyu\u017e\u00edvat na\u0161i n\u00e1kupn\u00ed platformu na maximum.<\/span>\t\t<\/div>\n\t\t\t\t<\/div>\n\t\t\t\t<div class=\"elementor-element elementor-element-0419d7f elementor-widget elementor-widget-heading\" data-id=\"0419d7f\" data-element_type=\"widget\" data-widget_type=\"heading.default\">\n\t\t\t\t<div class=\"elementor-widget-container\">\n\t\t\t<span class=\"elementor-heading-title elementor-size-default\">Pokud p\u0159esto pot\u0159ebujete dal\u0161\u00ed radu nebo m\u00e1te konkr\u00e9tn\u00ed dotazy, jsme tu pro V\u00e1s i s t\u00edm. Nev\u00e1hejte n\u00e1s kontaktovat e-mailem nebo p\u0159\u00edmo prost\u0159ednictv\u00edm videohovoru a spole\u010dn\u011b vy\u0159e\u0161\u00edme va\u0161e probl\u00e9my.<\/span>\t\t<\/div>\n\t\t\t\t<\/div>\n\t\t\t\t\t<\/div>\n\t\t<\/div>\n\t\t\t\t\t\t\t<\/div>\n\t\t<\/section>\n\t\t\t\t<section class=\"elementor-section elementor-top-section elementor-element elementor-element-e25b50c elementor-section-content-middle elementor-section-boxed elementor-section-height-default elementor-section-height-default\" data-id=\"e25b50c\" data-element_type=\"section\">\n\t\t\t\t\t\t<div class=\"elementor-container elementor-column-gap-no\">\n\t\t\t<!-- dce invisible element 736b332 -->\t\t<div class=\"elementor-column elementor-col-50 elementor-top-column elementor-element elementor-element-5ed144c\" data-id=\"5ed144c\" data-element_type=\"column\">\n\t\t\t<div class=\"elementor-widget-wrap elementor-element-populated\">\n\t\t\t\t\t\t\t\t<div class=\"elementor-element elementor-element-a804c97 elementor-position-left elementor-view-default elementor-mobile-position-top elementor-vertical-align-top elementor-widget elementor-widget-icon-box\" data-id=\"a804c97\" data-element_type=\"widget\" data-widget_type=\"icon-box.default\">\n\t\t\t\t<div class=\"elementor-widget-container\">\n\t\t\t\t\t<div class=\"elementor-icon-box-wrapper\">\n\t\t\t\t\t\t<div class=\"elementor-icon-box-icon\">\n\t\t\t\t<span  class=\"elementor-icon elementor-animation-grow\">\n\t\t\t\t<i aria-hidden=\"true\" class=\"fas fa-phone-alt\"><\/i>\t\t\t\t<\/span>\n\t\t\t<\/div>\n\t\t\t\t\t\t<div class=\"elementor-icon-box-content\">\n\t\t\t\t<h4 class=\"elementor-icon-box-title\">\n\t\t\t\t\t<span  >\n\t\t\t\t\t\tPhones\t\t\t\t\t<\/span>\n\t\t\t\t<\/h4>\n\t\t\t\t\t\t\t\t\t<p class=\"elementor-icon-box-description\">\n\t\t\t\t\t\tCall center  SK : +421 2 332 214 30\r\n<br\/>\r\nCall center INT: +421 2 332 214 30\r\n<br\/>\r\n&nbsp;\t\t\t\t\t<\/p>\n\t\t\t\t\t\t\t<\/div>\n\t\t<\/div>\n\t\t\t\t<\/div>\n\t\t\t\t<\/div>\n\t\t\t\t\t<\/div>\n\t\t<\/div>\n\t\t\t\t<div class=\"elementor-column elementor-col-50 elementor-top-column elementor-element elementor-element-9c1bfed\" data-id=\"9c1bfed\" data-element_type=\"column\">\n\t\t\t<div class=\"elementor-widget-wrap elementor-element-populated\">\n\t\t\t\t\t\t\t\t<div class=\"elementor-element elementor-element-a1fba32 elementor-position-left elementor-view-default elementor-mobile-position-top elementor-vertical-align-top elementor-widget elementor-widget-icon-box\" data-id=\"a1fba32\" data-element_type=\"widget\" data-widget_type=\"icon-box.default\">\n\t\t\t\t<div class=\"elementor-widget-container\">\n\t\t\t\t\t<div class=\"elementor-icon-box-wrapper\">\n\t\t\t\t\t\t<div class=\"elementor-icon-box-icon\">\n\t\t\t\t<span  class=\"elementor-icon elementor-animation-grow\">\n\t\t\t\t<i aria-hidden=\"true\" class=\"fas fa-envelope\"><\/i>\t\t\t\t<\/span>\n\t\t\t<\/div>\n\t\t\t\t\t\t<div class=\"elementor-icon-box-content\">\n\t\t\t\t<h4 class=\"elementor-icon-box-title\">\n\t\t\t\t\t<span  >\n\t\t\t\t\t\tEmail\t\t\t\t\t<\/span>\n\t\t\t\t<\/h4>\n\t\t\t\t\t\t\t\t\t<p class=\"elementor-icon-box-description\">\n\t\t\t\t\t\tsupport (at) zoen. shop\r\n<br>\r\n\u00a0\r\n<br>\r\n\u00a0\t\t\t\t\t<\/p>\n\t\t\t\t\t\t\t<\/div>\n\t\t<\/div>\n\t\t\t\t<\/div>\n\t\t\t\t<\/div>\n\t\t\t\t\t<\/div>\n\t\t<\/div>\n\t\t\t\t\t\t\t<\/div>\n\t\t<\/section>\n\t\t\t\t\t\t\t<\/div>\n\t\t","protected":false},"excerpt":{"rendered":"<p>Obchodn\u00ed podpora Jste maloobchodn\u00ed prodejce a pot\u0159ebujete na\u0161i pomoc? Jsme tu pro V\u00e1s! Pokud nev\u00edte, jak za\u010d\u00edt a jak naplno vyu\u017e\u00edt potenci\u00e1l zoen.shop, m\u016f\u017eete se pod\u00edvat na na\u0161e v\u00fdukov\u00e1 a tr\u00e9ninkov\u00e1 videa, kter\u00e1 V\u00e1m pomohou. Dozv\u00edte se, jak si zalo\u017eit \u00fa\u010det a v\u0161echny technick\u00e9 detaily, ale nau\u010d\u00edme V\u00e1s i dal\u0161\u00ed v\u011bci &#8211; jak p\u0159iv\u00edtat z\u00e1kazn\u00edka [&hellip;]<\/p>\n","protected":false},"author":2,"featured_media":0,"parent":0,"menu_order":0,"comment_status":"closed","ping_status":"closed","template":"elementor_header_footer","meta":{"footnotes":""},"yoast_head":"<!-- This site is optimized with the Yoast SEO plugin v21.7 - https:\/\/yoast.com\/wordpress\/plugins\/seo\/ -->\n<title>zoen.shop: podpora prodejc\u016f<\/title>\n<meta name=\"description\" content=\"Jste prodejce a pot\u0159ebujete pomoc? M\u00e1te-li jak\u00e9koli dotazy, na\u0161e z\u00e1kaznick\u00e1 linka je v\u00e1m k dispozici p\u0159es e-mail, videohovor nebo telefonicky - zoen.shop\" \/>\n<meta name=\"robots\" content=\"index, follow, max-snippet:-1, max-image-preview:large, max-video-preview:-1\" \/>\n<link rel=\"canonical\" href=\"https:\/\/zoen.shop\/cs\/obchodni-podpora\/\" \/>\n<meta property=\"og:locale\" content=\"cs_CZ\" \/>\n<meta property=\"og:type\" content=\"article\" \/>\n<meta property=\"og:title\" content=\"zoen.shop: podpora prodejc\u016f\" \/>\n<meta property=\"og:description\" content=\"Jste prodejce a pot\u0159ebujete pomoc? M\u00e1te-li jak\u00e9koli dotazy, na\u0161e z\u00e1kaznick\u00e1 linka je v\u00e1m k dispozici p\u0159es e-mail, videohovor nebo telefonicky - zoen.shop\" \/>\n<meta property=\"og:url\" content=\"https:\/\/zoen.shop\/cs\/obchodni-podpora\/\" \/>\n<meta property=\"og:site_name\" content=\"zoen.shop\" \/>\n<meta property=\"article:publisher\" content=\"https:\/\/www.facebook.com\/Zoenshop-105671925054190\" \/>\n<meta property=\"article:modified_time\" content=\"2022-01-07T10:52:54+00:00\" \/>\n<meta property=\"og:image\" content=\"https:\/\/zoen.shop\/wp-content\/uploads\/2021\/10\/merchant-support-1.jpg\" \/>\n<meta name=\"twitter:card\" content=\"summary_large_image\" \/>\n<meta name=\"twitter:site\" content=\"@zoenshop\" \/>\n<meta name=\"twitter:label1\" content=\"Odhadovan\u00e1 doba \u010dten\u00ed\" \/>\n\t<meta name=\"twitter:data1\" content=\"1 minuta\" \/>\n<script type=\"application\/ld+json\" class=\"yoast-schema-graph\">{\"@context\":\"https:\/\/schema.org\",\"@graph\":[{\"@type\":\"WebPage\",\"@id\":\"https:\/\/zoen.shop\/cs\/obchodni-podpora\/\",\"url\":\"https:\/\/zoen.shop\/cs\/obchodni-podpora\/\",\"name\":\"zoen.shop: podpora prodejc\u016f\",\"isPartOf\":{\"@id\":\"https:\/\/zoen.shop\/cs\/#website\"},\"datePublished\":\"2021-11-11T22:03:53+00:00\",\"dateModified\":\"2022-01-07T10:52:54+00:00\",\"description\":\"Jste prodejce a pot\u0159ebujete pomoc? M\u00e1te-li jak\u00e9koli dotazy, na\u0161e z\u00e1kaznick\u00e1 linka je v\u00e1m k dispozici p\u0159es e-mail, videohovor nebo telefonicky - zoen.shop\",\"breadcrumb\":{\"@id\":\"https:\/\/zoen.shop\/cs\/obchodni-podpora\/#breadcrumb\"},\"inLanguage\":\"cs\",\"potentialAction\":[{\"@type\":\"ReadAction\",\"target\":[\"https:\/\/zoen.shop\/cs\/obchodni-podpora\/\"]}]},{\"@type\":\"BreadcrumbList\",\"@id\":\"https:\/\/zoen.shop\/cs\/obchodni-podpora\/#breadcrumb\",\"itemListElement\":[{\"@type\":\"ListItem\",\"position\":1,\"name\":\"Home\",\"item\":\"https:\/\/zoen.shop\/cs\/\"},{\"@type\":\"ListItem\",\"position\":2,\"name\":\"Obchodn\u00ed podpora\"}]},{\"@type\":\"WebSite\",\"@id\":\"https:\/\/zoen.shop\/cs\/#website\",\"url\":\"https:\/\/zoen.shop\/cs\/\",\"name\":\"zoen.shop\",\"description\":\"VideoCall shop&amp;pay\",\"publisher\":{\"@id\":\"https:\/\/zoen.shop\/cs\/#organization\"},\"potentialAction\":[{\"@type\":\"SearchAction\",\"target\":{\"@type\":\"EntryPoint\",\"urlTemplate\":\"https:\/\/zoen.shop\/cs\/?s={search_term_string}\"},\"query-input\":\"required name=search_term_string\"}],\"inLanguage\":\"cs\"},{\"@type\":\"Organization\",\"@id\":\"https:\/\/zoen.shop\/cs\/#organization\",\"name\":\"zoen shop\",\"url\":\"https:\/\/zoen.shop\/cs\/\",\"logo\":{\"@type\":\"ImageObject\",\"inLanguage\":\"cs\",\"@id\":\"https:\/\/zoen.shop\/cs\/#\/schema\/logo\/image\/\",\"url\":\"https:\/\/zoen.shop\/wp-content\/uploads\/2021\/06\/cropped-logo-Transparent-yellow.png\",\"contentUrl\":\"https:\/\/zoen.shop\/wp-content\/uploads\/2021\/06\/cropped-logo-Transparent-yellow.png\",\"width\":3872,\"height\":1105,\"caption\":\"zoen shop\"},\"image\":{\"@id\":\"https:\/\/zoen.shop\/cs\/#\/schema\/logo\/image\/\"},\"sameAs\":[\"https:\/\/www.facebook.com\/Zoenshop-105671925054190\",\"https:\/\/twitter.com\/zoenshop\",\"https:\/\/www.instagram.com\/zoen.shop\/\",\"https:\/\/www.linkedin.com\/company\/zoenshop\",\"https:\/\/www.youtube.com\/channel\/UClITU8UxelitjTPmBs4maXg\"]}]}<\/script>\n<!-- \/ Yoast SEO plugin. -->","yoast_head_json":{"title":"zoen.shop: podpora prodejc\u016f","description":"Jste prodejce a pot\u0159ebujete pomoc? M\u00e1te-li jak\u00e9koli dotazy, na\u0161e z\u00e1kaznick\u00e1 linka je v\u00e1m k dispozici p\u0159es e-mail, videohovor nebo telefonicky - zoen.shop","robots":{"index":"index","follow":"follow","max-snippet":"max-snippet:-1","max-image-preview":"max-image-preview:large","max-video-preview":"max-video-preview:-1"},"canonical":"https:\/\/zoen.shop\/cs\/obchodni-podpora\/","og_locale":"cs_CZ","og_type":"article","og_title":"zoen.shop: podpora prodejc\u016f","og_description":"Jste prodejce a pot\u0159ebujete pomoc? M\u00e1te-li jak\u00e9koli dotazy, na\u0161e z\u00e1kaznick\u00e1 linka je v\u00e1m k dispozici p\u0159es e-mail, videohovor nebo telefonicky - zoen.shop","og_url":"https:\/\/zoen.shop\/cs\/obchodni-podpora\/","og_site_name":"zoen.shop","article_publisher":"https:\/\/www.facebook.com\/Zoenshop-105671925054190","article_modified_time":"2022-01-07T10:52:54+00:00","og_image":[{"url":"https:\/\/zoen.shop\/wp-content\/uploads\/2021\/10\/merchant-support-1.jpg"}],"twitter_card":"summary_large_image","twitter_site":"@zoenshop","twitter_misc":{"Odhadovan\u00e1 doba \u010dten\u00ed":"1 minuta"},"schema":{"@context":"https:\/\/schema.org","@graph":[{"@type":"WebPage","@id":"https:\/\/zoen.shop\/cs\/obchodni-podpora\/","url":"https:\/\/zoen.shop\/cs\/obchodni-podpora\/","name":"zoen.shop: podpora prodejc\u016f","isPartOf":{"@id":"https:\/\/zoen.shop\/cs\/#website"},"datePublished":"2021-11-11T22:03:53+00:00","dateModified":"2022-01-07T10:52:54+00:00","description":"Jste prodejce a pot\u0159ebujete pomoc? M\u00e1te-li jak\u00e9koli dotazy, na\u0161e z\u00e1kaznick\u00e1 linka je v\u00e1m k dispozici p\u0159es e-mail, videohovor nebo telefonicky - zoen.shop","breadcrumb":{"@id":"https:\/\/zoen.shop\/cs\/obchodni-podpora\/#breadcrumb"},"inLanguage":"cs","potentialAction":[{"@type":"ReadAction","target":["https:\/\/zoen.shop\/cs\/obchodni-podpora\/"]}]},{"@type":"BreadcrumbList","@id":"https:\/\/zoen.shop\/cs\/obchodni-podpora\/#breadcrumb","itemListElement":[{"@type":"ListItem","position":1,"name":"Home","item":"https:\/\/zoen.shop\/cs\/"},{"@type":"ListItem","position":2,"name":"Obchodn\u00ed podpora"}]},{"@type":"WebSite","@id":"https:\/\/zoen.shop\/cs\/#website","url":"https:\/\/zoen.shop\/cs\/","name":"zoen.shop","description":"VideoCall shop&amp;pay","publisher":{"@id":"https:\/\/zoen.shop\/cs\/#organization"},"potentialAction":[{"@type":"SearchAction","target":{"@type":"EntryPoint","urlTemplate":"https:\/\/zoen.shop\/cs\/?s={search_term_string}"},"query-input":"required name=search_term_string"}],"inLanguage":"cs"},{"@type":"Organization","@id":"https:\/\/zoen.shop\/cs\/#organization","name":"zoen shop","url":"https:\/\/zoen.shop\/cs\/","logo":{"@type":"ImageObject","inLanguage":"cs","@id":"https:\/\/zoen.shop\/cs\/#\/schema\/logo\/image\/","url":"https:\/\/zoen.shop\/wp-content\/uploads\/2021\/06\/cropped-logo-Transparent-yellow.png","contentUrl":"https:\/\/zoen.shop\/wp-content\/uploads\/2021\/06\/cropped-logo-Transparent-yellow.png","width":3872,"height":1105,"caption":"zoen shop"},"image":{"@id":"https:\/\/zoen.shop\/cs\/#\/schema\/logo\/image\/"},"sameAs":["https:\/\/www.facebook.com\/Zoenshop-105671925054190","https:\/\/twitter.com\/zoenshop","https:\/\/www.instagram.com\/zoen.shop\/","https:\/\/www.linkedin.com\/company\/zoenshop","https:\/\/www.youtube.com\/channel\/UClITU8UxelitjTPmBs4maXg"]}]}},"_links":{"self":[{"href":"https:\/\/zoen.shop\/cs\/wp-json\/wp\/v2\/pages\/4678"}],"collection":[{"href":"https:\/\/zoen.shop\/cs\/wp-json\/wp\/v2\/pages"}],"about":[{"href":"https:\/\/zoen.shop\/cs\/wp-json\/wp\/v2\/types\/page"}],"author":[{"embeddable":true,"href":"https:\/\/zoen.shop\/cs\/wp-json\/wp\/v2\/users\/2"}],"replies":[{"embeddable":true,"href":"https:\/\/zoen.shop\/cs\/wp-json\/wp\/v2\/comments?post=4678"}],"version-history":[{"count":3,"href":"https:\/\/zoen.shop\/cs\/wp-json\/wp\/v2\/pages\/4678\/revisions"}],"predecessor-version":[{"id":6120,"href":"https:\/\/zoen.shop\/cs\/wp-json\/wp\/v2\/pages\/4678\/revisions\/6120"}],"wp:attachment":[{"href":"https:\/\/zoen.shop\/cs\/wp-json\/wp\/v2\/media?parent=4678"}],"curies":[{"name":"wp","href":"https:\/\/api.w.org\/{rel}","templated":true}]}}