{"id":4680,"date":"2021-11-11T23:13:19","date_gmt":"2021-11-11T22:13:19","guid":{"rendered":"https:\/\/zoen.shop\/zakaznicka-podpora\/"},"modified":"2021-11-23T23:43:07","modified_gmt":"2021-11-23T22:43:07","slug":"zakaznicka-podpora","status":"publish","type":"page","link":"https:\/\/zoen.shop\/cs\/zakaznicka-podpora\/","title":{"rendered":"Z\u00e1kaznick\u00e1 podpora"},"content":{"rendered":"\t\t<div data-elementor-type=\"wp-page\" data-elementor-id=\"4680\" class=\"elementor elementor-4680 elementor-2177\" data-elementor-post-type=\"page\">\n\t\t\t\t\t\t\t\t\t<section class=\"elementor-section elementor-top-section elementor-element elementor-element-a2a3e62 elementor-section-boxed elementor-section-height-default elementor-section-height-default\" data-id=\"a2a3e62\" data-element_type=\"section\">\n\t\t\t\t\t\t<div class=\"elementor-container elementor-column-gap-default\">\n\t\t\t\t\t<div class=\"elementor-column elementor-col-50 elementor-top-column elementor-element elementor-element-565d730\" data-id=\"565d730\" data-element_type=\"column\">\n\t\t\t<div class=\"elementor-widget-wrap elementor-element-populated\">\n\t\t\t\t\t\t\t\t<div class=\"elementor-element elementor-element-66de1dc elementor-widget elementor-widget-heading\" data-id=\"66de1dc\" data-element_type=\"widget\" data-widget_type=\"heading.default\">\n\t\t\t\t<div class=\"elementor-widget-container\">\n\t\t\t<h1 class=\"elementor-heading-title elementor-size-default\">Z\u00e1kaznick\u00e1 podpora<\/h1>\t\t<\/div>\n\t\t\t\t<\/div>\n\t\t\t\t<div class=\"elementor-element elementor-element-af13d2f elementor-widget-divider--view-line elementor-widget elementor-widget-divider\" data-id=\"af13d2f\" data-element_type=\"widget\" data-widget_type=\"divider.default\">\n\t\t\t\t<div class=\"elementor-widget-container\">\n\t\t\t\t\t<div class=\"elementor-divider\">\n\t\t\t<span class=\"elementor-divider-separator\">\n\t\t\t\t\t\t<\/span>\n\t\t<\/div>\n\t\t\t\t<\/div>\n\t\t\t\t<\/div>\n\t\t\t\t<div class=\"elementor-element elementor-element-0ba8934 elementor-widget elementor-widget-heading\" data-id=\"0ba8934\" data-element_type=\"widget\" data-widget_type=\"heading.default\">\n\t\t\t\t<div class=\"elementor-widget-container\">\n\t\t\t<span class=\"elementor-heading-title elementor-size-default\">Nab\u00edz\u00edme podporu nejen obchodn\u00edk\u016fm, ale tak\u00e9 nakupuj\u00edc\u00edm.<\/span>\t\t<\/div>\n\t\t\t\t<\/div>\n\t\t\t\t<div class=\"elementor-element elementor-element-e84ab4e elementor-widget elementor-widget-heading\" data-id=\"e84ab4e\" data-element_type=\"widget\" data-widget_type=\"heading.default\">\n\t\t\t\t<div class=\"elementor-widget-container\">\n\t\t\t<span class=\"elementor-heading-title elementor-size-default\">M\u00e1te n\u011bjak\u00e9 technick\u00e9 pot\u00ed\u017ee? Nebo probl\u00e9my s platbou? M\u00e1te probl\u00e9my s vytvo\u0159en\u00edm \u00fa\u010dtu? M\u00e1te probl\u00e9my s obchodn\u00edkem nebo chcete n\u011bco vr\u00e1tit?<\/span>\t\t<\/div>\n\t\t\t\t<\/div>\n\t\t\t\t<div class=\"elementor-element elementor-element-664dcec elementor-widget elementor-widget-heading\" data-id=\"664dcec\" data-element_type=\"widget\" data-widget_type=\"heading.default\">\n\t\t\t\t<div class=\"elementor-widget-container\">\n\t\t\t<span class=\"elementor-heading-title elementor-size-default\">Kontaktujte n\u00e1s! Pom\u016f\u017eeme V\u00e1m.<\/span>\t\t<\/div>\n\t\t\t\t<\/div>\n\t\t\t\t<div class=\"elementor-element elementor-element-316a0c7 elementor-align-center elementor-widget elementor-widget-button\" data-id=\"316a0c7\" data-element_type=\"widget\" data-widget_type=\"button.default\">\n\t\t\t\t<div class=\"elementor-widget-container\">\n\t\t\t\t\t<div class=\"elementor-button-wrapper\">\n\t\t\t<a class=\"elementor-button elementor-button-link elementor-size-sm\" href=\"https:\/\/zoen.shop\/cs\/kontakt\/\">\n\t\t\t\t\t\t<span class=\"elementor-button-content-wrapper\">\n\t\t\t\t\t\t<span class=\"elementor-button-text\">Kontaktujte n\u00e1s<\/span>\n\t\t<\/span>\n\t\t\t\t\t<\/a>\n\t\t<\/div>\n\t\t\t\t<\/div>\n\t\t\t\t<\/div>\n\t\t\t\t\t<\/div>\n\t\t<\/div>\n\t\t\t\t<div class=\"elementor-column elementor-col-50 elementor-top-column elementor-element elementor-element-bf9cfcb\" data-id=\"bf9cfcb\" data-element_type=\"column\">\n\t\t\t<div class=\"elementor-widget-wrap elementor-element-populated\">\n\t\t\t\t\t\t\t\t<div class=\"elementor-element elementor-element-7cad045 dce_masking-none elementor-widget elementor-widget-image\" data-id=\"7cad045\" data-element_type=\"widget\" data-widget_type=\"image.default\">\n\t\t\t\t<div class=\"elementor-widget-container\">\n\t\t\t\t\t\t\t\t\t\t\t\t\t\t\t<img fetchpriority=\"high\" decoding=\"async\" width=\"800\" height=\"800\" src=\"https:\/\/zoen.shop\/wp-content\/uploads\/2021\/09\/zoen.shop-customer-and-merchant-support-1024x1024.png\" class=\"attachment-large size-large wp-image-4025\" alt=\"zoen.shop - customer and merchant support\" srcset=\"https:\/\/zoen.shop\/wp-content\/uploads\/2021\/09\/zoen.shop-customer-and-merchant-support-1024x1024.png 1024w, https:\/\/zoen.shop\/wp-content\/uploads\/2021\/09\/zoen.shop-customer-and-merchant-support-300x300.png 300w, https:\/\/zoen.shop\/wp-content\/uploads\/2021\/09\/zoen.shop-customer-and-merchant-support-150x150.png 150w, https:\/\/zoen.shop\/wp-content\/uploads\/2021\/09\/zoen.shop-customer-and-merchant-support-768x767.png 768w, https:\/\/zoen.shop\/wp-content\/uploads\/2021\/09\/zoen.shop-customer-and-merchant-support.png 1068w\" sizes=\"(max-width: 800px) 100vw, 800px\" \/>\t\t\t\t\t\t\t\t\t\t\t\t\t\t\t<\/div>\n\t\t\t\t<\/div>\n\t\t\t\t\t<\/div>\n\t\t<\/div>\n\t\t\t\t\t\t\t<\/div>\n\t\t<\/section>\n\t\t\t\t\t\t\t<\/div>\n\t\t","protected":false},"excerpt":{"rendered":"<p>Z\u00e1kaznick\u00e1 podpora Nab\u00edz\u00edme podporu nejen obchodn\u00edk\u016fm, ale tak\u00e9 nakupuj\u00edc\u00edm. M\u00e1te n\u011bjak\u00e9 technick\u00e9 pot\u00ed\u017ee? Nebo probl\u00e9my s platbou? M\u00e1te probl\u00e9my s vytvo\u0159en\u00edm \u00fa\u010dtu? M\u00e1te probl\u00e9my s obchodn\u00edkem nebo chcete n\u011bco vr\u00e1tit? Kontaktujte n\u00e1s! Pom\u016f\u017eeme V\u00e1m. Kontaktujte n\u00e1s<\/p>\n","protected":false},"author":2,"featured_media":0,"parent":0,"menu_order":0,"comment_status":"closed","ping_status":"closed","template":"elementor_header_footer","meta":{"footnotes":""},"yoast_head":"<!-- This site is optimized with the Yoast SEO plugin v21.7 - https:\/\/yoast.com\/wordpress\/plugins\/seo\/ -->\n<title>zoen.shop: podpora nakupuj\u00edc\u00edch<\/title>\n<meta name=\"description\" content=\"Jsme tady pro V\u00e1s! Nakoupili jste jako z\u00e1kazn\u00edk prost\u0159ednictv\u00edm na\u0161eho syst\u00e9mu a pot\u0159ebujete pomoc p\u0159i zpracov\u00e1n\u00ed objedn\u00e1vky s prodejcem? zoen.shop\" \/>\n<meta name=\"robots\" content=\"index, follow, max-snippet:-1, max-image-preview:large, max-video-preview:-1\" \/>\n<link rel=\"canonical\" href=\"https:\/\/zoen.shop\/cs\/zakaznicka-podpora\/\" \/>\n<meta property=\"og:locale\" content=\"cs_CZ\" \/>\n<meta property=\"og:type\" content=\"article\" \/>\n<meta property=\"og:title\" content=\"zoen.shop: podpora nakupuj\u00edc\u00edch\" \/>\n<meta property=\"og:description\" content=\"Jsme tady pro V\u00e1s! Nakoupili jste jako z\u00e1kazn\u00edk prost\u0159ednictv\u00edm na\u0161eho syst\u00e9mu a pot\u0159ebujete pomoc p\u0159i zpracov\u00e1n\u00ed objedn\u00e1vky s prodejcem? zoen.shop\" \/>\n<meta property=\"og:url\" content=\"https:\/\/zoen.shop\/cs\/zakaznicka-podpora\/\" \/>\n<meta property=\"og:site_name\" content=\"zoen.shop\" \/>\n<meta property=\"article:publisher\" content=\"https:\/\/www.facebook.com\/Zoenshop-105671925054190\" \/>\n<meta property=\"article:modified_time\" content=\"2021-11-23T22:43:07+00:00\" \/>\n<meta property=\"og:image\" content=\"https:\/\/zoen.shop\/wp-content\/uploads\/2021\/09\/zoen.shop-customer-and-merchant-support-1024x1024.png\" \/>\n<meta name=\"twitter:card\" content=\"summary_large_image\" \/>\n<meta name=\"twitter:site\" content=\"@zoenshop\" \/>\n<script type=\"application\/ld+json\" class=\"yoast-schema-graph\">{\"@context\":\"https:\/\/schema.org\",\"@graph\":[{\"@type\":\"WebPage\",\"@id\":\"https:\/\/zoen.shop\/cs\/zakaznicka-podpora\/\",\"url\":\"https:\/\/zoen.shop\/cs\/zakaznicka-podpora\/\",\"name\":\"zoen.shop: podpora nakupuj\u00edc\u00edch\",\"isPartOf\":{\"@id\":\"https:\/\/zoen.shop\/cs\/#website\"},\"datePublished\":\"2021-11-11T22:13:19+00:00\",\"dateModified\":\"2021-11-23T22:43:07+00:00\",\"description\":\"Jsme tady pro V\u00e1s! Nakoupili jste jako z\u00e1kazn\u00edk prost\u0159ednictv\u00edm na\u0161eho syst\u00e9mu a pot\u0159ebujete pomoc p\u0159i zpracov\u00e1n\u00ed objedn\u00e1vky s prodejcem? zoen.shop\",\"breadcrumb\":{\"@id\":\"https:\/\/zoen.shop\/cs\/zakaznicka-podpora\/#breadcrumb\"},\"inLanguage\":\"cs\",\"potentialAction\":[{\"@type\":\"ReadAction\",\"target\":[\"https:\/\/zoen.shop\/cs\/zakaznicka-podpora\/\"]}]},{\"@type\":\"BreadcrumbList\",\"@id\":\"https:\/\/zoen.shop\/cs\/zakaznicka-podpora\/#breadcrumb\",\"itemListElement\":[{\"@type\":\"ListItem\",\"position\":1,\"name\":\"Home\",\"item\":\"https:\/\/zoen.shop\/cs\/\"},{\"@type\":\"ListItem\",\"position\":2,\"name\":\"Z\u00e1kaznick\u00e1 podpora\"}]},{\"@type\":\"WebSite\",\"@id\":\"https:\/\/zoen.shop\/cs\/#website\",\"url\":\"https:\/\/zoen.shop\/cs\/\",\"name\":\"zoen.shop\",\"description\":\"VideoCall shop&amp;pay\",\"publisher\":{\"@id\":\"https:\/\/zoen.shop\/cs\/#organization\"},\"potentialAction\":[{\"@type\":\"SearchAction\",\"target\":{\"@type\":\"EntryPoint\",\"urlTemplate\":\"https:\/\/zoen.shop\/cs\/?s={search_term_string}\"},\"query-input\":\"required name=search_term_string\"}],\"inLanguage\":\"cs\"},{\"@type\":\"Organization\",\"@id\":\"https:\/\/zoen.shop\/cs\/#organization\",\"name\":\"zoen shop\",\"url\":\"https:\/\/zoen.shop\/cs\/\",\"logo\":{\"@type\":\"ImageObject\",\"inLanguage\":\"cs\",\"@id\":\"https:\/\/zoen.shop\/cs\/#\/schema\/logo\/image\/\",\"url\":\"https:\/\/zoen.shop\/wp-content\/uploads\/2021\/06\/cropped-logo-Transparent-yellow.png\",\"contentUrl\":\"https:\/\/zoen.shop\/wp-content\/uploads\/2021\/06\/cropped-logo-Transparent-yellow.png\",\"width\":3872,\"height\":1105,\"caption\":\"zoen shop\"},\"image\":{\"@id\":\"https:\/\/zoen.shop\/cs\/#\/schema\/logo\/image\/\"},\"sameAs\":[\"https:\/\/www.facebook.com\/Zoenshop-105671925054190\",\"https:\/\/twitter.com\/zoenshop\",\"https:\/\/www.instagram.com\/zoen.shop\/\",\"https:\/\/www.linkedin.com\/company\/zoenshop\",\"https:\/\/www.youtube.com\/channel\/UClITU8UxelitjTPmBs4maXg\"]}]}<\/script>\n<!-- \/ Yoast SEO plugin. -->","yoast_head_json":{"title":"zoen.shop: podpora nakupuj\u00edc\u00edch","description":"Jsme tady pro V\u00e1s! Nakoupili jste jako z\u00e1kazn\u00edk prost\u0159ednictv\u00edm na\u0161eho syst\u00e9mu a pot\u0159ebujete pomoc p\u0159i zpracov\u00e1n\u00ed objedn\u00e1vky s prodejcem? zoen.shop","robots":{"index":"index","follow":"follow","max-snippet":"max-snippet:-1","max-image-preview":"max-image-preview:large","max-video-preview":"max-video-preview:-1"},"canonical":"https:\/\/zoen.shop\/cs\/zakaznicka-podpora\/","og_locale":"cs_CZ","og_type":"article","og_title":"zoen.shop: podpora nakupuj\u00edc\u00edch","og_description":"Jsme tady pro V\u00e1s! Nakoupili jste jako z\u00e1kazn\u00edk prost\u0159ednictv\u00edm na\u0161eho syst\u00e9mu a pot\u0159ebujete pomoc p\u0159i zpracov\u00e1n\u00ed objedn\u00e1vky s prodejcem? zoen.shop","og_url":"https:\/\/zoen.shop\/cs\/zakaznicka-podpora\/","og_site_name":"zoen.shop","article_publisher":"https:\/\/www.facebook.com\/Zoenshop-105671925054190","article_modified_time":"2021-11-23T22:43:07+00:00","og_image":[{"url":"https:\/\/zoen.shop\/wp-content\/uploads\/2021\/09\/zoen.shop-customer-and-merchant-support-1024x1024.png"}],"twitter_card":"summary_large_image","twitter_site":"@zoenshop","schema":{"@context":"https:\/\/schema.org","@graph":[{"@type":"WebPage","@id":"https:\/\/zoen.shop\/cs\/zakaznicka-podpora\/","url":"https:\/\/zoen.shop\/cs\/zakaznicka-podpora\/","name":"zoen.shop: podpora nakupuj\u00edc\u00edch","isPartOf":{"@id":"https:\/\/zoen.shop\/cs\/#website"},"datePublished":"2021-11-11T22:13:19+00:00","dateModified":"2021-11-23T22:43:07+00:00","description":"Jsme tady pro V\u00e1s! Nakoupili jste jako z\u00e1kazn\u00edk prost\u0159ednictv\u00edm na\u0161eho syst\u00e9mu a pot\u0159ebujete pomoc p\u0159i zpracov\u00e1n\u00ed objedn\u00e1vky s prodejcem? zoen.shop","breadcrumb":{"@id":"https:\/\/zoen.shop\/cs\/zakaznicka-podpora\/#breadcrumb"},"inLanguage":"cs","potentialAction":[{"@type":"ReadAction","target":["https:\/\/zoen.shop\/cs\/zakaznicka-podpora\/"]}]},{"@type":"BreadcrumbList","@id":"https:\/\/zoen.shop\/cs\/zakaznicka-podpora\/#breadcrumb","itemListElement":[{"@type":"ListItem","position":1,"name":"Home","item":"https:\/\/zoen.shop\/cs\/"},{"@type":"ListItem","position":2,"name":"Z\u00e1kaznick\u00e1 podpora"}]},{"@type":"WebSite","@id":"https:\/\/zoen.shop\/cs\/#website","url":"https:\/\/zoen.shop\/cs\/","name":"zoen.shop","description":"VideoCall shop&amp;pay","publisher":{"@id":"https:\/\/zoen.shop\/cs\/#organization"},"potentialAction":[{"@type":"SearchAction","target":{"@type":"EntryPoint","urlTemplate":"https:\/\/zoen.shop\/cs\/?s={search_term_string}"},"query-input":"required name=search_term_string"}],"inLanguage":"cs"},{"@type":"Organization","@id":"https:\/\/zoen.shop\/cs\/#organization","name":"zoen shop","url":"https:\/\/zoen.shop\/cs\/","logo":{"@type":"ImageObject","inLanguage":"cs","@id":"https:\/\/zoen.shop\/cs\/#\/schema\/logo\/image\/","url":"https:\/\/zoen.shop\/wp-content\/uploads\/2021\/06\/cropped-logo-Transparent-yellow.png","contentUrl":"https:\/\/zoen.shop\/wp-content\/uploads\/2021\/06\/cropped-logo-Transparent-yellow.png","width":3872,"height":1105,"caption":"zoen shop"},"image":{"@id":"https:\/\/zoen.shop\/cs\/#\/schema\/logo\/image\/"},"sameAs":["https:\/\/www.facebook.com\/Zoenshop-105671925054190","https:\/\/twitter.com\/zoenshop","https:\/\/www.instagram.com\/zoen.shop\/","https:\/\/www.linkedin.com\/company\/zoenshop","https:\/\/www.youtube.com\/channel\/UClITU8UxelitjTPmBs4maXg"]}]}},"_links":{"self":[{"href":"https:\/\/zoen.shop\/cs\/wp-json\/wp\/v2\/pages\/4680"}],"collection":[{"href":"https:\/\/zoen.shop\/cs\/wp-json\/wp\/v2\/pages"}],"about":[{"href":"https:\/\/zoen.shop\/cs\/wp-json\/wp\/v2\/types\/page"}],"author":[{"embeddable":true,"href":"https:\/\/zoen.shop\/cs\/wp-json\/wp\/v2\/users\/2"}],"replies":[{"embeddable":true,"href":"https:\/\/zoen.shop\/cs\/wp-json\/wp\/v2\/comments?post=4680"}],"version-history":[{"count":1,"href":"https:\/\/zoen.shop\/cs\/wp-json\/wp\/v2\/pages\/4680\/revisions"}],"predecessor-version":[{"id":4681,"href":"https:\/\/zoen.shop\/cs\/wp-json\/wp\/v2\/pages\/4680\/revisions\/4681"}],"wp:attachment":[{"href":"https:\/\/zoen.shop\/cs\/wp-json\/wp\/v2\/media?parent=4680"}],"curies":[{"name":"wp","href":"https:\/\/api.w.org\/{rel}","templated":true}]}}