{"id":4682,"date":"2021-11-11T23:19:15","date_gmt":"2021-11-11T22:19:15","guid":{"rendered":"https:\/\/zoen.shop\/casto-kladene-otazky\/"},"modified":"2021-11-23T23:31:02","modified_gmt":"2021-11-23T22:31:02","slug":"casto-kladene-otazky","status":"publish","type":"page","link":"https:\/\/zoen.shop\/cs\/casto-kladene-otazky\/","title":{"rendered":"\u010casto kladen\u00e9 ot\u00e1zky"},"content":{"rendered":"\t\t<div data-elementor-type=\"wp-page\" data-elementor-id=\"4682\" class=\"elementor elementor-4682 elementor-1427\" data-elementor-post-type=\"page\">\n\t\t\t\t\t\t\t\t\t<section class=\"elementor-section elementor-top-section elementor-element elementor-element-1870f48 elementor-section-content-middle elementor-section-boxed elementor-section-height-default elementor-section-height-default\" data-id=\"1870f48\" data-element_type=\"section\">\n\t\t\t\t\t\t<div class=\"elementor-container elementor-column-gap-no\">\n\t\t\t\t\t<div class=\"elementor-column elementor-col-100 elementor-top-column elementor-element elementor-element-61bdb9de\" data-id=\"61bdb9de\" data-element_type=\"column\">\n\t\t\t<div class=\"elementor-widget-wrap elementor-element-populated\">\n\t\t\t\t\t\t\t\t<div class=\"elementor-element elementor-element-59078b05 elementor-widget elementor-widget-heading\" data-id=\"59078b05\" data-element_type=\"widget\" data-widget_type=\"heading.default\">\n\t\t\t\t<div class=\"elementor-widget-container\">\n\t\t\t<h1 class=\"elementor-heading-title elementor-size-default\">\u010casto kladen\u00e9 ot\u00e1zky<\/h1>\t\t<\/div>\n\t\t\t\t<\/div>\n\t\t\t\t<div class=\"elementor-element elementor-element-4384bd25 elementor-widget elementor-widget-heading\" data-id=\"4384bd25\" data-element_type=\"widget\" data-widget_type=\"heading.default\">\n\t\t\t\t<div class=\"elementor-widget-container\">\n\t\t\t<h5 class=\"elementor-heading-title elementor-size-default\">.<\/h5>\t\t<\/div>\n\t\t\t\t<\/div>\n\t\t\t\t<div class=\"elementor-element elementor-element-31ed1f81 elementor-widget elementor-widget-toggle\" data-id=\"31ed1f81\" data-element_type=\"widget\" data-widget_type=\"toggle.default\">\n\t\t\t\t<div class=\"elementor-widget-container\">\n\t\t\t\t\t<div class=\"elementor-toggle\">\n\t\t\t\t\t\t\t<div class=\"elementor-toggle-item\">\n\t\t\t\t\t<div id=\"elementor-tab-title-8371\" class=\"elementor-tab-title\" data-tab=\"1\" role=\"button\" aria-controls=\"elementor-tab-content-8371\" aria-expanded=\"false\">\n\t\t\t\t\t\t\t\t\t\t\t\t<span class=\"elementor-toggle-icon elementor-toggle-icon-right\" aria-hidden=\"true\">\n\t\t\t\t\t\t\t\t\t\t\t\t\t\t\t<span class=\"elementor-toggle-icon-closed\"><i class=\"fas fa-caret-right\"><\/i><\/span>\n\t\t\t\t\t\t\t\t<span class=\"elementor-toggle-icon-opened\"><i class=\"elementor-toggle-icon-opened fas fa-caret-up\"><\/i><\/span>\n\t\t\t\t\t\t\t\t\t\t\t\t\t<\/span>\n\t\t\t\t\t\t\t\t\t\t\t\t<a class=\"elementor-toggle-title\" tabindex=\"0\">Jak m\u00e1m za\u010d\u00edt? <\/a>\n\t\t\t\t\t<\/div>\n\n\t\t\t\t\t<div id=\"elementor-tab-content-8371\" class=\"elementor-tab-content elementor-clearfix\" data-tab=\"1\" role=\"region\" aria-labelledby=\"elementor-tab-title-8371\"><p>Jako prodejce se m\u016f\u017eete zaregistrovat online na str\u00e1nk\u00e1ch zoen.shop pod odkazem &#8220;&#8221;za\u010d\u00edt&#8221;&#8221; (odkaz). Z pr\u00e1vn\u00edch d\u016fvod\u016f od V\u00e1s pot\u0159ebujeme n\u011bkolik dokument\u016f, jejich\u017e spr\u00e1vnost kontrolujeme v procesu KYC (poznej sv\u00e9ho z\u00e1kazn\u00edka). Po schv\u00e1len\u00ed m\u016f\u017eete zoen.shop vyu\u017e\u00edvat v pln\u00e9m rozsahu.<\/p>\n<\/div>\n\t\t\t\t<\/div>\n\t\t\t\t\t\t\t<div class=\"elementor-toggle-item\">\n\t\t\t\t\t<div id=\"elementor-tab-title-8372\" class=\"elementor-tab-title\" data-tab=\"2\" role=\"button\" aria-controls=\"elementor-tab-content-8372\" aria-expanded=\"false\">\n\t\t\t\t\t\t\t\t\t\t\t\t<span class=\"elementor-toggle-icon elementor-toggle-icon-right\" aria-hidden=\"true\">\n\t\t\t\t\t\t\t\t\t\t\t\t\t\t\t<span class=\"elementor-toggle-icon-closed\"><i class=\"fas fa-caret-right\"><\/i><\/span>\n\t\t\t\t\t\t\t\t<span class=\"elementor-toggle-icon-opened\"><i class=\"elementor-toggle-icon-opened fas fa-caret-up\"><\/i><\/span>\n\t\t\t\t\t\t\t\t\t\t\t\t\t<\/span>\n\t\t\t\t\t\t\t\t\t\t\t\t<a class=\"elementor-toggle-title\" tabindex=\"0\">Mus\u00edm si pro zoen.shop nainstalovat nov\u00fd software?<\/a>\n\t\t\t\t\t<\/div>\n\n\t\t\t\t\t<div id=\"elementor-tab-content-8372\" class=\"elementor-tab-content elementor-clearfix\" data-tab=\"2\" role=\"region\" aria-labelledby=\"elementor-tab-title-8372\"><p>V\u016fbec ne. Sta\u010d\u00ed si st\u00e1hnout aplikaci, vytvo\u0159it profil a pak m\u016f\u017eete za\u010d\u00edt pou\u017e\u00edvat zoen.shop.<\/p>\n<\/div>\n\t\t\t\t<\/div>\n\t\t\t\t\t\t\t<div class=\"elementor-toggle-item\">\n\t\t\t\t\t<div id=\"elementor-tab-title-8373\" class=\"elementor-tab-title\" data-tab=\"3\" role=\"button\" aria-controls=\"elementor-tab-content-8373\" aria-expanded=\"false\">\n\t\t\t\t\t\t\t\t\t\t\t\t<span class=\"elementor-toggle-icon elementor-toggle-icon-right\" aria-hidden=\"true\">\n\t\t\t\t\t\t\t\t\t\t\t\t\t\t\t<span class=\"elementor-toggle-icon-closed\"><i class=\"fas fa-caret-right\"><\/i><\/span>\n\t\t\t\t\t\t\t\t<span class=\"elementor-toggle-icon-opened\"><i class=\"elementor-toggle-icon-opened fas fa-caret-up\"><\/i><\/span>\n\t\t\t\t\t\t\t\t\t\t\t\t\t<\/span>\n\t\t\t\t\t\t\t\t\t\t\t\t<a class=\"elementor-toggle-title\" tabindex=\"0\">Mus\u00edm m\u00edt internetov\u00fd obchod, pokud chci sv\u00fdm z\u00e1kazn\u00edk\u016fm nab\u00edzet nakupov\u00e1n\u00ed prost\u0159ednictv\u00edm videohovor\u016f p\u0159es zoen.shop?<\/a>\n\t\t\t\t\t<\/div>\n\n\t\t\t\t\t<div id=\"elementor-tab-content-8373\" class=\"elementor-tab-content elementor-clearfix\" data-tab=\"3\" role=\"region\" aria-labelledby=\"elementor-tab-title-8373\"><p>Ne! Nemus\u00edte m\u00edt internetov\u00fd obchod ani \u017e\u00e1dn\u00fd jin\u00fd online prodejn\u00ed kan\u00e1l, abyste mohli vyu\u017e\u00edvat na\u0161i platformu pro nakupov\u00e1n\u00ed prost\u0159ednictv\u00edm videohovor\u016f. zoen.shop lze p\u0159ipojit k existuj\u00edc\u00edmu internetov\u00e9mu obchodu, ale funguje i samostatn\u011b jako digit\u00e1ln\u00ed prodejn\u00ed kan\u00e1l.<\/p>\n<\/div>\n\t\t\t\t<\/div>\n\t\t\t\t\t\t\t<div class=\"elementor-toggle-item\">\n\t\t\t\t\t<div id=\"elementor-tab-title-8374\" class=\"elementor-tab-title\" data-tab=\"4\" role=\"button\" aria-controls=\"elementor-tab-content-8374\" aria-expanded=\"false\">\n\t\t\t\t\t\t\t\t\t\t\t\t<span class=\"elementor-toggle-icon elementor-toggle-icon-right\" aria-hidden=\"true\">\n\t\t\t\t\t\t\t\t\t\t\t\t\t\t\t<span class=\"elementor-toggle-icon-closed\"><i class=\"fas fa-caret-right\"><\/i><\/span>\n\t\t\t\t\t\t\t\t<span class=\"elementor-toggle-icon-opened\"><i class=\"elementor-toggle-icon-opened fas fa-caret-up\"><\/i><\/span>\n\t\t\t\t\t\t\t\t\t\t\t\t\t<\/span>\n\t\t\t\t\t\t\t\t\t\t\t\t<a class=\"elementor-toggle-title\" tabindex=\"0\">Mus\u00edm sv\u00e9 produkty prezentovat na webov\u00fdch str\u00e1nk\u00e1ch zoen.shop? <\/a>\n\t\t\t\t\t<\/div>\n\n\t\t\t\t\t<div id=\"elementor-tab-content-8374\" class=\"elementor-tab-content elementor-clearfix\" data-tab=\"4\" role=\"region\" aria-labelledby=\"elementor-tab-title-8374\"><p>Ne! Va\u0161e produkty m\u016f\u017eete prezentovat pouze Vy sami b\u011bhem aktivn\u00edho videohovoru se z\u00e1kazn\u00edky. Ve\u0161ker\u00e9 informace a podrobnosti o v\u00fdrobc\u00edch, kone\u010dn\u00e9 cen\u011b, dod\u00e1n\u00ed atd. prob\u00edhaj\u00ed soukrom\u011b pouze mezi V\u00e1mi a Va\u0161imi z\u00e1kazn\u00edky b\u011bhem videohovoru.<\/p>\n<\/div>\n\t\t\t\t<\/div>\n\t\t\t\t\t\t\t<div class=\"elementor-toggle-item\">\n\t\t\t\t\t<div id=\"elementor-tab-title-8375\" class=\"elementor-tab-title\" data-tab=\"5\" role=\"button\" aria-controls=\"elementor-tab-content-8375\" aria-expanded=\"false\">\n\t\t\t\t\t\t\t\t\t\t\t\t<span class=\"elementor-toggle-icon elementor-toggle-icon-right\" aria-hidden=\"true\">\n\t\t\t\t\t\t\t\t\t\t\t\t\t\t\t<span class=\"elementor-toggle-icon-closed\"><i class=\"fas fa-caret-right\"><\/i><\/span>\n\t\t\t\t\t\t\t\t<span class=\"elementor-toggle-icon-opened\"><i class=\"elementor-toggle-icon-opened fas fa-caret-up\"><\/i><\/span>\n\t\t\t\t\t\t\t\t\t\t\t\t\t<\/span>\n\t\t\t\t\t\t\t\t\t\t\t\t<a class=\"elementor-toggle-title\" tabindex=\"0\">Jak funguje zoen.shop z pohledu m\u00fdch z\u00e1kazn\u00edk\u016f? Mus\u00ed si st\u00e1hnout aplikaci? Mus\u00ed za ni platit?<\/a>\n\t\t\t\t\t<\/div>\n\n\t\t\t\t\t<div id=\"elementor-tab-content-8375\" class=\"elementor-tab-content elementor-clearfix\" data-tab=\"5\" role=\"region\" aria-labelledby=\"elementor-tab-title-8375\"><p>Va\u0161i z\u00e1kazn\u00edci nemus\u00ed instalovat \u017e\u00e1dnou aplikaci ani stahovat \u017e\u00e1dn\u00fd speci\u00e1ln\u00ed software. Sta\u010d\u00ed, kdy\u017e kliknou na V\u00e1\u0161 odkaz a budou s v\u00e1mi p\u0159\u00edmo spojeni. V\u0161e funguje prost\u0159ednictv\u00edm prohl\u00ed\u017ee\u010de jejich po\u010d\u00edta\u010de, mobiln\u00edho telefonu, tabletu nebo jin\u00e9ho chytr\u00e9ho za\u0159\u00edzen\u00ed. A zoen.shop je pro va\u0161e z\u00e1kazn\u00edky zcela zdarma!<\/p>\n<\/div>\n\t\t\t\t<\/div>\n\t\t\t\t\t\t\t<div class=\"elementor-toggle-item\">\n\t\t\t\t\t<div id=\"elementor-tab-title-8376\" class=\"elementor-tab-title\" data-tab=\"6\" role=\"button\" aria-controls=\"elementor-tab-content-8376\" aria-expanded=\"false\">\n\t\t\t\t\t\t\t\t\t\t\t\t<span class=\"elementor-toggle-icon elementor-toggle-icon-right\" aria-hidden=\"true\">\n\t\t\t\t\t\t\t\t\t\t\t\t\t\t\t<span class=\"elementor-toggle-icon-closed\"><i class=\"fas fa-caret-right\"><\/i><\/span>\n\t\t\t\t\t\t\t\t<span class=\"elementor-toggle-icon-opened\"><i class=\"elementor-toggle-icon-opened fas fa-caret-up\"><\/i><\/span>\n\t\t\t\t\t\t\t\t\t\t\t\t\t<\/span>\n\t\t\t\t\t\t\t\t\t\t\t\t<a class=\"elementor-toggle-title\" tabindex=\"0\">Mus\u00ed se moji z\u00e1kazn\u00edci registrovat online na zoen.shop? <\/a>\n\t\t\t\t\t<\/div>\n\n\t\t\t\t\t<div id=\"elementor-tab-content-8376\" class=\"elementor-tab-content elementor-clearfix\" data-tab=\"6\" role=\"region\" aria-labelledby=\"elementor-tab-title-8376\"><p>Online registrace Va\u0161ich z\u00e1kazn\u00edk\u016f nen\u00ed povinn\u00e1, proto\u017ee slu\u017ebu mohou vyu\u017e\u00edvat i jako &#8220;&#8221;HOST\u00c9&#8221;&#8221;. Existuje v\u0161ak mo\u017enost, aby se zaregistrovali a vytvo\u0159ili si \u00fa\u010det, kter\u00fd nab\u00edz\u00ed n\u011bkolik v\u00fdhod. Nap\u0159\u00edklad mo\u017enost ulo\u017een\u00ed dodac\u00ed adresy, p\u0159\u00edstup k historii p\u0159edchoz\u00edch n\u00e1kup\u016f a mo\u017enost p\u0159\u00edm\u00e9 platby pomoc\u00ed jednoho klikmut\u00ed.<\/p>\n<\/div>\n\t\t\t\t<\/div>\n\t\t\t\t\t\t\t<div class=\"elementor-toggle-item\">\n\t\t\t\t\t<div id=\"elementor-tab-title-8377\" class=\"elementor-tab-title\" data-tab=\"7\" role=\"button\" aria-controls=\"elementor-tab-content-8377\" aria-expanded=\"false\">\n\t\t\t\t\t\t\t\t\t\t\t\t<span class=\"elementor-toggle-icon elementor-toggle-icon-right\" aria-hidden=\"true\">\n\t\t\t\t\t\t\t\t\t\t\t\t\t\t\t<span class=\"elementor-toggle-icon-closed\"><i class=\"fas fa-caret-right\"><\/i><\/span>\n\t\t\t\t\t\t\t\t<span class=\"elementor-toggle-icon-opened\"><i class=\"elementor-toggle-icon-opened fas fa-caret-up\"><\/i><\/span>\n\t\t\t\t\t\t\t\t\t\t\t\t\t<\/span>\n\t\t\t\t\t\t\t\t\t\t\t\t<a class=\"elementor-toggle-title\" tabindex=\"0\">Jak\u00e9 jsou aktu\u00e1ln\u00ed mo\u017enosti platby pro z\u00e1kazn\u00edky? <\/a>\n\t\t\t\t\t<\/div>\n\n\t\t\t\t\t<div id=\"elementor-tab-content-8377\" class=\"elementor-tab-content elementor-clearfix\" data-tab=\"7\" role=\"region\" aria-labelledby=\"elementor-tab-title-8377\"><p>Nab\u00edz\u00edme celosv\u011btovou mo\u017enost platby debetn\u00ed a kreditn\u00ed kartou Visa nebo Mastercard. D\u00e1le je mo\u017en\u00e9 platit prost\u0159ednictv\u00edm Google Pay, Apple Pay, SEPA nebo bankovn\u00edm p\u0159evodem.<\/p>\n<\/div>\n\t\t\t\t<\/div>\n\t\t\t\t\t\t\t<div class=\"elementor-toggle-item\">\n\t\t\t\t\t<div id=\"elementor-tab-title-8378\" class=\"elementor-tab-title\" data-tab=\"8\" role=\"button\" aria-controls=\"elementor-tab-content-8378\" aria-expanded=\"false\">\n\t\t\t\t\t\t\t\t\t\t\t\t<span class=\"elementor-toggle-icon elementor-toggle-icon-right\" aria-hidden=\"true\">\n\t\t\t\t\t\t\t\t\t\t\t\t\t\t\t<span class=\"elementor-toggle-icon-closed\"><i class=\"fas fa-caret-right\"><\/i><\/span>\n\t\t\t\t\t\t\t\t<span class=\"elementor-toggle-icon-opened\"><i class=\"elementor-toggle-icon-opened fas fa-caret-up\"><\/i><\/span>\n\t\t\t\t\t\t\t\t\t\t\t\t\t<\/span>\n\t\t\t\t\t\t\t\t\t\t\t\t<a class=\"elementor-toggle-title\" tabindex=\"0\">Jak se z\u00e1kazn\u00edci dozv\u011bd\u00ed, \u017ee u n\u00e1s mohou nakupovat pomoc\u00ed videohovoru? <\/a>\n\t\t\t\t\t<\/div>\n\n\t\t\t\t\t<div id=\"elementor-tab-content-8378\" class=\"elementor-tab-content elementor-clearfix\" data-tab=\"8\" role=\"region\" aria-labelledby=\"elementor-tab-title-8378\"><p>Velmi snadno! Ud\u011bl\u00e1te o tom reklamu na sv\u00fdch webov\u00fdch str\u00e1nk\u00e1ch. M\u016f\u017ee to b\u00fdt podobn\u011b jako okno &#8220;&#8221;online chatu&#8221;&#8221;, tla\u010d\u00edtko, skript nebo textov\u00fd odkaz, na kter\u00fd mohou va\u0161i z\u00e1kazn\u00edci kliknout. Tato aplikace funguje tak\u00e9 pro va\u0161e e-mailov\u00e9 kampan\u011b nebo p\u0159\u00edsp\u011bvky na soci\u00e1ln\u00edch s\u00edt\u00edch. S integrac\u00ed v\u00e1m samoz\u0159ejm\u011b v\u017edy r\u00e1di pom\u016f\u017eeme!<\/p>\n<\/div>\n\t\t\t\t<\/div>\n\t\t\t\t\t\t\t<div class=\"elementor-toggle-item\">\n\t\t\t\t\t<div id=\"elementor-tab-title-8379\" class=\"elementor-tab-title\" data-tab=\"9\" role=\"button\" aria-controls=\"elementor-tab-content-8379\" aria-expanded=\"false\">\n\t\t\t\t\t\t\t\t\t\t\t\t<span class=\"elementor-toggle-icon elementor-toggle-icon-right\" aria-hidden=\"true\">\n\t\t\t\t\t\t\t\t\t\t\t\t\t\t\t<span class=\"elementor-toggle-icon-closed\"><i class=\"fas fa-caret-right\"><\/i><\/span>\n\t\t\t\t\t\t\t\t<span class=\"elementor-toggle-icon-opened\"><i class=\"elementor-toggle-icon-opened fas fa-caret-up\"><\/i><\/span>\n\t\t\t\t\t\t\t\t\t\t\t\t\t<\/span>\n\t\t\t\t\t\t\t\t\t\t\t\t<a class=\"elementor-toggle-title\" tabindex=\"0\">Jak se mi vyplat\u00ed a jak\u00e9 jsou n\u00e1klady na pou\u017e\u00edv\u00e1n\u00ed zoen.shop? <\/a>\n\t\t\t\t\t<\/div>\n\n\t\t\t\t\t<div id=\"elementor-tab-content-8379\" class=\"elementor-tab-content elementor-clearfix\" data-tab=\"9\" role=\"region\" aria-labelledby=\"elementor-tab-title-8379\"><p>Platbu dostanete p\u0159\u00edm\u00fdm bankovn\u00edm p\u0159evodem. Platbu V\u00e1m p\u0159evedeme (t\u00fddn\u011b nebo denn\u011b v z\u00e1vislosti na spolupr\u00e1ci) p\u0159\u00edmo na V\u00e1\u0161 \u00fa\u010det. Podrobn\u011bj\u0161\u00ed informace o poplatc\u00edch za pou\u017e\u00edv\u00e1n\u00ed zoen.shop najdete v \u010d\u00e1sti Cen\u00edk nebo v na\u0161ich V\u0161eobecn\u00fdch obchodn\u00edch podm\u00ednk\u00e1ch.<\/p>\n<\/div>\n\t\t\t\t<\/div>\n\t\t\t\t\t\t\t<div class=\"elementor-toggle-item\">\n\t\t\t\t\t<div id=\"elementor-tab-title-83710\" class=\"elementor-tab-title\" data-tab=\"10\" role=\"button\" aria-controls=\"elementor-tab-content-83710\" aria-expanded=\"false\">\n\t\t\t\t\t\t\t\t\t\t\t\t<span class=\"elementor-toggle-icon elementor-toggle-icon-right\" aria-hidden=\"true\">\n\t\t\t\t\t\t\t\t\t\t\t\t\t\t\t<span class=\"elementor-toggle-icon-closed\"><i class=\"fas fa-caret-right\"><\/i><\/span>\n\t\t\t\t\t\t\t\t<span class=\"elementor-toggle-icon-opened\"><i class=\"elementor-toggle-icon-opened fas fa-caret-up\"><\/i><\/span>\n\t\t\t\t\t\t\t\t\t\t\t\t\t<\/span>\n\t\t\t\t\t\t\t\t\t\t\t\t<a class=\"elementor-toggle-title\" tabindex=\"0\">Jak V\u00e1s mohu kontaktovat a v jak\u00fdch \u010dasech jste k zasti\u017een\u00ed?<\/a>\n\t\t\t\t\t<\/div>\n\n\t\t\t\t\t<div id=\"elementor-tab-content-83710\" class=\"elementor-tab-content elementor-clearfix\" data-tab=\"10\" role=\"region\" aria-labelledby=\"elementor-tab-title-83710\"><p>Nejl\u00e9pe se s n\u00e1mi spoj\u00edte prost\u0159ednictv\u00edm na\u0161\u00ed online podpory nebo e-mailem na emailov\u00e9 adrese support @ zoen. shop. Na\u0161e podpora je k odspozici od pond\u011bl\u00ed do p\u00e1tku od 8:00 do 22:00.&#8221;<\/p>\n<\/div>\n\t\t\t\t<\/div>\n\t\t\t\t\t\t\t\t<\/div>\n\t\t\t\t<\/div>\n\t\t\t\t<\/div>\n\t\t\t\t\t<\/div>\n\t\t<\/div>\n\t\t\t\t\t\t\t<\/div>\n\t\t<\/section>\n\t\t\t\t\t\t\t<\/div>\n\t\t","protected":false},"excerpt":{"rendered":"<p>\u010casto kladen\u00e9 ot\u00e1zky . Jak m\u00e1m za\u010d\u00edt? Jako prodejce se m\u016f\u017eete zaregistrovat online na str\u00e1nk\u00e1ch zoen.shop pod odkazem &#8220;&#8221;za\u010d\u00edt&#8221;&#8221; (odkaz). Z pr\u00e1vn\u00edch d\u016fvod\u016f od V\u00e1s pot\u0159ebujeme n\u011bkolik dokument\u016f, jejich\u017e spr\u00e1vnost kontrolujeme v procesu KYC (poznej sv\u00e9ho z\u00e1kazn\u00edka). Po schv\u00e1len\u00ed m\u016f\u017eete zoen.shop vyu\u017e\u00edvat v pln\u00e9m rozsahu. Mus\u00edm si pro zoen.shop nainstalovat nov\u00fd software? V\u016fbec ne. Sta\u010d\u00ed [&hellip;]<\/p>\n","protected":false},"author":2,"featured_media":0,"parent":0,"menu_order":0,"comment_status":"closed","ping_status":"closed","template":"elementor_header_footer","meta":{"footnotes":""},"yoast_head":"<!-- This site is optimized with the Yoast SEO plugin v21.7 - https:\/\/yoast.com\/wordpress\/plugins\/seo\/ -->\n<title>FAQ - \u010casto kladen\u00e9 ot\u00e1zky - zoen.shop<\/title>\n<meta name=\"description\" content=\"M\u00e1te-li obecn\u00e9 ot\u00e1zky o registraci,o funkcionalit\u00e1ch, o vypl\u00e1cen\u00ed nebo platform\u011b, pod\u00edvejte se na na\u0161e FAQ - zoen.shop\" \/>\n<meta name=\"robots\" content=\"index, follow, max-snippet:-1, max-image-preview:large, max-video-preview:-1\" \/>\n<link rel=\"canonical\" href=\"https:\/\/zoen.shop\/cs\/casto-kladene-otazky\/\" \/>\n<meta property=\"og:locale\" content=\"cs_CZ\" \/>\n<meta property=\"og:type\" content=\"article\" \/>\n<meta property=\"og:title\" content=\"FAQ - \u010casto kladen\u00e9 ot\u00e1zky - zoen.shop\" \/>\n<meta property=\"og:description\" content=\"M\u00e1te-li obecn\u00e9 ot\u00e1zky o registraci,o funkcionalit\u00e1ch, o vypl\u00e1cen\u00ed nebo platform\u011b, pod\u00edvejte se na na\u0161e FAQ - zoen.shop\" \/>\n<meta property=\"og:url\" content=\"https:\/\/zoen.shop\/cs\/casto-kladene-otazky\/\" \/>\n<meta property=\"og:site_name\" content=\"zoen.shop\" \/>\n<meta property=\"article:publisher\" content=\"https:\/\/www.facebook.com\/Zoenshop-105671925054190\" \/>\n<meta property=\"article:modified_time\" content=\"2021-11-23T22:31:02+00:00\" \/>\n<meta property=\"og:image\" content=\"https:\/\/zoen.shop\/wp-content\/uploads\/2021\/06\/cropped-logo-Transparent-yellow.png\" \/>\n\t<meta property=\"og:image:width\" content=\"3872\" \/>\n\t<meta property=\"og:image:height\" content=\"1105\" \/>\n\t<meta property=\"og:image:type\" content=\"image\/png\" \/>\n<meta name=\"twitter:card\" content=\"summary_large_image\" \/>\n<meta name=\"twitter:site\" content=\"@zoenshop\" \/>\n<meta name=\"twitter:label1\" content=\"Odhadovan\u00e1 doba \u010dten\u00ed\" \/>\n\t<meta name=\"twitter:data1\" content=\"3 minuty\" \/>\n<script type=\"application\/ld+json\" class=\"yoast-schema-graph\">{\"@context\":\"https:\/\/schema.org\",\"@graph\":[{\"@type\":\"WebPage\",\"@id\":\"https:\/\/zoen.shop\/cs\/casto-kladene-otazky\/\",\"url\":\"https:\/\/zoen.shop\/cs\/casto-kladene-otazky\/\",\"name\":\"FAQ - \u010casto kladen\u00e9 ot\u00e1zky - zoen.shop\",\"isPartOf\":{\"@id\":\"https:\/\/zoen.shop\/cs\/#website\"},\"datePublished\":\"2021-11-11T22:19:15+00:00\",\"dateModified\":\"2021-11-23T22:31:02+00:00\",\"description\":\"M\u00e1te-li obecn\u00e9 ot\u00e1zky o registraci,o funkcionalit\u00e1ch, o vypl\u00e1cen\u00ed nebo platform\u011b, pod\u00edvejte se na na\u0161e FAQ - zoen.shop\",\"breadcrumb\":{\"@id\":\"https:\/\/zoen.shop\/cs\/casto-kladene-otazky\/#breadcrumb\"},\"inLanguage\":\"cs\",\"potentialAction\":[{\"@type\":\"ReadAction\",\"target\":[\"https:\/\/zoen.shop\/cs\/casto-kladene-otazky\/\"]}]},{\"@type\":\"BreadcrumbList\",\"@id\":\"https:\/\/zoen.shop\/cs\/casto-kladene-otazky\/#breadcrumb\",\"itemListElement\":[{\"@type\":\"ListItem\",\"position\":1,\"name\":\"Home\",\"item\":\"https:\/\/zoen.shop\/cs\/\"},{\"@type\":\"ListItem\",\"position\":2,\"name\":\"\u010casto kladen\u00e9 ot\u00e1zky\"}]},{\"@type\":\"WebSite\",\"@id\":\"https:\/\/zoen.shop\/cs\/#website\",\"url\":\"https:\/\/zoen.shop\/cs\/\",\"name\":\"zoen.shop\",\"description\":\"VideoCall shop&amp;pay\",\"publisher\":{\"@id\":\"https:\/\/zoen.shop\/cs\/#organization\"},\"potentialAction\":[{\"@type\":\"SearchAction\",\"target\":{\"@type\":\"EntryPoint\",\"urlTemplate\":\"https:\/\/zoen.shop\/cs\/?s={search_term_string}\"},\"query-input\":\"required name=search_term_string\"}],\"inLanguage\":\"cs\"},{\"@type\":\"Organization\",\"@id\":\"https:\/\/zoen.shop\/cs\/#organization\",\"name\":\"zoen shop\",\"url\":\"https:\/\/zoen.shop\/cs\/\",\"logo\":{\"@type\":\"ImageObject\",\"inLanguage\":\"cs\",\"@id\":\"https:\/\/zoen.shop\/cs\/#\/schema\/logo\/image\/\",\"url\":\"https:\/\/zoen.shop\/wp-content\/uploads\/2021\/06\/cropped-logo-Transparent-yellow.png\",\"contentUrl\":\"https:\/\/zoen.shop\/wp-content\/uploads\/2021\/06\/cropped-logo-Transparent-yellow.png\",\"width\":3872,\"height\":1105,\"caption\":\"zoen shop\"},\"image\":{\"@id\":\"https:\/\/zoen.shop\/cs\/#\/schema\/logo\/image\/\"},\"sameAs\":[\"https:\/\/www.facebook.com\/Zoenshop-105671925054190\",\"https:\/\/twitter.com\/zoenshop\",\"https:\/\/www.instagram.com\/zoen.shop\/\",\"https:\/\/www.linkedin.com\/company\/zoenshop\",\"https:\/\/www.youtube.com\/channel\/UClITU8UxelitjTPmBs4maXg\"]}]}<\/script>\n<!-- \/ Yoast SEO plugin. -->","yoast_head_json":{"title":"FAQ - \u010casto kladen\u00e9 ot\u00e1zky - zoen.shop","description":"M\u00e1te-li obecn\u00e9 ot\u00e1zky o registraci,o funkcionalit\u00e1ch, o vypl\u00e1cen\u00ed nebo platform\u011b, pod\u00edvejte se na na\u0161e FAQ - zoen.shop","robots":{"index":"index","follow":"follow","max-snippet":"max-snippet:-1","max-image-preview":"max-image-preview:large","max-video-preview":"max-video-preview:-1"},"canonical":"https:\/\/zoen.shop\/cs\/casto-kladene-otazky\/","og_locale":"cs_CZ","og_type":"article","og_title":"FAQ - \u010casto kladen\u00e9 ot\u00e1zky - zoen.shop","og_description":"M\u00e1te-li obecn\u00e9 ot\u00e1zky o registraci,o funkcionalit\u00e1ch, o vypl\u00e1cen\u00ed nebo platform\u011b, pod\u00edvejte se na na\u0161e FAQ - zoen.shop","og_url":"https:\/\/zoen.shop\/cs\/casto-kladene-otazky\/","og_site_name":"zoen.shop","article_publisher":"https:\/\/www.facebook.com\/Zoenshop-105671925054190","article_modified_time":"2021-11-23T22:31:02+00:00","og_image":[{"width":3872,"height":1105,"url":"https:\/\/zoen.shop\/wp-content\/uploads\/2021\/06\/cropped-logo-Transparent-yellow.png","type":"image\/png"}],"twitter_card":"summary_large_image","twitter_site":"@zoenshop","twitter_misc":{"Odhadovan\u00e1 doba \u010dten\u00ed":"3 minuty"},"schema":{"@context":"https:\/\/schema.org","@graph":[{"@type":"WebPage","@id":"https:\/\/zoen.shop\/cs\/casto-kladene-otazky\/","url":"https:\/\/zoen.shop\/cs\/casto-kladene-otazky\/","name":"FAQ - \u010casto kladen\u00e9 ot\u00e1zky - zoen.shop","isPartOf":{"@id":"https:\/\/zoen.shop\/cs\/#website"},"datePublished":"2021-11-11T22:19:15+00:00","dateModified":"2021-11-23T22:31:02+00:00","description":"M\u00e1te-li obecn\u00e9 ot\u00e1zky o registraci,o funkcionalit\u00e1ch, o vypl\u00e1cen\u00ed nebo platform\u011b, pod\u00edvejte se na na\u0161e FAQ - zoen.shop","breadcrumb":{"@id":"https:\/\/zoen.shop\/cs\/casto-kladene-otazky\/#breadcrumb"},"inLanguage":"cs","potentialAction":[{"@type":"ReadAction","target":["https:\/\/zoen.shop\/cs\/casto-kladene-otazky\/"]}]},{"@type":"BreadcrumbList","@id":"https:\/\/zoen.shop\/cs\/casto-kladene-otazky\/#breadcrumb","itemListElement":[{"@type":"ListItem","position":1,"name":"Home","item":"https:\/\/zoen.shop\/cs\/"},{"@type":"ListItem","position":2,"name":"\u010casto kladen\u00e9 ot\u00e1zky"}]},{"@type":"WebSite","@id":"https:\/\/zoen.shop\/cs\/#website","url":"https:\/\/zoen.shop\/cs\/","name":"zoen.shop","description":"VideoCall shop&amp;pay","publisher":{"@id":"https:\/\/zoen.shop\/cs\/#organization"},"potentialAction":[{"@type":"SearchAction","target":{"@type":"EntryPoint","urlTemplate":"https:\/\/zoen.shop\/cs\/?s={search_term_string}"},"query-input":"required name=search_term_string"}],"inLanguage":"cs"},{"@type":"Organization","@id":"https:\/\/zoen.shop\/cs\/#organization","name":"zoen shop","url":"https:\/\/zoen.shop\/cs\/","logo":{"@type":"ImageObject","inLanguage":"cs","@id":"https:\/\/zoen.shop\/cs\/#\/schema\/logo\/image\/","url":"https:\/\/zoen.shop\/wp-content\/uploads\/2021\/06\/cropped-logo-Transparent-yellow.png","contentUrl":"https:\/\/zoen.shop\/wp-content\/uploads\/2021\/06\/cropped-logo-Transparent-yellow.png","width":3872,"height":1105,"caption":"zoen shop"},"image":{"@id":"https:\/\/zoen.shop\/cs\/#\/schema\/logo\/image\/"},"sameAs":["https:\/\/www.facebook.com\/Zoenshop-105671925054190","https:\/\/twitter.com\/zoenshop","https:\/\/www.instagram.com\/zoen.shop\/","https:\/\/www.linkedin.com\/company\/zoenshop","https:\/\/www.youtube.com\/channel\/UClITU8UxelitjTPmBs4maXg"]}]}},"_links":{"self":[{"href":"https:\/\/zoen.shop\/cs\/wp-json\/wp\/v2\/pages\/4682"}],"collection":[{"href":"https:\/\/zoen.shop\/cs\/wp-json\/wp\/v2\/pages"}],"about":[{"href":"https:\/\/zoen.shop\/cs\/wp-json\/wp\/v2\/types\/page"}],"author":[{"embeddable":true,"href":"https:\/\/zoen.shop\/cs\/wp-json\/wp\/v2\/users\/2"}],"replies":[{"embeddable":true,"href":"https:\/\/zoen.shop\/cs\/wp-json\/wp\/v2\/comments?post=4682"}],"version-history":[{"count":4,"href":"https:\/\/zoen.shop\/cs\/wp-json\/wp\/v2\/pages\/4682\/revisions"}],"predecessor-version":[{"id":5260,"href":"https:\/\/zoen.shop\/cs\/wp-json\/wp\/v2\/pages\/4682\/revisions\/5260"}],"wp:attachment":[{"href":"https:\/\/zoen.shop\/cs\/wp-json\/wp\/v2\/media?parent=4682"}],"curies":[{"name":"wp","href":"https:\/\/api.w.org\/{rel}","templated":true}]}}