{"id":4686,"date":"2021-11-11T23:22:08","date_gmt":"2021-11-11T22:22:08","guid":{"rendered":"https:\/\/zoen.shop\/online-platby\/"},"modified":"2021-11-23T23:37:57","modified_gmt":"2021-11-23T22:37:57","slug":"online-platby","status":"publish","type":"page","link":"https:\/\/zoen.shop\/cs\/online-platby\/","title":{"rendered":"Online platby"},"content":{"rendered":"\t\t<div data-elementor-type=\"wp-page\" data-elementor-id=\"4686\" class=\"elementor elementor-4686 elementor-2234\" data-elementor-post-type=\"page\">\n\t\t\t\t\t\t\t\t\t<section class=\"elementor-section elementor-top-section elementor-element elementor-element-a6fba7c elementor-section-boxed elementor-section-height-default elementor-section-height-default\" data-id=\"a6fba7c\" data-element_type=\"section\">\n\t\t\t\t\t\t<div class=\"elementor-container elementor-column-gap-default\">\n\t\t\t\t\t<div class=\"elementor-column elementor-col-100 elementor-top-column elementor-element elementor-element-3b2c5a8\" data-id=\"3b2c5a8\" data-element_type=\"column\">\n\t\t\t<div class=\"elementor-widget-wrap elementor-element-populated\">\n\t\t\t\t\t\t\t\t<div class=\"elementor-element elementor-element-727adae elementor-widget elementor-widget-heading\" data-id=\"727adae\" data-element_type=\"widget\" data-widget_type=\"heading.default\">\n\t\t\t\t<div class=\"elementor-widget-container\">\n\t\t\t<h1 class=\"elementor-heading-title elementor-size-default\">Online platby<\/h1>\t\t<\/div>\n\t\t\t\t<\/div>\n\t\t\t\t\t<\/div>\n\t\t<\/div>\n\t\t\t\t\t\t\t<\/div>\n\t\t<\/section>\n\t\t\t\t<section class=\"elementor-section elementor-top-section elementor-element elementor-element-6534933 elementor-reverse-mobile elementor-section-boxed elementor-section-height-default elementor-section-height-default\" data-id=\"6534933\" data-element_type=\"section\">\n\t\t\t\t\t\t<div class=\"elementor-container elementor-column-gap-default\">\n\t\t\t\t\t<div class=\"elementor-column elementor-col-50 elementor-top-column elementor-element elementor-element-df306e7\" data-id=\"df306e7\" data-element_type=\"column\">\n\t\t\t<div class=\"elementor-widget-wrap elementor-element-populated\">\n\t\t\t\t\t\t\t\t<div class=\"elementor-element elementor-element-97a2f2f elementor-widget elementor-widget-heading\" data-id=\"97a2f2f\" data-element_type=\"widget\" data-widget_type=\"heading.default\">\n\t\t\t\t<div class=\"elementor-widget-container\">\n\t\t\t<h2 class=\"elementor-heading-title elementor-size-default\">Mo\u017enosti platby<\/h2>\t\t<\/div>\n\t\t\t\t<\/div>\n\t\t\t\t<div class=\"elementor-element elementor-element-6ceedff elementor-widget elementor-widget-heading\" data-id=\"6ceedff\" data-element_type=\"widget\" data-widget_type=\"heading.default\">\n\t\t\t\t<div class=\"elementor-widget-container\">\n\t\t\t<span class=\"elementor-heading-title elementor-size-default\">D\u00edky slu\u017eb\u011b zoen.shop je platba snadn\u00e1. A\u0165 u\u017e jste obchodn\u00edk nebo spot\u0159ebitel, nab\u00edz\u00edme nej\u0161ir\u0161\u00ed mo\u017enosti a v\u00fdb\u011br plateb, v\u010detn\u011b v\u0161ech hlavn\u00edch platebn\u00edch karet. Nab\u00edz\u00edme tak\u00e9 platby prost\u0159ednictv\u00edm Apple Pay a Google Pay.<\/span>\t\t<\/div>\n\t\t\t\t<\/div>\n\t\t\t\t<div class=\"elementor-element elementor-element-65ca6fc elementor-widget elementor-widget-heading\" data-id=\"65ca6fc\" data-element_type=\"widget\" data-widget_type=\"heading.default\">\n\t\t\t\t<div class=\"elementor-widget-container\">\n\t\t\t<h2 class=\"elementor-heading-title elementor-size-default\">Platby kartou<\/h2>\t\t<\/div>\n\t\t\t\t<\/div>\n\t\t\t\t<div class=\"elementor-element elementor-element-700958e elementor-widget elementor-widget-heading\" data-id=\"700958e\" data-element_type=\"widget\" data-widget_type=\"heading.default\">\n\t\t\t\t<div class=\"elementor-widget-container\">\n\t\t\t<span class=\"elementor-heading-title elementor-size-default\">Pou\u017e\u00edv\u00e1me slu\u017ebu Stripe a m\u016f\u017eete platit kartami Visa, MasterCard, Amex, Discover, Diners a JCB.<\/span>\t\t<\/div>\n\t\t\t\t<\/div>\n\t\t\t\t<div class=\"elementor-element elementor-element-8700643 elementor-widget elementor-widget-heading\" data-id=\"8700643\" data-element_type=\"widget\" data-widget_type=\"heading.default\">\n\t\t\t\t<div class=\"elementor-widget-container\">\n\t\t\t<h2 class=\"elementor-heading-title elementor-size-default\">Digit\u00e1ln\u00ed platby prost\u0159ednictv\u00edm mobiln\u00ed pen\u011b\u017eenky<\/h2>\t\t<\/div>\n\t\t\t\t<\/div>\n\t\t\t\t<div class=\"elementor-element elementor-element-652751b elementor-widget elementor-widget-heading\" data-id=\"652751b\" data-element_type=\"widget\" data-widget_type=\"heading.default\">\n\t\t\t\t<div class=\"elementor-widget-container\">\n\t\t\t<span class=\"elementor-heading-title elementor-size-default\">P\u0159ij\u00edm\u00e1me platby prost\u0159ednictv\u00edm digit\u00e1ln\u00ed pen\u011b\u017eenky: Apple Pay a Google Pay.<\/span>\t\t<\/div>\n\t\t\t\t<\/div>\n\t\t\t\t<div class=\"elementor-element elementor-element-e0d6a1f elementor-widget elementor-widget-heading\" data-id=\"e0d6a1f\" data-element_type=\"widget\" data-widget_type=\"heading.default\">\n\t\t\t\t<div class=\"elementor-widget-container\">\n\t\t\t<h2 class=\"elementor-heading-title elementor-size-default\">P\u0159\u00edm\u00fd p\u0159evod<\/h2>\t\t<\/div>\n\t\t\t\t<\/div>\n\t\t\t\t<div class=\"elementor-element elementor-element-445aea8 elementor-widget elementor-widget-heading\" data-id=\"445aea8\" data-element_type=\"widget\" data-widget_type=\"heading.default\">\n\t\t\t\t<div class=\"elementor-widget-container\">\n\t\t\t<span class=\"elementor-heading-title elementor-size-default\">P\u0159ij\u00edm\u00e1me tak\u00e9 platby p\u0159\u00edm\u00fdm p\u0159evodem z va\u0161eho bankovn\u00edho \u00fa\u010dtu. (SEPA platby v EU).<\/span>\t\t<\/div>\n\t\t\t\t<\/div>\n\t\t\t\t\t<\/div>\n\t\t<\/div>\n\t\t\t\t<div class=\"elementor-column elementor-col-50 elementor-top-column elementor-element elementor-element-40771d3\" data-id=\"40771d3\" data-element_type=\"column\">\n\t\t\t<div class=\"elementor-widget-wrap elementor-element-populated\">\n\t\t\t\t\t\t\t\t<div class=\"elementor-element elementor-element-6994ba5 dce_masking-none elementor-widget elementor-widget-image\" data-id=\"6994ba5\" data-element_type=\"widget\" data-widget_type=\"image.default\">\n\t\t\t\t<div class=\"elementor-widget-container\">\n\t\t\t\t\t\t\t\t\t\t\t\t\t\t\t<img fetchpriority=\"high\" decoding=\"async\" width=\"800\" height=\"765\" src=\"https:\/\/zoen.shop\/wp-content\/uploads\/2021\/10\/payments-1-1024x979.png\" class=\"attachment-large size-large wp-image-4055\" alt=\"\" srcset=\"https:\/\/zoen.shop\/wp-content\/uploads\/2021\/10\/payments-1-1024x979.png 1024w, https:\/\/zoen.shop\/wp-content\/uploads\/2021\/10\/payments-1-300x287.png 300w, https:\/\/zoen.shop\/wp-content\/uploads\/2021\/10\/payments-1-768x735.png 768w, https:\/\/zoen.shop\/wp-content\/uploads\/2021\/10\/payments-1-1536x1469.png 1536w, https:\/\/zoen.shop\/wp-content\/uploads\/2021\/10\/payments-1-2048x1959.png 2048w\" sizes=\"(max-width: 800px) 100vw, 800px\" \/>\t\t\t\t\t\t\t\t\t\t\t\t\t\t\t<\/div>\n\t\t\t\t<\/div>\n\t\t\t\t\t<\/div>\n\t\t<\/div>\n\t\t\t\t\t\t\t<\/div>\n\t\t<\/section>\n\t\t\t\t<section class=\"elementor-section elementor-top-section elementor-element elementor-element-895f82c elementor-section-boxed elementor-section-height-default elementor-section-height-default\" data-id=\"895f82c\" data-element_type=\"section\">\n\t\t\t\t\t\t<div class=\"elementor-container elementor-column-gap-default\">\n\t\t\t\t\t<div class=\"elementor-column elementor-col-100 elementor-top-column elementor-element elementor-element-9ec1508\" data-id=\"9ec1508\" data-element_type=\"column\">\n\t\t\t<div class=\"elementor-widget-wrap elementor-element-populated\">\n\t\t\t\t\t\t\t\t<div class=\"elementor-element elementor-element-9518a3c elementor-widget elementor-widget-spacer\" data-id=\"9518a3c\" data-element_type=\"widget\" data-widget_type=\"spacer.default\">\n\t\t\t\t<div class=\"elementor-widget-container\">\n\t\t\t\t\t<div class=\"elementor-spacer\">\n\t\t\t<div class=\"elementor-spacer-inner\"><\/div>\n\t\t<\/div>\n\t\t\t\t<\/div>\n\t\t\t\t<\/div>\n\t\t\t\t\t<\/div>\n\t\t<\/div>\n\t\t\t\t\t\t\t<\/div>\n\t\t<\/section>\n\t\t\t\t\t\t\t<\/div>\n\t\t","protected":false},"excerpt":{"rendered":"<p>Online platby Mo\u017enosti platby D\u00edky slu\u017eb\u011b zoen.shop je platba snadn\u00e1. A\u0165 u\u017e jste obchodn\u00edk nebo spot\u0159ebitel, nab\u00edz\u00edme nej\u0161ir\u0161\u00ed mo\u017enosti a v\u00fdb\u011br plateb, v\u010detn\u011b v\u0161ech hlavn\u00edch platebn\u00edch karet. Nab\u00edz\u00edme tak\u00e9 platby prost\u0159ednictv\u00edm Apple Pay a Google Pay. Platby kartou Pou\u017e\u00edv\u00e1me slu\u017ebu Stripe a m\u016f\u017eete platit kartami Visa, MasterCard, Amex, Discover, Diners a JCB. Digit\u00e1ln\u00ed platby prost\u0159ednictv\u00edm [&hellip;]<\/p>\n","protected":false},"author":2,"featured_media":0,"parent":0,"menu_order":0,"comment_status":"closed","ping_status":"closed","template":"elementor_header_footer","meta":{"footnotes":""},"yoast_head":"<!-- This site is optimized with the Yoast SEO plugin v21.7 - https:\/\/yoast.com\/wordpress\/plugins\/seo\/ -->\n<title>Online zpracov\u00e1n\u00ed plateb kreditn\u00ed kartou - zoen.shop<\/title>\n<meta name=\"description\" content=\"P\u0159ij\u00edmejte platby kreditn\u00edmi kartami p\u0159es jednoduch\u00fd platebn\u00ed syst\u00e9m d\u00edky online zpracov\u00e1n\u00ed plateb p\u0159es zoen.shop.\" \/>\n<meta name=\"robots\" content=\"index, follow, max-snippet:-1, max-image-preview:large, max-video-preview:-1\" \/>\n<link rel=\"canonical\" href=\"https:\/\/zoen.shop\/cs\/online-platby\/\" \/>\n<meta property=\"og:locale\" content=\"cs_CZ\" \/>\n<meta property=\"og:type\" content=\"article\" \/>\n<meta property=\"og:title\" content=\"Online zpracov\u00e1n\u00ed plateb kreditn\u00ed kartou - zoen.shop\" \/>\n<meta property=\"og:description\" content=\"P\u0159ij\u00edmejte platby kreditn\u00edmi kartami p\u0159es jednoduch\u00fd platebn\u00ed syst\u00e9m d\u00edky online zpracov\u00e1n\u00ed plateb p\u0159es zoen.shop.\" \/>\n<meta property=\"og:url\" content=\"https:\/\/zoen.shop\/cs\/online-platby\/\" \/>\n<meta property=\"og:site_name\" content=\"zoen.shop\" \/>\n<meta property=\"article:publisher\" content=\"https:\/\/www.facebook.com\/Zoenshop-105671925054190\" \/>\n<meta property=\"article:modified_time\" content=\"2021-11-23T22:37:57+00:00\" \/>\n<meta property=\"og:image\" content=\"https:\/\/zoen.shop\/wp-content\/uploads\/2021\/10\/payments-1-1024x979.png\" \/>\n<meta name=\"twitter:card\" content=\"summary_large_image\" \/>\n<meta name=\"twitter:site\" content=\"@zoenshop\" \/>\n<meta name=\"twitter:label1\" content=\"Odhadovan\u00e1 doba \u010dten\u00ed\" \/>\n\t<meta name=\"twitter:data1\" content=\"1 minuta\" \/>\n<script type=\"application\/ld+json\" class=\"yoast-schema-graph\">{\"@context\":\"https:\/\/schema.org\",\"@graph\":[{\"@type\":\"WebPage\",\"@id\":\"https:\/\/zoen.shop\/cs\/online-platby\/\",\"url\":\"https:\/\/zoen.shop\/cs\/online-platby\/\",\"name\":\"Online zpracov\u00e1n\u00ed plateb kreditn\u00ed kartou - zoen.shop\",\"isPartOf\":{\"@id\":\"https:\/\/zoen.shop\/cs\/#website\"},\"datePublished\":\"2021-11-11T22:22:08+00:00\",\"dateModified\":\"2021-11-23T22:37:57+00:00\",\"description\":\"P\u0159ij\u00edmejte platby kreditn\u00edmi kartami p\u0159es jednoduch\u00fd platebn\u00ed syst\u00e9m d\u00edky online zpracov\u00e1n\u00ed plateb p\u0159es zoen.shop.\",\"breadcrumb\":{\"@id\":\"https:\/\/zoen.shop\/cs\/online-platby\/#breadcrumb\"},\"inLanguage\":\"cs\",\"potentialAction\":[{\"@type\":\"ReadAction\",\"target\":[\"https:\/\/zoen.shop\/cs\/online-platby\/\"]}]},{\"@type\":\"BreadcrumbList\",\"@id\":\"https:\/\/zoen.shop\/cs\/online-platby\/#breadcrumb\",\"itemListElement\":[{\"@type\":\"ListItem\",\"position\":1,\"name\":\"Home\",\"item\":\"https:\/\/zoen.shop\/cs\/\"},{\"@type\":\"ListItem\",\"position\":2,\"name\":\"Online platby\"}]},{\"@type\":\"WebSite\",\"@id\":\"https:\/\/zoen.shop\/cs\/#website\",\"url\":\"https:\/\/zoen.shop\/cs\/\",\"name\":\"zoen.shop\",\"description\":\"VideoCall shop&amp;pay\",\"publisher\":{\"@id\":\"https:\/\/zoen.shop\/cs\/#organization\"},\"potentialAction\":[{\"@type\":\"SearchAction\",\"target\":{\"@type\":\"EntryPoint\",\"urlTemplate\":\"https:\/\/zoen.shop\/cs\/?s={search_term_string}\"},\"query-input\":\"required name=search_term_string\"}],\"inLanguage\":\"cs\"},{\"@type\":\"Organization\",\"@id\":\"https:\/\/zoen.shop\/cs\/#organization\",\"name\":\"zoen shop\",\"url\":\"https:\/\/zoen.shop\/cs\/\",\"logo\":{\"@type\":\"ImageObject\",\"inLanguage\":\"cs\",\"@id\":\"https:\/\/zoen.shop\/cs\/#\/schema\/logo\/image\/\",\"url\":\"https:\/\/zoen.shop\/wp-content\/uploads\/2021\/06\/cropped-logo-Transparent-yellow.png\",\"contentUrl\":\"https:\/\/zoen.shop\/wp-content\/uploads\/2021\/06\/cropped-logo-Transparent-yellow.png\",\"width\":3872,\"height\":1105,\"caption\":\"zoen shop\"},\"image\":{\"@id\":\"https:\/\/zoen.shop\/cs\/#\/schema\/logo\/image\/\"},\"sameAs\":[\"https:\/\/www.facebook.com\/Zoenshop-105671925054190\",\"https:\/\/twitter.com\/zoenshop\",\"https:\/\/www.instagram.com\/zoen.shop\/\",\"https:\/\/www.linkedin.com\/company\/zoenshop\",\"https:\/\/www.youtube.com\/channel\/UClITU8UxelitjTPmBs4maXg\"]}]}<\/script>\n<!-- \/ Yoast SEO plugin. -->","yoast_head_json":{"title":"Online zpracov\u00e1n\u00ed plateb kreditn\u00ed kartou - zoen.shop","description":"P\u0159ij\u00edmejte platby kreditn\u00edmi kartami p\u0159es jednoduch\u00fd platebn\u00ed syst\u00e9m d\u00edky online zpracov\u00e1n\u00ed plateb p\u0159es zoen.shop.","robots":{"index":"index","follow":"follow","max-snippet":"max-snippet:-1","max-image-preview":"max-image-preview:large","max-video-preview":"max-video-preview:-1"},"canonical":"https:\/\/zoen.shop\/cs\/online-platby\/","og_locale":"cs_CZ","og_type":"article","og_title":"Online zpracov\u00e1n\u00ed plateb kreditn\u00ed kartou - zoen.shop","og_description":"P\u0159ij\u00edmejte platby kreditn\u00edmi kartami p\u0159es jednoduch\u00fd platebn\u00ed syst\u00e9m d\u00edky online zpracov\u00e1n\u00ed plateb p\u0159es zoen.shop.","og_url":"https:\/\/zoen.shop\/cs\/online-platby\/","og_site_name":"zoen.shop","article_publisher":"https:\/\/www.facebook.com\/Zoenshop-105671925054190","article_modified_time":"2021-11-23T22:37:57+00:00","og_image":[{"url":"https:\/\/zoen.shop\/wp-content\/uploads\/2021\/10\/payments-1-1024x979.png"}],"twitter_card":"summary_large_image","twitter_site":"@zoenshop","twitter_misc":{"Odhadovan\u00e1 doba \u010dten\u00ed":"1 minuta"},"schema":{"@context":"https:\/\/schema.org","@graph":[{"@type":"WebPage","@id":"https:\/\/zoen.shop\/cs\/online-platby\/","url":"https:\/\/zoen.shop\/cs\/online-platby\/","name":"Online zpracov\u00e1n\u00ed plateb kreditn\u00ed kartou - zoen.shop","isPartOf":{"@id":"https:\/\/zoen.shop\/cs\/#website"},"datePublished":"2021-11-11T22:22:08+00:00","dateModified":"2021-11-23T22:37:57+00:00","description":"P\u0159ij\u00edmejte platby kreditn\u00edmi kartami p\u0159es jednoduch\u00fd platebn\u00ed syst\u00e9m d\u00edky online zpracov\u00e1n\u00ed plateb p\u0159es zoen.shop.","breadcrumb":{"@id":"https:\/\/zoen.shop\/cs\/online-platby\/#breadcrumb"},"inLanguage":"cs","potentialAction":[{"@type":"ReadAction","target":["https:\/\/zoen.shop\/cs\/online-platby\/"]}]},{"@type":"BreadcrumbList","@id":"https:\/\/zoen.shop\/cs\/online-platby\/#breadcrumb","itemListElement":[{"@type":"ListItem","position":1,"name":"Home","item":"https:\/\/zoen.shop\/cs\/"},{"@type":"ListItem","position":2,"name":"Online platby"}]},{"@type":"WebSite","@id":"https:\/\/zoen.shop\/cs\/#website","url":"https:\/\/zoen.shop\/cs\/","name":"zoen.shop","description":"VideoCall shop&amp;pay","publisher":{"@id":"https:\/\/zoen.shop\/cs\/#organization"},"potentialAction":[{"@type":"SearchAction","target":{"@type":"EntryPoint","urlTemplate":"https:\/\/zoen.shop\/cs\/?s={search_term_string}"},"query-input":"required name=search_term_string"}],"inLanguage":"cs"},{"@type":"Organization","@id":"https:\/\/zoen.shop\/cs\/#organization","name":"zoen shop","url":"https:\/\/zoen.shop\/cs\/","logo":{"@type":"ImageObject","inLanguage":"cs","@id":"https:\/\/zoen.shop\/cs\/#\/schema\/logo\/image\/","url":"https:\/\/zoen.shop\/wp-content\/uploads\/2021\/06\/cropped-logo-Transparent-yellow.png","contentUrl":"https:\/\/zoen.shop\/wp-content\/uploads\/2021\/06\/cropped-logo-Transparent-yellow.png","width":3872,"height":1105,"caption":"zoen shop"},"image":{"@id":"https:\/\/zoen.shop\/cs\/#\/schema\/logo\/image\/"},"sameAs":["https:\/\/www.facebook.com\/Zoenshop-105671925054190","https:\/\/twitter.com\/zoenshop","https:\/\/www.instagram.com\/zoen.shop\/","https:\/\/www.linkedin.com\/company\/zoenshop","https:\/\/www.youtube.com\/channel\/UClITU8UxelitjTPmBs4maXg"]}]}},"_links":{"self":[{"href":"https:\/\/zoen.shop\/cs\/wp-json\/wp\/v2\/pages\/4686"}],"collection":[{"href":"https:\/\/zoen.shop\/cs\/wp-json\/wp\/v2\/pages"}],"about":[{"href":"https:\/\/zoen.shop\/cs\/wp-json\/wp\/v2\/types\/page"}],"author":[{"embeddable":true,"href":"https:\/\/zoen.shop\/cs\/wp-json\/wp\/v2\/users\/2"}],"replies":[{"embeddable":true,"href":"https:\/\/zoen.shop\/cs\/wp-json\/wp\/v2\/comments?post=4686"}],"version-history":[{"count":1,"href":"https:\/\/zoen.shop\/cs\/wp-json\/wp\/v2\/pages\/4686\/revisions"}],"predecessor-version":[{"id":4687,"href":"https:\/\/zoen.shop\/cs\/wp-json\/wp\/v2\/pages\/4686\/revisions\/4687"}],"wp:attachment":[{"href":"https:\/\/zoen.shop\/cs\/wp-json\/wp\/v2\/media?parent=4686"}],"curies":[{"name":"wp","href":"https:\/\/api.w.org\/{rel}","templated":true}]}}