{"id":4535,"date":"2021-11-08T15:27:36","date_gmt":"2021-11-08T14:27:36","guid":{"rendered":"https:\/\/zoen.shop\/presse-und-medien\/"},"modified":"2021-11-23T23:39:33","modified_gmt":"2021-11-23T22:39:33","slug":"presse-und-medien","status":"publish","type":"page","link":"https:\/\/zoen.shop\/de\/presse-und-medien\/","title":{"rendered":"Presse und Medien"},"content":{"rendered":"\t\t<div data-elementor-type=\"wp-page\" data-elementor-id=\"4535\" class=\"elementor elementor-4535 elementor-1400\" data-elementor-post-type=\"page\">\n\t\t\t\t\t\t\t\t\t<section class=\"elementor-section elementor-top-section elementor-element elementor-element-50bb5ef elementor-section-content-middle elementor-section-boxed elementor-section-height-default elementor-section-height-default\" data-id=\"50bb5ef\" data-element_type=\"section\">\n\t\t\t\t\t\t<div class=\"elementor-container elementor-column-gap-no\">\n\t\t\t\t\t<div class=\"elementor-column elementor-col-50 elementor-top-column elementor-element elementor-element-289b9d80\" data-id=\"289b9d80\" data-element_type=\"column\">\n\t\t\t<div class=\"elementor-widget-wrap elementor-element-populated\">\n\t\t\t\t\t\t\t\t<section class=\"elementor-section elementor-inner-section elementor-element elementor-element-73805ef7 elementor-section-content-middle elementor-section-boxed elementor-section-height-default elementor-section-height-default\" data-id=\"73805ef7\" data-element_type=\"section\">\n\t\t\t\t\t\t<div class=\"elementor-container elementor-column-gap-no\">\n\t\t\t\t\t<div class=\"elementor-column elementor-col-50 elementor-inner-column elementor-element elementor-element-4a3e5d8f\" data-id=\"4a3e5d8f\" data-element_type=\"column\">\n\t\t\t<div class=\"elementor-widget-wrap elementor-element-populated\">\n\t\t\t\t\t\t\t\t<div class=\"elementor-element elementor-element-6df37f19 dce_masking-none elementor-widget elementor-widget-image\" data-id=\"6df37f19\" data-element_type=\"widget\" data-widget_type=\"image.default\">\n\t\t\t\t<div class=\"elementor-widget-container\">\n\t\t\t\t\t\t\t\t\t\t\t\t\t\t\t<img fetchpriority=\"high\" decoding=\"async\" width=\"400\" height=\"400\" src=\"https:\/\/zoen.shop\/wp-content\/uploads\/2021\/10\/ava1.png\" class=\"attachment-full size-full wp-image-3937\" alt=\"\" srcset=\"https:\/\/zoen.shop\/wp-content\/uploads\/2021\/10\/ava1.png 400w, https:\/\/zoen.shop\/wp-content\/uploads\/2021\/10\/ava1-300x300.png 300w, https:\/\/zoen.shop\/wp-content\/uploads\/2021\/10\/ava1-150x150.png 150w\" sizes=\"(max-width: 400px) 100vw, 400px\" \/>\t\t\t\t\t\t\t\t\t\t\t\t\t\t\t<\/div>\n\t\t\t\t<\/div>\n\t\t\t\t\t<\/div>\n\t\t<\/div>\n\t\t\t\t<div class=\"elementor-column elementor-col-50 elementor-inner-column elementor-element elementor-element-2df490f1\" data-id=\"2df490f1\" data-element_type=\"column\">\n\t\t\t<div class=\"elementor-widget-wrap elementor-element-populated\">\n\t\t\t\t\t\t\t\t<div class=\"elementor-element elementor-element-6f21351e dce_masking-none elementor-widget elementor-widget-image\" data-id=\"6f21351e\" data-element_type=\"widget\" data-widget_type=\"image.default\">\n\t\t\t\t<div class=\"elementor-widget-container\">\n\t\t\t\t\t\t\t\t\t\t\t\t\t\t\t<img decoding=\"async\" width=\"400\" height=\"400\" src=\"https:\/\/zoen.shop\/wp-content\/uploads\/2021\/10\/ava4.png\" class=\"attachment-full size-full wp-image-3939\" alt=\"\" srcset=\"https:\/\/zoen.shop\/wp-content\/uploads\/2021\/10\/ava4.png 400w, https:\/\/zoen.shop\/wp-content\/uploads\/2021\/10\/ava4-300x300.png 300w, https:\/\/zoen.shop\/wp-content\/uploads\/2021\/10\/ava4-150x150.png 150w\" sizes=\"(max-width: 400px) 100vw, 400px\" \/>\t\t\t\t\t\t\t\t\t\t\t\t\t\t\t<\/div>\n\t\t\t\t<\/div>\n\t\t\t\t\t<\/div>\n\t\t<\/div>\n\t\t\t\t\t\t\t<\/div>\n\t\t<\/section>\n\t\t\t\t<section class=\"elementor-section elementor-inner-section elementor-element elementor-element-4407c574 elementor-section-content-middle elementor-section-boxed elementor-section-height-default elementor-section-height-default\" data-id=\"4407c574\" data-element_type=\"section\">\n\t\t\t\t\t\t<div class=\"elementor-container elementor-column-gap-no\">\n\t\t\t\t\t<div class=\"elementor-column elementor-col-33 elementor-inner-column elementor-element elementor-element-4d3c449\" data-id=\"4d3c449\" data-element_type=\"column\">\n\t\t\t<div class=\"elementor-widget-wrap elementor-element-populated\">\n\t\t\t\t\t\t\t\t<div class=\"elementor-element elementor-element-536c340a dce_masking-none elementor-widget elementor-widget-image\" data-id=\"536c340a\" data-element_type=\"widget\" data-widget_type=\"image.default\">\n\t\t\t\t<div class=\"elementor-widget-container\">\n\t\t\t\t\t\t\t\t\t\t\t\t\t\t\t<img decoding=\"async\" width=\"400\" height=\"400\" src=\"https:\/\/zoen.shop\/wp-content\/uploads\/2021\/10\/ava2.png\" class=\"attachment-full size-full wp-image-3941\" alt=\"\" srcset=\"https:\/\/zoen.shop\/wp-content\/uploads\/2021\/10\/ava2.png 400w, https:\/\/zoen.shop\/wp-content\/uploads\/2021\/10\/ava2-300x300.png 300w, https:\/\/zoen.shop\/wp-content\/uploads\/2021\/10\/ava2-150x150.png 150w\" sizes=\"(max-width: 400px) 100vw, 400px\" \/>\t\t\t\t\t\t\t\t\t\t\t\t\t\t\t<\/div>\n\t\t\t\t<\/div>\n\t\t\t\t\t<\/div>\n\t\t<\/div>\n\t\t\t\t<div class=\"elementor-column elementor-col-33 elementor-inner-column elementor-element elementor-element-1227f57d\" data-id=\"1227f57d\" data-element_type=\"column\">\n\t\t\t<div class=\"elementor-widget-wrap elementor-element-populated\">\n\t\t\t\t\t\t\t\t<div class=\"elementor-element elementor-element-5538102b dce_masking-none elementor-widget elementor-widget-image\" data-id=\"5538102b\" data-element_type=\"widget\" data-widget_type=\"image.default\">\n\t\t\t\t<div class=\"elementor-widget-container\">\n\t\t\t\t\t\t\t\t\t\t\t\t\t\t\t<img loading=\"lazy\" decoding=\"async\" width=\"400\" height=\"400\" src=\"https:\/\/zoen.shop\/wp-content\/uploads\/2021\/10\/y10.png\" class=\"attachment-full size-full wp-image-3943\" alt=\"\" srcset=\"https:\/\/zoen.shop\/wp-content\/uploads\/2021\/10\/y10.png 400w, https:\/\/zoen.shop\/wp-content\/uploads\/2021\/10\/y10-300x300.png 300w, https:\/\/zoen.shop\/wp-content\/uploads\/2021\/10\/y10-150x150.png 150w\" sizes=\"(max-width: 400px) 100vw, 400px\" \/>\t\t\t\t\t\t\t\t\t\t\t\t\t\t\t<\/div>\n\t\t\t\t<\/div>\n\t\t\t\t\t<\/div>\n\t\t<\/div>\n\t\t\t\t<div class=\"elementor-column elementor-col-33 elementor-inner-column elementor-element elementor-element-62f662c6\" data-id=\"62f662c6\" data-element_type=\"column\">\n\t\t\t<div class=\"elementor-widget-wrap elementor-element-populated\">\n\t\t\t\t\t\t\t\t<div class=\"elementor-element elementor-element-63fdfae8 dce_masking-none elementor-widget elementor-widget-image\" data-id=\"63fdfae8\" data-element_type=\"widget\" data-widget_type=\"image.default\">\n\t\t\t\t<div class=\"elementor-widget-container\">\n\t\t\t\t\t\t\t\t\t\t\t\t\t\t\t<img loading=\"lazy\" decoding=\"async\" width=\"400\" height=\"400\" src=\"https:\/\/zoen.shop\/wp-content\/uploads\/2021\/10\/y11.png\" class=\"attachment-full size-full wp-image-3945\" alt=\"\" srcset=\"https:\/\/zoen.shop\/wp-content\/uploads\/2021\/10\/y11.png 400w, https:\/\/zoen.shop\/wp-content\/uploads\/2021\/10\/y11-300x300.png 300w, https:\/\/zoen.shop\/wp-content\/uploads\/2021\/10\/y11-150x150.png 150w\" sizes=\"(max-width: 400px) 100vw, 400px\" \/>\t\t\t\t\t\t\t\t\t\t\t\t\t\t\t<\/div>\n\t\t\t\t<\/div>\n\t\t\t\t\t<\/div>\n\t\t<\/div>\n\t\t\t\t\t\t\t<\/div>\n\t\t<\/section>\n\t\t\t\t\t<\/div>\n\t\t<\/div>\n\t\t\t\t<div class=\"elementor-column elementor-col-50 elementor-top-column elementor-element elementor-element-4bf2eb0d\" data-id=\"4bf2eb0d\" data-element_type=\"column\">\n\t\t\t<div class=\"elementor-widget-wrap elementor-element-populated\">\n\t\t\t\t\t\t\t\t<div class=\"elementor-element elementor-element-256d7868 elementor-widget elementor-widget-heading\" data-id=\"256d7868\" data-element_type=\"widget\" data-widget_type=\"heading.default\">\n\t\t\t\t<div class=\"elementor-widget-container\">\n\t\t\t<h1 class=\"elementor-heading-title elementor-size-default\">Presse und Medien<\/h1>\t\t<\/div>\n\t\t\t\t<\/div>\n\t\t\t\t<div class=\"elementor-element elementor-element-5136d03c elementor-widget-divider--view-line elementor-widget elementor-widget-divider\" data-id=\"5136d03c\" data-element_type=\"widget\" data-widget_type=\"divider.default\">\n\t\t\t\t<div class=\"elementor-widget-container\">\n\t\t\t\t\t<div class=\"elementor-divider\">\n\t\t\t<span class=\"elementor-divider-separator\">\n\t\t\t\t\t\t<\/span>\n\t\t<\/div>\n\t\t\t\t<\/div>\n\t\t\t\t<\/div>\n\t\t\t\t<div class=\"elementor-element elementor-element-8ad80f3 elementor-widget elementor-widget-heading\" data-id=\"8ad80f3\" data-element_type=\"widget\" data-widget_type=\"heading.default\">\n\t\t\t\t<div class=\"elementor-widget-container\">\n\t\t\t<span class=\"elementor-heading-title elementor-size-default\">Wir freuen uns immer, mit der Presse und den Medien \u00fcber alles zu sprechen, was mit zoen.shop zu tun hat.<\/span>\t\t<\/div>\n\t\t\t\t<\/div>\n\t\t\t\t<div class=\"elementor-element elementor-element-27aa9ef elementor-widget elementor-widget-heading\" data-id=\"27aa9ef\" data-element_type=\"widget\" data-widget_type=\"heading.default\">\n\t\t\t\t<div class=\"elementor-widget-container\">\n\t\t\t<span class=\"elementor-heading-title elementor-size-default\">Wenn Sie Fragen haben oder mit uns Kontakt aufnehmen m\u00f6chten, wenden Sie sich bitte an <font color=\"#1967D2\"><b>press (at) zoen.shop<\/b><\/font>.<\/span>\t\t<\/div>\n\t\t\t\t<\/div>\n\t\t\t\t<div class=\"elementor-element elementor-element-567ead8 elementor-widget elementor-widget-heading\" data-id=\"567ead8\" data-element_type=\"widget\" data-widget_type=\"heading.default\">\n\t\t\t\t<div class=\"elementor-widget-container\">\n\t\t\t<span class=\"elementor-heading-title elementor-size-default\">Sie k\u00f6nnen uns auch auf verschiedenen <a href=\"https:\/\/zoen.shop\/de\/events\/\"><u>Veranstaltungen<\/u><\/a> in Europa und der ganzen Welt treffen.<\/span>\t\t<\/div>\n\t\t\t\t<\/div>\n\t\t\t\t\t<\/div>\n\t\t<\/div>\n\t\t\t\t\t\t\t<\/div>\n\t\t<\/section>\n\t\t\t\t\t\t\t<\/div>\n\t\t","protected":false},"excerpt":{"rendered":"<p>Presse und Medien Wir freuen uns immer, mit der Presse und den Medien \u00fcber alles zu sprechen, was mit zoen.shop zu tun hat. Wenn Sie Fragen haben oder mit uns Kontakt aufnehmen m\u00f6chten, wenden Sie sich bitte an press (at) zoen.shop. Sie k\u00f6nnen uns auch auf verschiedenen Veranstaltungen in Europa und der ganzen Welt treffen.<\/p>\n","protected":false},"author":2,"featured_media":0,"parent":0,"menu_order":0,"comment_status":"closed","ping_status":"closed","template":"elementor_header_footer","meta":{"footnotes":""},"yoast_head":"<!-- This site is optimized with the Yoast SEO plugin v21.7 - https:\/\/yoast.com\/wordpress\/plugins\/seo\/ -->\n<title>Presse- und Medienkontakt - zoen.shop<\/title>\n<meta name=\"description\" content=\"Sind Sie ein Medien Unternehmen? M\u00f6chten Sie mehr \u00fcber virtuelles Einkaufen, Video-Call-Shopping oder Online-Zahlungen erfahren? zoen.shop\" \/>\n<meta name=\"robots\" content=\"index, follow, max-snippet:-1, max-image-preview:large, max-video-preview:-1\" \/>\n<link rel=\"canonical\" href=\"https:\/\/zoen.shop\/de\/presse-und-medien\/\" \/>\n<meta property=\"og:locale\" content=\"de_DE\" \/>\n<meta property=\"og:type\" content=\"article\" \/>\n<meta property=\"og:title\" content=\"Presse- und Medienkontakt - zoen.shop\" \/>\n<meta property=\"og:description\" content=\"Sind Sie ein Medien Unternehmen? M\u00f6chten Sie mehr \u00fcber virtuelles Einkaufen, Video-Call-Shopping oder Online-Zahlungen erfahren? zoen.shop\" \/>\n<meta property=\"og:url\" content=\"https:\/\/zoen.shop\/de\/presse-und-medien\/\" \/>\n<meta property=\"og:site_name\" content=\"zoen.shop\" \/>\n<meta property=\"article:publisher\" content=\"https:\/\/www.facebook.com\/Zoenshop-105671925054190\" \/>\n<meta property=\"article:modified_time\" content=\"2021-11-23T22:39:33+00:00\" \/>\n<meta property=\"og:image\" content=\"https:\/\/zoen.shop\/wp-content\/uploads\/2021\/10\/ava1.png\" \/>\n<meta name=\"twitter:card\" content=\"summary_large_image\" \/>\n<meta name=\"twitter:site\" content=\"@zoenshop\" \/>\n<script type=\"application\/ld+json\" class=\"yoast-schema-graph\">{\"@context\":\"https:\/\/schema.org\",\"@graph\":[{\"@type\":\"WebPage\",\"@id\":\"https:\/\/zoen.shop\/de\/presse-und-medien\/\",\"url\":\"https:\/\/zoen.shop\/de\/presse-und-medien\/\",\"name\":\"Presse- und Medienkontakt - zoen.shop\",\"isPartOf\":{\"@id\":\"https:\/\/zoen.shop\/de\/#website\"},\"datePublished\":\"2021-11-08T14:27:36+00:00\",\"dateModified\":\"2021-11-23T22:39:33+00:00\",\"description\":\"Sind Sie ein Medien Unternehmen? M\u00f6chten Sie mehr \u00fcber virtuelles Einkaufen, Video-Call-Shopping oder Online-Zahlungen erfahren? zoen.shop\",\"breadcrumb\":{\"@id\":\"https:\/\/zoen.shop\/de\/presse-und-medien\/#breadcrumb\"},\"inLanguage\":\"de\",\"potentialAction\":[{\"@type\":\"ReadAction\",\"target\":[\"https:\/\/zoen.shop\/de\/presse-und-medien\/\"]}]},{\"@type\":\"BreadcrumbList\",\"@id\":\"https:\/\/zoen.shop\/de\/presse-und-medien\/#breadcrumb\",\"itemListElement\":[{\"@type\":\"ListItem\",\"position\":1,\"name\":\"Home\",\"item\":\"https:\/\/zoen.shop\/de\/\"},{\"@type\":\"ListItem\",\"position\":2,\"name\":\"Presse und Medien\"}]},{\"@type\":\"WebSite\",\"@id\":\"https:\/\/zoen.shop\/de\/#website\",\"url\":\"https:\/\/zoen.shop\/de\/\",\"name\":\"zoen.shop\",\"description\":\"VideoCall shop&amp;pay\",\"publisher\":{\"@id\":\"https:\/\/zoen.shop\/de\/#organization\"},\"potentialAction\":[{\"@type\":\"SearchAction\",\"target\":{\"@type\":\"EntryPoint\",\"urlTemplate\":\"https:\/\/zoen.shop\/de\/?s={search_term_string}\"},\"query-input\":\"required name=search_term_string\"}],\"inLanguage\":\"de\"},{\"@type\":\"Organization\",\"@id\":\"https:\/\/zoen.shop\/de\/#organization\",\"name\":\"zoen shop\",\"url\":\"https:\/\/zoen.shop\/de\/\",\"logo\":{\"@type\":\"ImageObject\",\"inLanguage\":\"de\",\"@id\":\"https:\/\/zoen.shop\/de\/#\/schema\/logo\/image\/\",\"url\":\"https:\/\/zoen.shop\/wp-content\/uploads\/2021\/06\/cropped-logo-Transparent-yellow.png\",\"contentUrl\":\"https:\/\/zoen.shop\/wp-content\/uploads\/2021\/06\/cropped-logo-Transparent-yellow.png\",\"width\":3872,\"height\":1105,\"caption\":\"zoen shop\"},\"image\":{\"@id\":\"https:\/\/zoen.shop\/de\/#\/schema\/logo\/image\/\"},\"sameAs\":[\"https:\/\/www.facebook.com\/Zoenshop-105671925054190\",\"https:\/\/twitter.com\/zoenshop\",\"https:\/\/www.instagram.com\/zoen.shop\/\",\"https:\/\/www.linkedin.com\/company\/zoenshop\",\"https:\/\/www.youtube.com\/channel\/UClITU8UxelitjTPmBs4maXg\"]}]}<\/script>\n<!-- \/ Yoast SEO plugin. -->","yoast_head_json":{"title":"Presse- und Medienkontakt - zoen.shop","description":"Sind Sie ein Medien Unternehmen? M\u00f6chten Sie mehr \u00fcber virtuelles Einkaufen, Video-Call-Shopping oder Online-Zahlungen erfahren? zoen.shop","robots":{"index":"index","follow":"follow","max-snippet":"max-snippet:-1","max-image-preview":"max-image-preview:large","max-video-preview":"max-video-preview:-1"},"canonical":"https:\/\/zoen.shop\/de\/presse-und-medien\/","og_locale":"de_DE","og_type":"article","og_title":"Presse- und Medienkontakt - zoen.shop","og_description":"Sind Sie ein Medien Unternehmen? M\u00f6chten Sie mehr \u00fcber virtuelles Einkaufen, Video-Call-Shopping oder Online-Zahlungen erfahren? zoen.shop","og_url":"https:\/\/zoen.shop\/de\/presse-und-medien\/","og_site_name":"zoen.shop","article_publisher":"https:\/\/www.facebook.com\/Zoenshop-105671925054190","article_modified_time":"2021-11-23T22:39:33+00:00","og_image":[{"url":"https:\/\/zoen.shop\/wp-content\/uploads\/2021\/10\/ava1.png"}],"twitter_card":"summary_large_image","twitter_site":"@zoenshop","schema":{"@context":"https:\/\/schema.org","@graph":[{"@type":"WebPage","@id":"https:\/\/zoen.shop\/de\/presse-und-medien\/","url":"https:\/\/zoen.shop\/de\/presse-und-medien\/","name":"Presse- und Medienkontakt - zoen.shop","isPartOf":{"@id":"https:\/\/zoen.shop\/de\/#website"},"datePublished":"2021-11-08T14:27:36+00:00","dateModified":"2021-11-23T22:39:33+00:00","description":"Sind Sie ein Medien Unternehmen? M\u00f6chten Sie mehr \u00fcber virtuelles Einkaufen, Video-Call-Shopping oder Online-Zahlungen erfahren? zoen.shop","breadcrumb":{"@id":"https:\/\/zoen.shop\/de\/presse-und-medien\/#breadcrumb"},"inLanguage":"de","potentialAction":[{"@type":"ReadAction","target":["https:\/\/zoen.shop\/de\/presse-und-medien\/"]}]},{"@type":"BreadcrumbList","@id":"https:\/\/zoen.shop\/de\/presse-und-medien\/#breadcrumb","itemListElement":[{"@type":"ListItem","position":1,"name":"Home","item":"https:\/\/zoen.shop\/de\/"},{"@type":"ListItem","position":2,"name":"Presse und Medien"}]},{"@type":"WebSite","@id":"https:\/\/zoen.shop\/de\/#website","url":"https:\/\/zoen.shop\/de\/","name":"zoen.shop","description":"VideoCall shop&amp;pay","publisher":{"@id":"https:\/\/zoen.shop\/de\/#organization"},"potentialAction":[{"@type":"SearchAction","target":{"@type":"EntryPoint","urlTemplate":"https:\/\/zoen.shop\/de\/?s={search_term_string}"},"query-input":"required name=search_term_string"}],"inLanguage":"de"},{"@type":"Organization","@id":"https:\/\/zoen.shop\/de\/#organization","name":"zoen shop","url":"https:\/\/zoen.shop\/de\/","logo":{"@type":"ImageObject","inLanguage":"de","@id":"https:\/\/zoen.shop\/de\/#\/schema\/logo\/image\/","url":"https:\/\/zoen.shop\/wp-content\/uploads\/2021\/06\/cropped-logo-Transparent-yellow.png","contentUrl":"https:\/\/zoen.shop\/wp-content\/uploads\/2021\/06\/cropped-logo-Transparent-yellow.png","width":3872,"height":1105,"caption":"zoen shop"},"image":{"@id":"https:\/\/zoen.shop\/de\/#\/schema\/logo\/image\/"},"sameAs":["https:\/\/www.facebook.com\/Zoenshop-105671925054190","https:\/\/twitter.com\/zoenshop","https:\/\/www.instagram.com\/zoen.shop\/","https:\/\/www.linkedin.com\/company\/zoenshop","https:\/\/www.youtube.com\/channel\/UClITU8UxelitjTPmBs4maXg"]}]}},"_links":{"self":[{"href":"https:\/\/zoen.shop\/de\/wp-json\/wp\/v2\/pages\/4535"}],"collection":[{"href":"https:\/\/zoen.shop\/de\/wp-json\/wp\/v2\/pages"}],"about":[{"href":"https:\/\/zoen.shop\/de\/wp-json\/wp\/v2\/types\/page"}],"author":[{"embeddable":true,"href":"https:\/\/zoen.shop\/de\/wp-json\/wp\/v2\/users\/2"}],"replies":[{"embeddable":true,"href":"https:\/\/zoen.shop\/de\/wp-json\/wp\/v2\/comments?post=4535"}],"version-history":[{"count":4,"href":"https:\/\/zoen.shop\/de\/wp-json\/wp\/v2\/pages\/4535\/revisions"}],"predecessor-version":[{"id":5073,"href":"https:\/\/zoen.shop\/de\/wp-json\/wp\/v2\/pages\/4535\/revisions\/5073"}],"wp:attachment":[{"href":"https:\/\/zoen.shop\/de\/wp-json\/wp\/v2\/media?parent=4535"}],"curies":[{"name":"wp","href":"https:\/\/api.w.org\/{rel}","templated":true}]}}