{"id":4545,"date":"2021-11-08T15:45:32","date_gmt":"2021-11-08T14:45:32","guid":{"rendered":"https:\/\/zoen.shop\/online-zahlungen\/"},"modified":"2021-11-23T23:38:27","modified_gmt":"2021-11-23T22:38:27","slug":"online-zahlungen","status":"publish","type":"page","link":"https:\/\/zoen.shop\/de\/online-zahlungen\/","title":{"rendered":"Online-Zahlungen"},"content":{"rendered":"\t\t<div data-elementor-type=\"wp-page\" data-elementor-id=\"4545\" class=\"elementor elementor-4545 elementor-2234\" data-elementor-post-type=\"page\">\n\t\t\t\t\t\t\t\t\t<section class=\"elementor-section elementor-top-section elementor-element elementor-element-a6fba7c elementor-section-boxed elementor-section-height-default elementor-section-height-default\" data-id=\"a6fba7c\" data-element_type=\"section\">\n\t\t\t\t\t\t<div class=\"elementor-container elementor-column-gap-default\">\n\t\t\t\t\t<div class=\"elementor-column elementor-col-100 elementor-top-column elementor-element elementor-element-3b2c5a8\" data-id=\"3b2c5a8\" data-element_type=\"column\">\n\t\t\t<div class=\"elementor-widget-wrap elementor-element-populated\">\n\t\t\t\t\t\t\t\t<div class=\"elementor-element elementor-element-727adae elementor-widget elementor-widget-heading\" data-id=\"727adae\" data-element_type=\"widget\" data-widget_type=\"heading.default\">\n\t\t\t\t<div class=\"elementor-widget-container\">\n\t\t\t<h1 class=\"elementor-heading-title elementor-size-default\">Online-Payments<\/h1>\t\t<\/div>\n\t\t\t\t<\/div>\n\t\t\t\t\t<\/div>\n\t\t<\/div>\n\t\t\t\t\t\t\t<\/div>\n\t\t<\/section>\n\t\t\t\t<section class=\"elementor-section elementor-top-section elementor-element elementor-element-6534933 elementor-reverse-mobile elementor-section-boxed elementor-section-height-default elementor-section-height-default\" data-id=\"6534933\" data-element_type=\"section\">\n\t\t\t\t\t\t<div class=\"elementor-container elementor-column-gap-default\">\n\t\t\t\t\t<div class=\"elementor-column elementor-col-50 elementor-top-column elementor-element elementor-element-df306e7\" data-id=\"df306e7\" data-element_type=\"column\">\n\t\t\t<div class=\"elementor-widget-wrap elementor-element-populated\">\n\t\t\t\t\t\t\t\t<div class=\"elementor-element elementor-element-97a2f2f elementor-widget elementor-widget-heading\" data-id=\"97a2f2f\" data-element_type=\"widget\" data-widget_type=\"heading.default\">\n\t\t\t\t<div class=\"elementor-widget-container\">\n\t\t\t<h2 class=\"elementor-heading-title elementor-size-default\">Zahlungsoptionen<\/h2>\t\t<\/div>\n\t\t\t\t<\/div>\n\t\t\t\t<div class=\"elementor-element elementor-element-6ceedff elementor-widget elementor-widget-heading\" data-id=\"6ceedff\" data-element_type=\"widget\" data-widget_type=\"heading.default\">\n\t\t\t\t<div class=\"elementor-widget-container\">\n\t\t\t<span class=\"elementor-heading-title elementor-size-default\">zoen.shop macht die Bezahlung zum Kinderspiel. Egal, ob Sie ein H\u00e4ndler oder ein Verbraucher sind, wir bieten Ihnen die umfassendsten Zahlungsoptionen und -m\u00f6glichkeiten, einschlie\u00dflich aller wichtigen Karten. Wir bieten auch Zahlungen \u00fcber Apple Pay und Google Pay an.<\/span>\t\t<\/div>\n\t\t\t\t<\/div>\n\t\t\t\t<div class=\"elementor-element elementor-element-65ca6fc elementor-widget elementor-widget-heading\" data-id=\"65ca6fc\" data-element_type=\"widget\" data-widget_type=\"heading.default\">\n\t\t\t\t<div class=\"elementor-widget-container\">\n\t\t\t<h2 class=\"elementor-heading-title elementor-size-default\">Kartenzahlungen<\/h2>\t\t<\/div>\n\t\t\t\t<\/div>\n\t\t\t\t<div class=\"elementor-element elementor-element-700958e elementor-widget elementor-widget-heading\" data-id=\"700958e\" data-element_type=\"widget\" data-widget_type=\"heading.default\">\n\t\t\t\t<div class=\"elementor-widget-container\">\n\t\t\t<span class=\"elementor-heading-title elementor-size-default\">Wir verwenden Stripe und Sie k\u00f6nnen mit Visa, MasterCard, Amex, Discover, Diners und JCB bezahlen.<\/span>\t\t<\/div>\n\t\t\t\t<\/div>\n\t\t\t\t<div class=\"elementor-element elementor-element-8700643 elementor-widget elementor-widget-heading\" data-id=\"8700643\" data-element_type=\"widget\" data-widget_type=\"heading.default\">\n\t\t\t\t<div class=\"elementor-widget-container\">\n\t\t\t<h2 class=\"elementor-heading-title elementor-size-default\">Mobile Wallet Digital Payments<\/h2>\t\t<\/div>\n\t\t\t\t<\/div>\n\t\t\t\t<div class=\"elementor-element elementor-element-652751b elementor-widget elementor-widget-heading\" data-id=\"652751b\" data-element_type=\"widget\" data-widget_type=\"heading.default\">\n\t\t\t\t<div class=\"elementor-widget-container\">\n\t\t\t<span class=\"elementor-heading-title elementor-size-default\">Wir akzeptieren digitale Wallet-Zahlungen: Apple Pay und Google Pay.<\/span>\t\t<\/div>\n\t\t\t\t<\/div>\n\t\t\t\t<div class=\"elementor-element elementor-element-e0d6a1f elementor-widget elementor-widget-heading\" data-id=\"e0d6a1f\" data-element_type=\"widget\" data-widget_type=\"heading.default\">\n\t\t\t\t<div class=\"elementor-widget-container\">\n\t\t\t<h2 class=\"elementor-heading-title elementor-size-default\">\u00dcberweisungen<\/h2>\t\t<\/div>\n\t\t\t\t<\/div>\n\t\t\t\t<div class=\"elementor-element elementor-element-445aea8 elementor-widget elementor-widget-heading\" data-id=\"445aea8\" data-element_type=\"widget\" data-widget_type=\"heading.default\">\n\t\t\t\t<div class=\"elementor-widget-container\">\n\t\t\t<span class=\"elementor-heading-title elementor-size-default\">Wir akzeptieren auch Zahlungen per Direkt\u00fcberweisung von Ihrem Bankkonto. (SEPA-Zahlungen in der EU).<\/span>\t\t<\/div>\n\t\t\t\t<\/div>\n\t\t\t\t\t<\/div>\n\t\t<\/div>\n\t\t\t\t<div class=\"elementor-column elementor-col-50 elementor-top-column elementor-element elementor-element-40771d3\" data-id=\"40771d3\" data-element_type=\"column\">\n\t\t\t<div class=\"elementor-widget-wrap elementor-element-populated\">\n\t\t\t\t\t\t\t\t<div class=\"elementor-element elementor-element-6994ba5 dce_masking-none elementor-widget elementor-widget-image\" data-id=\"6994ba5\" data-element_type=\"widget\" data-widget_type=\"image.default\">\n\t\t\t\t<div class=\"elementor-widget-container\">\n\t\t\t\t\t\t\t\t\t\t\t\t\t\t\t<img fetchpriority=\"high\" decoding=\"async\" width=\"800\" height=\"765\" src=\"https:\/\/zoen.shop\/wp-content\/uploads\/2021\/10\/payments-1-1024x979.png\" class=\"attachment-large size-large wp-image-3954\" alt=\"\" srcset=\"https:\/\/zoen.shop\/wp-content\/uploads\/2021\/10\/payments-1-1024x979.png 1024w, https:\/\/zoen.shop\/wp-content\/uploads\/2021\/10\/payments-1-300x287.png 300w, https:\/\/zoen.shop\/wp-content\/uploads\/2021\/10\/payments-1-768x735.png 768w, https:\/\/zoen.shop\/wp-content\/uploads\/2021\/10\/payments-1-1536x1469.png 1536w, https:\/\/zoen.shop\/wp-content\/uploads\/2021\/10\/payments-1-2048x1959.png 2048w\" sizes=\"(max-width: 800px) 100vw, 800px\" \/>\t\t\t\t\t\t\t\t\t\t\t\t\t\t\t<\/div>\n\t\t\t\t<\/div>\n\t\t\t\t\t<\/div>\n\t\t<\/div>\n\t\t\t\t\t\t\t<\/div>\n\t\t<\/section>\n\t\t\t\t<section class=\"elementor-section elementor-top-section elementor-element elementor-element-895f82c elementor-section-boxed elementor-section-height-default elementor-section-height-default\" data-id=\"895f82c\" data-element_type=\"section\">\n\t\t\t\t\t\t<div class=\"elementor-container elementor-column-gap-default\">\n\t\t\t\t\t<div class=\"elementor-column elementor-col-100 elementor-top-column elementor-element elementor-element-9ec1508\" data-id=\"9ec1508\" data-element_type=\"column\">\n\t\t\t<div class=\"elementor-widget-wrap elementor-element-populated\">\n\t\t\t\t\t\t\t\t<div class=\"elementor-element elementor-element-9518a3c elementor-widget elementor-widget-spacer\" data-id=\"9518a3c\" data-element_type=\"widget\" data-widget_type=\"spacer.default\">\n\t\t\t\t<div class=\"elementor-widget-container\">\n\t\t\t\t\t<div class=\"elementor-spacer\">\n\t\t\t<div class=\"elementor-spacer-inner\"><\/div>\n\t\t<\/div>\n\t\t\t\t<\/div>\n\t\t\t\t<\/div>\n\t\t\t\t\t<\/div>\n\t\t<\/div>\n\t\t\t\t\t\t\t<\/div>\n\t\t<\/section>\n\t\t\t\t\t\t\t<\/div>\n\t\t","protected":false},"excerpt":{"rendered":"<p>Online-Payments Zahlungsoptionen zoen.shop macht die Bezahlung zum Kinderspiel. Egal, ob Sie ein H\u00e4ndler oder ein Verbraucher sind, wir bieten Ihnen die umfassendsten Zahlungsoptionen und -m\u00f6glichkeiten, einschlie\u00dflich aller wichtigen Karten. Wir bieten auch Zahlungen \u00fcber Apple Pay und Google Pay an. Kartenzahlungen Wir verwenden Stripe und Sie k\u00f6nnen mit Visa, MasterCard, Amex, Discover, Diners und JCB [&hellip;]<\/p>\n","protected":false},"author":2,"featured_media":0,"parent":0,"menu_order":0,"comment_status":"closed","ping_status":"closed","template":"elementor_header_footer","meta":{"footnotes":""},"yoast_head":"<!-- This site is optimized with the Yoast SEO plugin v21.7 - https:\/\/yoast.com\/wordpress\/plugins\/seo\/ -->\n<title>Online-Kreditkartenzahlungsabwicklung - zoen.shop<\/title>\n<meta name=\"description\" content=\"Akzeptieren Sie Kreditkarten und bequeme Checkouts mit der Online-Zahlungsabwicklung von zoen.shop.\" \/>\n<meta name=\"robots\" content=\"index, follow, max-snippet:-1, max-image-preview:large, max-video-preview:-1\" \/>\n<link rel=\"canonical\" href=\"https:\/\/zoen.shop\/de\/online-zahlungen\/\" \/>\n<meta property=\"og:locale\" content=\"de_DE\" \/>\n<meta property=\"og:type\" content=\"article\" \/>\n<meta property=\"og:title\" content=\"Online-Kreditkartenzahlungsabwicklung - zoen.shop\" \/>\n<meta property=\"og:description\" content=\"Akzeptieren Sie Kreditkarten und bequeme Checkouts mit der Online-Zahlungsabwicklung von zoen.shop.\" \/>\n<meta property=\"og:url\" content=\"https:\/\/zoen.shop\/de\/online-zahlungen\/\" \/>\n<meta property=\"og:site_name\" content=\"zoen.shop\" \/>\n<meta property=\"article:publisher\" content=\"https:\/\/www.facebook.com\/Zoenshop-105671925054190\" \/>\n<meta property=\"article:modified_time\" content=\"2021-11-23T22:38:27+00:00\" \/>\n<meta property=\"og:image\" content=\"https:\/\/zoen.shop\/wp-content\/uploads\/2021\/10\/payments-1-1024x979.png\" \/>\n<meta name=\"twitter:card\" content=\"summary_large_image\" \/>\n<meta name=\"twitter:site\" content=\"@zoenshop\" \/>\n<script type=\"application\/ld+json\" class=\"yoast-schema-graph\">{\"@context\":\"https:\/\/schema.org\",\"@graph\":[{\"@type\":\"WebPage\",\"@id\":\"https:\/\/zoen.shop\/de\/online-zahlungen\/\",\"url\":\"https:\/\/zoen.shop\/de\/online-zahlungen\/\",\"name\":\"Online-Kreditkartenzahlungsabwicklung - zoen.shop\",\"isPartOf\":{\"@id\":\"https:\/\/zoen.shop\/de\/#website\"},\"datePublished\":\"2021-11-08T14:45:32+00:00\",\"dateModified\":\"2021-11-23T22:38:27+00:00\",\"description\":\"Akzeptieren Sie Kreditkarten und bequeme Checkouts mit der Online-Zahlungsabwicklung von zoen.shop.\",\"breadcrumb\":{\"@id\":\"https:\/\/zoen.shop\/de\/online-zahlungen\/#breadcrumb\"},\"inLanguage\":\"de\",\"potentialAction\":[{\"@type\":\"ReadAction\",\"target\":[\"https:\/\/zoen.shop\/de\/online-zahlungen\/\"]}]},{\"@type\":\"BreadcrumbList\",\"@id\":\"https:\/\/zoen.shop\/de\/online-zahlungen\/#breadcrumb\",\"itemListElement\":[{\"@type\":\"ListItem\",\"position\":1,\"name\":\"Home\",\"item\":\"https:\/\/zoen.shop\/de\/\"},{\"@type\":\"ListItem\",\"position\":2,\"name\":\"Online-Zahlungen\"}]},{\"@type\":\"WebSite\",\"@id\":\"https:\/\/zoen.shop\/de\/#website\",\"url\":\"https:\/\/zoen.shop\/de\/\",\"name\":\"zoen.shop\",\"description\":\"VideoCall shop&amp;pay\",\"publisher\":{\"@id\":\"https:\/\/zoen.shop\/de\/#organization\"},\"potentialAction\":[{\"@type\":\"SearchAction\",\"target\":{\"@type\":\"EntryPoint\",\"urlTemplate\":\"https:\/\/zoen.shop\/de\/?s={search_term_string}\"},\"query-input\":\"required name=search_term_string\"}],\"inLanguage\":\"de\"},{\"@type\":\"Organization\",\"@id\":\"https:\/\/zoen.shop\/de\/#organization\",\"name\":\"zoen shop\",\"url\":\"https:\/\/zoen.shop\/de\/\",\"logo\":{\"@type\":\"ImageObject\",\"inLanguage\":\"de\",\"@id\":\"https:\/\/zoen.shop\/de\/#\/schema\/logo\/image\/\",\"url\":\"https:\/\/zoen.shop\/wp-content\/uploads\/2021\/06\/cropped-logo-Transparent-yellow.png\",\"contentUrl\":\"https:\/\/zoen.shop\/wp-content\/uploads\/2021\/06\/cropped-logo-Transparent-yellow.png\",\"width\":3872,\"height\":1105,\"caption\":\"zoen shop\"},\"image\":{\"@id\":\"https:\/\/zoen.shop\/de\/#\/schema\/logo\/image\/\"},\"sameAs\":[\"https:\/\/www.facebook.com\/Zoenshop-105671925054190\",\"https:\/\/twitter.com\/zoenshop\",\"https:\/\/www.instagram.com\/zoen.shop\/\",\"https:\/\/www.linkedin.com\/company\/zoenshop\",\"https:\/\/www.youtube.com\/channel\/UClITU8UxelitjTPmBs4maXg\"]}]}<\/script>\n<!-- \/ Yoast SEO plugin. -->","yoast_head_json":{"title":"Online-Kreditkartenzahlungsabwicklung - zoen.shop","description":"Akzeptieren Sie Kreditkarten und bequeme Checkouts mit der Online-Zahlungsabwicklung von zoen.shop.","robots":{"index":"index","follow":"follow","max-snippet":"max-snippet:-1","max-image-preview":"max-image-preview:large","max-video-preview":"max-video-preview:-1"},"canonical":"https:\/\/zoen.shop\/de\/online-zahlungen\/","og_locale":"de_DE","og_type":"article","og_title":"Online-Kreditkartenzahlungsabwicklung - zoen.shop","og_description":"Akzeptieren Sie Kreditkarten und bequeme Checkouts mit der Online-Zahlungsabwicklung von zoen.shop.","og_url":"https:\/\/zoen.shop\/de\/online-zahlungen\/","og_site_name":"zoen.shop","article_publisher":"https:\/\/www.facebook.com\/Zoenshop-105671925054190","article_modified_time":"2021-11-23T22:38:27+00:00","og_image":[{"url":"https:\/\/zoen.shop\/wp-content\/uploads\/2021\/10\/payments-1-1024x979.png"}],"twitter_card":"summary_large_image","twitter_site":"@zoenshop","schema":{"@context":"https:\/\/schema.org","@graph":[{"@type":"WebPage","@id":"https:\/\/zoen.shop\/de\/online-zahlungen\/","url":"https:\/\/zoen.shop\/de\/online-zahlungen\/","name":"Online-Kreditkartenzahlungsabwicklung - zoen.shop","isPartOf":{"@id":"https:\/\/zoen.shop\/de\/#website"},"datePublished":"2021-11-08T14:45:32+00:00","dateModified":"2021-11-23T22:38:27+00:00","description":"Akzeptieren Sie Kreditkarten und bequeme Checkouts mit der Online-Zahlungsabwicklung von zoen.shop.","breadcrumb":{"@id":"https:\/\/zoen.shop\/de\/online-zahlungen\/#breadcrumb"},"inLanguage":"de","potentialAction":[{"@type":"ReadAction","target":["https:\/\/zoen.shop\/de\/online-zahlungen\/"]}]},{"@type":"BreadcrumbList","@id":"https:\/\/zoen.shop\/de\/online-zahlungen\/#breadcrumb","itemListElement":[{"@type":"ListItem","position":1,"name":"Home","item":"https:\/\/zoen.shop\/de\/"},{"@type":"ListItem","position":2,"name":"Online-Zahlungen"}]},{"@type":"WebSite","@id":"https:\/\/zoen.shop\/de\/#website","url":"https:\/\/zoen.shop\/de\/","name":"zoen.shop","description":"VideoCall shop&amp;pay","publisher":{"@id":"https:\/\/zoen.shop\/de\/#organization"},"potentialAction":[{"@type":"SearchAction","target":{"@type":"EntryPoint","urlTemplate":"https:\/\/zoen.shop\/de\/?s={search_term_string}"},"query-input":"required name=search_term_string"}],"inLanguage":"de"},{"@type":"Organization","@id":"https:\/\/zoen.shop\/de\/#organization","name":"zoen shop","url":"https:\/\/zoen.shop\/de\/","logo":{"@type":"ImageObject","inLanguage":"de","@id":"https:\/\/zoen.shop\/de\/#\/schema\/logo\/image\/","url":"https:\/\/zoen.shop\/wp-content\/uploads\/2021\/06\/cropped-logo-Transparent-yellow.png","contentUrl":"https:\/\/zoen.shop\/wp-content\/uploads\/2021\/06\/cropped-logo-Transparent-yellow.png","width":3872,"height":1105,"caption":"zoen shop"},"image":{"@id":"https:\/\/zoen.shop\/de\/#\/schema\/logo\/image\/"},"sameAs":["https:\/\/www.facebook.com\/Zoenshop-105671925054190","https:\/\/twitter.com\/zoenshop","https:\/\/www.instagram.com\/zoen.shop\/","https:\/\/www.linkedin.com\/company\/zoenshop","https:\/\/www.youtube.com\/channel\/UClITU8UxelitjTPmBs4maXg"]}]}},"_links":{"self":[{"href":"https:\/\/zoen.shop\/de\/wp-json\/wp\/v2\/pages\/4545"}],"collection":[{"href":"https:\/\/zoen.shop\/de\/wp-json\/wp\/v2\/pages"}],"about":[{"href":"https:\/\/zoen.shop\/de\/wp-json\/wp\/v2\/types\/page"}],"author":[{"embeddable":true,"href":"https:\/\/zoen.shop\/de\/wp-json\/wp\/v2\/users\/2"}],"replies":[{"embeddable":true,"href":"https:\/\/zoen.shop\/de\/wp-json\/wp\/v2\/comments?post=4545"}],"version-history":[{"count":2,"href":"https:\/\/zoen.shop\/de\/wp-json\/wp\/v2\/pages\/4545\/revisions"}],"predecessor-version":[{"id":5118,"href":"https:\/\/zoen.shop\/de\/wp-json\/wp\/v2\/pages\/4545\/revisions\/5118"}],"wp:attachment":[{"href":"https:\/\/zoen.shop\/de\/wp-json\/wp\/v2\/media?parent=4545"}],"curies":[{"name":"wp","href":"https:\/\/api.w.org\/{rel}","templated":true}]}}