{"id":4588,"date":"2021-11-09T00:06:02","date_gmt":"2021-11-08T23:06:02","guid":{"rendered":"https:\/\/zoen.shop\/haendler-support\/"},"modified":"2022-01-07T11:53:11","modified_gmt":"2022-01-07T10:53:11","slug":"haendler-support","status":"publish","type":"page","link":"https:\/\/zoen.shop\/de\/haendler-support\/","title":{"rendered":"H\u00e4ndler Support"},"content":{"rendered":"\t\t<div data-elementor-type=\"wp-page\" data-elementor-id=\"4588\" class=\"elementor elementor-4588 elementor-2172\" data-elementor-post-type=\"page\">\n\t\t\t\t\t\t\t\t\t<section class=\"elementor-section elementor-top-section elementor-element elementor-element-6a585e8 elementor-section-content-middle elementor-section-boxed elementor-section-height-default elementor-section-height-default\" data-id=\"6a585e8\" data-element_type=\"section\">\n\t\t\t\t\t\t<div class=\"elementor-container elementor-column-gap-no\">\n\t\t\t\t\t<div class=\"elementor-column elementor-col-50 elementor-top-column elementor-element elementor-element-94cd715 elementor-hidden-mobile\" data-id=\"94cd715\" data-element_type=\"column\">\n\t\t\t<div class=\"elementor-widget-wrap elementor-element-populated\">\n\t\t\t\t\t\t\t\t<section class=\"elementor-section elementor-inner-section elementor-element elementor-element-117b81d elementor-section-content-middle elementor-section-boxed elementor-section-height-default elementor-section-height-default\" data-id=\"117b81d\" data-element_type=\"section\">\n\t\t\t\t\t\t<div class=\"elementor-container elementor-column-gap-no\">\n\t\t\t\t\t<div class=\"elementor-column elementor-col-50 elementor-inner-column elementor-element elementor-element-3f8c0f7\" data-id=\"3f8c0f7\" data-element_type=\"column\">\n\t\t\t<div class=\"elementor-widget-wrap elementor-element-populated\">\n\t\t\t\t\t\t\t\t<div class=\"elementor-element elementor-element-e7a9c39 dce_masking-none elementor-widget elementor-widget-image\" data-id=\"e7a9c39\" data-element_type=\"widget\" data-widget_type=\"image.default\">\n\t\t\t\t<div class=\"elementor-widget-container\">\n\t\t\t\t\t\t\t\t\t\t\t\t\t\t\t<img fetchpriority=\"high\" decoding=\"async\" width=\"400\" height=\"400\" src=\"https:\/\/zoen.shop\/wp-content\/uploads\/2021\/10\/merchant-support-1.jpg\" class=\"attachment-full size-full wp-image-3958\" alt=\"\" srcset=\"https:\/\/zoen.shop\/wp-content\/uploads\/2021\/10\/merchant-support-1.jpg 400w, https:\/\/zoen.shop\/wp-content\/uploads\/2021\/10\/merchant-support-1-300x300.jpg 300w, https:\/\/zoen.shop\/wp-content\/uploads\/2021\/10\/merchant-support-1-150x150.jpg 150w\" sizes=\"(max-width: 400px) 100vw, 400px\" \/>\t\t\t\t\t\t\t\t\t\t\t\t\t\t\t<\/div>\n\t\t\t\t<\/div>\n\t\t\t\t\t<\/div>\n\t\t<\/div>\n\t\t\t\t<div class=\"elementor-column elementor-col-50 elementor-inner-column elementor-element elementor-element-8953cca\" data-id=\"8953cca\" data-element_type=\"column\">\n\t\t\t<div class=\"elementor-widget-wrap elementor-element-populated\">\n\t\t\t\t\t\t\t\t<div class=\"elementor-element elementor-element-615fec1 dce_masking-none elementor-widget elementor-widget-image\" data-id=\"615fec1\" data-element_type=\"widget\" data-widget_type=\"image.default\">\n\t\t\t\t<div class=\"elementor-widget-container\">\n\t\t\t\t\t\t\t\t\t\t\t\t\t\t\t<img decoding=\"async\" width=\"400\" height=\"400\" src=\"https:\/\/zoen.shop\/wp-content\/uploads\/2021\/10\/merchant-support-2.jpg\" class=\"attachment-full size-full wp-image-3959\" alt=\"\" srcset=\"https:\/\/zoen.shop\/wp-content\/uploads\/2021\/10\/merchant-support-2.jpg 400w, https:\/\/zoen.shop\/wp-content\/uploads\/2021\/10\/merchant-support-2-300x300.jpg 300w, https:\/\/zoen.shop\/wp-content\/uploads\/2021\/10\/merchant-support-2-150x150.jpg 150w\" sizes=\"(max-width: 400px) 100vw, 400px\" \/>\t\t\t\t\t\t\t\t\t\t\t\t\t\t\t<\/div>\n\t\t\t\t<\/div>\n\t\t\t\t\t<\/div>\n\t\t<\/div>\n\t\t\t\t\t\t\t<\/div>\n\t\t<\/section>\n\t\t\t\t<section class=\"elementor-section elementor-inner-section elementor-element elementor-element-0ce8f9c elementor-section-content-middle elementor-section-boxed elementor-section-height-default elementor-section-height-default\" data-id=\"0ce8f9c\" data-element_type=\"section\">\n\t\t\t\t\t\t<div class=\"elementor-container elementor-column-gap-no\">\n\t\t\t\t\t<div class=\"elementor-column elementor-col-33 elementor-inner-column elementor-element elementor-element-3e3606a\" data-id=\"3e3606a\" data-element_type=\"column\">\n\t\t\t<div class=\"elementor-widget-wrap elementor-element-populated\">\n\t\t\t\t\t\t\t\t<div class=\"elementor-element elementor-element-f89aad9 dce_masking-none elementor-widget elementor-widget-image\" data-id=\"f89aad9\" data-element_type=\"widget\" data-widget_type=\"image.default\">\n\t\t\t\t<div class=\"elementor-widget-container\">\n\t\t\t\t\t\t\t\t\t\t\t\t\t\t\t<img decoding=\"async\" width=\"400\" height=\"400\" src=\"https:\/\/zoen.shop\/wp-content\/uploads\/2021\/10\/merchant-support-3.jpg\" class=\"attachment-full size-full wp-image-3960\" alt=\"\" srcset=\"https:\/\/zoen.shop\/wp-content\/uploads\/2021\/10\/merchant-support-3.jpg 400w, https:\/\/zoen.shop\/wp-content\/uploads\/2021\/10\/merchant-support-3-300x300.jpg 300w, https:\/\/zoen.shop\/wp-content\/uploads\/2021\/10\/merchant-support-3-150x150.jpg 150w\" sizes=\"(max-width: 400px) 100vw, 400px\" \/>\t\t\t\t\t\t\t\t\t\t\t\t\t\t\t<\/div>\n\t\t\t\t<\/div>\n\t\t\t\t\t<\/div>\n\t\t<\/div>\n\t\t\t\t<div class=\"elementor-column elementor-col-33 elementor-inner-column elementor-element elementor-element-52c0252\" data-id=\"52c0252\" data-element_type=\"column\">\n\t\t\t<div class=\"elementor-widget-wrap elementor-element-populated\">\n\t\t\t\t\t\t\t\t<div class=\"elementor-element elementor-element-ff361ea dce_masking-none elementor-widget elementor-widget-image\" data-id=\"ff361ea\" data-element_type=\"widget\" data-widget_type=\"image.default\">\n\t\t\t\t<div class=\"elementor-widget-container\">\n\t\t\t\t\t\t\t\t\t\t\t\t\t\t\t<img loading=\"lazy\" decoding=\"async\" width=\"400\" height=\"400\" src=\"https:\/\/zoen.shop\/wp-content\/uploads\/2021\/10\/merchant-support-4.jpg\" class=\"attachment-full size-full wp-image-3961\" alt=\"\" srcset=\"https:\/\/zoen.shop\/wp-content\/uploads\/2021\/10\/merchant-support-4.jpg 400w, https:\/\/zoen.shop\/wp-content\/uploads\/2021\/10\/merchant-support-4-300x300.jpg 300w, https:\/\/zoen.shop\/wp-content\/uploads\/2021\/10\/merchant-support-4-150x150.jpg 150w\" sizes=\"(max-width: 400px) 100vw, 400px\" \/>\t\t\t\t\t\t\t\t\t\t\t\t\t\t\t<\/div>\n\t\t\t\t<\/div>\n\t\t\t\t\t<\/div>\n\t\t<\/div>\n\t\t\t\t<div class=\"elementor-column elementor-col-33 elementor-inner-column elementor-element elementor-element-156a917\" data-id=\"156a917\" data-element_type=\"column\">\n\t\t\t<div class=\"elementor-widget-wrap elementor-element-populated\">\n\t\t\t\t\t\t\t\t<div class=\"elementor-element elementor-element-1192abf dce_masking-none elementor-widget elementor-widget-image\" data-id=\"1192abf\" data-element_type=\"widget\" data-widget_type=\"image.default\">\n\t\t\t\t<div class=\"elementor-widget-container\">\n\t\t\t\t\t\t\t\t\t\t\t\t\t\t\t<img loading=\"lazy\" decoding=\"async\" width=\"400\" height=\"400\" src=\"https:\/\/zoen.shop\/wp-content\/uploads\/2021\/10\/merchant-support-5.jpg\" class=\"attachment-full size-full wp-image-3963\" alt=\"\" srcset=\"https:\/\/zoen.shop\/wp-content\/uploads\/2021\/10\/merchant-support-5.jpg 400w, https:\/\/zoen.shop\/wp-content\/uploads\/2021\/10\/merchant-support-5-300x300.jpg 300w, https:\/\/zoen.shop\/wp-content\/uploads\/2021\/10\/merchant-support-5-150x150.jpg 150w\" sizes=\"(max-width: 400px) 100vw, 400px\" \/>\t\t\t\t\t\t\t\t\t\t\t\t\t\t\t<\/div>\n\t\t\t\t<\/div>\n\t\t\t\t\t<\/div>\n\t\t<\/div>\n\t\t\t\t\t\t\t<\/div>\n\t\t<\/section>\n\t\t\t\t\t<\/div>\n\t\t<\/div>\n\t\t\t\t<div class=\"elementor-column elementor-col-50 elementor-top-column elementor-element elementor-element-87123f0\" data-id=\"87123f0\" data-element_type=\"column\">\n\t\t\t<div class=\"elementor-widget-wrap elementor-element-populated\">\n\t\t\t\t\t\t\t\t<div class=\"elementor-element elementor-element-ed586af elementor-widget elementor-widget-heading\" data-id=\"ed586af\" data-element_type=\"widget\" data-widget_type=\"heading.default\">\n\t\t\t\t<div class=\"elementor-widget-container\">\n\t\t\t<h1 class=\"elementor-heading-title elementor-size-default\">H\u00e4ndler Support<\/h1>\t\t<\/div>\n\t\t\t\t<\/div>\n\t\t\t\t<div class=\"elementor-element elementor-element-3dfc64a elementor-widget-divider--view-line elementor-widget elementor-widget-divider\" data-id=\"3dfc64a\" data-element_type=\"widget\" data-widget_type=\"divider.default\">\n\t\t\t\t<div class=\"elementor-widget-container\">\n\t\t\t\t\t<div class=\"elementor-divider\">\n\t\t\t<span class=\"elementor-divider-separator\">\n\t\t\t\t\t\t<\/span>\n\t\t<\/div>\n\t\t\t\t<\/div>\n\t\t\t\t<\/div>\n\t\t\t\t<div class=\"elementor-element elementor-element-b92bdad elementor-widget elementor-widget-heading\" data-id=\"b92bdad\" data-element_type=\"widget\" data-widget_type=\"heading.default\">\n\t\t\t\t<div class=\"elementor-widget-container\">\n\t\t\t<span class=\"elementor-heading-title elementor-size-default\">Sind Sie Einzelh\u00e4ndler und brauchen unsere Hilfe? Wir sind f\u00fcr Sie da!<\/span>\t\t<\/div>\n\t\t\t\t<\/div>\n\t\t\t\t<div class=\"elementor-element elementor-element-4606318 elementor-widget elementor-widget-heading\" data-id=\"4606318\" data-element_type=\"widget\" data-widget_type=\"heading.default\">\n\t\t\t\t<div class=\"elementor-widget-container\">\n\t\t\t<span class=\"elementor-heading-title elementor-size-default\">Wenn Sie nicht wissen, wie Sie anfangen sollen und wie Sie das volle Potenzial von zoen.shop aussch\u00f6pfen k\u00f6nnen, schauen Sie sich unsere Lernvideos und Schulungen an, diese werden Ihnen helfen. Sie k\u00f6nnen lernen, wie Sie Ihr Konto einrichten und alle technischen Details, aber wir werden Ihnen auch andere Dinge beibringen - wie Sie einen Kunden bei einem Videoanruf begr\u00fc\u00dfen, wie Sie virtuell mit Menschen sprechen, wie Sie mehr und besser verkaufen und wie Sie unsere Shopping-Plattform optimal nutzen k\u00f6nnen.<\/span>\t\t<\/div>\n\t\t\t\t<\/div>\n\t\t\t\t<div class=\"elementor-element elementor-element-0419d7f elementor-widget elementor-widget-heading\" data-id=\"0419d7f\" data-element_type=\"widget\" data-widget_type=\"heading.default\">\n\t\t\t\t<div class=\"elementor-widget-container\">\n\t\t\t<span class=\"elementor-heading-title elementor-size-default\">Wenn Sie noch einen Rat brauchen oder spezielle Fragen haben, sind wir daf\u00fcr da, Ihnen zu helfen. Kontaktieren Sie uns per E-Mail oder direkt \u00fcber einen Videoanruf und wir werden Ihre Probleme gemeinsam l\u00f6sen.<\/span>\t\t<\/div>\n\t\t\t\t<\/div>\n\t\t\t\t\t<\/div>\n\t\t<\/div>\n\t\t\t\t\t\t\t<\/div>\n\t\t<\/section>\n\t\t\t\t<section class=\"elementor-section elementor-top-section elementor-element elementor-element-e25b50c elementor-section-content-middle elementor-section-boxed elementor-section-height-default elementor-section-height-default\" data-id=\"e25b50c\" data-element_type=\"section\">\n\t\t\t\t\t\t<div class=\"elementor-container elementor-column-gap-no\">\n\t\t\t<!-- dce invisible element 736b332 -->\t\t<div class=\"elementor-column elementor-col-50 elementor-top-column elementor-element elementor-element-5ed144c\" data-id=\"5ed144c\" data-element_type=\"column\">\n\t\t\t<div class=\"elementor-widget-wrap elementor-element-populated\">\n\t\t\t\t\t\t\t\t<div class=\"elementor-element elementor-element-a804c97 elementor-position-left elementor-view-default elementor-mobile-position-top elementor-vertical-align-top elementor-widget elementor-widget-icon-box\" data-id=\"a804c97\" data-element_type=\"widget\" data-widget_type=\"icon-box.default\">\n\t\t\t\t<div class=\"elementor-widget-container\">\n\t\t\t\t\t<div class=\"elementor-icon-box-wrapper\">\n\t\t\t\t\t\t<div class=\"elementor-icon-box-icon\">\n\t\t\t\t<span  class=\"elementor-icon elementor-animation-grow\">\n\t\t\t\t<i aria-hidden=\"true\" class=\"fas fa-phone-alt\"><\/i>\t\t\t\t<\/span>\n\t\t\t<\/div>\n\t\t\t\t\t\t<div class=\"elementor-icon-box-content\">\n\t\t\t\t<h4 class=\"elementor-icon-box-title\">\n\t\t\t\t\t<span  >\n\t\t\t\t\t\tTelefon\t\t\t\t\t<\/span>\n\t\t\t\t<\/h4>\n\t\t\t\t\t\t\t\t\t<p class=\"elementor-icon-box-description\">\n\t\t\t\t\t\tCall center  SK : +421 2 332 214 30\r\n<br\/>\r\nCall center INT: +421 2 332 214 30\r\n<br\/>\r\n&nbsp;\t\t\t\t\t<\/p>\n\t\t\t\t\t\t\t<\/div>\n\t\t<\/div>\n\t\t\t\t<\/div>\n\t\t\t\t<\/div>\n\t\t\t\t\t<\/div>\n\t\t<\/div>\n\t\t\t\t<div class=\"elementor-column elementor-col-50 elementor-top-column elementor-element elementor-element-9c1bfed\" data-id=\"9c1bfed\" data-element_type=\"column\">\n\t\t\t<div class=\"elementor-widget-wrap elementor-element-populated\">\n\t\t\t\t\t\t\t\t<div class=\"elementor-element elementor-element-a1fba32 elementor-position-left elementor-view-default elementor-mobile-position-top elementor-vertical-align-top elementor-widget elementor-widget-icon-box\" data-id=\"a1fba32\" data-element_type=\"widget\" data-widget_type=\"icon-box.default\">\n\t\t\t\t<div class=\"elementor-widget-container\">\n\t\t\t\t\t<div class=\"elementor-icon-box-wrapper\">\n\t\t\t\t\t\t<div class=\"elementor-icon-box-icon\">\n\t\t\t\t<span  class=\"elementor-icon elementor-animation-grow\">\n\t\t\t\t<i aria-hidden=\"true\" class=\"fas fa-envelope\"><\/i>\t\t\t\t<\/span>\n\t\t\t<\/div>\n\t\t\t\t\t\t<div class=\"elementor-icon-box-content\">\n\t\t\t\t<h4 class=\"elementor-icon-box-title\">\n\t\t\t\t\t<span  >\n\t\t\t\t\t\tE-Mail\t\t\t\t\t<\/span>\n\t\t\t\t<\/h4>\n\t\t\t\t\t\t\t\t\t<p class=\"elementor-icon-box-description\">\n\t\t\t\t\t\tsupport (at) zoen. shop\r\n<br>\r\n\u00a0\r\n<br>\r\n\u00a0\t\t\t\t\t<\/p>\n\t\t\t\t\t\t\t<\/div>\n\t\t<\/div>\n\t\t\t\t<\/div>\n\t\t\t\t<\/div>\n\t\t\t\t\t<\/div>\n\t\t<\/div>\n\t\t\t\t\t\t\t<\/div>\n\t\t<\/section>\n\t\t\t\t\t\t\t<\/div>\n\t\t","protected":false},"excerpt":{"rendered":"<p>H\u00e4ndler Support Sind Sie Einzelh\u00e4ndler und brauchen unsere Hilfe? Wir sind f\u00fcr Sie da! Wenn Sie nicht wissen, wie Sie anfangen sollen und wie Sie das volle Potenzial von zoen.shop aussch\u00f6pfen k\u00f6nnen, schauen Sie sich unsere Lernvideos und Schulungen an, diese werden Ihnen helfen. Sie k\u00f6nnen lernen, wie Sie Ihr Konto einrichten und alle technischen [&hellip;]<\/p>\n","protected":false},"author":2,"featured_media":0,"parent":0,"menu_order":0,"comment_status":"closed","ping_status":"closed","template":"elementor_header_footer","meta":{"footnotes":""},"yoast_head":"<!-- This site is optimized with the Yoast SEO plugin v21.7 - https:\/\/yoast.com\/wordpress\/plugins\/seo\/ -->\n<title>zoen.shop: H\u00e4ndlersupport<\/title>\n<meta name=\"description\" content=\"Sie sind H\u00e4ndler und ben\u00f6tigen Hilfe? Bei Fragen steht Ihnen unser Support per E-Mail, VideoCall oder Telefon zur Verf\u00fcgung - zoen.shop\" \/>\n<meta name=\"robots\" content=\"index, follow, max-snippet:-1, max-image-preview:large, max-video-preview:-1\" \/>\n<link rel=\"canonical\" href=\"https:\/\/zoen.shop\/de\/haendler-support\/\" \/>\n<meta property=\"og:locale\" content=\"de_DE\" \/>\n<meta property=\"og:type\" content=\"article\" \/>\n<meta property=\"og:title\" content=\"zoen.shop: H\u00e4ndlersupport\" \/>\n<meta property=\"og:description\" content=\"Sie sind H\u00e4ndler und ben\u00f6tigen Hilfe? Bei Fragen steht Ihnen unser Support per E-Mail, VideoCall oder Telefon zur Verf\u00fcgung - zoen.shop\" \/>\n<meta property=\"og:url\" content=\"https:\/\/zoen.shop\/de\/haendler-support\/\" \/>\n<meta property=\"og:site_name\" content=\"zoen.shop\" \/>\n<meta property=\"article:publisher\" content=\"https:\/\/www.facebook.com\/Zoenshop-105671925054190\" \/>\n<meta property=\"article:modified_time\" content=\"2022-01-07T10:53:11+00:00\" \/>\n<meta property=\"og:image\" content=\"https:\/\/zoen.shop\/wp-content\/uploads\/2021\/10\/merchant-support-1.jpg\" \/>\n<meta name=\"twitter:card\" content=\"summary_large_image\" \/>\n<meta name=\"twitter:site\" content=\"@zoenshop\" \/>\n<meta name=\"twitter:label1\" content=\"Gesch\u00e4tzte Lesezeit\" \/>\n\t<meta name=\"twitter:data1\" content=\"1\u00a0Minute\" \/>\n<script type=\"application\/ld+json\" class=\"yoast-schema-graph\">{\"@context\":\"https:\/\/schema.org\",\"@graph\":[{\"@type\":\"WebPage\",\"@id\":\"https:\/\/zoen.shop\/de\/haendler-support\/\",\"url\":\"https:\/\/zoen.shop\/de\/haendler-support\/\",\"name\":\"zoen.shop: H\u00e4ndlersupport\",\"isPartOf\":{\"@id\":\"https:\/\/zoen.shop\/de\/#website\"},\"datePublished\":\"2021-11-08T23:06:02+00:00\",\"dateModified\":\"2022-01-07T10:53:11+00:00\",\"description\":\"Sie sind H\u00e4ndler und ben\u00f6tigen Hilfe? Bei Fragen steht Ihnen unser Support per E-Mail, VideoCall oder Telefon zur Verf\u00fcgung - zoen.shop\",\"breadcrumb\":{\"@id\":\"https:\/\/zoen.shop\/de\/haendler-support\/#breadcrumb\"},\"inLanguage\":\"de\",\"potentialAction\":[{\"@type\":\"ReadAction\",\"target\":[\"https:\/\/zoen.shop\/de\/haendler-support\/\"]}]},{\"@type\":\"BreadcrumbList\",\"@id\":\"https:\/\/zoen.shop\/de\/haendler-support\/#breadcrumb\",\"itemListElement\":[{\"@type\":\"ListItem\",\"position\":1,\"name\":\"Home\",\"item\":\"https:\/\/zoen.shop\/de\/\"},{\"@type\":\"ListItem\",\"position\":2,\"name\":\"H\u00e4ndler Support\"}]},{\"@type\":\"WebSite\",\"@id\":\"https:\/\/zoen.shop\/de\/#website\",\"url\":\"https:\/\/zoen.shop\/de\/\",\"name\":\"zoen.shop\",\"description\":\"VideoCall shop&amp;pay\",\"publisher\":{\"@id\":\"https:\/\/zoen.shop\/de\/#organization\"},\"potentialAction\":[{\"@type\":\"SearchAction\",\"target\":{\"@type\":\"EntryPoint\",\"urlTemplate\":\"https:\/\/zoen.shop\/de\/?s={search_term_string}\"},\"query-input\":\"required name=search_term_string\"}],\"inLanguage\":\"de\"},{\"@type\":\"Organization\",\"@id\":\"https:\/\/zoen.shop\/de\/#organization\",\"name\":\"zoen shop\",\"url\":\"https:\/\/zoen.shop\/de\/\",\"logo\":{\"@type\":\"ImageObject\",\"inLanguage\":\"de\",\"@id\":\"https:\/\/zoen.shop\/de\/#\/schema\/logo\/image\/\",\"url\":\"https:\/\/zoen.shop\/wp-content\/uploads\/2021\/06\/cropped-logo-Transparent-yellow.png\",\"contentUrl\":\"https:\/\/zoen.shop\/wp-content\/uploads\/2021\/06\/cropped-logo-Transparent-yellow.png\",\"width\":3872,\"height\":1105,\"caption\":\"zoen shop\"},\"image\":{\"@id\":\"https:\/\/zoen.shop\/de\/#\/schema\/logo\/image\/\"},\"sameAs\":[\"https:\/\/www.facebook.com\/Zoenshop-105671925054190\",\"https:\/\/twitter.com\/zoenshop\",\"https:\/\/www.instagram.com\/zoen.shop\/\",\"https:\/\/www.linkedin.com\/company\/zoenshop\",\"https:\/\/www.youtube.com\/channel\/UClITU8UxelitjTPmBs4maXg\"]}]}<\/script>\n<!-- \/ Yoast SEO plugin. -->","yoast_head_json":{"title":"zoen.shop: H\u00e4ndlersupport","description":"Sie sind H\u00e4ndler und ben\u00f6tigen Hilfe? Bei Fragen steht Ihnen unser Support per E-Mail, VideoCall oder Telefon zur Verf\u00fcgung - zoen.shop","robots":{"index":"index","follow":"follow","max-snippet":"max-snippet:-1","max-image-preview":"max-image-preview:large","max-video-preview":"max-video-preview:-1"},"canonical":"https:\/\/zoen.shop\/de\/haendler-support\/","og_locale":"de_DE","og_type":"article","og_title":"zoen.shop: H\u00e4ndlersupport","og_description":"Sie sind H\u00e4ndler und ben\u00f6tigen Hilfe? Bei Fragen steht Ihnen unser Support per E-Mail, VideoCall oder Telefon zur Verf\u00fcgung - zoen.shop","og_url":"https:\/\/zoen.shop\/de\/haendler-support\/","og_site_name":"zoen.shop","article_publisher":"https:\/\/www.facebook.com\/Zoenshop-105671925054190","article_modified_time":"2022-01-07T10:53:11+00:00","og_image":[{"url":"https:\/\/zoen.shop\/wp-content\/uploads\/2021\/10\/merchant-support-1.jpg"}],"twitter_card":"summary_large_image","twitter_site":"@zoenshop","twitter_misc":{"Gesch\u00e4tzte Lesezeit":"1\u00a0Minute"},"schema":{"@context":"https:\/\/schema.org","@graph":[{"@type":"WebPage","@id":"https:\/\/zoen.shop\/de\/haendler-support\/","url":"https:\/\/zoen.shop\/de\/haendler-support\/","name":"zoen.shop: H\u00e4ndlersupport","isPartOf":{"@id":"https:\/\/zoen.shop\/de\/#website"},"datePublished":"2021-11-08T23:06:02+00:00","dateModified":"2022-01-07T10:53:11+00:00","description":"Sie sind H\u00e4ndler und ben\u00f6tigen Hilfe? Bei Fragen steht Ihnen unser Support per E-Mail, VideoCall oder Telefon zur Verf\u00fcgung - zoen.shop","breadcrumb":{"@id":"https:\/\/zoen.shop\/de\/haendler-support\/#breadcrumb"},"inLanguage":"de","potentialAction":[{"@type":"ReadAction","target":["https:\/\/zoen.shop\/de\/haendler-support\/"]}]},{"@type":"BreadcrumbList","@id":"https:\/\/zoen.shop\/de\/haendler-support\/#breadcrumb","itemListElement":[{"@type":"ListItem","position":1,"name":"Home","item":"https:\/\/zoen.shop\/de\/"},{"@type":"ListItem","position":2,"name":"H\u00e4ndler Support"}]},{"@type":"WebSite","@id":"https:\/\/zoen.shop\/de\/#website","url":"https:\/\/zoen.shop\/de\/","name":"zoen.shop","description":"VideoCall shop&amp;pay","publisher":{"@id":"https:\/\/zoen.shop\/de\/#organization"},"potentialAction":[{"@type":"SearchAction","target":{"@type":"EntryPoint","urlTemplate":"https:\/\/zoen.shop\/de\/?s={search_term_string}"},"query-input":"required name=search_term_string"}],"inLanguage":"de"},{"@type":"Organization","@id":"https:\/\/zoen.shop\/de\/#organization","name":"zoen shop","url":"https:\/\/zoen.shop\/de\/","logo":{"@type":"ImageObject","inLanguage":"de","@id":"https:\/\/zoen.shop\/de\/#\/schema\/logo\/image\/","url":"https:\/\/zoen.shop\/wp-content\/uploads\/2021\/06\/cropped-logo-Transparent-yellow.png","contentUrl":"https:\/\/zoen.shop\/wp-content\/uploads\/2021\/06\/cropped-logo-Transparent-yellow.png","width":3872,"height":1105,"caption":"zoen shop"},"image":{"@id":"https:\/\/zoen.shop\/de\/#\/schema\/logo\/image\/"},"sameAs":["https:\/\/www.facebook.com\/Zoenshop-105671925054190","https:\/\/twitter.com\/zoenshop","https:\/\/www.instagram.com\/zoen.shop\/","https:\/\/www.linkedin.com\/company\/zoenshop","https:\/\/www.youtube.com\/channel\/UClITU8UxelitjTPmBs4maXg"]}]}},"_links":{"self":[{"href":"https:\/\/zoen.shop\/de\/wp-json\/wp\/v2\/pages\/4588"}],"collection":[{"href":"https:\/\/zoen.shop\/de\/wp-json\/wp\/v2\/pages"}],"about":[{"href":"https:\/\/zoen.shop\/de\/wp-json\/wp\/v2\/types\/page"}],"author":[{"embeddable":true,"href":"https:\/\/zoen.shop\/de\/wp-json\/wp\/v2\/users\/2"}],"replies":[{"embeddable":true,"href":"https:\/\/zoen.shop\/de\/wp-json\/wp\/v2\/comments?post=4588"}],"version-history":[{"count":6,"href":"https:\/\/zoen.shop\/de\/wp-json\/wp\/v2\/pages\/4588\/revisions"}],"predecessor-version":[{"id":6121,"href":"https:\/\/zoen.shop\/de\/wp-json\/wp\/v2\/pages\/4588\/revisions\/6121"}],"wp:attachment":[{"href":"https:\/\/zoen.shop\/de\/wp-json\/wp\/v2\/media?parent=4588"}],"curies":[{"name":"wp","href":"https:\/\/api.w.org\/{rel}","templated":true}]}}