{"id":4147,"date":"2021-07-08T09:56:03","date_gmt":"2021-07-08T08:56:03","guid":{"rendered":"https:\/\/zoen.shop\/ako-to-funguje\/"},"modified":"2022-01-13T14:07:24","modified_gmt":"2022-01-13T13:07:24","slug":"ako-to-funguje","status":"publish","type":"page","link":"https:\/\/zoen.shop\/sk\/ako-to-funguje\/","title":{"rendered":"Ako to funguje"},"content":{"rendered":"\t\t<div data-elementor-type=\"wp-page\" data-elementor-id=\"4147\" class=\"elementor elementor-4147 elementor-945\" data-elementor-post-type=\"page\">\n\t\t\t\t\t\t\t\t\t<section class=\"elementor-section elementor-top-section elementor-element elementor-element-40c8d93 elementor-section-boxed elementor-section-height-default elementor-section-height-default\" data-id=\"40c8d93\" data-element_type=\"section\">\n\t\t\t\t\t\t<div class=\"elementor-container elementor-column-gap-default\">\n\t\t\t\t\t<div class=\"elementor-column elementor-col-100 elementor-top-column elementor-element elementor-element-e1de406\" data-id=\"e1de406\" data-element_type=\"column\">\n\t\t\t<div class=\"elementor-widget-wrap elementor-element-populated\">\n\t\t\t\t\t\t\t\t<div class=\"elementor-element elementor-element-0b68615 elementor-widget elementor-widget-heading\" data-id=\"0b68615\" data-element_type=\"widget\" data-widget_type=\"heading.default\">\n\t\t\t\t<div class=\"elementor-widget-container\">\n\t\t\t<h2 class=\"elementor-heading-title elementor-size-default\"><font color=\"#1967D2\">Chcete<\/font> vedie\u0165, ako v\u00e1m zoen.shop pom\u00f4\u017ee <font color=\"#1967D2\">zv\u00fd\u0161i\u0165 predaje<\/font>?<\/h2>\t\t<\/div>\n\t\t\t\t<\/div>\n\t\t\t\t<div class=\"elementor-element elementor-element-09e3f02 elementor-widget elementor-widget-heading\" data-id=\"09e3f02\" data-element_type=\"widget\" data-widget_type=\"heading.default\">\n\t\t\t\t<div class=\"elementor-widget-container\">\n\t\t\t<h2 class=\"elementor-heading-title elementor-size-default\">Sta\u010d\u00ed si pozrie\u0165 <font color=\"#1967D2\">video<\/font> ni\u017e\u0161ie!<\/h2>\t\t<\/div>\n\t\t\t\t<\/div>\n\t\t\t\t\t<\/div>\n\t\t<\/div>\n\t\t\t\t\t\t\t<\/div>\n\t\t<\/section>\n\t\t\t\t<section class=\"elementor-section elementor-top-section elementor-element elementor-element-f38d3bf elementor-section-boxed elementor-section-height-default elementor-section-height-default\" data-id=\"f38d3bf\" data-element_type=\"section\">\n\t\t\t\t\t\t<div class=\"elementor-container elementor-column-gap-default\">\n\t\t\t\t\t<div class=\"elementor-column elementor-col-100 elementor-top-column elementor-element elementor-element-bc169cc\" data-id=\"bc169cc\" data-element_type=\"column\">\n\t\t\t<div class=\"elementor-widget-wrap elementor-element-populated\">\n\t\t\t\t\t\t\t\t<div class=\"elementor-element elementor-element-c57ccc8 dce_masking-none elementor-widget elementor-widget-video\" data-id=\"c57ccc8\" data-element_type=\"widget\" data-settings=\"{&quot;autoplay&quot;:&quot;yes&quot;,&quot;mute&quot;:&quot;yes&quot;,&quot;video_type&quot;:&quot;hosted&quot;,&quot;play_on_mobile&quot;:&quot;yes&quot;,&quot;loop&quot;:&quot;yes&quot;,&quot;controls&quot;:&quot;yes&quot;}\" data-widget_type=\"video.default\">\n\t\t\t\t<div class=\"elementor-widget-container\">\n\t\t\t\t\t<div class=\"e-hosted-video elementor-wrapper elementor-open-inline\">\n\t\t\t\t\t<video class=\"elementor-video\" src=\"https:\/\/video.zoen.shop\/zoen-shop-whiteboard-sk.mp4\" autoplay=\"\" loop=\"\" controls=\"\" muted=\"muted\" playsinline=\"\" controlsList=\"nodownload\"><\/video>\n\t\t\t\t<\/div>\n\t\t\t\t<\/div>\n\t\t\t\t<\/div>\n\t\t\t\t\t<\/div>\n\t\t<\/div>\n\t\t\t\t\t\t\t<\/div>\n\t\t<\/section>\n\t\t\t\t<section class=\"elementor-section elementor-top-section elementor-element elementor-element-707fc1e elementor-section-boxed elementor-section-height-default elementor-section-height-default\" data-id=\"707fc1e\" data-element_type=\"section\" data-settings=\"{&quot;background_background&quot;:&quot;classic&quot;}\">\n\t\t\t\t\t\t<div class=\"elementor-container elementor-column-gap-default\">\n\t\t\t\t\t<div class=\"elementor-column elementor-col-100 elementor-top-column elementor-element elementor-element-16b775b\" data-id=\"16b775b\" data-element_type=\"column\">\n\t\t\t<div class=\"elementor-widget-wrap elementor-element-populated\">\n\t\t\t\t\t\t\t\t<div class=\"elementor-element elementor-element-d50d167 elementor-widget elementor-widget-heading\" data-id=\"d50d167\" data-element_type=\"widget\" data-widget_type=\"heading.default\">\n\t\t\t\t<div class=\"elementor-widget-container\">\n\t\t\t<h2 class=\"elementor-heading-title elementor-size-default\">Na \u010do e\u0161te <font color=\"#FFC000\">\u010dak\u00e1te<\/font>?<\/h2>\t\t<\/div>\n\t\t\t\t<\/div>\n\t\t\t\t<div class=\"elementor-element elementor-element-3a9089c elementor-widget elementor-widget-heading\" data-id=\"3a9089c\" data-element_type=\"widget\" data-widget_type=\"heading.default\">\n\t\t\t\t<div class=\"elementor-widget-container\">\n\t\t\t<h2 class=\"elementor-heading-title elementor-size-default\">Nabehnite na zoen.shop aj vy. Je to <font color=\"#FFC000\">jednoduch\u00e9<\/font>!<\/h2>\t\t<\/div>\n\t\t\t\t<\/div>\n\t\t\t\t<div class=\"elementor-element elementor-element-75b6c9e elementor-align-center elementor-widget elementor-widget-button\" data-id=\"75b6c9e\" data-element_type=\"widget\" data-widget_type=\"button.default\">\n\t\t\t\t<div class=\"elementor-widget-container\">\n\t\t\t\t\t<div class=\"elementor-button-wrapper\">\n\t\t\t<a class=\"elementor-button elementor-button-link elementor-size-sm\" href=\"https:\/\/merchant.zoen.shop\/register\">\n\t\t\t\t\t\t<span class=\"elementor-button-content-wrapper\">\n\t\t\t\t\t\t<span class=\"elementor-button-text\">Po\u010fme na to!<\/span>\n\t\t<\/span>\n\t\t\t\t\t<\/a>\n\t\t<\/div>\n\t\t\t\t<\/div>\n\t\t\t\t<\/div>\n\t\t\t\t\t<\/div>\n\t\t<\/div>\n\t\t\t\t\t\t\t<\/div>\n\t\t<\/section>\n\t\t\t\t<section class=\"elementor-section elementor-top-section elementor-element elementor-element-d012dd3 elementor-section-boxed elementor-section-height-default elementor-section-height-default\" data-id=\"d012dd3\" data-element_type=\"section\">\n\t\t\t\t\t\t<div class=\"elementor-container elementor-column-gap-default\">\n\t\t\t\t\t<div class=\"elementor-column elementor-col-100 elementor-top-column elementor-element elementor-element-3290e8b\" data-id=\"3290e8b\" data-element_type=\"column\">\n\t\t\t<div class=\"elementor-widget-wrap elementor-element-populated\">\n\t\t\t\t\t\t\t\t<div class=\"elementor-element elementor-element-c047db6 elementor-widget elementor-widget-heading\" data-id=\"c047db6\" data-element_type=\"widget\" data-widget_type=\"heading.default\">\n\t\t\t\t<div class=\"elementor-widget-container\">\n\t\t\t<h2 class=\"elementor-heading-title elementor-size-default\">zoen.shop je <font color=\"#188038\">multifunk\u010dn\u00e1 platforma<\/font> na nakupovanie, ktor\u00e1 obsahuje <font color=\"#188038\">v\u0161etko<\/font>, \u010do v\u00e1\u0161 z\u00e1kazn\u00edk potrebuje pre ten <font color=\"#188038\">najlep\u0161\u00ed z\u00e1\u017eitok<\/font> z digit\u00e1lneho nakupovania.<\/h2>\t\t<\/div>\n\t\t\t\t<\/div>\n\t\t\t\t\t<\/div>\n\t\t<\/div>\n\t\t\t\t\t\t\t<\/div>\n\t\t<\/section>\n\t\t\t\t<section class=\"elementor-section elementor-top-section elementor-element elementor-element-14544d2 elementor-section-boxed elementor-section-height-default elementor-section-height-default\" data-id=\"14544d2\" data-element_type=\"section\">\n\t\t\t\t\t\t<div class=\"elementor-container elementor-column-gap-default\">\n\t\t\t\t\t<div class=\"elementor-column elementor-col-100 elementor-top-column elementor-element elementor-element-4ea1d22\" data-id=\"4ea1d22\" data-element_type=\"column\">\n\t\t\t<div class=\"elementor-widget-wrap elementor-element-populated\">\n\t\t\t\t\t\t\t\t<div class=\"elementor-element elementor-element-f7c74c9 dce_masking-none elementor-widget elementor-widget-image\" data-id=\"f7c74c9\" data-element_type=\"widget\" data-widget_type=\"image.default\">\n\t\t\t\t<div class=\"elementor-widget-container\">\n\t\t\t\t\t\t\t\t\t\t\t\t\t\t\t\t<a href=\"https:\/\/zoen.shop\/wp-content\/uploads\/2021\/11\/sk_howitworks-scaled.jpg\" data-elementor-open-lightbox=\"yes\" data-elementor-lightbox-title=\"zoen.shop - how it works\" data-e-action-hash=\"#elementor-action%3Aaction%3Dlightbox%26settings%3DeyJpZCI6Mzc2MSwidXJsIjoiaHR0cHM6XC9cL3pvZW4uc2hvcFwvd3AtY29udGVudFwvdXBsb2Fkc1wvMjAyMVwvMTFcL3NrX2hvd2l0d29ya3Mtc2NhbGVkLmpwZyJ9\">\n\t\t\t\t\t\t\t<img fetchpriority=\"high\" decoding=\"async\" width=\"2560\" height=\"1846\" src=\"https:\/\/zoen.shop\/wp-content\/uploads\/2021\/11\/sk_howitworks-scaled.jpg\" class=\"attachment-full size-full wp-image-3761\" alt=\"zoen.shop - how it works\" srcset=\"https:\/\/zoen.shop\/wp-content\/uploads\/2021\/11\/sk_howitworks-scaled.jpg 2560w, https:\/\/zoen.shop\/wp-content\/uploads\/2021\/11\/sk_howitworks-300x216.jpg 300w, https:\/\/zoen.shop\/wp-content\/uploads\/2021\/11\/sk_howitworks-1024x738.jpg 1024w, https:\/\/zoen.shop\/wp-content\/uploads\/2021\/11\/sk_howitworks-768x554.jpg 768w, https:\/\/zoen.shop\/wp-content\/uploads\/2021\/11\/sk_howitworks-1536x1108.jpg 1536w, https:\/\/zoen.shop\/wp-content\/uploads\/2021\/11\/sk_howitworks-2048x1477.jpg 2048w\" sizes=\"(max-width: 2560px) 100vw, 2560px\" \/>\t\t\t\t\t\t\t\t<\/a>\n\t\t\t\t\t\t\t\t\t\t\t\t\t\t\t<\/div>\n\t\t\t\t<\/div>\n\t\t\t\t\t<\/div>\n\t\t<\/div>\n\t\t\t\t\t\t\t<\/div>\n\t\t<\/section>\n\t\t\t\t<section class=\"elementor-section elementor-top-section elementor-element elementor-element-287e212 elementor-section-boxed elementor-section-height-default elementor-section-height-default\" data-id=\"287e212\" data-element_type=\"section\" data-settings=\"{&quot;background_background&quot;:&quot;classic&quot;}\">\n\t\t\t\t\t\t<div class=\"elementor-container elementor-column-gap-default\">\n\t\t\t\t\t<div class=\"elementor-column elementor-col-33 elementor-top-column elementor-element elementor-element-7d9d3d6\" data-id=\"7d9d3d6\" data-element_type=\"column\">\n\t\t\t<div class=\"elementor-widget-wrap elementor-element-populated\">\n\t\t\t\t\t\t\t\t<div class=\"elementor-element elementor-element-d6ba7b0 elementor-view-framed elementor-shape-circle elementor-position-top elementor-mobile-position-top elementor-widget elementor-widget-icon-box\" data-id=\"d6ba7b0\" data-element_type=\"widget\" data-widget_type=\"icon-box.default\">\n\t\t\t\t<div class=\"elementor-widget-container\">\n\t\t\t\t\t<div class=\"elementor-icon-box-wrapper\">\n\t\t\t\t\t\t<div class=\"elementor-icon-box-icon\">\n\t\t\t\t<span  class=\"elementor-icon elementor-animation-\">\n\t\t\t\t<i aria-hidden=\"true\" class=\"fas fa-mobile-alt\"><\/i>\t\t\t\t<\/span>\n\t\t\t<\/div>\n\t\t\t\t\t\t<div class=\"elementor-icon-box-content\">\n\t\t\t\t<h3 class=\"elementor-icon-box-title\">\n\t\t\t\t\t<span  >\n\t\t\t\t\t\tSmart zariadenie\t\t\t\t\t<\/span>\n\t\t\t\t<\/h3>\n\t\t\t\t\t\t\t\t\t<p class=\"elementor-icon-box-description\">\n\t\t\t\t\t\tJedin\u00e9, \u010do potrebujete, je <font color=\"#188038\"><b>smart zariadenie<\/b><\/font> (telef\u00f3n, tablet, notebook), na ktor\u00e9 si stiahnete na\u0161u <font color=\"#188038\"><b>apku<\/b><\/font>. <font color=\"#188038\"><b>Hotovo<\/b><\/font>! \u017diadne zlo\u017eit\u00e9 softv\u00e9ry a programy.\t\t\t\t\t<\/p>\n\t\t\t\t\t\t\t<\/div>\n\t\t<\/div>\n\t\t\t\t<\/div>\n\t\t\t\t<\/div>\n\t\t\t\t\t<\/div>\n\t\t<\/div>\n\t\t\t\t<div class=\"elementor-column elementor-col-33 elementor-top-column elementor-element elementor-element-1331c37\" data-id=\"1331c37\" data-element_type=\"column\">\n\t\t\t<div class=\"elementor-widget-wrap elementor-element-populated\">\n\t\t\t\t\t\t\t\t<div class=\"elementor-element elementor-element-d735522 elementor-view-framed elementor-shape-circle elementor-position-top elementor-mobile-position-top elementor-widget elementor-widget-icon-box\" data-id=\"d735522\" data-element_type=\"widget\" data-widget_type=\"icon-box.default\">\n\t\t\t\t<div class=\"elementor-widget-container\">\n\t\t\t\t\t<div class=\"elementor-icon-box-wrapper\">\n\t\t\t\t\t\t<div class=\"elementor-icon-box-icon\">\n\t\t\t\t<span  class=\"elementor-icon elementor-animation-\">\n\t\t\t\t<i aria-hidden=\"true\" class=\"fas fa-euro-sign\"><\/i>\t\t\t\t<\/span>\n\t\t\t<\/div>\n\t\t\t\t\t\t<div class=\"elementor-icon-box-content\">\n\t\t\t\t<h3 class=\"elementor-icon-box-title\">\n\t\t\t\t\t<span  >\n\t\t\t\t\t\tPlatobn\u00e1 br\u00e1na\t\t\t\t\t<\/span>\n\t\t\t\t<\/h3>\n\t\t\t\t\t\t\t\t\t<p class=\"elementor-icon-box-description\">\n\t\t\t\t\t\tPo dokon\u010den\u00ed videohovoru v\u00e1m odo\u0161leme v\u0161etky <font color=\"#188038\"><b>potrebn\u00e9 inform\u00e1cie<\/b><\/font> ako s\u00fahrn n\u00e1kupu, info o platbe a detaily o z\u00e1kazn\u00edkovi. Spolupracujeme len s <font color=\"#188038\"><b>d\u00f4veryhodn\u00fdmi bankov\u00fdmi partnermi<\/b><\/font>.\t\t\t\t\t<\/p>\n\t\t\t\t\t\t\t<\/div>\n\t\t<\/div>\n\t\t\t\t<\/div>\n\t\t\t\t<\/div>\n\t\t\t\t\t<\/div>\n\t\t<\/div>\n\t\t\t\t<div class=\"elementor-column elementor-col-33 elementor-top-column elementor-element elementor-element-198b59b\" data-id=\"198b59b\" data-element_type=\"column\">\n\t\t\t<div class=\"elementor-widget-wrap elementor-element-populated\">\n\t\t\t\t\t\t\t\t<div class=\"elementor-element elementor-element-f5d6d47 elementor-view-framed elementor-shape-circle elementor-position-top elementor-mobile-position-top elementor-widget elementor-widget-icon-box\" data-id=\"f5d6d47\" data-element_type=\"widget\" data-widget_type=\"icon-box.default\">\n\t\t\t\t<div class=\"elementor-widget-container\">\n\t\t\t\t\t<div class=\"elementor-icon-box-wrapper\">\n\t\t\t\t\t\t<div class=\"elementor-icon-box-icon\">\n\t\t\t\t<span  class=\"elementor-icon elementor-animation-\">\n\t\t\t\t<i aria-hidden=\"true\" class=\"fas fa-link\"><\/i>\t\t\t\t<\/span>\n\t\t\t<\/div>\n\t\t\t\t\t\t<div class=\"elementor-icon-box-content\">\n\t\t\t\t<h3 class=\"elementor-icon-box-title\">\n\t\t\t\t\t<span  >\n\t\t\t\t\t\tSta\u010d\u00ed 1 klik!\t\t\t\t\t<\/span>\n\t\t\t\t<\/h3>\n\t\t\t\t\t\t\t\t\t<p class=\"elementor-icon-box-description\">\n\t\t\t\t\t\t<font color=\"#188038\"><b>zoen.shop<\/b><\/font> m\u00f4\u017eete aplikova\u0165 na v\u00e1\u0161 web, soci\u00e1lne siete alebo do e-mailov\u00fdch kampan\u00ed. Potrebujete na to len <font color=\"#188038\"><b>jednoduch\u00fd link<\/b><\/font>, ktor\u00fd v\u00e1s priamo <font color=\"#188038\"><b>spoj\u00ed<\/b><\/font> s va\u0161imi z\u00e1kazn\u00edkmi.\t\t\t\t\t<\/p>\n\t\t\t\t\t\t\t<\/div>\n\t\t<\/div>\n\t\t\t\t<\/div>\n\t\t\t\t<\/div>\n\t\t\t\t\t<\/div>\n\t\t<\/div>\n\t\t\t\t\t\t\t<\/div>\n\t\t<\/section>\n\t\t\t\t<section class=\"elementor-section elementor-top-section elementor-element elementor-element-72087d3 elementor-section-boxed elementor-section-height-default elementor-section-height-default\" data-id=\"72087d3\" data-element_type=\"section\" data-settings=\"{&quot;background_background&quot;:&quot;classic&quot;}\">\n\t\t\t\t\t\t<div class=\"elementor-container elementor-column-gap-default\">\n\t\t\t\t\t<div class=\"elementor-column elementor-col-100 elementor-top-column elementor-element elementor-element-2c9346f\" data-id=\"2c9346f\" data-element_type=\"column\">\n\t\t\t<div class=\"elementor-widget-wrap elementor-element-populated\">\n\t\t\t\t\t\t\t\t<div class=\"elementor-element elementor-element-ade103a elementor-widget elementor-widget-heading\" data-id=\"ade103a\" data-element_type=\"widget\" data-widget_type=\"heading.default\">\n\t\t\t\t<div class=\"elementor-widget-container\">\n\t\t\t<h2 class=\"elementor-heading-title elementor-size-default\">Pre viac inform\u00e1ci\u00ed:<\/h2>\t\t<\/div>\n\t\t\t\t<\/div>\n\t\t\t\t<div class=\"elementor-element elementor-element-462b519 elementor-align-center elementor-widget elementor-widget-button\" data-id=\"462b519\" data-element_type=\"widget\" data-widget_type=\"button.default\">\n\t\t\t\t<div class=\"elementor-widget-container\">\n\t\t\t\t\t<div class=\"elementor-button-wrapper\">\n\t\t\t<a class=\"elementor-button elementor-button-link elementor-size-sm\" href=\"https:\/\/zoen.shop\/sk\/kontakt\/\">\n\t\t\t\t\t\t<span class=\"elementor-button-content-wrapper\">\n\t\t\t\t\t\t<span class=\"elementor-button-text\">Ozvite sa n\u00e1m!<\/span>\n\t\t<\/span>\n\t\t\t\t\t<\/a>\n\t\t<\/div>\n\t\t\t\t<\/div>\n\t\t\t\t<\/div>\n\t\t\t\t\t<\/div>\n\t\t<\/div>\n\t\t\t\t\t\t\t<\/div>\n\t\t<\/section>\n\t\t\t\t\t\t\t<\/div>\n\t\t","protected":false},"excerpt":{"rendered":"<p>Chcete vedie\u0165, ako v\u00e1m zoen.shop pom\u00f4\u017ee zv\u00fd\u0161i\u0165 predaje? Sta\u010d\u00ed si pozrie\u0165 video ni\u017e\u0161ie! https:\/\/video.zoen.shop\/zoen-shop-whiteboard-sk.mp4 Na \u010do e\u0161te \u010dak\u00e1te? Nabehnite na zoen.shop aj vy. Je to jednoduch\u00e9! Po\u010fme na to! zoen.shop je multifunk\u010dn\u00e1 platforma na nakupovanie, ktor\u00e1 obsahuje v\u0161etko, \u010do v\u00e1\u0161 z\u00e1kazn\u00edk potrebuje pre ten najlep\u0161\u00ed z\u00e1\u017eitok z digit\u00e1lneho nakupovania. Smart zariadenie Jedin\u00e9, \u010do potrebujete, je [&hellip;]<\/p>\n","protected":false},"author":2,"featured_media":0,"parent":0,"menu_order":0,"comment_status":"closed","ping_status":"closed","template":"elementor_header_footer","meta":{"footnotes":""},"yoast_head":"<!-- This site is optimized with the Yoast SEO plugin v21.7 - https:\/\/yoast.com\/wordpress\/plugins\/seo\/ -->\n<title>zoen.shop: Ako to funguje? Video Call Shop &amp; Pay<\/title>\n<meta name=\"description\" content=\"Ako to funguje? Vytvorenie virtu\u00e1lneho obchodu s videohovormi je ve\u013emi jednoduch\u00e9. Sta\u010d\u00ed len p\u00e1r kliknut\u00ed a V\u00e1\u0161 virtu\u00e1lny obchod je hotov\u00fd - zoen.shop\" \/>\n<meta name=\"robots\" content=\"index, follow, max-snippet:-1, max-image-preview:large, max-video-preview:-1\" \/>\n<link rel=\"canonical\" href=\"https:\/\/zoen.shop\/sk\/ako-to-funguje\/\" \/>\n<meta property=\"og:locale\" content=\"sk_SK\" \/>\n<meta property=\"og:type\" content=\"article\" \/>\n<meta property=\"og:title\" content=\"zoen.shop: Ako to funguje? Video Call Shop &amp; Pay\" \/>\n<meta property=\"og:description\" content=\"Ako to funguje? Vytvorenie virtu\u00e1lneho obchodu s videohovormi je ve\u013emi jednoduch\u00e9. Sta\u010d\u00ed len p\u00e1r kliknut\u00ed a V\u00e1\u0161 virtu\u00e1lny obchod je hotov\u00fd - zoen.shop\" \/>\n<meta property=\"og:url\" content=\"https:\/\/zoen.shop\/sk\/ako-to-funguje\/\" \/>\n<meta property=\"og:site_name\" content=\"zoen.shop\" \/>\n<meta property=\"article:publisher\" content=\"https:\/\/www.facebook.com\/Zoenshop-105671925054190\" \/>\n<meta property=\"article:modified_time\" content=\"2022-01-13T13:07:24+00:00\" \/>\n<meta property=\"og:image\" content=\"https:\/\/zoen.shop\/wp-content\/uploads\/2021\/09\/zoen.shop-how-it-works-1.png\" \/>\n<meta name=\"twitter:card\" content=\"summary_large_image\" \/>\n<meta name=\"twitter:site\" content=\"@zoenshop\" \/>\n<meta name=\"twitter:label1\" content=\"Predpokladan\u00fd \u010das \u010d\u00edtania\" \/>\n\t<meta name=\"twitter:data1\" content=\"1 min\u00fata\" \/>\n<script type=\"application\/ld+json\" class=\"yoast-schema-graph\">{\"@context\":\"https:\/\/schema.org\",\"@graph\":[{\"@type\":\"WebPage\",\"@id\":\"https:\/\/zoen.shop\/sk\/ako-to-funguje\/\",\"url\":\"https:\/\/zoen.shop\/sk\/ako-to-funguje\/\",\"name\":\"zoen.shop: Ako to funguje? Video Call Shop & Pay\",\"isPartOf\":{\"@id\":\"https:\/\/zoen.shop\/sk\/#website\"},\"datePublished\":\"2021-07-08T08:56:03+00:00\",\"dateModified\":\"2022-01-13T13:07:24+00:00\",\"description\":\"Ako to funguje? Vytvorenie virtu\u00e1lneho obchodu s videohovormi je ve\u013emi jednoduch\u00e9. Sta\u010d\u00ed len p\u00e1r kliknut\u00ed a V\u00e1\u0161 virtu\u00e1lny obchod je hotov\u00fd - zoen.shop\",\"breadcrumb\":{\"@id\":\"https:\/\/zoen.shop\/sk\/ako-to-funguje\/#breadcrumb\"},\"inLanguage\":\"sk-SK\",\"potentialAction\":[{\"@type\":\"ReadAction\",\"target\":[\"https:\/\/zoen.shop\/sk\/ako-to-funguje\/\"]}]},{\"@type\":\"BreadcrumbList\",\"@id\":\"https:\/\/zoen.shop\/sk\/ako-to-funguje\/#breadcrumb\",\"itemListElement\":[{\"@type\":\"ListItem\",\"position\":1,\"name\":\"Home\",\"item\":\"https:\/\/zoen.shop\/sk\/\"},{\"@type\":\"ListItem\",\"position\":2,\"name\":\"Ako to funguje\"}]},{\"@type\":\"WebSite\",\"@id\":\"https:\/\/zoen.shop\/sk\/#website\",\"url\":\"https:\/\/zoen.shop\/sk\/\",\"name\":\"zoen.shop\",\"description\":\"VideoCall shop&amp;pay\",\"publisher\":{\"@id\":\"https:\/\/zoen.shop\/sk\/#organization\"},\"potentialAction\":[{\"@type\":\"SearchAction\",\"target\":{\"@type\":\"EntryPoint\",\"urlTemplate\":\"https:\/\/zoen.shop\/sk\/?s={search_term_string}\"},\"query-input\":\"required name=search_term_string\"}],\"inLanguage\":\"sk-SK\"},{\"@type\":\"Organization\",\"@id\":\"https:\/\/zoen.shop\/sk\/#organization\",\"name\":\"zoen shop\",\"url\":\"https:\/\/zoen.shop\/sk\/\",\"logo\":{\"@type\":\"ImageObject\",\"inLanguage\":\"sk-SK\",\"@id\":\"https:\/\/zoen.shop\/sk\/#\/schema\/logo\/image\/\",\"url\":\"https:\/\/zoen.shop\/wp-content\/uploads\/2021\/06\/cropped-logo-Transparent-yellow.png\",\"contentUrl\":\"https:\/\/zoen.shop\/wp-content\/uploads\/2021\/06\/cropped-logo-Transparent-yellow.png\",\"width\":3872,\"height\":1105,\"caption\":\"zoen shop\"},\"image\":{\"@id\":\"https:\/\/zoen.shop\/sk\/#\/schema\/logo\/image\/\"},\"sameAs\":[\"https:\/\/www.facebook.com\/Zoenshop-105671925054190\",\"https:\/\/twitter.com\/zoenshop\",\"https:\/\/www.instagram.com\/zoen.shop\/\",\"https:\/\/www.linkedin.com\/company\/zoenshop\",\"https:\/\/www.youtube.com\/channel\/UClITU8UxelitjTPmBs4maXg\"]}]}<\/script>\n<!-- \/ Yoast SEO plugin. -->","yoast_head_json":{"title":"zoen.shop: Ako to funguje? Video Call Shop & Pay","description":"Ako to funguje? Vytvorenie virtu\u00e1lneho obchodu s videohovormi je ve\u013emi jednoduch\u00e9. Sta\u010d\u00ed len p\u00e1r kliknut\u00ed a V\u00e1\u0161 virtu\u00e1lny obchod je hotov\u00fd - zoen.shop","robots":{"index":"index","follow":"follow","max-snippet":"max-snippet:-1","max-image-preview":"max-image-preview:large","max-video-preview":"max-video-preview:-1"},"canonical":"https:\/\/zoen.shop\/sk\/ako-to-funguje\/","og_locale":"sk_SK","og_type":"article","og_title":"zoen.shop: Ako to funguje? Video Call Shop & Pay","og_description":"Ako to funguje? Vytvorenie virtu\u00e1lneho obchodu s videohovormi je ve\u013emi jednoduch\u00e9. Sta\u010d\u00ed len p\u00e1r kliknut\u00ed a V\u00e1\u0161 virtu\u00e1lny obchod je hotov\u00fd - zoen.shop","og_url":"https:\/\/zoen.shop\/sk\/ako-to-funguje\/","og_site_name":"zoen.shop","article_publisher":"https:\/\/www.facebook.com\/Zoenshop-105671925054190","article_modified_time":"2022-01-13T13:07:24+00:00","og_image":[{"url":"https:\/\/zoen.shop\/wp-content\/uploads\/2021\/09\/zoen.shop-how-it-works-1.png"}],"twitter_card":"summary_large_image","twitter_site":"@zoenshop","twitter_misc":{"Predpokladan\u00fd \u010das \u010d\u00edtania":"1 min\u00fata"},"schema":{"@context":"https:\/\/schema.org","@graph":[{"@type":"WebPage","@id":"https:\/\/zoen.shop\/sk\/ako-to-funguje\/","url":"https:\/\/zoen.shop\/sk\/ako-to-funguje\/","name":"zoen.shop: Ako to funguje? Video Call Shop & Pay","isPartOf":{"@id":"https:\/\/zoen.shop\/sk\/#website"},"datePublished":"2021-07-08T08:56:03+00:00","dateModified":"2022-01-13T13:07:24+00:00","description":"Ako to funguje? Vytvorenie virtu\u00e1lneho obchodu s videohovormi je ve\u013emi jednoduch\u00e9. Sta\u010d\u00ed len p\u00e1r kliknut\u00ed a V\u00e1\u0161 virtu\u00e1lny obchod je hotov\u00fd - zoen.shop","breadcrumb":{"@id":"https:\/\/zoen.shop\/sk\/ako-to-funguje\/#breadcrumb"},"inLanguage":"sk-SK","potentialAction":[{"@type":"ReadAction","target":["https:\/\/zoen.shop\/sk\/ako-to-funguje\/"]}]},{"@type":"BreadcrumbList","@id":"https:\/\/zoen.shop\/sk\/ako-to-funguje\/#breadcrumb","itemListElement":[{"@type":"ListItem","position":1,"name":"Home","item":"https:\/\/zoen.shop\/sk\/"},{"@type":"ListItem","position":2,"name":"Ako to funguje"}]},{"@type":"WebSite","@id":"https:\/\/zoen.shop\/sk\/#website","url":"https:\/\/zoen.shop\/sk\/","name":"zoen.shop","description":"VideoCall shop&amp;pay","publisher":{"@id":"https:\/\/zoen.shop\/sk\/#organization"},"potentialAction":[{"@type":"SearchAction","target":{"@type":"EntryPoint","urlTemplate":"https:\/\/zoen.shop\/sk\/?s={search_term_string}"},"query-input":"required name=search_term_string"}],"inLanguage":"sk-SK"},{"@type":"Organization","@id":"https:\/\/zoen.shop\/sk\/#organization","name":"zoen shop","url":"https:\/\/zoen.shop\/sk\/","logo":{"@type":"ImageObject","inLanguage":"sk-SK","@id":"https:\/\/zoen.shop\/sk\/#\/schema\/logo\/image\/","url":"https:\/\/zoen.shop\/wp-content\/uploads\/2021\/06\/cropped-logo-Transparent-yellow.png","contentUrl":"https:\/\/zoen.shop\/wp-content\/uploads\/2021\/06\/cropped-logo-Transparent-yellow.png","width":3872,"height":1105,"caption":"zoen shop"},"image":{"@id":"https:\/\/zoen.shop\/sk\/#\/schema\/logo\/image\/"},"sameAs":["https:\/\/www.facebook.com\/Zoenshop-105671925054190","https:\/\/twitter.com\/zoenshop","https:\/\/www.instagram.com\/zoen.shop\/","https:\/\/www.linkedin.com\/company\/zoenshop","https:\/\/www.youtube.com\/channel\/UClITU8UxelitjTPmBs4maXg"]}]}},"_links":{"self":[{"href":"https:\/\/zoen.shop\/sk\/wp-json\/wp\/v2\/pages\/4147"}],"collection":[{"href":"https:\/\/zoen.shop\/sk\/wp-json\/wp\/v2\/pages"}],"about":[{"href":"https:\/\/zoen.shop\/sk\/wp-json\/wp\/v2\/types\/page"}],"author":[{"embeddable":true,"href":"https:\/\/zoen.shop\/sk\/wp-json\/wp\/v2\/users\/2"}],"replies":[{"embeddable":true,"href":"https:\/\/zoen.shop\/sk\/wp-json\/wp\/v2\/comments?post=4147"}],"version-history":[{"count":18,"href":"https:\/\/zoen.shop\/sk\/wp-json\/wp\/v2\/pages\/4147\/revisions"}],"predecessor-version":[{"id":6196,"href":"https:\/\/zoen.shop\/sk\/wp-json\/wp\/v2\/pages\/4147\/revisions\/6196"}],"wp:attachment":[{"href":"https:\/\/zoen.shop\/sk\/wp-json\/wp\/v2\/media?parent=4147"}],"curies":[{"name":"wp","href":"https:\/\/api.w.org\/{rel}","templated":true}]}}