{"id":4208,"date":"2021-11-06T11:26:27","date_gmt":"2021-11-06T11:26:27","guid":{"rendered":"https:\/\/zoen.shop\/najcastejsie-otazky\/"},"modified":"2021-11-23T23:31:56","modified_gmt":"2021-11-23T22:31:56","slug":"najcastejsie-otazky","status":"publish","type":"page","link":"https:\/\/zoen.shop\/sk\/najcastejsie-otazky\/","title":{"rendered":"Naj\u010dastej\u0161ie ot\u00e1zky"},"content":{"rendered":"\t\t<div data-elementor-type=\"wp-page\" data-elementor-id=\"4208\" class=\"elementor elementor-4208 elementor-1427\" data-elementor-post-type=\"page\">\n\t\t\t\t\t\t\t\t\t<section class=\"elementor-section elementor-top-section elementor-element elementor-element-1870f48 elementor-section-content-middle elementor-section-boxed elementor-section-height-default elementor-section-height-default\" data-id=\"1870f48\" data-element_type=\"section\">\n\t\t\t\t\t\t<div class=\"elementor-container elementor-column-gap-no\">\n\t\t\t\t\t<div class=\"elementor-column elementor-col-100 elementor-top-column elementor-element elementor-element-61bdb9de\" data-id=\"61bdb9de\" data-element_type=\"column\">\n\t\t\t<div class=\"elementor-widget-wrap elementor-element-populated\">\n\t\t\t\t\t\t\t\t<div class=\"elementor-element elementor-element-59078b05 elementor-widget elementor-widget-heading\" data-id=\"59078b05\" data-element_type=\"widget\" data-widget_type=\"heading.default\">\n\t\t\t\t<div class=\"elementor-widget-container\">\n\t\t\t<h1 class=\"elementor-heading-title elementor-size-default\">Naj\u010dastej\u0161ie ot\u00e1zky<\/h1>\t\t<\/div>\n\t\t\t\t<\/div>\n\t\t\t\t<div class=\"elementor-element elementor-element-4384bd25 elementor-widget elementor-widget-heading\" data-id=\"4384bd25\" data-element_type=\"widget\" data-widget_type=\"heading.default\">\n\t\t\t\t<div class=\"elementor-widget-container\">\n\t\t\t<h5 class=\"elementor-heading-title elementor-size-default\">Naj\u010dastej\u0161ie ot\u00e1zky a odpovede<\/h5>\t\t<\/div>\n\t\t\t\t<\/div>\n\t\t\t\t<div class=\"elementor-element elementor-element-31ed1f81 elementor-widget elementor-widget-toggle\" data-id=\"31ed1f81\" data-element_type=\"widget\" data-widget_type=\"toggle.default\">\n\t\t\t\t<div class=\"elementor-widget-container\">\n\t\t\t\t\t<div class=\"elementor-toggle\">\n\t\t\t\t\t\t\t<div class=\"elementor-toggle-item\">\n\t\t\t\t\t<div id=\"elementor-tab-title-8371\" class=\"elementor-tab-title\" data-tab=\"1\" role=\"button\" aria-controls=\"elementor-tab-content-8371\" aria-expanded=\"false\">\n\t\t\t\t\t\t\t\t\t\t\t\t<span class=\"elementor-toggle-icon elementor-toggle-icon-right\" aria-hidden=\"true\">\n\t\t\t\t\t\t\t\t\t\t\t\t\t\t\t<span class=\"elementor-toggle-icon-closed\"><i class=\"fas fa-caret-right\"><\/i><\/span>\n\t\t\t\t\t\t\t\t<span class=\"elementor-toggle-icon-opened\"><i class=\"elementor-toggle-icon-opened fas fa-caret-up\"><\/i><\/span>\n\t\t\t\t\t\t\t\t\t\t\t\t\t<\/span>\n\t\t\t\t\t\t\t\t\t\t\t\t<a class=\"elementor-toggle-title\" tabindex=\"0\">Ako za\u010dnem?<\/a>\n\t\t\t\t\t<\/div>\n\n\t\t\t\t\t<div id=\"elementor-tab-content-8371\" class=\"elementor-tab-content elementor-clearfix\" data-tab=\"1\" role=\"region\" aria-labelledby=\"elementor-tab-title-8371\"><p>Ako predajca sa na zoen.shop zaregistrujete online, a to jednoduch\u00fdm kliknut\u00edm na tla\u010didlo &#8220;Za\u010da\u0165&#8221;. Z pr\u00e1vnych d\u00f4vodov od v\u00e1s potrebujeme zop\u00e1r dokumentov, ktor\u00e9 overia ich korektnos\u0165 cez takzvan\u00fd KYC proces. Po ich kontrole a schv\u00e1len\u00ed m\u00f4\u017eete za\u010da\u0165 vyu\u017e\u00edva\u0165 v\u0161etky zoen.shop benefity.<\/p>\n<\/div>\n\t\t\t\t<\/div>\n\t\t\t\t\t\t\t<div class=\"elementor-toggle-item\">\n\t\t\t\t\t<div id=\"elementor-tab-title-8372\" class=\"elementor-tab-title\" data-tab=\"2\" role=\"button\" aria-controls=\"elementor-tab-content-8372\" aria-expanded=\"false\">\n\t\t\t\t\t\t\t\t\t\t\t\t<span class=\"elementor-toggle-icon elementor-toggle-icon-right\" aria-hidden=\"true\">\n\t\t\t\t\t\t\t\t\t\t\t\t\t\t\t<span class=\"elementor-toggle-icon-closed\"><i class=\"fas fa-caret-right\"><\/i><\/span>\n\t\t\t\t\t\t\t\t<span class=\"elementor-toggle-icon-opened\"><i class=\"elementor-toggle-icon-opened fas fa-caret-up\"><\/i><\/span>\n\t\t\t\t\t\t\t\t\t\t\t\t\t<\/span>\n\t\t\t\t\t\t\t\t\t\t\t\t<a class=\"elementor-toggle-title\" tabindex=\"0\">Mus\u00edm si nain\u0161talova\u0165 nejak\u00fd zoen.shop softv\u00e9r?<\/a>\n\t\t\t\t\t<\/div>\n\n\t\t\t\t\t<div id=\"elementor-tab-content-8372\" class=\"elementor-tab-content elementor-clearfix\" data-tab=\"2\" role=\"region\" aria-labelledby=\"elementor-tab-title-8372\"><p>V\u00f4bec! Mus\u00edte si len stiahnu\u0165 aplik\u00e1ciu, vytvori\u0165 profil a hotovo! M\u00f4\u017eete za\u010da\u0165 vyu\u017e\u00edva\u0165 pln\u00fd potenci\u00e1l zoen.shop platformy.<\/p>\n<\/div>\n\t\t\t\t<\/div>\n\t\t\t\t\t\t\t<div class=\"elementor-toggle-item\">\n\t\t\t\t\t<div id=\"elementor-tab-title-8373\" class=\"elementor-tab-title\" data-tab=\"3\" role=\"button\" aria-controls=\"elementor-tab-content-8373\" aria-expanded=\"false\">\n\t\t\t\t\t\t\t\t\t\t\t\t<span class=\"elementor-toggle-icon elementor-toggle-icon-right\" aria-hidden=\"true\">\n\t\t\t\t\t\t\t\t\t\t\t\t\t\t\t<span class=\"elementor-toggle-icon-closed\"><i class=\"fas fa-caret-right\"><\/i><\/span>\n\t\t\t\t\t\t\t\t<span class=\"elementor-toggle-icon-opened\"><i class=\"elementor-toggle-icon-opened fas fa-caret-up\"><\/i><\/span>\n\t\t\t\t\t\t\t\t\t\t\t\t\t<\/span>\n\t\t\t\t\t\t\t\t\t\t\t\t<a class=\"elementor-toggle-title\" tabindex=\"0\">Mus\u00edm ma\u0165 e-shop, ak chcem z\u00e1kazn\u00edkom pon\u00faka\u0165 nakupovanie cez videohovory?<\/a>\n\t\t\t\t\t<\/div>\n\n\t\t\t\t\t<div id=\"elementor-tab-content-8373\" class=\"elementor-tab-content elementor-clearfix\" data-tab=\"3\" role=\"region\" aria-labelledby=\"elementor-tab-title-8373\"><p>Nie! Nemus\u00edte ma\u0165 e-shop ani in\u00e9 formy online predajn\u00ed na to, aby ste mohli vyu\u017e\u00edva\u0165 nakupovanie cez videohovory. zoen.shop m\u00f4\u017eete prepoji\u0165 s existuj\u00facim e-shopom, ale funguje to aj bez neho.<\/p>\n<\/div>\n\t\t\t\t<\/div>\n\t\t\t\t\t\t\t<div class=\"elementor-toggle-item\">\n\t\t\t\t\t<div id=\"elementor-tab-title-8374\" class=\"elementor-tab-title\" data-tab=\"4\" role=\"button\" aria-controls=\"elementor-tab-content-8374\" aria-expanded=\"false\">\n\t\t\t\t\t\t\t\t\t\t\t\t<span class=\"elementor-toggle-icon elementor-toggle-icon-right\" aria-hidden=\"true\">\n\t\t\t\t\t\t\t\t\t\t\t\t\t\t\t<span class=\"elementor-toggle-icon-closed\"><i class=\"fas fa-caret-right\"><\/i><\/span>\n\t\t\t\t\t\t\t\t<span class=\"elementor-toggle-icon-opened\"><i class=\"elementor-toggle-icon-opened fas fa-caret-up\"><\/i><\/span>\n\t\t\t\t\t\t\t\t\t\t\t\t\t<\/span>\n\t\t\t\t\t\t\t\t\t\t\t\t<a class=\"elementor-toggle-title\" tabindex=\"0\">Mus\u00edm svoje produkty prezentova\u0165 na zoen.shop webe?<\/a>\n\t\t\t\t\t<\/div>\n\n\t\t\t\t\t<div id=\"elementor-tab-content-8374\" class=\"elementor-tab-content elementor-clearfix\" data-tab=\"4\" role=\"region\" aria-labelledby=\"elementor-tab-title-8374\"><p>Ur\u010dite nie! Produkty z\u00e1kazn\u00edkom pokojne prezentujte len cez videohovory. V\u0161etky inform\u00e1cie a detaily o produktoch, kone\u010dn\u00e9 ceny, dopravu a in\u00e9 info m\u00f4\u017eete spolo\u010dne prediskutova\u0165 medzi \u0161tyrmi o\u010dami po\u010das s\u00fakromn\u00e9ho videohovoru.<\/p>\n<\/div>\n\t\t\t\t<\/div>\n\t\t\t\t\t\t\t<div class=\"elementor-toggle-item\">\n\t\t\t\t\t<div id=\"elementor-tab-title-8375\" class=\"elementor-tab-title\" data-tab=\"5\" role=\"button\" aria-controls=\"elementor-tab-content-8375\" aria-expanded=\"false\">\n\t\t\t\t\t\t\t\t\t\t\t\t<span class=\"elementor-toggle-icon elementor-toggle-icon-right\" aria-hidden=\"true\">\n\t\t\t\t\t\t\t\t\t\t\t\t\t\t\t<span class=\"elementor-toggle-icon-closed\"><i class=\"fas fa-caret-right\"><\/i><\/span>\n\t\t\t\t\t\t\t\t<span class=\"elementor-toggle-icon-opened\"><i class=\"elementor-toggle-icon-opened fas fa-caret-up\"><\/i><\/span>\n\t\t\t\t\t\t\t\t\t\t\t\t\t<\/span>\n\t\t\t\t\t\t\t\t\t\t\t\t<a class=\"elementor-toggle-title\" tabindex=\"0\">Ako funguje zoen.shop z poh\u013eadu z\u00e1kazn\u00edka? Mus\u00ed si stiahn\u00fa\u0165 apku a plati\u0165 za \u0148u?<\/a>\n\t\t\t\t\t<\/div>\n\n\t\t\t\t\t<div id=\"elementor-tab-content-8375\" class=\"elementor-tab-content elementor-clearfix\" data-tab=\"5\" role=\"region\" aria-labelledby=\"elementor-tab-title-8375\"><p>Va\u0161i z\u00e1kazn\u00edci si nemusia s\u0165ahova\u0165 aplik\u00e1ciu ani \u017eiaden in\u00fd softv\u00e9r. Jednoducho klikn\u00fa na link, ktor\u00fd ich s vami priamo spoj\u00ed. V\u0161etko funguje cez webov\u00fd prehliada\u010d na ich po\u010d\u00edta\u010di, mobile, tablete alebo inom smart zariaden\u00ed. Pre z\u00e1kazn\u00edkov je zoen.shop \u00faplne bezplatn\u00fd.<\/p>\n<\/div>\n\t\t\t\t<\/div>\n\t\t\t\t\t\t\t<div class=\"elementor-toggle-item\">\n\t\t\t\t\t<div id=\"elementor-tab-title-8376\" class=\"elementor-tab-title\" data-tab=\"6\" role=\"button\" aria-controls=\"elementor-tab-content-8376\" aria-expanded=\"false\">\n\t\t\t\t\t\t\t\t\t\t\t\t<span class=\"elementor-toggle-icon elementor-toggle-icon-right\" aria-hidden=\"true\">\n\t\t\t\t\t\t\t\t\t\t\t\t\t\t\t<span class=\"elementor-toggle-icon-closed\"><i class=\"fas fa-caret-right\"><\/i><\/span>\n\t\t\t\t\t\t\t\t<span class=\"elementor-toggle-icon-opened\"><i class=\"elementor-toggle-icon-opened fas fa-caret-up\"><\/i><\/span>\n\t\t\t\t\t\t\t\t\t\t\t\t\t<\/span>\n\t\t\t\t\t\t\t\t\t\t\t\t<a class=\"elementor-toggle-title\" tabindex=\"0\">Musia sa z\u00e1kazn\u00edci na zoen.shop registrova\u0165?<\/a>\n\t\t\t\t\t<\/div>\n\n\t\t\t\t\t<div id=\"elementor-tab-content-8376\" class=\"elementor-tab-content elementor-clearfix\" data-tab=\"6\" role=\"region\" aria-labelledby=\"elementor-tab-title-8376\"><p>Online registr\u00e1cia pre z\u00e1kazn\u00edkov nie je povinn\u00e1. Pokojne m\u00f4\u017eu slu\u017ebu vyu\u017ei\u0165 ako \u201eN\u00c1V\u0160TEVN\u00cdK&#8221;. Ke\u010f chc\u00fa, m\u00f4\u017eu sa zaregistrova\u0165 a vytvori\u0165 si tak \u00fa\u010det, ktor\u00fd im prinesie r\u00f4zne v\u00fdhody. Bud\u00fa si m\u00f4c\u0165 ulo\u017ei\u0165 adresu, ma\u0165 pr\u00edstup k hist\u00f3rii n\u00e1kupov \u010di vyu\u017ei\u0165 mo\u017enos\u0165 platby na 1 klik.<\/p>\n<\/div>\n\t\t\t\t<\/div>\n\t\t\t\t\t\t\t<div class=\"elementor-toggle-item\">\n\t\t\t\t\t<div id=\"elementor-tab-title-8377\" class=\"elementor-tab-title\" data-tab=\"7\" role=\"button\" aria-controls=\"elementor-tab-content-8377\" aria-expanded=\"false\">\n\t\t\t\t\t\t\t\t\t\t\t\t<span class=\"elementor-toggle-icon elementor-toggle-icon-right\" aria-hidden=\"true\">\n\t\t\t\t\t\t\t\t\t\t\t\t\t\t\t<span class=\"elementor-toggle-icon-closed\"><i class=\"fas fa-caret-right\"><\/i><\/span>\n\t\t\t\t\t\t\t\t<span class=\"elementor-toggle-icon-opened\"><i class=\"elementor-toggle-icon-opened fas fa-caret-up\"><\/i><\/span>\n\t\t\t\t\t\t\t\t\t\t\t\t\t<\/span>\n\t\t\t\t\t\t\t\t\t\t\t\t<a class=\"elementor-toggle-title\" tabindex=\"0\">Ak\u00e9 platobn\u00e9 mo\u017enosti z\u00e1kazn\u00edci maj\u00fa?<\/a>\n\t\t\t\t\t<\/div>\n\n\t\t\t\t\t<div id=\"elementor-tab-content-8377\" class=\"elementor-tab-content elementor-clearfix\" data-tab=\"7\" role=\"region\" aria-labelledby=\"elementor-tab-title-8377\"><p>M\u00f4\u017eu plati\u0165 platobn\u00fdmi alebo debetn\u00fdmi kartami ako Visa \u010di Mastercard. M\u00f4\u017eu tie\u017e vyu\u017ei\u0165 Google Pay, Apple Pay, SEPA platbu alebo internet banking.<\/p>\n<\/div>\n\t\t\t\t<\/div>\n\t\t\t\t\t\t\t<div class=\"elementor-toggle-item\">\n\t\t\t\t\t<div id=\"elementor-tab-title-8378\" class=\"elementor-tab-title\" data-tab=\"8\" role=\"button\" aria-controls=\"elementor-tab-content-8378\" aria-expanded=\"false\">\n\t\t\t\t\t\t\t\t\t\t\t\t<span class=\"elementor-toggle-icon elementor-toggle-icon-right\" aria-hidden=\"true\">\n\t\t\t\t\t\t\t\t\t\t\t\t\t\t\t<span class=\"elementor-toggle-icon-closed\"><i class=\"fas fa-caret-right\"><\/i><\/span>\n\t\t\t\t\t\t\t\t<span class=\"elementor-toggle-icon-opened\"><i class=\"elementor-toggle-icon-opened fas fa-caret-up\"><\/i><\/span>\n\t\t\t\t\t\t\t\t\t\t\t\t\t<\/span>\n\t\t\t\t\t\t\t\t\t\t\t\t<a class=\"elementor-toggle-title\" tabindex=\"0\">Ako moji z\u00e1kazn\u00edci zistia, \u017ee m\u00f4\u017eu nakupova\u0165 cez videohovor?<\/a>\n\t\t\t\t\t<\/div>\n\n\t\t\t\t\t<div id=\"elementor-tab-content-8378\" class=\"elementor-tab-content elementor-clearfix\" data-tab=\"8\" role=\"region\" aria-labelledby=\"elementor-tab-title-8378\"><p>Jednoducho! Informujte ich cez va\u0161u web str\u00e1nku. M\u00f4\u017eete tak urobi\u0165 formou okienka na online chat, tla\u010didla, skriptu alebo textov\u00e9ho linku, na ktor\u00fd z\u00e1kazn\u00edk klikne.Tieto mo\u017enosti m\u00f4\u017eete aplikova\u0165 aj do va\u0161ich e-mailov\u00fdch kampan\u00ed a postov na soci\u00e1lnych sie\u0165ach. Radi v\u00e1m s celou integr\u00e1ciou pom\u00f4\u017eeme.<\/p>\n<\/div>\n\t\t\t\t<\/div>\n\t\t\t\t\t\t\t<div class=\"elementor-toggle-item\">\n\t\t\t\t\t<div id=\"elementor-tab-title-8379\" class=\"elementor-tab-title\" data-tab=\"9\" role=\"button\" aria-controls=\"elementor-tab-content-8379\" aria-expanded=\"false\">\n\t\t\t\t\t\t\t\t\t\t\t\t<span class=\"elementor-toggle-icon elementor-toggle-icon-right\" aria-hidden=\"true\">\n\t\t\t\t\t\t\t\t\t\t\t\t\t\t\t<span class=\"elementor-toggle-icon-closed\"><i class=\"fas fa-caret-right\"><\/i><\/span>\n\t\t\t\t\t\t\t\t<span class=\"elementor-toggle-icon-opened\"><i class=\"elementor-toggle-icon-opened fas fa-caret-up\"><\/i><\/span>\n\t\t\t\t\t\t\t\t\t\t\t\t\t<\/span>\n\t\t\t\t\t\t\t\t\t\t\t\t<a class=\"elementor-toggle-title\" tabindex=\"0\">Ako z\u00edskam svoj z\u00e1robok z predaja a ak\u00e9 poplatky zoen.shop m\u00e1?<\/a>\n\t\t\t\t\t<\/div>\n\n\t\t\t\t\t<div id=\"elementor-tab-content-8379\" class=\"elementor-tab-content elementor-clearfix\" data-tab=\"9\" role=\"region\" aria-labelledby=\"elementor-tab-title-8379\"><p>Vyplat\u00edme v\u00e1s cez bankov\u00fd prevod, pri\u010dom v\u00e1m peniaze po\u0161leme priamo na v\u00e1\u0161 bankov\u00fd \u00fa\u010det (na t\u00fd\u017edennej alebo dennej b\u00e1ze, pod\u013ea dohody). Viac sa dozviete na zoen.shop podstr\u00e1nke s n\u00e1zvom Cenn\u00edk alebo v na\u0161ich V\u0161eobecn\u00fdch obchodn\u00fdch podmienkach.<\/p>\n<\/div>\n\t\t\t\t<\/div>\n\t\t\t\t\t\t\t<div class=\"elementor-toggle-item\">\n\t\t\t\t\t<div id=\"elementor-tab-title-83710\" class=\"elementor-tab-title\" data-tab=\"10\" role=\"button\" aria-controls=\"elementor-tab-content-83710\" aria-expanded=\"false\">\n\t\t\t\t\t\t\t\t\t\t\t\t<span class=\"elementor-toggle-icon elementor-toggle-icon-right\" aria-hidden=\"true\">\n\t\t\t\t\t\t\t\t\t\t\t\t\t\t\t<span class=\"elementor-toggle-icon-closed\"><i class=\"fas fa-caret-right\"><\/i><\/span>\n\t\t\t\t\t\t\t\t<span class=\"elementor-toggle-icon-opened\"><i class=\"elementor-toggle-icon-opened fas fa-caret-up\"><\/i><\/span>\n\t\t\t\t\t\t\t\t\t\t\t\t\t<\/span>\n\t\t\t\t\t\t\t\t\t\t\t\t<a class=\"elementor-toggle-title\" tabindex=\"0\">Ako a kedy sa m\u00f4\u017eem s vami spoji\u0165?<\/a>\n\t\t\t\t\t<\/div>\n\n\t\t\t\t\t<div id=\"elementor-tab-content-83710\" class=\"elementor-tab-content elementor-clearfix\" data-tab=\"10\" role=\"region\" aria-labelledby=\"elementor-tab-title-83710\"><p>Vyu\u017eite na\u0161u online podporu alebo sa n\u00e1m ozvite na e-mail support@zoen.shop. N\u00e1\u0161 t\u00edm je v\u00e1m k dispoz\u00edcii od pondelka do piatka medzi 8:00 a 22:00.<\/p>\n<\/div>\n\t\t\t\t<\/div>\n\t\t\t\t\t\t\t\t<\/div>\n\t\t\t\t<\/div>\n\t\t\t\t<\/div>\n\t\t\t\t\t<\/div>\n\t\t<\/div>\n\t\t\t\t\t\t\t<\/div>\n\t\t<\/section>\n\t\t\t\t\t\t\t<\/div>\n\t\t","protected":false},"excerpt":{"rendered":"<p>Naj\u010dastej\u0161ie ot\u00e1zky Naj\u010dastej\u0161ie ot\u00e1zky a odpovede Ako za\u010dnem? Ako predajca sa na zoen.shop zaregistrujete online, a to jednoduch\u00fdm kliknut\u00edm na tla\u010didlo &#8220;Za\u010da\u0165&#8221;. Z pr\u00e1vnych d\u00f4vodov od v\u00e1s potrebujeme zop\u00e1r dokumentov, ktor\u00e9 overia ich korektnos\u0165 cez takzvan\u00fd KYC proces. Po ich kontrole a schv\u00e1len\u00ed m\u00f4\u017eete za\u010da\u0165 vyu\u017e\u00edva\u0165 v\u0161etky zoen.shop benefity. Mus\u00edm si nain\u0161talova\u0165 nejak\u00fd zoen.shop softv\u00e9r? [&hellip;]<\/p>\n","protected":false},"author":2,"featured_media":0,"parent":0,"menu_order":0,"comment_status":"closed","ping_status":"closed","template":"elementor_header_footer","meta":{"footnotes":""},"yoast_head":"<!-- This site is optimized with the Yoast SEO plugin v21.7 - https:\/\/yoast.com\/wordpress\/plugins\/seo\/ -->\n<title>FAQ - \u010casto kladen\u00e9 ot\u00e1zky - zoen.shop<\/title>\n<meta name=\"description\" content=\"Ak m\u00e1te v\u0161eobecn\u00e9 ot\u00e1zky o registr\u00e1cii, o funkcionalit\u00e1ch, o vypl\u00e1can\u00ed alebo platforme, pozrite si na\u0161e FAQ - zoen.shop\" \/>\n<meta name=\"robots\" content=\"index, follow, max-snippet:-1, max-image-preview:large, max-video-preview:-1\" \/>\n<link rel=\"canonical\" href=\"https:\/\/zoen.shop\/sk\/najcastejsie-otazky\/\" \/>\n<meta property=\"og:locale\" content=\"sk_SK\" \/>\n<meta property=\"og:type\" content=\"article\" \/>\n<meta property=\"og:title\" content=\"FAQ - \u010casto kladen\u00e9 ot\u00e1zky - zoen.shop\" \/>\n<meta property=\"og:description\" content=\"Ak m\u00e1te v\u0161eobecn\u00e9 ot\u00e1zky o registr\u00e1cii, o funkcionalit\u00e1ch, o vypl\u00e1can\u00ed alebo platforme, pozrite si na\u0161e FAQ - zoen.shop\" \/>\n<meta property=\"og:url\" content=\"https:\/\/zoen.shop\/sk\/najcastejsie-otazky\/\" \/>\n<meta property=\"og:site_name\" content=\"zoen.shop\" \/>\n<meta property=\"article:publisher\" content=\"https:\/\/www.facebook.com\/Zoenshop-105671925054190\" \/>\n<meta property=\"article:modified_time\" content=\"2021-11-23T22:31:56+00:00\" \/>\n<meta property=\"og:image\" content=\"https:\/\/zoen.shop\/wp-content\/uploads\/2021\/06\/cropped-logo-Transparent-yellow.png\" \/>\n\t<meta property=\"og:image:width\" content=\"3872\" \/>\n\t<meta property=\"og:image:height\" content=\"1105\" \/>\n\t<meta property=\"og:image:type\" content=\"image\/png\" \/>\n<meta name=\"twitter:card\" content=\"summary_large_image\" \/>\n<meta name=\"twitter:site\" content=\"@zoenshop\" \/>\n<meta name=\"twitter:label1\" content=\"Predpokladan\u00fd \u010das \u010d\u00edtania\" \/>\n\t<meta name=\"twitter:data1\" content=\"3 min\u00faty\" \/>\n<script type=\"application\/ld+json\" class=\"yoast-schema-graph\">{\"@context\":\"https:\/\/schema.org\",\"@graph\":[{\"@type\":\"WebPage\",\"@id\":\"https:\/\/zoen.shop\/sk\/najcastejsie-otazky\/\",\"url\":\"https:\/\/zoen.shop\/sk\/najcastejsie-otazky\/\",\"name\":\"FAQ - \u010casto kladen\u00e9 ot\u00e1zky - zoen.shop\",\"isPartOf\":{\"@id\":\"https:\/\/zoen.shop\/sk\/#website\"},\"datePublished\":\"2021-11-06T11:26:27+00:00\",\"dateModified\":\"2021-11-23T22:31:56+00:00\",\"description\":\"Ak m\u00e1te v\u0161eobecn\u00e9 ot\u00e1zky o registr\u00e1cii, o funkcionalit\u00e1ch, o vypl\u00e1can\u00ed alebo platforme, pozrite si na\u0161e FAQ - zoen.shop\",\"breadcrumb\":{\"@id\":\"https:\/\/zoen.shop\/sk\/najcastejsie-otazky\/#breadcrumb\"},\"inLanguage\":\"sk-SK\",\"potentialAction\":[{\"@type\":\"ReadAction\",\"target\":[\"https:\/\/zoen.shop\/sk\/najcastejsie-otazky\/\"]}]},{\"@type\":\"BreadcrumbList\",\"@id\":\"https:\/\/zoen.shop\/sk\/najcastejsie-otazky\/#breadcrumb\",\"itemListElement\":[{\"@type\":\"ListItem\",\"position\":1,\"name\":\"Home\",\"item\":\"https:\/\/zoen.shop\/sk\/\"},{\"@type\":\"ListItem\",\"position\":2,\"name\":\"Naj\u010dastej\u0161ie ot\u00e1zky\"}]},{\"@type\":\"WebSite\",\"@id\":\"https:\/\/zoen.shop\/sk\/#website\",\"url\":\"https:\/\/zoen.shop\/sk\/\",\"name\":\"zoen.shop\",\"description\":\"VideoCall shop&amp;pay\",\"publisher\":{\"@id\":\"https:\/\/zoen.shop\/sk\/#organization\"},\"potentialAction\":[{\"@type\":\"SearchAction\",\"target\":{\"@type\":\"EntryPoint\",\"urlTemplate\":\"https:\/\/zoen.shop\/sk\/?s={search_term_string}\"},\"query-input\":\"required name=search_term_string\"}],\"inLanguage\":\"sk-SK\"},{\"@type\":\"Organization\",\"@id\":\"https:\/\/zoen.shop\/sk\/#organization\",\"name\":\"zoen shop\",\"url\":\"https:\/\/zoen.shop\/sk\/\",\"logo\":{\"@type\":\"ImageObject\",\"inLanguage\":\"sk-SK\",\"@id\":\"https:\/\/zoen.shop\/sk\/#\/schema\/logo\/image\/\",\"url\":\"https:\/\/zoen.shop\/wp-content\/uploads\/2021\/06\/cropped-logo-Transparent-yellow.png\",\"contentUrl\":\"https:\/\/zoen.shop\/wp-content\/uploads\/2021\/06\/cropped-logo-Transparent-yellow.png\",\"width\":3872,\"height\":1105,\"caption\":\"zoen shop\"},\"image\":{\"@id\":\"https:\/\/zoen.shop\/sk\/#\/schema\/logo\/image\/\"},\"sameAs\":[\"https:\/\/www.facebook.com\/Zoenshop-105671925054190\",\"https:\/\/twitter.com\/zoenshop\",\"https:\/\/www.instagram.com\/zoen.shop\/\",\"https:\/\/www.linkedin.com\/company\/zoenshop\",\"https:\/\/www.youtube.com\/channel\/UClITU8UxelitjTPmBs4maXg\"]}]}<\/script>\n<!-- \/ Yoast SEO plugin. -->","yoast_head_json":{"title":"FAQ - \u010casto kladen\u00e9 ot\u00e1zky - zoen.shop","description":"Ak m\u00e1te v\u0161eobecn\u00e9 ot\u00e1zky o registr\u00e1cii, o funkcionalit\u00e1ch, o vypl\u00e1can\u00ed alebo platforme, pozrite si na\u0161e FAQ - zoen.shop","robots":{"index":"index","follow":"follow","max-snippet":"max-snippet:-1","max-image-preview":"max-image-preview:large","max-video-preview":"max-video-preview:-1"},"canonical":"https:\/\/zoen.shop\/sk\/najcastejsie-otazky\/","og_locale":"sk_SK","og_type":"article","og_title":"FAQ - \u010casto kladen\u00e9 ot\u00e1zky - zoen.shop","og_description":"Ak m\u00e1te v\u0161eobecn\u00e9 ot\u00e1zky o registr\u00e1cii, o funkcionalit\u00e1ch, o vypl\u00e1can\u00ed alebo platforme, pozrite si na\u0161e FAQ - zoen.shop","og_url":"https:\/\/zoen.shop\/sk\/najcastejsie-otazky\/","og_site_name":"zoen.shop","article_publisher":"https:\/\/www.facebook.com\/Zoenshop-105671925054190","article_modified_time":"2021-11-23T22:31:56+00:00","og_image":[{"width":3872,"height":1105,"url":"https:\/\/zoen.shop\/wp-content\/uploads\/2021\/06\/cropped-logo-Transparent-yellow.png","type":"image\/png"}],"twitter_card":"summary_large_image","twitter_site":"@zoenshop","twitter_misc":{"Predpokladan\u00fd \u010das \u010d\u00edtania":"3 min\u00faty"},"schema":{"@context":"https:\/\/schema.org","@graph":[{"@type":"WebPage","@id":"https:\/\/zoen.shop\/sk\/najcastejsie-otazky\/","url":"https:\/\/zoen.shop\/sk\/najcastejsie-otazky\/","name":"FAQ - \u010casto kladen\u00e9 ot\u00e1zky - zoen.shop","isPartOf":{"@id":"https:\/\/zoen.shop\/sk\/#website"},"datePublished":"2021-11-06T11:26:27+00:00","dateModified":"2021-11-23T22:31:56+00:00","description":"Ak m\u00e1te v\u0161eobecn\u00e9 ot\u00e1zky o registr\u00e1cii, o funkcionalit\u00e1ch, o vypl\u00e1can\u00ed alebo platforme, pozrite si na\u0161e FAQ - zoen.shop","breadcrumb":{"@id":"https:\/\/zoen.shop\/sk\/najcastejsie-otazky\/#breadcrumb"},"inLanguage":"sk-SK","potentialAction":[{"@type":"ReadAction","target":["https:\/\/zoen.shop\/sk\/najcastejsie-otazky\/"]}]},{"@type":"BreadcrumbList","@id":"https:\/\/zoen.shop\/sk\/najcastejsie-otazky\/#breadcrumb","itemListElement":[{"@type":"ListItem","position":1,"name":"Home","item":"https:\/\/zoen.shop\/sk\/"},{"@type":"ListItem","position":2,"name":"Naj\u010dastej\u0161ie ot\u00e1zky"}]},{"@type":"WebSite","@id":"https:\/\/zoen.shop\/sk\/#website","url":"https:\/\/zoen.shop\/sk\/","name":"zoen.shop","description":"VideoCall shop&amp;pay","publisher":{"@id":"https:\/\/zoen.shop\/sk\/#organization"},"potentialAction":[{"@type":"SearchAction","target":{"@type":"EntryPoint","urlTemplate":"https:\/\/zoen.shop\/sk\/?s={search_term_string}"},"query-input":"required name=search_term_string"}],"inLanguage":"sk-SK"},{"@type":"Organization","@id":"https:\/\/zoen.shop\/sk\/#organization","name":"zoen shop","url":"https:\/\/zoen.shop\/sk\/","logo":{"@type":"ImageObject","inLanguage":"sk-SK","@id":"https:\/\/zoen.shop\/sk\/#\/schema\/logo\/image\/","url":"https:\/\/zoen.shop\/wp-content\/uploads\/2021\/06\/cropped-logo-Transparent-yellow.png","contentUrl":"https:\/\/zoen.shop\/wp-content\/uploads\/2021\/06\/cropped-logo-Transparent-yellow.png","width":3872,"height":1105,"caption":"zoen shop"},"image":{"@id":"https:\/\/zoen.shop\/sk\/#\/schema\/logo\/image\/"},"sameAs":["https:\/\/www.facebook.com\/Zoenshop-105671925054190","https:\/\/twitter.com\/zoenshop","https:\/\/www.instagram.com\/zoen.shop\/","https:\/\/www.linkedin.com\/company\/zoenshop","https:\/\/www.youtube.com\/channel\/UClITU8UxelitjTPmBs4maXg"]}]}},"_links":{"self":[{"href":"https:\/\/zoen.shop\/sk\/wp-json\/wp\/v2\/pages\/4208"}],"collection":[{"href":"https:\/\/zoen.shop\/sk\/wp-json\/wp\/v2\/pages"}],"about":[{"href":"https:\/\/zoen.shop\/sk\/wp-json\/wp\/v2\/types\/page"}],"author":[{"embeddable":true,"href":"https:\/\/zoen.shop\/sk\/wp-json\/wp\/v2\/users\/2"}],"replies":[{"embeddable":true,"href":"https:\/\/zoen.shop\/sk\/wp-json\/wp\/v2\/comments?post=4208"}],"version-history":[{"count":5,"href":"https:\/\/zoen.shop\/sk\/wp-json\/wp\/v2\/pages\/4208\/revisions"}],"predecessor-version":[{"id":4213,"href":"https:\/\/zoen.shop\/sk\/wp-json\/wp\/v2\/pages\/4208\/revisions\/4213"}],"wp:attachment":[{"href":"https:\/\/zoen.shop\/sk\/wp-json\/wp\/v2\/media?parent=4208"}],"curies":[{"name":"wp","href":"https:\/\/api.w.org\/{rel}","templated":true}]}}