{"id":4318,"date":"2021-11-06T14:17:46","date_gmt":"2021-11-06T13:17:46","guid":{"rendered":"https:\/\/zoen.shop\/ochrana-sukromia\/"},"modified":"2022-04-04T10:56:22","modified_gmt":"2022-04-04T09:56:22","slug":"ochrana-sukromia","status":"publish","type":"page","link":"https:\/\/zoen.shop\/sk\/ochrana-sukromia\/","title":{"rendered":"Z\u00e1sady ochrany osobn\u00fdch \u00fadajov"},"content":{"rendered":"\t\t<div data-elementor-type=\"wp-page\" data-elementor-id=\"4318\" class=\"elementor elementor-4318 elementor-4313\" data-elementor-post-type=\"page\">\n\t\t\t\t\t\t\t\t\t<section class=\"elementor-section elementor-top-section elementor-element elementor-element-b14a32d elementor-section-boxed elementor-section-height-default elementor-section-height-default\" data-id=\"b14a32d\" data-element_type=\"section\">\n\t\t\t\t\t\t<div class=\"elementor-container elementor-column-gap-default\">\n\t\t\t\t\t<div class=\"elementor-column elementor-col-100 elementor-top-column elementor-element elementor-element-7458d3b\" data-id=\"7458d3b\" data-element_type=\"column\">\n\t\t\t<div class=\"elementor-widget-wrap elementor-element-populated\">\n\t\t\t\t\t\t\t\t<div class=\"elementor-element elementor-element-bc09ef6 elementor-widget elementor-widget-text-editor\" data-id=\"bc09ef6\" data-element_type=\"widget\" data-widget_type=\"text-editor.default\">\n\t\t\t\t<div class=\"elementor-widget-container\">\n\t\t\t\t\t\t\t<p><b>Z\u00c1SADY OCHRANY OSOBN\u00ddCH \u00daDAJOV A SPRAC\u00daVANIA S\u00daBOROV COOKIES<\/b><\/p><p>zoen shop, s.r.o. (\u201eMy\u201c) sa zav\u00e4zuje chr\u00e1ni\u0165 a re\u0161pektova\u0165 va\u0161e s\u00fakromie.<\/p><p>Tieto z\u00e1sady spolu s na\u0161imi V\u0161eobecn\u00fdmi obchodn\u00fdmi podmienkami stanovuj\u00fa z\u00e1klad, na ktorom budeme spracov\u00e1va\u0165 ak\u00e9ko\u013evek osobn\u00e9 \u00fadaje, ktor\u00e9 od v\u00e1s z\u00edskame, alebo ktor\u00e9 n\u00e1m poskytnete. Pozorne si pre\u010d\u00edtajte nasleduj\u00face inform\u00e1cie t\u00fdkaj\u00face sa sp\u00f4sobu, ak\u00fdm s nimi budeme zaobch\u00e1dza\u0165. N\u00e1v\u0161tevou www.zoen.shop (\u010falej len \u201ewebov\u00e1 str\u00e1nka\u201c) akceptujete a s\u00fahlas\u00edte s postupmi pop\u00edsan\u00fdmi v t\u00fdchto Z\u00e1sad\u00e1ch, ako aj vyjadrujete s\u00fahlas s pou\u017e\u00edvan\u00edm s\u00faborov cookies v s\u00falade s podmienkami pop\u00edsan\u00fdmi v t\u00fdchto z\u00e1sad\u00e1ch.<\/p><p>Pre \u00fa\u010dely pr\u00e1vnych predpisov o ochrane osobn\u00fdch \u00fadajov vr\u00e1tane Z\u00e1kona o ochrane osobn\u00fdch \u00fadajov z roku 2018, GDPR (v\u0161eobecn\u00e9 nariadenie E\u00da o ochrane osobn\u00fdch \u00fadajov 2016\/679), (\u010falej len \u201epr\u00e1vne predpisy o ochrane osobn\u00fdch \u00fadajov\u201c), a vo vztahu k n\u00e1v\u0161tevn\u00edkom webov\u00fdch str\u00e1nok je spr\u00e1vcom \u00fadajov zoen shop, s.r.o, registrovan\u00e1 spolo\u010dnost s \u010d\u00edslem 53 697 618 a so s\u00eddlom Fialkov\u00e1 5703\/26, 903 01 Senec, Slovensko.<\/p><p>Vo vz\u0165ahu k zhroma\u017e\u010fovan\u00fdm a zpracov\u00e1van\u00fdm \u00fadajom na\u0161ich z\u00e1kazn\u00edkov vystupujeme ako spracov\u00e1vate\u013e \u00fadajov.<\/p><p>Zamestnanci pracuj\u00faci pre na\u0161ich z\u00e1kazn\u00edkov (obchodn\u00edkov) a pristupuj\u00faci na zoen.shop prostredn\u00edctvom digit\u00e1lneho zariadenia ako je mobiln\u00fd telef\u00f3n alebo tablet, m\u00f4\u017eu tie\u017e poskytn\u00fa\u0165 svoje osobn\u00e9 \u00fadaje ako s\u00fa\u010das\u0165 slu\u017eieb. Tieto osobn\u00e9 \u00fadaje bud\u00fa zhroma\u017e\u010fovan\u00e9, uchov\u00e1van\u00e9 a spracov\u00e1van\u00e9 v s\u00falade s t\u00fdmito Z\u00e1sadami a pr\u00e1vnymi predpismi o ochrane \u00fadajov.<\/p><p>Inform\u00e1cie, ktor\u00e9 od v\u00e1s zhroma\u017e\u010fujeme:<\/p><p>Budeme od v\u00e1s zhroma\u017e\u010fova\u0165 a spracov\u00e1va\u0165 nasleduj\u00face \u00fadaje:<\/p><ul><li aria-level=\"1\"><b>Inform\u00e1cie, ktor\u00e9 n\u00e1m poskytnete<\/b>. Jedn\u00e1 sa o inform\u00e1cie od v\u00e1s, ktor\u00e9 n\u00e1m poskytnete vyplnen\u00edm ak\u00fdchko\u013evek \u00fadajov na webovej str\u00e1nke alebo t\u00fdm, \u017ee sa s nami budete kontaktova\u0165 telefonicky, e-mailom\u00a0alebo inak. Zamestnanci na\u0161ich z\u00e1kazn\u00edkov m\u00f4\u017eu tie\u017e poskytn\u00fa\u0165 inform\u00e1cie ako ich meno, telef\u00f3nne \u010d\u00edslo a e-mailovou adresu v r\u00e1mci vyu\u017e\u00edvania\u00a0slu\u017eieb poskytovan\u00fdch zoen.shop a v r\u00e1mci svojho zamestnania u na\u0161ich z\u00e1kazn\u00edkov.<\/li><li aria-level=\"1\"><b>Inform\u00e1cie, ktor\u00e9 o v\u00e1s zhroma\u017e\u010fujeme<\/b>. Pri ka\u017edej va\u0161ej n\u00e1v\u0161teve na\u0161ich webov\u00fdch str\u00e1nok budeme automaticky zhroma\u017e\u010fova\u0165 nasleduj\u00face inform\u00e1cie:<\/li><\/ul><ul><li aria-level=\"1\">technick\u00e9 inform\u00e1cie, ktor\u00e9 m\u00f4\u017eu zahrnova\u0165: adresu internetov\u00e9ho protokolu (IP) pou\u017e\u00edvanu k pripojeniu v\u00e1\u0161ho\u00a0po\u010d\u00edta\u010da k internetu; typ a verzia prehliada\u010da; nastavenie \u010dasov\u00e9ho p\u00e1sma; typy a verziu z\u00e1suvn\u00fdch modulov prehliada\u010da a opera\u010dn\u00fd syst\u00e9m a platforma.<\/li><li aria-level=\"1\">inform\u00e1cie o va\u0161ej n\u00e1v\u0161teve vr\u00e1tane \u00fapln\u00fdch adries URL (Uniform Resource Locators), preklikov na na\u0161e webov\u00e9 str\u00e1nky, ich prostredn\u00edctvom a z nich (vr\u00e1tane d\u00e1tumu a \u010dasu), doby odozvy str\u00e1nky, chyb pri s\u0165ahovan\u00ed, d\u013a\u017eky n\u00e1v\u0161tev na ur\u010dit\u00fdch str\u00e1nkach, inform\u00e1cie o interakcii so str\u00e1nkou (napr. pos\u00favanie, kliknutie a prejdenie my\u0161ou), met\u00f3dy pou\u017e\u00edvan\u00e9 k odch\u00e1dzaniu zo str\u00e1nky a ak\u00e9ko\u013evek meno, e-mailov\u00e1 adresa alebo telef\u00f3nne \u010d\u00edslo pou\u017eit\u00e9 k tomu, aby ste n\u00e1s kontaktovali.<\/li><li aria-level=\"1\">Emailov\u00fa a po\u0161tov\u00fa adresu, aby sme v\u00e1s mohli kontaktova\u0165 bu\u010f s oh\u013eadom na zodpovedanie ot\u00e1zok, alebo z v\u0161eobecn\u00fdch\u00a0d\u00f4vodov t\u00fdkaj\u00facich sa informovania o na\u0161ich slu\u017eb\u00e1ch a v\u0161eobecn\u00fdch marketingov\u00fdch inform\u00e1ci\u00e1ch.<\/li><\/ul><p>Pr\u00e1vnym z\u00e1kladom pre toto spracov\u00e1vanie s\u00fa na\u0161e opr\u00e1vnen\u00e9 z\u00e1ujmy, to znamen\u00e1 neust\u00e1le sledovanie a vylep\u0161ovanie na\u0161ich webov\u00fdch str\u00e1nok tak, aby sme mohli navz\u00e1jom komunikova\u0165.<\/p><ul><li aria-level=\"1\"><b>Person\u00e1l na\u0161ich z\u00e1kazn\u00edkov<\/b>: v r\u00e1mci v\u00e1\u0161ho vyu\u017e\u00edvania slu\u017eieb poskytovan\u00fdch zoen.shop m\u00f4\u017eeme zhroma\u017e\u010fova\u0165 osobn\u00e9 \u00fadaje ako je va\u0161e meno, kontaktn\u00fd telef\u00f3n, adresa a e-mailov\u00e1 adresa. Tieto osobn\u00e9 \u00fadaje m\u00f4\u017eu by\u0165 zdie\u013ean\u00e9 s jednotlivcami, ktor\u00ed nav\u0161tevuj\u00fa webov\u00e9 str\u00e1nky z\u00e1kazn\u00edka a komunikuj\u00fa s vami v priebehu v\u00e1\u0161ho videohovoru cez zoen.shop. Pr\u00e1vnym z\u00e1kladom pre spracovanie t\u00fdchto osobn\u00fdch \u00fadajov je plnenie zo Zmluvy o v\u0161eobecn\u00fdch obchodn\u00fdch podmienkach.<\/li><\/ul><p>Cookies<\/p><p>Na\u0161e webov\u00e9 str\u00e1nky pou\u017e\u00edvaj\u00fa s\u00fabory cookies, aby sme v\u00e1s odl\u00ed\u0161ili od ostatn\u00fdch u\u017e\u00edvate\u013eov na\u0161ich webov\u00fdch str\u00e1nok. To n\u00e1m pom\u00e1ha poskytova\u0165 v\u00e1m dobr\u00fd z\u00e1\u017eitok pri prech\u00e1dzan\u00ed na\u0161ich webov\u00fdch str\u00e1nok a umo\u017e\u0148uje n\u00e1m zlep\u0161ova\u0165 na\u0161e webov\u00e9 str\u00e1nky. Na va\u0161om po\u010d\u00edta\u010di bude ulo\u017een\u00fd s\u00fabor cookies. S\u00fabory cookies v\u0161eobecne\u00a0funguj\u00fa tak, \u017ee v\u00e1\u0161mu\u00a0po\u010d\u00edta\u010du prirad\u00ed jedine\u010dn\u00e9 \u010d\u00edslo, ktor\u00e9 mimo webu nem\u00e1 \u017eiadny v\u00fdznam. S\u00fabory cookies neobsahuj\u00fa \u017eiadne osobn\u00e9 \u00fadaje a pou\u017e\u00edvame ich v\u00fdlu\u010dne k prisp\u00f4sobeniu a zlep\u0161eniu v\u00e1\u0161ho z\u00e1\u017eitku.<\/p><p>Aplik\u00e1cia a jej analytika<\/p><p>Mobiln\u00fa analytiku pou\u017e\u00edvame k tomu, aby sme lep\u0161ie porozumeli funk\u010dnosti zoen.shop vo va\u0161om telef\u00f3ne. Tento software m\u00f4\u017ee zaznamen\u00e1va\u0165 tieto inform\u00e1cie: ako \u010dasto aplik\u00e1ciu pou\u017e\u00edvate, udalosti a interakcie, ku ktor\u00fdm doch\u00e1dza v r\u00e1mci\u00a0aplik\u00e1cie, s\u00fahrnn\u00e9 \u00fadaje o vyu\u017e\u00edvan\u00ed a v\u00fdkone aplik\u00e1cie.<\/p><p>Naviac v pr\u00edpade, \u017ee na va\u0161om mobilnom zariaden\u00ed zlyh\u00e1 zoen.shop, obdr\u017e\u00edme od v\u00e1s inform\u00e1ciu o modeli v\u00e1\u0161ho mobiln\u00e9ho zariadenia a inform\u00e1ciu o verzii opera\u010dn\u00e9ho syst\u00e9mu. To n\u00e1m umo\u017en\u00ed identifikova\u0165 a opravi\u0165 chyby a zv\u00fd\u0161i\u0165 v\u00fdkon zoen.shop.<\/p><p>Vyu\u017eitie inform\u00e1cii:<\/p><p>\u00dadaje, ktor\u00e9 o v\u00e1s zhroma\u017e\u010fujeme pou\u017e\u00edvame nasleduj\u00facimi sp\u00f4sobmi:<\/p><p>Inform\u00e1cie, ktor\u00e9 n\u00e1m poskytnete pou\u017eijeme:<\/p><ul><li aria-level=\"1\">pre plnenie na\u0161ich z\u00e1v\u00e4zkov vypl\u00fdvaj\u00facich z ak\u00fdchko\u013evek zml\u00fav uzavret\u00fdch medzi vami a zoen.shop a na poskytovanie inform\u00e1cii, produktov a slu\u017eieb, ktor\u00e9 od n\u00e1s po\u017eadujete;<\/li><li aria-level=\"1\">pre intern\u00e9 pou\u017eitie a pre spr\u00e1vu webov\u00fdch str\u00e1nok a pre intern\u00e9 oper\u00e1cie, vr\u00e1tane odstra\u0148ovania probl\u00e9mov, anal\u00fdzu d\u00e1t, testovanie, v\u00fdskum, \u0161tatistiky a prieskum.<\/li><li aria-level=\"1\">pre komunik\u00e1ciu s vami, vr\u00e1tane upozornenia na zmeny na\u0161ich slu\u017eieb.<\/li><li aria-level=\"1\">pre zaistenie obsahu na\u0161ich webov\u00fdch str\u00e1nok, ktor\u00fd bude prezentovan\u00fd \u010do najefekt\u00edvnej\u0161ie pre v\u00e1s a v\u00e1\u0161 po\u010d\u00edta\u010d.<\/li><li aria-level=\"1\">pre \u00fa\u010dely komunik\u00e1cie s vami v s\u00favislosti s r\u00f4znymi marketingov\u00fdmi a predajn\u00fdmi pr\u00edle\u017eitos\u0165ami (v pr\u00edpade, \u017ee s t\u00fdm s\u00fahlas\u00edte).<\/li><li aria-level=\"1\">pri plnen\u00ed zmluvy o poskytovan\u00ed slu\u017eieb mezi zoen.shop a z\u00e1kazn\u00edkom.<\/li><li aria-level=\"1\">Pr\u00e1vnym z\u00e1kladom pre to, aby sme v\u00e1s mohli kontaktova\u0165 s oh\u013eadom na poskytovanie inform\u00e1cii o na\u0161ich slu\u017eb\u00e1ch, v\u0161eobecn\u00fdch\u00a0marketingov\u00fdch inform\u00e1ci\u00e1ch a predajn\u00fdch pr\u00edle\u017eitostiach je opr\u00e1vnen\u00fd z\u00e1ujem.<\/li><\/ul><p>Zverejnenie va\u0161ich inform\u00e1ci\u00ed<\/p><p>S\u00fahlas\u00edte s t\u00fdm, \u017ee m\u00e1me pr\u00e1vo zdie\u013ea\u0165 va\u0161e osobn\u00e9 \u00fadaje s:<\/p><ul><li aria-level=\"1\">Vybranou tre\u0165ou stranou vr\u00e1tane:<ul><li aria-level=\"2\">obchodn\u00fdch partnerov, dod\u00e1vate\u013eov a subdod\u00e1vate\u013eov pre plnenie akejko\u013evek zmluvy, ktor\u00fa s nimi alebo s vami uzavrieme.<\/li><li aria-level=\"2\">poskytovate\u013eom analytick\u00fdch slu\u017eieb a vyh\u013ead\u00e1va\u010dov, ktor\u00ed n\u00e1m pom\u00e1haj\u00fa pri zlep\u0161ovan\u00ed a optimaliz\u00e1cii webov\u00fdch str\u00e1nok.<\/li><li aria-level=\"2\">\u00faverov\u00fdch referen\u010dn\u00fdch agent\u00far pre posudzovanie v\u00e1\u0161ho kreditn\u00e9ho sk\u00f3re, pokia\u013e je to podmienkou pre uzatvorenie zmluvy s vami.<\/li><\/ul><\/li><\/ul><p>Pr\u00e1vnym z\u00e1kladom pre to, aby sme v\u00e1s mohli kontaktova\u0165 s oh\u013eadom na poskytovanie inform\u00e1ci\u00ed o na\u0161ich slu\u017eb\u00e1ch, v\u0161eobecn\u00fdch marketingov\u00fdch inform\u00e1ci\u00e1ch a predajn\u00fdch pr\u00edle\u017eitostiach, je opr\u00e1vnen\u00fd z\u00e1ujem.<\/p><p>Va\u0161e osobn\u00e9 \u00fadaje spr\u00edstupn\u00edme tret\u00edm stran\u00e1m:<\/p><p>Pokia\u013e pred\u00e1vame alebo kupujeme ak\u00fako\u013evek spolo\u010dnos\u0165 alebo akt\u00edva- v takom pr\u00edpade spr\u00edstupn\u00edme va\u0161e osobn\u00e9 \u00fadaje potenci\u00e1lnemu predajcovi alebo kupuj\u00facemu takejto spolo\u010dnosti \u010di akt\u00edv.<\/p><p>Pokia\u013e m\u00e1me povinnos\u0165 zverejni\u0165 alebo zdie\u013ea\u0165 va\u0161e osobn\u00e9 \u00fadaje, aby sme splnili ak\u00fako\u013evek z\u00e1konn\u00fa povinnos\u0165 alebo aby sme si vyn\u00fatili a uplat\u0148ovali na\u0161e V\u0161eobecn\u00e9 obchodn\u00e9 podmienky.<\/p><p>Kde uchov\u00e1vame va\u0161e osobn\u00e9 \u00fadaje<\/p><p>\u00dadaje, ktor\u00e9 od v\u00e1s zhroma\u017e\u010fujeme, bud\u00fa v\u0161eobecne\u00a0prenesen\u00e9 a ulo\u017een\u00e9 v mieste ur\u010denia v r\u00e1mci Eur\u00f3pskeho hospod\u00e1rskeho priestoru (\u201eEHP\u201c). Urob\u00edme v\u0161etky nevyhnutn\u00e9 opatrenia, aby sme zaistili, \u017ee s va\u0161imi \u00fadajmi bude zaobch\u00e1dzane bezpe\u010dne a v s\u00falade s t\u00fdmito Z\u00e1sadami ochrany osobn\u00fdch \u00fadajov.<\/p><p>Bohu\u017eia\u013e prenos inform\u00e1cii cez internet nie je \u00faplne bezpe\u010dn\u00fd. Aj napriek tomu urob\u00edme maximum pre ochranu va\u0161ich osobn\u00fdch \u00fadajov, nem\u00f4\u017eeme zaru\u010di\u0165 bezpe\u010dnos\u0165 va\u0161ich \u00fadajov pren\u00e1\u0161an\u00fdch na na\u0161e webov\u00e9 str\u00e1nky; ak\u00fdko\u013evek prenos je na va\u0161e vlastn\u00e9 riziko. Akon\u00e1hle obdr\u017e\u00edme va\u0161e \u00fadaje, pou\u017eijeme presn\u00e9 postupy a bezpe\u010dnostn\u00e9 prvky, aby sme zabr\u00e1nili neopr\u00e1vnen\u00e9mu pr\u00edstupu.<\/p><p>Uchov\u00e1vanie a vymaz\u00e1vanie va\u0161ich osobn\u00fdch \u00fadajov<\/p><p>Va\u0161e osobn\u00e9 \u00fadaje nebud\u00fa uchov\u00e1van\u00e9 dlh\u0161ie ne\u017e je nutn\u00e9, aj ke\u010f je mo\u017en\u00e9, \u017ee vopred \u0161pecifikujeme ako dlho to m\u00f4\u017ee by\u0165.<\/p><p>Bez oh\u013eadu na vy\u0161\u0161ie uveden\u00e9 si m\u00f4\u017eeme ponecha\u0165 va\u0161e osobn\u00e9 \u00fadaje, pokia\u013e je to nevyhnutn\u00e9 pre splnenie ur\u010dit\u00fdch z\u00e1konn\u00fdch povinnost\u00ed.<\/p><p>Va\u0161e pr\u00e1va<\/p><p>M\u00e1te pr\u00e1vo n\u00e1s po\u017eiada\u0165, aby sme nespracov\u00e1vali va\u0161e osobn\u00e9 \u00fadaje pre marketingov\u00e9 \u00fa\u010dely. Zvy\u010dajne v\u00e1s budeme informova\u0165 (pred uchovan\u00edm va\u0161ich \u00fadajov), \u010di zam\u00fd\u0161\u013eame pou\u017ei\u0165 va\u0161e \u00fadaje pre patri\u010dn\u00e9 \u00fa\u010dely alebo pokia\u013e m\u00e1me v \u00famysle spr\u00edstupni\u0165 va\u0161e inform\u00e1cie akejko\u013evek tretej strane. Svoje pr\u00e1vo zabr\u00e1ni\u0165 tak\u00e9muto spracovaniu m\u00f4\u017eete uplatni\u0165 za\u0161krtnut\u00edm ur\u010dit\u00fdch pol\u00ed\u010dok vo formul\u00e1roch, ktor\u00e9 pou\u017e\u00edvame k zhroma\u017e\u010fovaniu va\u0161ich \u00fadajov. Toto pr\u00e1vo m\u00f4\u017eete rovnako kedyko\u013evek uplatni\u0165 tak, \u017ee n\u00e1s kontaktujete na adrese support@zoen.shop.<\/p><p>Medzi \u010fal\u0161ie pr\u00e1va, ktor\u00e9 m\u00e1te pod\u013ea pr\u00e1vnych predpisov o ochrane osobn\u00fdch \u00fadajov patr\u00ed: (a) pr\u00e1vo na pr\u00edstup; b) pr\u00e1vo na opravu; c) pr\u00e1vo na v\u00fdmaz; d) pr\u00e1vo na obmedzenie spracovania; e) pr\u00e1vo na prenosite\u013enos\u0165 \u00fadajov; f) pr\u00e1vo poda\u0165 s\u0165a\u017enos\u0165 pr\u00edslu\u0161n\u00e9mu org\u00e1nu; a (g) pr\u00e1vo odvola\u0165 s\u00fahlas.<\/p><p>Na\u0161e webov\u00e9 str\u00e1nky m\u00f4\u017eu z \u010dasu na \u010dasu obsahova\u0165 odkazy na a z webov\u00fdch str\u00e1nok na\u0161ich partnersk\u00fdch siet\u00ed, inzerentov a pridru\u017een\u00fdch spolo\u010dnost\u00ed. Pokia\u013e pou\u017eijete odkaz na ak\u00fako\u013evek z t\u00fdchto webov\u00fdch str\u00e1nok, vezmite pros\u00edm na vedomie, \u017ee tieto webov\u00e9 str\u00e1nky maj\u00fa svoje vlastn\u00e9 z\u00e1sady ochrany osobn\u00fdch \u00fadajov a \u017ee za tieto z\u00e1sady neberieme \u017eiadnu zodpovednos\u0165. Pred odoslan\u00edm ak\u00fdchko\u013evek osobn\u00fdch \u00fadajov na tieto webov\u00e9 str\u00e1nky si pros\u00edm skontrolujte tieto z\u00e1sady.<\/p><p>Pr\u00edstup k inform\u00e1ci\u00e1m<\/p><p>Z\u00e1kon v\u00e1m d\u00e1va\u00a0pr\u00e1vo na pr\u00edstup k inform\u00e1ci\u00e1m, ktor\u00e9 o v\u00e1s m\u00e1me. Va\u0161e pr\u00e1vo na pr\u00edstup si m\u00f4\u017eete uplatni\u0165 v s\u00falade so z\u00e1konom.<\/p><p>Zmeny na\u0161ich Z\u00e1sad ochrany osobn\u00fdch \u00fadajov<\/p><p>Ak\u00e9ko\u013evek zmeny, ktor\u00e9 v bud\u00facnosti urob\u00edme v na\u0161ich Z\u00e1sad\u00e1ch ochrany osobn\u00fdch \u00fadajov bud\u00fa zverejnen\u00e9 na tejto str\u00e1nke a pr\u00edpadne v\u00e1m bud\u00fa ozn\u00e1men\u00e9 aj\u00a0e-mailom. Pravidelne sa vr\u00e1\u0165te na t\u00fato str\u00e1nku, aby ste evidovali aktualiz\u00e1cie alebo zmeny na\u0161ich z\u00e1sad ochrany osobn\u00fdch \u00fadajov.<\/p><p>Kontakt<\/p><p>Ot\u00e1zky, koment\u00e1re a po\u017eiadavky t\u00fdkaj\u00face sa t\u00fdchto z\u00e1sad ochrany osobn\u00fdch \u00fadajov radi uv\u00edtame. Pros\u00edm k tomuto \u00fa\u010delu pou\u017e\u00edvajte e-mailov\u00fa adresu support@zoen.shop.<\/p><p>zoen.shop, s.r.o., okt\u00f3ber 2021<\/p>\t\t\t\t\t\t<\/div>\n\t\t\t\t<\/div>\n\t\t\t\t\t<\/div>\n\t\t<\/div>\n\t\t\t\t\t\t\t<\/div>\n\t\t<\/section>\n\t\t\t\t\t\t\t<\/div>\n\t\t","protected":false},"excerpt":{"rendered":"<p>Z\u00c1SADY OCHRANY OSOBN\u00ddCH \u00daDAJOV A SPRAC\u00daVANIA S\u00daBOROV COOKIES zoen shop, s.r.o. (\u201eMy\u201c) sa zav\u00e4zuje chr\u00e1ni\u0165 a re\u0161pektova\u0165 va\u0161e s\u00fakromie. Tieto z\u00e1sady spolu s na\u0161imi V\u0161eobecn\u00fdmi obchodn\u00fdmi podmienkami stanovuj\u00fa z\u00e1klad, na ktorom budeme spracov\u00e1va\u0165 ak\u00e9ko\u013evek osobn\u00e9 \u00fadaje, ktor\u00e9 od v\u00e1s z\u00edskame, alebo ktor\u00e9 n\u00e1m poskytnete. Pozorne si pre\u010d\u00edtajte nasleduj\u00face inform\u00e1cie t\u00fdkaj\u00face sa sp\u00f4sobu, ak\u00fdm s nimi [&hellip;]<\/p>\n","protected":false},"author":2,"featured_media":0,"parent":0,"menu_order":0,"comment_status":"closed","ping_status":"closed","template":"elementor_header_footer","meta":{"footnotes":""},"yoast_head":"<!-- This site is optimized with the Yoast SEO plugin v21.7 - https:\/\/yoast.com\/wordpress\/plugins\/seo\/ -->\n<title>Z\u00e1sady ochrany osobn\u00fdch \u00fadajov - zoen.shop<\/title>\n<meta name=\"robots\" content=\"index, follow, max-snippet:-1, max-image-preview:large, max-video-preview:-1\" \/>\n<link rel=\"canonical\" href=\"https:\/\/zoen.shop\/sk\/ochrana-sukromia\/\" \/>\n<meta property=\"og:locale\" content=\"sk_SK\" \/>\n<meta property=\"og:type\" content=\"article\" \/>\n<meta property=\"og:title\" content=\"Z\u00e1sady ochrany osobn\u00fdch \u00fadajov - zoen.shop\" \/>\n<meta property=\"og:description\" content=\"Z\u00c1SADY OCHRANY OSOBN\u00ddCH \u00daDAJOV A SPRAC\u00daVANIA S\u00daBOROV COOKIES zoen shop, s.r.o. (\u201eMy\u201c) sa zav\u00e4zuje chr\u00e1ni\u0165 a re\u0161pektova\u0165 va\u0161e s\u00fakromie. Tieto z\u00e1sady spolu s na\u0161imi V\u0161eobecn\u00fdmi obchodn\u00fdmi podmienkami stanovuj\u00fa z\u00e1klad, na ktorom budeme spracov\u00e1va\u0165 ak\u00e9ko\u013evek osobn\u00e9 \u00fadaje, ktor\u00e9 od v\u00e1s z\u00edskame, alebo ktor\u00e9 n\u00e1m poskytnete. Pozorne si pre\u010d\u00edtajte nasleduj\u00face inform\u00e1cie t\u00fdkaj\u00face sa sp\u00f4sobu, ak\u00fdm s nimi [&hellip;]\" \/>\n<meta property=\"og:url\" content=\"https:\/\/zoen.shop\/sk\/ochrana-sukromia\/\" \/>\n<meta property=\"og:site_name\" content=\"zoen.shop\" \/>\n<meta property=\"article:publisher\" content=\"https:\/\/www.facebook.com\/Zoenshop-105671925054190\" \/>\n<meta property=\"article:modified_time\" content=\"2022-04-04T09:56:22+00:00\" \/>\n<meta property=\"og:image\" content=\"https:\/\/zoen.shop\/wp-content\/uploads\/2021\/06\/cropped-logo-Transparent-yellow.png\" \/>\n\t<meta property=\"og:image:width\" content=\"3872\" \/>\n\t<meta property=\"og:image:height\" content=\"1105\" \/>\n\t<meta property=\"og:image:type\" content=\"image\/png\" \/>\n<meta name=\"twitter:card\" content=\"summary_large_image\" \/>\n<meta name=\"twitter:site\" content=\"@zoenshop\" \/>\n<meta name=\"twitter:label1\" content=\"Predpokladan\u00fd \u010das \u010d\u00edtania\" \/>\n\t<meta name=\"twitter:data1\" content=\"8 min\u00fat\" \/>\n<script type=\"application\/ld+json\" class=\"yoast-schema-graph\">{\"@context\":\"https:\/\/schema.org\",\"@graph\":[{\"@type\":\"WebPage\",\"@id\":\"https:\/\/zoen.shop\/sk\/ochrana-sukromia\/\",\"url\":\"https:\/\/zoen.shop\/sk\/ochrana-sukromia\/\",\"name\":\"Z\u00e1sady ochrany osobn\u00fdch \u00fadajov - zoen.shop\",\"isPartOf\":{\"@id\":\"https:\/\/zoen.shop\/sk\/#website\"},\"datePublished\":\"2021-11-06T13:17:46+00:00\",\"dateModified\":\"2022-04-04T09:56:22+00:00\",\"breadcrumb\":{\"@id\":\"https:\/\/zoen.shop\/sk\/ochrana-sukromia\/#breadcrumb\"},\"inLanguage\":\"sk-SK\",\"potentialAction\":[{\"@type\":\"ReadAction\",\"target\":[\"https:\/\/zoen.shop\/sk\/ochrana-sukromia\/\"]}]},{\"@type\":\"BreadcrumbList\",\"@id\":\"https:\/\/zoen.shop\/sk\/ochrana-sukromia\/#breadcrumb\",\"itemListElement\":[{\"@type\":\"ListItem\",\"position\":1,\"name\":\"Home\",\"item\":\"https:\/\/zoen.shop\/sk\/\"},{\"@type\":\"ListItem\",\"position\":2,\"name\":\"Z\u00e1sady ochrany osobn\u00fdch \u00fadajov\"}]},{\"@type\":\"WebSite\",\"@id\":\"https:\/\/zoen.shop\/sk\/#website\",\"url\":\"https:\/\/zoen.shop\/sk\/\",\"name\":\"zoen.shop\",\"description\":\"VideoCall shop&amp;pay\",\"publisher\":{\"@id\":\"https:\/\/zoen.shop\/sk\/#organization\"},\"potentialAction\":[{\"@type\":\"SearchAction\",\"target\":{\"@type\":\"EntryPoint\",\"urlTemplate\":\"https:\/\/zoen.shop\/sk\/?s={search_term_string}\"},\"query-input\":\"required name=search_term_string\"}],\"inLanguage\":\"sk-SK\"},{\"@type\":\"Organization\",\"@id\":\"https:\/\/zoen.shop\/sk\/#organization\",\"name\":\"zoen shop\",\"url\":\"https:\/\/zoen.shop\/sk\/\",\"logo\":{\"@type\":\"ImageObject\",\"inLanguage\":\"sk-SK\",\"@id\":\"https:\/\/zoen.shop\/sk\/#\/schema\/logo\/image\/\",\"url\":\"https:\/\/zoen.shop\/wp-content\/uploads\/2021\/06\/cropped-logo-Transparent-yellow.png\",\"contentUrl\":\"https:\/\/zoen.shop\/wp-content\/uploads\/2021\/06\/cropped-logo-Transparent-yellow.png\",\"width\":3872,\"height\":1105,\"caption\":\"zoen shop\"},\"image\":{\"@id\":\"https:\/\/zoen.shop\/sk\/#\/schema\/logo\/image\/\"},\"sameAs\":[\"https:\/\/www.facebook.com\/Zoenshop-105671925054190\",\"https:\/\/twitter.com\/zoenshop\",\"https:\/\/www.instagram.com\/zoen.shop\/\",\"https:\/\/www.linkedin.com\/company\/zoenshop\",\"https:\/\/www.youtube.com\/channel\/UClITU8UxelitjTPmBs4maXg\"]}]}<\/script>\n<!-- \/ Yoast SEO plugin. -->","yoast_head_json":{"title":"Z\u00e1sady ochrany osobn\u00fdch \u00fadajov - zoen.shop","robots":{"index":"index","follow":"follow","max-snippet":"max-snippet:-1","max-image-preview":"max-image-preview:large","max-video-preview":"max-video-preview:-1"},"canonical":"https:\/\/zoen.shop\/sk\/ochrana-sukromia\/","og_locale":"sk_SK","og_type":"article","og_title":"Z\u00e1sady ochrany osobn\u00fdch \u00fadajov - zoen.shop","og_description":"Z\u00c1SADY OCHRANY OSOBN\u00ddCH \u00daDAJOV A SPRAC\u00daVANIA S\u00daBOROV COOKIES zoen shop, s.r.o. (\u201eMy\u201c) sa zav\u00e4zuje chr\u00e1ni\u0165 a re\u0161pektova\u0165 va\u0161e s\u00fakromie. Tieto z\u00e1sady spolu s na\u0161imi V\u0161eobecn\u00fdmi obchodn\u00fdmi podmienkami stanovuj\u00fa z\u00e1klad, na ktorom budeme spracov\u00e1va\u0165 ak\u00e9ko\u013evek osobn\u00e9 \u00fadaje, ktor\u00e9 od v\u00e1s z\u00edskame, alebo ktor\u00e9 n\u00e1m poskytnete. Pozorne si pre\u010d\u00edtajte nasleduj\u00face inform\u00e1cie t\u00fdkaj\u00face sa sp\u00f4sobu, ak\u00fdm s nimi [&hellip;]","og_url":"https:\/\/zoen.shop\/sk\/ochrana-sukromia\/","og_site_name":"zoen.shop","article_publisher":"https:\/\/www.facebook.com\/Zoenshop-105671925054190","article_modified_time":"2022-04-04T09:56:22+00:00","og_image":[{"width":3872,"height":1105,"url":"https:\/\/zoen.shop\/wp-content\/uploads\/2021\/06\/cropped-logo-Transparent-yellow.png","type":"image\/png"}],"twitter_card":"summary_large_image","twitter_site":"@zoenshop","twitter_misc":{"Predpokladan\u00fd \u010das \u010d\u00edtania":"8 min\u00fat"},"schema":{"@context":"https:\/\/schema.org","@graph":[{"@type":"WebPage","@id":"https:\/\/zoen.shop\/sk\/ochrana-sukromia\/","url":"https:\/\/zoen.shop\/sk\/ochrana-sukromia\/","name":"Z\u00e1sady ochrany osobn\u00fdch \u00fadajov - zoen.shop","isPartOf":{"@id":"https:\/\/zoen.shop\/sk\/#website"},"datePublished":"2021-11-06T13:17:46+00:00","dateModified":"2022-04-04T09:56:22+00:00","breadcrumb":{"@id":"https:\/\/zoen.shop\/sk\/ochrana-sukromia\/#breadcrumb"},"inLanguage":"sk-SK","potentialAction":[{"@type":"ReadAction","target":["https:\/\/zoen.shop\/sk\/ochrana-sukromia\/"]}]},{"@type":"BreadcrumbList","@id":"https:\/\/zoen.shop\/sk\/ochrana-sukromia\/#breadcrumb","itemListElement":[{"@type":"ListItem","position":1,"name":"Home","item":"https:\/\/zoen.shop\/sk\/"},{"@type":"ListItem","position":2,"name":"Z\u00e1sady ochrany osobn\u00fdch \u00fadajov"}]},{"@type":"WebSite","@id":"https:\/\/zoen.shop\/sk\/#website","url":"https:\/\/zoen.shop\/sk\/","name":"zoen.shop","description":"VideoCall shop&amp;pay","publisher":{"@id":"https:\/\/zoen.shop\/sk\/#organization"},"potentialAction":[{"@type":"SearchAction","target":{"@type":"EntryPoint","urlTemplate":"https:\/\/zoen.shop\/sk\/?s={search_term_string}"},"query-input":"required name=search_term_string"}],"inLanguage":"sk-SK"},{"@type":"Organization","@id":"https:\/\/zoen.shop\/sk\/#organization","name":"zoen shop","url":"https:\/\/zoen.shop\/sk\/","logo":{"@type":"ImageObject","inLanguage":"sk-SK","@id":"https:\/\/zoen.shop\/sk\/#\/schema\/logo\/image\/","url":"https:\/\/zoen.shop\/wp-content\/uploads\/2021\/06\/cropped-logo-Transparent-yellow.png","contentUrl":"https:\/\/zoen.shop\/wp-content\/uploads\/2021\/06\/cropped-logo-Transparent-yellow.png","width":3872,"height":1105,"caption":"zoen shop"},"image":{"@id":"https:\/\/zoen.shop\/sk\/#\/schema\/logo\/image\/"},"sameAs":["https:\/\/www.facebook.com\/Zoenshop-105671925054190","https:\/\/twitter.com\/zoenshop","https:\/\/www.instagram.com\/zoen.shop\/","https:\/\/www.linkedin.com\/company\/zoenshop","https:\/\/www.youtube.com\/channel\/UClITU8UxelitjTPmBs4maXg"]}]}},"_links":{"self":[{"href":"https:\/\/zoen.shop\/sk\/wp-json\/wp\/v2\/pages\/4318"}],"collection":[{"href":"https:\/\/zoen.shop\/sk\/wp-json\/wp\/v2\/pages"}],"about":[{"href":"https:\/\/zoen.shop\/sk\/wp-json\/wp\/v2\/types\/page"}],"author":[{"embeddable":true,"href":"https:\/\/zoen.shop\/sk\/wp-json\/wp\/v2\/users\/2"}],"replies":[{"embeddable":true,"href":"https:\/\/zoen.shop\/sk\/wp-json\/wp\/v2\/comments?post=4318"}],"version-history":[{"count":27,"href":"https:\/\/zoen.shop\/sk\/wp-json\/wp\/v2\/pages\/4318\/revisions"}],"predecessor-version":[{"id":8204,"href":"https:\/\/zoen.shop\/sk\/wp-json\/wp\/v2\/pages\/4318\/revisions\/8204"}],"wp:attachment":[{"href":"https:\/\/zoen.shop\/sk\/wp-json\/wp\/v2\/media?parent=4318"}],"curies":[{"name":"wp","href":"https:\/\/api.w.org\/{rel}","templated":true}]}}